{"id":7892,"date":"2022-12-03T16:10:50","date_gmt":"2022-12-03T16:10:50","guid":{"rendered":"https:\/\/www.dhondt-insurance.com\/?page_id=7892"},"modified":"2022-12-16T12:24:19","modified_gmt":"2022-12-16T12:24:19","slug":"cargo","status":"publish","type":"page","link":"https:\/\/www.dhondt-insurance.com\/ro\/cargo\/","title":{"rendered":"Cargo"},"content":{"rendered":"<div class=\"wpb-content-wrapper\"><div class=\"vc_row wpb_row vc_row-fluid wpb_animate_when_almost_visible wpb_fadeIn fadeIn\"><div class=\"wpb_column vc_column_container vc_col-sm-6\"><div class=\"vc_column-inner\"><div class=\"wpb_wrapper\"><\/div><\/div><\/div><div class=\"wpb_column vc_column_container vc_col-sm-6 vc_hidden-xs vc_col-has-fill\"><div class=\"vc_column-inner vc_custom_1644941856652\"><div class=\"wpb_wrapper\">\n\t<div class=\"wpb_text_column wpb_content_element\" >\n\t\t<div class=\"wpb_wrapper\">\n\t\t\t<h4 style=\"padding-left: 80px;\"><span style=\"color: #ffffff;\">MARIN\u0102<\/span><\/h4>\n<p>&nbsp;<\/p>\n<h4 style=\"padding-left: 80px;\"><\/h4>\n<p style=\"padding-left: 80px;\"><a href=\"https:\/\/www.dhondt-insurance.com\/ro\/binnenvaart\/\"><span style=\"color: #ffffff;\">&gt; Asigur\u0103ri maritime de transport pe c\u0103i navigabile interioare<\/span><\/a><\/p>\n<p style=\"padding-left: 80px;\"><a href=\"https:\/\/www.dhondt-insurance.com\/ro\/cargo\/\"><span style=\"color: #ffffff;\">&gt; Asigur\u0103ri de marf\u0103<\/span><\/a><\/p>\n<p style=\"padding-left: 80px;\"><a href=\"https:\/\/www.dhondt-insurance.com\/ro\/pleziervaartuigen\/\"><span style=\"color: #ffffff;\">&gt; Asigur\u0103ri pentru ambarca\u021biuni de agrement<\/span><\/a><\/p>\n<p style=\"padding-left: 80px;\"><a href=\"https:\/\/www.dhondt-insurance.com\/ro\/overige-maritieme-verzekeringen\/\"><span style=\"color: #ffffff;\">&gt; Alte asigur\u0103ri maritime<\/span><\/a><\/p>\n\n\t\t<\/div>\n\t<\/div>\n<\/div><\/div><\/div><\/div><div class=\"vc_row wpb_row vc_row-fluid wpb_animate_when_almost_visible wpb_fadeIn fadeIn\"><div class=\"wpb_column vc_column_container vc_col-sm-12\"><div class=\"vc_column-inner\"><div class=\"wpb_wrapper\"><div class=\"vc_row wpb_row vc_inner vc_row-fluid vc_custom_1569482474546\"><div class=\"wpb_column vc_column_container vc_col-sm-12\"><div class=\"vc_column-inner\"><div class=\"wpb_wrapper\"> <h3 style=\"color:#01a4af;padding:px;text-align:;font-size:px;line-height:px;letter-spacing: 4px;font-weight:bold\" class=\"nd_options_second_font\">&gt; CARGO<\/h3> <div style=\"background-color:;height: 50px\" class=\"nicdark_section\"><\/div><\/div><\/div><\/div><\/div><div class=\"vc_row wpb_row vc_inner vc_row-fluid\"><div class=\"wpb_column vc_column_container vc_col-sm-12\"><div class=\"vc_column-inner\"><div class=\"wpb_wrapper\"><div style=\"background-color:;height: 25px\" class=\"nicdark_section\"><\/div>\n\t<div class=\"wpb_text_column wpb_content_element\" >\n\t\t<div class=\"wpb_wrapper\">\n\t\t\t<p><em>\u00cen timpul transportului de m\u0103rfuri, pot ap\u0103rea \u00eentotdeauna probleme. De exemplu, bunurile pot fi deteriorate, pierdute, furate sau pot fi livrate cu \u00eent\u00e2rziere. \u00cen aceste cazuri, transportatorul are adesea o r\u0103spundere limitat\u0103 sau nu are nicio r\u0103spundere. Prin urmare, este obligatoriu s\u0103 \u00eencheia\u021bi o asigurare corect\u0103 a m\u0103rfurilor, lucru cu care v\u0103 putem ajuta cu pl\u0103cere.<\/em><\/p>\n\n\t\t<\/div>\n\t<\/div>\n<\/div><\/div><\/div><\/div><div style=\"background-color:;height: 40px\" class=\"nicdark_section\"><\/div><div style=\"background-color:#01a4af;height: 1px\" class=\"nicdark_section\"><\/div><div class=\"vc_row wpb_row vc_inner vc_row-fluid\"><div class=\"wpb_column vc_column_container vc_col-sm-12\"><div class=\"vc_column-inner\"><div class=\"wpb_wrapper\"><div style=\"background-color:;height: 40px\" class=\"nicdark_section\"><\/div>\n\t<div class=\"wpb_text_column wpb_content_element\" >\n\t\t<div class=\"wpb_wrapper\">\n\t\t\t<h5>Acoperiri posibile<\/h5>\n\n\t\t<\/div>\n\t<\/div>\n<div style=\"background-color:;height: 40px\" class=\"nicdark_section\"><\/div>\n\t<div class=\"wpb_text_column wpb_content_element\" >\n\t\t<div class=\"wpb_wrapper\">\n\t\t\t<p>Expedieri unice \u0219i poli\u021be abonament (pe cifra de afaceri sau poli\u021be pe baza declara\u1e6diei)<\/p>\n\n\t\t<\/div>\n\t<\/div>\n<div style=\"background-color:;height: 30px\" class=\"nicdark_section\"><\/div><div style=\"background-color:#f1f1f1;height: 1px\" class=\"nicdark_section\"><\/div><div style=\"background-color:;height: 30px\" class=\"nicdark_section\"><\/div>\n\t<div class=\"wpb_text_column wpb_content_element\" >\n\t\t<div class=\"wpb_wrapper\">\n\t\t\t<p>Acoperire complet\u0103 sau limitat\u0103<\/p>\n\n\t\t<\/div>\n\t<\/div>\n<div style=\"background-color:;height: 30px\" class=\"nicdark_section\"><\/div><div style=\"background-color:#f1f1f1;height: 1px\" class=\"nicdark_section\"><\/div><div style=\"background-color:;height: 30px\" class=\"nicdark_section\"><\/div>\n\t<div class=\"wpb_text_column wpb_content_element\" >\n\t\t<div class=\"wpb_wrapper\">\n\t\t\t<p>Extensii specifice<\/p>\n<ul>\n<li>Depozitare<\/li>\n<li>Pierderea din greutate<\/li>\n<li>Interesele cump\u0103r\u0103torului\/v\u00e2nz\u0103torului<\/li>\n<\/ul>\n\n\t\t<\/div>\n\t<\/div>\n<div style=\"background-color:;height: 40px\" class=\"nicdark_section\"><\/div><\/div><\/div><\/div><\/div><div class=\"vc_row wpb_row vc_inner vc_row-fluid vc_custom_1569482474546\"><div class=\"wpb_column vc_column_container vc_col-sm-12\"><div class=\"vc_column-inner\"><div class=\"wpb_wrapper\"><div style=\"background-color:#01a4af;height: 1px\" class=\"nicdark_section\"><\/div><\/div><\/div><\/div><\/div><div class=\"vc_row wpb_row vc_inner vc_row-fluid vc_custom_1644941915166 vc_row-has-fill\"><div class=\"wpb_column vc_column_container vc_col-sm-12\"><div class=\"vc_column-inner\"><div class=\"wpb_wrapper\"><div style=\"background-color:;height: 40px\" class=\"nicdark_section\"><\/div>\n\t<div class=\"wpb_text_column wpb_content_element\" >\n\t\t<div class=\"wpb_wrapper\">\n\t\t\t<h5>Ce este acoperit?<\/h5>\n<p>&nbsp;<\/p>\n<p>&nbsp;<\/p>\n<p>Acoperirea depinde de tipul de asigurare. De asemenea, anumite asigur\u0103ri maritime se pot completa reciproc. De exemplu, asigurarea corpului navei \u0219i poli\u021bele de asisten\u021b\u0103 juridic\u0103 sau de \u00eentrerupere a activit\u0103\u021bii. <a style=\"color: #01a4af;\" href=\"https:\/\/www.dhondt-insurance.com\/ro\/contact\/\">Contacta\u021bi-ne<\/a>\u00a0pentru toate informa\u021biile privind asigurarea maritim\u0103. Vom fi bucuro\u0219i s\u0103 elabor\u0103m o poli\u021b\u0103 adaptat\u0103 afacerii \u0219i activit\u0103\u021bilor dumneavoastr\u0103 de naviga\u021bie!<\/p>\n\n\t\t<\/div>\n\t<\/div>\n<\/div><\/div><\/div><\/div><\/div><\/div><\/div><\/div><div data-vc-full-width=\"true\" data-vc-full-width-init=\"false\" class=\"vc_row wpb_row vc_row-fluid wpb_animate_when_almost_visible wpb_fadeIn fadeIn vc_custom_1644941868475 vc_row-has-fill\"><div class=\"wpb_column vc_column_container vc_col-sm-3\"><div class=\"vc_column-inner\"><div class=\"wpb_wrapper\">\n\t<div class=\"wpb_text_column wpb_content_element\" >\n\t\t<div class=\"wpb_wrapper\">\n\t\t\t<p><a href=\"https:\/\/www.dhondt-insurance.com\/ro\/producten\/\"><span style=\"color: #ffffff;\">&lt; Vezi alte produse<\/span><\/a><\/p>\n\n\t\t<\/div>\n\t<\/div>\n<\/div><\/div><\/div><div class=\"wpb_column vc_column_container vc_col-sm-6\"><div class=\"vc_column-inner\"><div class=\"wpb_wrapper\"><\/div><\/div><\/div><div class=\"wpb_column vc_column_container vc_col-sm-3\"><div class=\"vc_column-inner\"><div class=\"wpb_wrapper\">\n\t<div class=\"wpb_text_column wpb_content_element\" >\n\t\t<div class=\"wpb_wrapper\">\n\t\t\t<p><a href=\"https:\/\/www.dhondt-insurance.com\/ro\/contact\/\"><span style=\"color: #ffffff;\">Contacteaza-ne &gt;<\/span><\/a><\/p>\n\n\t\t<\/div>\n\t<\/div>\n<\/div><\/div><\/div><\/div><div class=\"vc_row-full-width vc_clearfix\"><\/div>\n<\/div>","protected":false},"excerpt":{"rendered":"MARINE &nbsp; &gt; Binnenvaart verzekeringen &gt; Cargo verzekeringen &gt; Pleziervaartuigen verzekeringen &gt; Overige maritieme verzekeringen &gt; CARGO Bij het transporteren van goederen kunnen er altijd problemen opduiken. Zo kunnen de goederen beschadigd geraken, verloren gaan, gestolen worden of kan er een laattijdige levering zijn. In deze gevallen kan de vervoerder vaak slechts beperkt aansprakelijk gesteld [...]","protected":false},"author":1,"featured_media":0,"parent":0,"menu_order":0,"comment_status":"closed","ping_status":"closed","template":"","meta":{"footnotes":""},"class_list":["post-7892","page","type-page","status-publish","hentry"],"_links":{"self":[{"href":"https:\/\/www.dhondt-insurance.com\/ro\/wp-json\/wp\/v2\/pages\/7892","targetHints":{"allow":["GET"]}}],"collection":[{"href":"https:\/\/www.dhondt-insurance.com\/ro\/wp-json\/wp\/v2\/pages"}],"about":[{"href":"https:\/\/www.dhondt-insurance.com\/ro\/wp-json\/wp\/v2\/types\/page"}],"author":[{"embeddable":true,"href":"https:\/\/www.dhondt-insurance.com\/ro\/wp-json\/wp\/v2\/users\/1"}],"replies":[{"embeddable":true,"href":"https:\/\/www.dhondt-insurance.com\/ro\/wp-json\/wp\/v2\/comments?post=7892"}],"version-history":[{"count":0,"href":"https:\/\/www.dhondt-insurance.com\/ro\/wp-json\/wp\/v2\/pages\/7892\/revisions"}],"wp:attachment":[{"href":"https:\/\/www.dhondt-insurance.com\/ro\/wp-json\/wp\/v2\/media?parent=7892"}],"curies":[{"name":"wp","href":"https:\/\/api.w.org\/{rel}","templated":true}]}}