{"id":5722,"date":"2021-10-26T09:33:52","date_gmt":"2021-10-26T09:33:52","guid":{"rendered":"https:\/\/www.dhondt-insurance.com\/?page_id=5722"},"modified":"2022-07-18T18:24:45","modified_gmt":"2022-07-18T18:24:45","slug":"cookiebeleid","status":"publish","type":"page","link":"https:\/\/www.dhondt-insurance.com\/ro\/cookiebeleid\/","title":{"rendered":"Cookiebeleid"},"content":{"rendered":"<div class=\"wpb-content-wrapper\"><div class=\"vc_row wpb_row vc_row-fluid\"><div class=\"wpb_column vc_column_container vc_col-sm-12\"><div class=\"vc_column-inner\"><div class=\"wpb_wrapper\"><div style=\"background-color:;height: 40px\" class=\"nicdark_section\"><\/div> <h3 style=\"color:#000000;padding:px;text-align:;font-size:px;line-height:px;letter-spacing: 4px;font-weight:bold\" class=\"nd_options_second_font\">&gt; POLITICA DE COOKIE<\/h3> <div style=\"background-color:;height: 60px\" class=\"nicdark_section\"><\/div>\n\t<div class=\"wpb_text_column wpb_content_element\" >\n\t\t<div class=\"wpb_wrapper\">\n\t\t\t<p>Controlor<\/p>\n<p>Geert Lammertyn<br \/>\ngeert.lammertyn@dhondt-insurance.com<br \/>\nD&#8217;hondt Insurance NV<br \/>\nGistelsesteenweg 300<br \/>\n8200 Brugge<br \/>\nRPR : Gent, afdeling Brugge &#8211; BTW 0451 836 292<br \/>\nBroker de asigur\u0103ri \u00eenregistrat \u00een registrul FSMA la Ond. Nu. 0451 836 292<\/p>\n<p>&nbsp;<\/p>\n<p>&nbsp;<\/p>\n<h4 class=\"kata-plus-title elementor-inline-editing\">&gt; CE SUNT COOKIES?<\/h4>\n<p>&nbsp;<\/p>\n<p>Cookies sunt fi\u0219iere text mici, simple, care sunt plasate pe hard disk-ul computerului dvs. atunci c\u00e2nd vizita\u021bi o pagin\u0103 web. Aceste cookie-uri v\u0103 pot asigura c\u0103 vizita dvs. pe site este optimizat\u0103. De exemplu, preferin\u021bele dumneavoastr\u0103 sunt re\u021binute pentru a v\u0103 afi\u0219a doar informa\u021bii care v\u0103 intereseaz\u0103. Un alt avantaj este c\u0103 nu trebuie s\u0103 v\u0103 autentifica\u021bi sau s\u0103 completa\u021bi acelea\u0219i informa\u021bii de fiecare dat\u0103 c\u00e2nd vizita\u021bi un anumit site web.<\/p>\n<p>&nbsp;<\/p>\n<p>&nbsp;<\/p>\n<h4 class=\"kata-plus-title elementor-inline-editing\">&gt; DE CE VA INFORMAM DESPRE UTILIZAREA COOKIES?<\/h4>\n<p>&nbsp;<\/p>\n<p>Din mai 2018 au intrat \u00een vigoare noile reglement\u0103ri din UE: Regulamentul General de Protec\u021bie a Datelor (GDPR). Cookies pot fi plasate numai cu permisiunea explicit\u0103 a utilizatorului de internet. De aceea, v\u0103 anun\u021b\u0103m c\u0103 site-ul nostru web folose\u0219te cookies \u0219i de ce.<\/p>\n<p>&nbsp;<\/p>\n<p>&nbsp;<\/p>\n<h4 class=\"kata-plus-title elementor-inline-editing\">&gt; COOKIES FUNC\u021aIONALE<\/h4>\n<p>&nbsp;<\/p>\n<p>Acestea sunt cookie-uri care sunt necesare pentru func\u021bionarea site-ului web. F\u0103r\u0103 aceste cookie-uri, anumite p\u0103r\u021bi nu pot fi utilizate. Legea ne permite s\u0103 stoc\u0103m cookie-uri pe dispozitivul dumneavoastr\u0103 dac\u0103 acestea sunt strict necesare pentru utilizarea site-ului. Avem nevoie de acordul dumneavoastr\u0103 pentru toate celelalte tipuri de cookie-uri.<\/p>\n<p>&nbsp;<\/p>\n<p>&nbsp;<\/p>\n<h4 class=\"kata-plus-title elementor-inline-editing\">&gt; COOKIES PREFERATE<\/h4>\n<p>&nbsp;<\/p>\n<p>Cookies de preferin\u021b\u0103 permit acestui site s\u0103 re\u021bin\u0103 informa\u021bii care influen\u021beaz\u0103 comportamentul \u0219i designul site-ului web, cum ar fi limba preferat\u0103 sau regiunea \u00een care locui\u021bi.<\/p>\n<p>&nbsp;<\/p>\n<p>&nbsp;<\/p>\n<h4 class=\"kata-plus-title elementor-inline-editing\">&gt; COOKIES ANALITICE<\/h4>\n<p>&nbsp;<\/p>\n<p>Statisticile vizitatorilor pot fi urm\u0103rite \u0219i cu ajutorul cookies. Utiliz\u0103m Google Analytics pentru a ob\u021bine informa\u021bii despre comportamentul vizitatorilor pe site-ul nostru. Pe baza acestor date, ob\u021binem o perspectiv\u0103 asupra comportamentului de navigare \u0219i vizitare al vizitatorilor no\u0219tri \u0219i putem optimiza site-ul nostru pentru dvs. acolo unde este posibil. Informa\u021biile pe care Google le colecteaz\u0103 sunt anonimizate. Prin urmare, nu sunt stocate date personale, ceea ce \u00eenseamn\u0103 c\u0103 ne este permis s\u0103 plas\u0103m aceste cookie-uri f\u0103r\u0103 permisiune. Nu \u00eemp\u0103rt\u0103\u0219im aceste informa\u021bii cu ter\u021bi.<\/p>\n<p>&nbsp;<\/p>\n<p>&nbsp;<\/p>\n<h4 class=\"kata-plus-title elementor-inline-editing\">&gt; COOKIES DE URMARE<\/h4>\n<p>&nbsp;<\/p>\n<p>Cu ajutorul cookies de urm\u0103rire putem, printre altele, s\u0103 facem publicitate \u00eentr-un mod mai direc\u021bionat \u0219i s\u0103 \u00eenregistr\u0103m ce companii \u0219i organiza\u021bii viziteaz\u0103 site-ul nostru. In acest fel putem ajusta ofertele si aborda vizitatorii cu propuneri interesante. Aceste cookies sunt plasate doar cu acordul dumneavoastr\u0103. \u00cen prezent nu folosim cookies de urm\u0103rire.<\/p>\n<p>&nbsp;<\/p>\n<p>&nbsp;<\/p>\n<h4 class=\"kata-plus-title elementor-inline-editing\">&gt; ACCEPT\u0102 SAU RESPING\u0102 COOKIE-urile<\/h4>\n<p>&nbsp;<\/p>\n<p class=\"sqsrte-small\">Pute\u021bi decide dac\u0103 accepta\u021bi sau respinge cookie-urile prin intermediul banner-ului cookie care apare pe site-ul nostru web atunci c\u00e2nd \u00eel vizita\u021bi \u0219i prin set\u0103rile browserului dumneavoastr\u0103. Majoritatea browserelor sunt setate s\u0103 accepte cookie-uri \u00een mod implicit, dar de obicei pute\u021bi ajusta set\u0103rile browserului pentru a refuza cookie-urile. Trebuie s\u0103 reseta\u021bi acest lucru pentru fiecare browser \u0219i pentru fiecare computer. Pute\u021bi g\u0103si o explica\u021bie despre modificarea set\u0103rilor \u00een \u201efunc\u021bia de ajutor\u201d a browserului dumneavoastr\u0103.<\/p>\n<p>&nbsp;<\/p>\n<p class=\"sqsrte-small\">Not\u0103: Este posibil ca unele func\u021bii \u0219i servicii de pe site-ul nostru web \u0219i de pe alte site-uri web s\u0103 nu func\u021bioneze corect dac\u0103 cookies sunt dezactivate \u00een browser.<\/p>\n<p>&nbsp;<\/p>\n<p>&nbsp;<\/p>\n<p>Versiunea: 18.07.2022<\/p>\n\n\t\t<\/div>\n\t<\/div>\n<\/div><\/div><\/div><\/div>\n<\/div>","protected":false},"excerpt":{"rendered":"&gt; COOKIE BELEID Verwerkingsverantwoordelijke Geert Lammertyn geert.lammertyn@dhondt-insurance.com D'hondt Insurance NV Gistelsesteenweg 300 8200 Brugge RPR : Gent, afdeling Brugge - BTW 0451 836 292 Verzekeringsmakelaar ingeschreven in het FSMA register met Ond. Nr. 0451 836 292 &nbsp; &nbsp; &gt; WAT ZIJN COOKIES? &nbsp; Cookies zijn kleine, eenvoudige tekstbestandjes die op de harde schijf van uw [...]","protected":false},"author":1,"featured_media":0,"parent":0,"menu_order":0,"comment_status":"closed","ping_status":"closed","template":"","meta":{"footnotes":""},"class_list":["post-5722","page","type-page","status-publish","hentry"],"_links":{"self":[{"href":"https:\/\/www.dhondt-insurance.com\/ro\/wp-json\/wp\/v2\/pages\/5722","targetHints":{"allow":["GET"]}}],"collection":[{"href":"https:\/\/www.dhondt-insurance.com\/ro\/wp-json\/wp\/v2\/pages"}],"about":[{"href":"https:\/\/www.dhondt-insurance.com\/ro\/wp-json\/wp\/v2\/types\/page"}],"author":[{"embeddable":true,"href":"https:\/\/www.dhondt-insurance.com\/ro\/wp-json\/wp\/v2\/users\/1"}],"replies":[{"embeddable":true,"href":"https:\/\/www.dhondt-insurance.com\/ro\/wp-json\/wp\/v2\/comments?post=5722"}],"version-history":[{"count":0,"href":"https:\/\/www.dhondt-insurance.com\/ro\/wp-json\/wp\/v2\/pages\/5722\/revisions"}],"wp:attachment":[{"href":"https:\/\/www.dhondt-insurance.com\/ro\/wp-json\/wp\/v2\/media?parent=5722"}],"curies":[{"name":"wp","href":"https:\/\/api.w.org\/{rel}","templated":true}]}}