{"id":3641,"date":"2020-07-23T09:22:01","date_gmt":"2020-07-23T09:22:01","guid":{"rendered":"http:\/\/dhondt-insurance.com\/?page_id=3641"},"modified":"2022-02-15T15:48:45","modified_gmt":"2022-02-15T15:48:45","slug":"milieu-aansprakelijkheidsverzekering","status":"publish","type":"page","link":"https:\/\/www.dhondt-insurance.com\/ro\/milieu-aansprakelijkheidsverzekering\/","title":{"rendered":"Milieu-aansprakelijkheidsverzekering"},"content":{"rendered":"<div class=\"wpb-content-wrapper\"><div class=\"vc_row wpb_row vc_row-fluid wpb_animate_when_almost_visible wpb_fadeIn fadeIn\"><div class=\"wpb_column vc_column_container vc_col-sm-6\"><div class=\"vc_column-inner\"><div class=\"wpb_wrapper\"><\/div><\/div><\/div><div class=\"wpb_column vc_column_container vc_col-sm-6 vc_hidden-xs vc_col-has-fill\"><div class=\"vc_column-inner vc_custom_1644940060413\"><div class=\"wpb_wrapper\">\n\t<div class=\"wpb_text_column wpb_content_element\" >\n\t\t<div class=\"wpb_wrapper\">\n\t\t\t<h4 style=\"padding-left: 80px;\"><span style=\"color: #ffffff;\"><strong>R\u0102SPUNDERE<\/strong><\/span><\/h4>\n<p>&nbsp;<\/p>\n<p style=\"padding-left: 80px;\"><span style=\"color: #ffffff;\"><a style=\"color: #ffffff;\" href=\"https:\/\/www.dhondt-insurance.com\/ro\/milieu-aansprakelijkheidsverzekering\/\">&gt; Asigurarea de r\u0103spundere pentru mediul \u00eenconjur\u0103tor<\/a><\/span><\/p>\n<p style=\"padding-left: 80px;\"><a href=\"https:\/\/www.dhondt-insurance.com\/ro\/objectieve-aansprakelijkheid\/\"><span style=\"color: #ffffff;\">&gt; R\u0103spunderea obiectiv\u0103<\/span><\/a><\/p>\n<p style=\"padding-left: 80px;\"><a href=\"https:\/\/www.dhondt-insurance.com\/ro\/bestuurdersaansprakelijkheid-do\/\"><span style=\"color: #ffffff;\">&gt; R\u0103spunderea administratorilor \u0219i directorilor (DNO)<\/span><\/a><\/p>\n<p style=\"padding-left: 80px;\"><a href=\"https:\/\/www.dhondt-insurance.com\/ro\/ba-uitbating-ba-na-levering\/\"><span style=\"color: #ffffff;\">&gt; <\/span><span style=\"color: #ffffff;\">BA Uitbating &amp; BA na Levering<\/span><span style=\"color: #ffffff;\">\u00a0<\/span><\/a><\/p>\n<p style=\"padding-left: 80px;\"><a href=\"https:\/\/www.dhondt-insurance.com\/ro\/beroepsaansprakelijkheid\/\"><span style=\"color: #ffffff;\">&gt; R\u0103spunderea profesional\u0103<\/span><\/a><\/p>\n<p style=\"padding-left: 80px;\"><span style=\"color: #ffffff;\">&gt; <a style=\"color: #ffffff;\" href=\"https:\/\/www.dhondt-insurance.com\/ro\/contaminatieverzekering-recall\/\">Contaminatieverzekering (Recall)<\/a><\/span><\/p>\n\n\t\t<\/div>\n\t<\/div>\n<\/div><\/div><\/div><\/div><div class=\"vc_row wpb_row vc_row-fluid wpb_animate_when_almost_visible wpb_fadeIn fadeIn\"><div class=\"wpb_column vc_column_container vc_col-sm-12\"><div class=\"vc_column-inner\"><div class=\"wpb_wrapper\"><div class=\"vc_row wpb_row vc_inner vc_row-fluid vc_custom_1569482474546\"><div class=\"wpb_column vc_column_container vc_col-sm-12\"><div class=\"vc_column-inner\"><div class=\"wpb_wrapper\"><div style=\"background-color:;height: 50px\" class=\"nicdark_section\"><\/div> <h3 style=\"color:#0077c6;padding:px;text-align:;font-size:px;line-height:px;letter-spacing: 4px;font-weight:bold\" class=\"nd_options_second_font\">&gt; ASIGURARE DE ACCIDENTE DE MUNC\u0102<\/h3> <div style=\"background-color:;height: 50px\" class=\"nicdark_section\"><\/div><\/div><\/div><\/div><\/div><div class=\"vc_row wpb_row vc_inner vc_row-fluid\"><div class=\"wpb_column vc_column_container vc_col-sm-12\"><div class=\"vc_column-inner\"><div class=\"wpb_wrapper\"><div style=\"background-color:;height: 25px\" class=\"nicdark_section\"><\/div>\n\t<div class=\"wpb_text_column wpb_content_element\" >\n\t\t<div class=\"wpb_wrapper\">\n\t\t\t<p><em>Chiar dac\u0103 compania dvs. nu produce ea \u00eens\u0103\u0219i nicio substan\u021b\u0103 poluant\u0103, pute\u021bi provoca, f\u0103r\u0103 s\u0103 \u0219ti\u021bi, daune mediului. Lua\u021bi \u00een considerare, de exemplu, un sit industrial contaminat. Poli\u021bele de asigurare tradi\u021bionale de obicei nu intervin \u00een aceste daune. Aceast\u0103 asigurare special\u0103 de mediu face. <\/em><\/p>\n\n\t\t<\/div>\n\t<\/div>\n<\/div><\/div><\/div><\/div><div style=\"background-color:;height: 25px\" class=\"nicdark_section\"><\/div><div style=\"background-color:#0077c6;height: 1px\" class=\"nicdark_section\"><\/div><div class=\"vc_row wpb_row vc_inner vc_row-fluid\"><div class=\"wpb_column vc_column_container vc_col-sm-12\"><div class=\"vc_column-inner\"><div class=\"wpb_wrapper\"><div style=\"background-color:;height: 50px\" class=\"nicdark_section\"><\/div>\n\t<div class=\"wpb_text_column wpb_content_element\" >\n\t\t<div class=\"wpb_wrapper\">\n\t\t\t<h5><strong>Securitatea dvs. \u00een caz de accidente de munc\u0103<\/strong><\/h5>\n<p>&nbsp;<\/p>\n<p>&nbsp;<\/p>\n<p>Legisla\u021bia de mediu devine din ce \u00een ce mai strict\u0103 \u0219i, ca urmare, riscurile de r\u0103spundere vor cre\u0219te. Mai mult, daunele mediului sunt greu de controlat, ceea ce poate duce la costuri semnificative. Cu asigurarea de r\u0103spundere civil\u0103, compania dumneavoastr\u0103 este acoperit\u0103 \u00eempotriva daunelor ecologice inten\u021bionate \u0219i neinten\u021bionate. Daunele pot fi foarte diverse: de exemplu, echipa ta perturb\u0103 biodiversitatea \u00een timpul unui team building sau prezen\u021ba azbestului este detectat\u0103 \u00eentr-un birou \u00eenchiriat. Asigurarea noastr\u0103 de r\u0103spundere civil\u0103 nu face nicio distinc\u021bie \u00een func\u021bie de loca\u021bia, originea sau natura pagubei. Vrei s\u0103 te acoperi de tot felul de daune mediului? <span style=\"color: #0077c6;\"><a style=\"color: #0077c6;\" href=\"https:\/\/www.dhondt-insurance.com\/ro\/contact\/\">Contacta\u021bi-ne<\/a> <\/span>pentru o ofert\u0103!<\/p>\n\n\t\t<\/div>\n\t<\/div>\n<\/div><\/div><\/div><\/div><div class=\"vc_row wpb_row vc_inner vc_row-fluid vc_custom_1569482474546\"><div class=\"wpb_column vc_column_container vc_col-sm-12\"><div class=\"vc_column-inner\"><div class=\"wpb_wrapper\"><div style=\"background-color:#0077c6;height: 1px\" class=\"nicdark_section\"><\/div><\/div><\/div><\/div><\/div><div class=\"vc_row wpb_row vc_inner vc_row-fluid vc_custom_1644940121715 vc_row-has-fill\"><div class=\"wpb_column vc_column_container vc_col-sm-12\"><div class=\"vc_column-inner\"><div class=\"wpb_wrapper\"> <p style=\"color:#2d2d2d;padding:px;text-align:;font-size:16px;line-height:px;letter-spacing: px;font-weight:bold\" class=\"\">Ce este acoperit?<\/p> <div style=\"background-color:;height: 25px\" class=\"nicdark_section\"><\/div><div style=\"background-color:;height: 10px\" class=\"nicdark_section\"><\/div>\n\t<div class=\"wpb_text_column wpb_content_element\" >\n\t\t<div class=\"wpb_wrapper\">\n\t\t\t<p><span style=\"color: #0077c6;\">Poluare propriul site<\/span>, at\u00e2t accidental, c\u00e2t \u0219i gradual<\/p>\n\n\t\t<\/div>\n\t<\/div>\n<div style=\"background-color:;height: 10px\" class=\"nicdark_section\"><\/div><div style=\"background-color:#f1f1f1;height: 1px\" class=\"nicdark_section\"><\/div><div style=\"background-color:;height: 10px\" class=\"nicdark_section\"><\/div>\n\t<div class=\"wpb_text_column wpb_content_element\" >\n\t\t<div class=\"wpb_wrapper\">\n\t\t\t<p>R\u0103spunderea pentru <span style=\"color: #0077c6;\">daune mediului aduse ter\u021bilor<\/span><\/p>\n\n\t\t<\/div>\n\t<\/div>\n<div style=\"background-color:;height: 10px\" class=\"nicdark_section\"><\/div><div style=\"background-color:#f1f1f1;height: 1px\" class=\"nicdark_section\"><\/div><div style=\"background-color:;height: 10px\" class=\"nicdark_section\"><\/div>\n\t<div class=\"wpb_text_column wpb_content_element\" >\n\t\t<div class=\"wpb_wrapper\">\n\t\t\t<p style=\"text-align: left;\"><span style=\"color: #0077c6;\">Costuri de protec\u021bie<\/span><\/p>\n\n\t\t<\/div>\n\t<\/div>\n<div style=\"background-color:;height: 10px\" class=\"nicdark_section\"><\/div><div style=\"background-color:#f1f1f1;height: 1px\" class=\"nicdark_section\"><\/div><div style=\"background-color:;height: 10px\" class=\"nicdark_section\"><\/div>\n\t<div class=\"wpb_text_column wpb_content_element\" >\n\t\t<div class=\"wpb_wrapper\">\n\t\t\t<p><span style=\"color: #0077c6;\">Costuri de remediere<\/span><\/p>\n\n\t\t<\/div>\n\t<\/div>\n<div style=\"background-color:;height: 10px\" class=\"nicdark_section\"><\/div><div style=\"background-color:#f1f1f1;height: 1px\" class=\"nicdark_section\"><\/div><div style=\"background-color:;height: 10px\" class=\"nicdark_section\"><\/div>\n\t<div class=\"wpb_text_column wpb_content_element\" >\n\t\t<div class=\"wpb_wrapper\">\n\t\t\t<p>Deteriorarea <span style=\"color: #0077c6;\">biodiversitate<\/span><\/p>\n\n\t\t<\/div>\n\t<\/div>\n<div style=\"background-color:;height: 10px\" class=\"nicdark_section\"><\/div><div style=\"background-color:#f1f1f1;height: 1px\" class=\"nicdark_section\"><\/div><div style=\"background-color:;height: 10px\" class=\"nicdark_section\"><\/div>\n\t<div class=\"wpb_text_column wpb_content_element\" >\n\t\t<div class=\"wpb_wrapper\">\n\t\t\t<p>\u00cen plus, po\u021bi \u0219i tu <span style=\"color: #0077c6;\">riscuri specifice<\/span> sunt incluse \u00een mod explicit, de exemplu, daune produse de o companie de construc\u021bii sau textile, industria chimic\u0103, transporturi, ...<\/p>\n\n\t\t<\/div>\n\t<\/div>\n<div style=\"background-color:;height: 10px\" class=\"nicdark_section\"><\/div><\/div><\/div><\/div><\/div><\/div><\/div><\/div><\/div><div data-vc-full-width=\"true\" data-vc-full-width-init=\"false\" class=\"vc_row wpb_row vc_row-fluid wpb_animate_when_almost_visible wpb_fadeIn fadeIn vc_custom_1644940071329 vc_row-has-fill\"><div class=\"wpb_column vc_column_container vc_col-sm-3\"><div class=\"vc_column-inner\"><div class=\"wpb_wrapper\">\n\t<div class=\"wpb_text_column wpb_content_element\" >\n\t\t<div class=\"wpb_wrapper\">\n\t\t\t<p><a href=\"https:\/\/www.dhondt-insurance.com\/ro\/producten\/\"><span style=\"color: #ffffff;\">&lt; Vezi alte produse<\/span><\/a><\/p>\n\n\t\t<\/div>\n\t<\/div>\n<\/div><\/div><\/div><div class=\"wpb_column vc_column_container vc_col-sm-6\"><div class=\"vc_column-inner\"><div class=\"wpb_wrapper\"><\/div><\/div><\/div><div class=\"wpb_column vc_column_container vc_col-sm-3\"><div class=\"vc_column-inner\"><div class=\"wpb_wrapper\">\n\t<div class=\"wpb_text_column wpb_content_element\" >\n\t\t<div class=\"wpb_wrapper\">\n\t\t\t<p><a href=\"https:\/\/www.dhondt-insurance.com\/ro\/contact\/\"><span style=\"color: #ffffff;\">Contacteaza-ne &gt;<\/span><\/a><\/p>\n\n\t\t<\/div>\n\t<\/div>\n<\/div><\/div><\/div><\/div><div class=\"vc_row-full-width vc_clearfix\"><\/div>\n<\/div>","protected":false},"excerpt":{"rendered":"AANSPRAKELIJKHEID &nbsp; &gt; Milieu-aansprakelijkheidsverzekering &gt; Objectieve aansprakelijkheid &gt; Bestuurdersaansprakelijkheid (D&amp;O) &gt; BA Uitbating &amp; BA na Levering\u00a0 &gt; Beroepsaansprakelijkheid &gt; Contaminatieverzekering (Recall) &gt; MILIEU-AANSPRAKELIJKHEIDSVERZEKERING Ook wanneer uw bedrijf zelf geen vervuilende stoffen produceert, kunt u onbewust toch milieuschade aanrichten. Denk bijvoorbeeld aan een verontreinigd bedrijfsterrein. Klassieke verzekeringen komen meestal niet tussen in deze claims. Deze [...]","protected":false},"author":1,"featured_media":0,"parent":0,"menu_order":0,"comment_status":"closed","ping_status":"closed","template":"","meta":{"footnotes":""},"class_list":["post-3641","page","type-page","status-publish","hentry"],"_links":{"self":[{"href":"https:\/\/www.dhondt-insurance.com\/ro\/wp-json\/wp\/v2\/pages\/3641","targetHints":{"allow":["GET"]}}],"collection":[{"href":"https:\/\/www.dhondt-insurance.com\/ro\/wp-json\/wp\/v2\/pages"}],"about":[{"href":"https:\/\/www.dhondt-insurance.com\/ro\/wp-json\/wp\/v2\/types\/page"}],"author":[{"embeddable":true,"href":"https:\/\/www.dhondt-insurance.com\/ro\/wp-json\/wp\/v2\/users\/1"}],"replies":[{"embeddable":true,"href":"https:\/\/www.dhondt-insurance.com\/ro\/wp-json\/wp\/v2\/comments?post=3641"}],"version-history":[{"count":0,"href":"https:\/\/www.dhondt-insurance.com\/ro\/wp-json\/wp\/v2\/pages\/3641\/revisions"}],"wp:attachment":[{"href":"https:\/\/www.dhondt-insurance.com\/ro\/wp-json\/wp\/v2\/media?parent=3641"}],"curies":[{"name":"wp","href":"https:\/\/api.w.org\/{rel}","templated":true}]}}