{"id":3361,"date":"2020-04-27T14:40:23","date_gmt":"2020-04-27T14:40:23","guid":{"rendered":"http:\/\/dhondt-insurance.com\/?page_id=3361"},"modified":"2022-02-15T16:28:11","modified_gmt":"2022-02-15T16:28:11","slug":"persoonlijke-ongevallenverzekering-voor-sporters","status":"publish","type":"page","link":"https:\/\/www.dhondt-insurance.com\/ro\/persoonlijke-ongevallenverzekering-voor-sporters\/","title":{"rendered":"Persoonlijke ongevallenverzekering voor sporters"},"content":{"rendered":"<div class=\"wpb-content-wrapper\"><div class=\"vc_row wpb_row vc_row-fluid wpb_animate_when_almost_visible wpb_fadeIn fadeIn\"><div class=\"wpb_column vc_column_container vc_col-sm-6\"><div class=\"vc_column-inner\"><div class=\"wpb_wrapper\"><\/div><\/div><\/div><div class=\"wpb_column vc_column_container vc_col-sm-6 vc_hidden-xs vc_col-has-fill\"><div class=\"vc_column-inner vc_custom_1644942449929\"><div class=\"wpb_wrapper\">\n\t<div class=\"wpb_text_column wpb_content_element\" >\n\t\t<div class=\"wpb_wrapper\">\n\t\t\t<h4 style=\"padding-left: 80px;\"><span style=\"color: #ffffff;\"><strong>SPORT<\/strong><\/span><\/h4>\n<p>&nbsp;<\/p>\n<p style=\"padding-left: 80px;\"><a href=\"https:\/\/www.dhondt-insurance.com\/ro\/persoonlijke-ongevallenverzekering-voor-sporters\/\"><span style=\"color: #ffffff;\">&gt; Asigurare personal\u0103 de accidente pentru sportivi<\/span><\/a><\/p>\n\n\t\t<\/div>\n\t<\/div>\n<\/div><\/div><\/div><\/div><div class=\"vc_row wpb_row vc_row-fluid\"><div class=\"wpb_column vc_column_container vc_col-sm-12\"><div class=\"vc_column-inner\"><div class=\"wpb_wrapper\"><div class=\"vc_row wpb_row vc_inner vc_row-fluid vc_custom_1569482474546\"><div class=\"wpb_column vc_column_container vc_col-sm-12\"><div class=\"vc_column-inner\"><div class=\"wpb_wrapper\"><div style=\"background-color:;height: 50px\" class=\"nicdark_section\"><\/div> <h3 style=\"color:#e8ba22;padding:px;text-align:;font-size:px;line-height:px;letter-spacing: 4px;font-weight:bold\" class=\"nd_options_second_font\">&gt; ASIGURARE PERSONAL\u0102 DE ACCIDENTE PENTRU SPORTIVI<\/h3> <div style=\"background-color:;height: 50px\" class=\"nicdark_section\"><\/div><\/div><\/div><\/div><\/div><div class=\"vc_row wpb_row vc_inner vc_row-fluid\"><div class=\"wpb_column vc_column_container vc_col-sm-12\"><div class=\"vc_column-inner\"><div class=\"wpb_wrapper\"><div style=\"background-color:;height: 25px\" class=\"nicdark_section\"><\/div>\n\t<div class=\"wpb_text_column wpb_content_element\" >\n\t\t<div class=\"wpb_wrapper\">\n\t\t\t<p class=\"p1\"><span class=\"s1\"><i>O asigurare personal\u0103 de accidente ofer\u0103 siguran\u021ba veniturilor pentru fotbali\u0219ti \u0219i sportivi profesioni\u0219ti. \u00cen eventualitatea \u00een care nu sunte\u021bi \u00een m\u0103sur\u0103 s\u0103 practica\u021bi activit\u0103\u021bi sportive profesioniste pentru o perioad\u0103 de timp din cauza unui accident sau a unei boli, aceast\u0103 asigurare va acoperi, \u00een caz de accidente, pierderile de venituri. De asemenea, \u00een cazul \u00een care cariera ta este \u00eencheiat\u0103 prematur ca urmare a unui accident, pute\u021bi opta pentru asigurarea personal\u0103 de accidente. <\/i><\/span><\/p>\n\n\t\t<\/div>\n\t<\/div>\n<\/div><\/div><\/div><\/div><div style=\"background-color:;height: 25px\" class=\"nicdark_section\"><\/div><div style=\"background-color:#e8ba22;height: 1px\" class=\"nicdark_section\"><\/div><div class=\"vc_row wpb_row vc_inner vc_row-fluid\"><div class=\"wpb_column vc_column_container vc_col-sm-12\"><div class=\"vc_column-inner\"><div class=\"wpb_wrapper\"><div style=\"background-color:;height: 50px\" class=\"nicdark_section\"><\/div> <p style=\"color:#2d2d2d;padding:px;text-align:;font-size:16px;line-height:px;letter-spacing: px;font-weight:bold\" class=\"\">Garan\u021bia de venit pentru sportivii profesioni\u0219ti<\/p> <div style=\"background-color:;height: 50px\" class=\"nicdark_section\"><\/div>\n\t<div class=\"wpb_text_column wpb_content_element\" >\n\t\t<div class=\"wpb_wrapper\">\n\t\t\t<p>Ca sportiv profesionist, speri \u00een mod natural s\u0103 po\u021bi construi o carier\u0103 frumoas\u0103 \u0219i f\u0103r\u0103 accident\u0103ri. O asigurare de accidente personale este acolo pentru tine \u0219i familia ta atunci c\u00e2nd dezastrul love\u0219te \u00een mod nea\u0219teptat. Ve\u021bi primi, printre altele, un venit garantat pe \u00eentreaga perioad\u0103 de inactivitate din cauza bolii sau a v\u0103t\u0103m\u0103rii. Aceast\u0103 asigurare va asigur\u0103 \u00een eventualitatea \u00een care devii brusc inapt permanent pentru sport. \u00cen caz de deces, un capital asigurat este pl\u0103tit rudelor supravie\u021buitoare. Valoare recunoscut\u0103 sau talent \u00een devenire? Fiecare sportiv profesionist beneficiaz\u0103 de asigurare personala de accidente! <span style=\"color: #e8ba22;\"><a style=\"color: #e8ba22;\" href=\"https:\/\/www.dhondt-insurance.com\/ro\/contact\/\">Contacta\u021bi-ne<\/a><\/span> pentru o ofert\u0103 personalizat\u0103.<\/p>\n\n\t\t<\/div>\n\t<\/div>\n<\/div><\/div><\/div><\/div><div class=\"vc_row wpb_row vc_inner vc_row-fluid vc_custom_1569482474546\"><div class=\"wpb_column vc_column_container vc_col-sm-12\"><div class=\"vc_column-inner\"><div class=\"wpb_wrapper\"><div style=\"background-color:#e8ba22;height: 1px\" class=\"nicdark_section\"><\/div><\/div><\/div><\/div><\/div><div class=\"vc_row wpb_row vc_inner vc_row-fluid vc_custom_1644942488576 vc_row-has-fill\"><div class=\"wpb_column vc_column_container vc_col-sm-12\"><div class=\"vc_column-inner\"><div class=\"wpb_wrapper\"> <p style=\"color:#2d2d2d;padding:px;text-align:;font-size:16px;line-height:px;letter-spacing: px;font-weight:bold\" class=\"\">Ce este acoperit?<\/p> <div style=\"background-color:;height: 25px\" class=\"nicdark_section\"><\/div><div style=\"background-color:;height: 10px\" class=\"nicdark_section\"><\/div>\n\t<div class=\"wpb_text_column wpb_content_element\" >\n\t\t<div class=\"wpb_wrapper\">\n\t\t\t<p><span class=\"s2\"><span style=\"color: #e8ba22;\">Incapacitate total\u0103 temporar\u0103:<\/span> garan\u021bie financiar\u0103 p\u00e2n\u0103 c\u00e2nd sunte\u021bi din nou apt de sport<\/span><\/p>\n\n\t\t<\/div>\n\t<\/div>\n<div style=\"background-color:;height: 10px\" class=\"nicdark_section\"><\/div><div style=\"background-color:#f1f1f1;height: 1px\" class=\"nicdark_section\"><\/div><div style=\"background-color:;height: 10px\" class=\"nicdark_section\"><\/div>\n\t<div class=\"wpb_text_column wpb_content_element\" >\n\t\t<div class=\"wpb_wrapper\">\n\t\t\t<p><span class=\"s2\"><span style=\"color: #e8ba22;\">Incapacitate total\u0103 permanent\u0103: <\/span><\/span>se pl\u0103te\u0219te o sum\u0103 convenit\u0103 \u00een cazul \u00eencet\u0103rii anticipate a carierei din cauza unei v\u0103t\u0103m\u0103ri<\/p>\n\n\t\t<\/div>\n\t<\/div>\n<div style=\"background-color:;height: 10px\" class=\"nicdark_section\"><\/div><div style=\"background-color:#f1f1f1;height: 1px\" class=\"nicdark_section\"><\/div><div style=\"background-color:;height: 10px\" class=\"nicdark_section\"><\/div>\n\t<div class=\"wpb_text_column wpb_content_element\" >\n\t\t<div class=\"wpb_wrapper\">\n\t\t\t<p style=\"text-align: left;\"><span style=\"color: #e8ba22;\">Deces:<\/span> \u00een caz de deces accidental sau natural, se pl\u0103te\u0219te desp\u0103gubirea convenit\u0103 rudelor supravie\u021buitoare<\/p>\n\n\t\t<\/div>\n\t<\/div>\n<div style=\"background-color:;height: 10px\" class=\"nicdark_section\"><\/div><\/div><\/div><\/div><\/div><\/div><\/div><\/div><\/div><div data-vc-full-width=\"true\" data-vc-full-width-init=\"false\" class=\"vc_row wpb_row vc_row-fluid wpb_animate_when_almost_visible wpb_fadeIn fadeIn vc_custom_1644942462284 vc_row-has-fill\"><div class=\"wpb_column vc_column_container vc_col-sm-3\"><div class=\"vc_column-inner\"><div class=\"wpb_wrapper\">\n\t<div class=\"wpb_text_column wpb_content_element\" >\n\t\t<div class=\"wpb_wrapper\">\n\t\t\t<p><span style=\"color: #ffffff;\"><a style=\"color: #ffffff;\" href=\"https:\/\/www.dhondt-insurance.com\/ro\/producten\/\">&lt; Vezi alte produse<\/a><\/span><\/p>\n\n\t\t<\/div>\n\t<\/div>\n<\/div><\/div><\/div><div class=\"wpb_column vc_column_container vc_col-sm-6\"><div class=\"vc_column-inner\"><div class=\"wpb_wrapper\"><\/div><\/div><\/div><div class=\"wpb_column vc_column_container vc_col-sm-3\"><div class=\"vc_column-inner\"><div class=\"wpb_wrapper\">\n\t<div class=\"wpb_text_column wpb_content_element\" >\n\t\t<div class=\"wpb_wrapper\">\n\t\t\t<p><a href=\"https:\/\/www.dhondt-insurance.com\/ro\/contact\/\"><span style=\"color: #ffffff;\">Contacteaza-ne &gt;<\/span><\/a><\/p>\n\n\t\t<\/div>\n\t<\/div>\n<\/div><\/div><\/div><\/div><div class=\"vc_row-full-width vc_clearfix\"><\/div>\n<\/div>","protected":false},"excerpt":{"rendered":"SPORT &nbsp; &gt; Persoonlijke ongevallenverzekering voor sporters &gt; PERSOONLIJKE ONGEVALLENVERZEKERING VOOR SPORTERS Een persoonlijke ongevallenverzekering biedt inkomenszekerheid voor professionele voetballers en sporters. Stel dat u een tijdje uw beroepssport niet kunt beoefenen door een blessure of ziekte, dan vangt deze ongevallenverzekering het inkomensverlies op. Ook wanneer uw carri\u00e8re hierdoor vroegtijdig wordt be\u00ebindigd, komt de persoonlijke [...]","protected":false},"author":1,"featured_media":0,"parent":0,"menu_order":0,"comment_status":"closed","ping_status":"closed","template":"","meta":{"footnotes":""},"class_list":["post-3361","page","type-page","status-publish","hentry"],"_links":{"self":[{"href":"https:\/\/www.dhondt-insurance.com\/ro\/wp-json\/wp\/v2\/pages\/3361","targetHints":{"allow":["GET"]}}],"collection":[{"href":"https:\/\/www.dhondt-insurance.com\/ro\/wp-json\/wp\/v2\/pages"}],"about":[{"href":"https:\/\/www.dhondt-insurance.com\/ro\/wp-json\/wp\/v2\/types\/page"}],"author":[{"embeddable":true,"href":"https:\/\/www.dhondt-insurance.com\/ro\/wp-json\/wp\/v2\/users\/1"}],"replies":[{"embeddable":true,"href":"https:\/\/www.dhondt-insurance.com\/ro\/wp-json\/wp\/v2\/comments?post=3361"}],"version-history":[{"count":0,"href":"https:\/\/www.dhondt-insurance.com\/ro\/wp-json\/wp\/v2\/pages\/3361\/revisions"}],"wp:attachment":[{"href":"https:\/\/www.dhondt-insurance.com\/ro\/wp-json\/wp\/v2\/media?parent=3361"}],"curies":[{"name":"wp","href":"https:\/\/api.w.org\/{rel}","templated":true}]}}