{"id":3349,"date":"2020-04-27T14:33:01","date_gmt":"2020-04-27T14:33:01","guid":{"rendered":"http:\/\/dhondt-insurance.com\/?page_id=3349"},"modified":"2022-02-15T16:23:17","modified_gmt":"2022-02-15T16:23:17","slug":"ba-organisator","status":"publish","type":"page","link":"https:\/\/www.dhondt-insurance.com\/ro\/ba-organisator\/","title":{"rendered":"BA Organisator"},"content":{"rendered":"<div class=\"wpb-content-wrapper\"><div class=\"vc_row wpb_row vc_row-fluid wpb_animate_when_almost_visible wpb_fadeIn fadeIn\"><div class=\"wpb_column vc_column_container vc_col-sm-6\"><div class=\"vc_column-inner\"><div class=\"wpb_wrapper\"><\/div><\/div><\/div><div class=\"wpb_column vc_column_container vc_col-sm-6 vc_hidden-xs vc_col-has-fill\"><div class=\"vc_column-inner vc_custom_1644942166077\"><div class=\"wpb_wrapper\">\n\t<div class=\"wpb_text_column wpb_content_element\" >\n\t\t<div class=\"wpb_wrapper\">\n\t\t\t<h4 style=\"padding-left: 80px;\"><span style=\"color: #ffffff;\"><strong>EVENIMENTE<\/strong><\/span><\/h4>\n<p>&nbsp;<\/p>\n<p style=\"padding-left: 80px;\"><a href=\"https:\/\/www.dhondt-insurance.com\/ro\/ba-organisator\/\"><span style=\"color: #ffffff;\">&gt; Asigurare de r\u0103spundere civil\u0103 a organizatorului<\/span><\/a><\/p>\n<p style=\"padding-left: 80px;\"><a href=\"https:\/\/www.dhondt-insurance.com\/ro\/eventverzekering\/\"><span style=\"color: #ffffff;\">&gt; Asigurarea evenimentelor<\/span><\/a><\/p>\n<p style=\"padding-left: 80px;\"><a href=\"https:\/\/www.dhondt-insurance.com\/ro\/annulatieverzekering-event\/\"><span style=\"color: #ffffff;\">&gt; Asigurarea de anulare a evenimentului<\/span><\/a><\/p>\n\n\t\t<\/div>\n\t<\/div>\n<\/div><\/div><\/div><\/div><div class=\"vc_row wpb_row vc_row-fluid wpb_animate_when_almost_visible wpb_fadeIn fadeIn\"><div class=\"wpb_column vc_column_container vc_col-sm-12\"><div class=\"vc_column-inner\"><div class=\"wpb_wrapper\"><div class=\"vc_row wpb_row vc_inner vc_row-fluid vc_custom_1569482474546\"><div class=\"wpb_column vc_column_container vc_col-sm-12\"><div class=\"vc_column-inner\"><div class=\"wpb_wrapper\"> <h3 style=\"color:#bc748f;padding:px;text-align:;font-size:px;line-height:px;letter-spacing: 4px;font-weight:bold\" class=\"nd_options_second_font\">&gt; ASIGURARE DE R\u0102SPUNDERE CIVIL\u0102 A ORGANIZATORULUI<\/h3> <div style=\"background-color:;height: 50px\" class=\"nicdark_section\"><\/div><\/div><\/div><\/div><\/div><div class=\"vc_row wpb_row vc_inner vc_row-fluid\"><div class=\"wpb_column vc_column_container vc_col-sm-12\"><div class=\"vc_column-inner\"><div class=\"wpb_wrapper\"><div style=\"background-color:;height: 25px\" class=\"nicdark_section\"><\/div>\n\t<div class=\"wpb_text_column wpb_content_element\" >\n\t\t<div class=\"wpb_wrapper\">\n\t\t\t<p class=\"p1\"><span class=\"s1\"><i>Aceast\u0103 asigurare de r\u0103spundere civil\u0103 este special\u0103 pentru cei care organizeaz\u0103 evenimente publice. Acest lucru poate varia de la un turneu de o zi, care este organizat \u00een cadrul companiei dvs. la asocia\u021bii sau organiza\u021bii care doresc imediat s\u0103 se asigure pentru un an \u00eentreg de func\u021bionare. Poli\u021ba de r\u0103spundere civil\u0103(BA) acoper\u0103 toate daunele suferite in timpul unui eveniment de c\u0103tre membri, voluntari, participan\u021bi\u2026 <\/i><\/span><\/p>\n\n\t\t<\/div>\n\t<\/div>\n<\/div><\/div><\/div><\/div><div style=\"background-color:;height: 25px\" class=\"nicdark_section\"><\/div><div style=\"background-color:#bc748f;height: 1px\" class=\"nicdark_section\"><\/div><div class=\"vc_row wpb_row vc_inner vc_row-fluid\"><div class=\"wpb_column vc_column_container vc_col-sm-12\"><div class=\"vc_column-inner\"><div class=\"wpb_wrapper\"><div style=\"background-color:;height: 50px\" class=\"nicdark_section\"><\/div> <p style=\"color:#2d2d2d;padding:px;text-align:;font-size:16px;line-height:px;letter-spacing: px;font-weight:bold\" class=\"\">Asigurarea voluntarilor<\/p> <div style=\"background-color:;height: 50px\" class=\"nicdark_section\"><\/div>\n\t<div class=\"wpb_text_column wpb_content_element\" >\n\t\t<div class=\"wpb_wrapper\">\n\t\t\t<p class=\"p1\"><span class=\"s1\">Companie, asocia\u021bie sau organiza\u021bie non-profit? Atunci c\u00e2nd organizezi un eveniment, este obligatorie \u00eencheierea unei poli\u021be de asigurare de r\u0103spundere civil\u0103(BA). Fie c\u0103 este vorba de un turneu, o competi\u021bie sau un eveniment de mai multe zile... oricine ajut\u0103 la organizarea evenimentului este protejat. G\u00e2ndi\u021bi-v\u0103 la membri, voluntari \u0219i vorbitori. \nPentru asocia\u021bii, asigurarea poate fi, de asemenea, \u00eencheiat\u0103 imediat pentru \u00eentregul an de func\u021bionare. Foarte util\u0103 pentru cluburi sportive, cluburi de tineret, companii de teatru\u2026 Asigurarea acoper\u0103 pagubele fizice, dar se aplic\u0103. de asemenea. \u0219i \u00een cazul \u00een care, de exemplu, un cort este luat de v\u00e2nt peste casa unui localnic. \u00cen acest caz, prejudiciul material va fi desp\u0103gubit. \u00centotdeauna v\u0103 propunem poli\u021ba care se potrive\u0219te cel mai bine situa\u021biei dvs. <a href=\"https:\/\/www.dhondt-insurance.com\/ro\/contact\/\"><span style=\"color: #bc748f;\">Contacta\u021bi-ne<\/span><\/a> pentru mai multe informa\u021bii! <\/span><\/p>\n\n\t\t<\/div>\n\t<\/div>\n<\/div><\/div><\/div><\/div><div class=\"vc_row wpb_row vc_inner vc_row-fluid vc_custom_1569482474546\"><div class=\"wpb_column vc_column_container vc_col-sm-12\"><div class=\"vc_column-inner\"><div class=\"wpb_wrapper\"><div style=\"background-color:#bc748f;height: 1px\" class=\"nicdark_section\"><\/div><\/div><\/div><\/div><\/div><div class=\"vc_row wpb_row vc_inner vc_row-fluid vc_custom_1644942194809 vc_row-has-fill\"><div class=\"wpb_column vc_column_container vc_col-sm-12\"><div class=\"vc_column-inner\"><div class=\"wpb_wrapper\"> <p style=\"color:#2d2d2d;padding:px;text-align:;font-size:16px;line-height:px;letter-spacing: px;font-weight:bold\" class=\"\">Ce este acoperit?<\/p> <div style=\"background-color:;height: 25px\" class=\"nicdark_section\"><\/div><div style=\"background-color:;height: 10px\" class=\"nicdark_section\"><\/div>\n\t<div class=\"wpb_text_column wpb_content_element\" >\n\t\t<div class=\"wpb_wrapper\">\n\t\t\t<p><span class=\"s2\"><span style=\"color: #bc748f;\">Prejudiciu material<\/span> aduse ter\u021bilor<\/span><\/p>\n\n\t\t<\/div>\n\t<\/div>\n<div style=\"background-color:;height: 10px\" class=\"nicdark_section\"><\/div><div style=\"background-color:#f1f1f1;height: 1px\" class=\"nicdark_section\"><\/div><div style=\"background-color:;height: 10px\" class=\"nicdark_section\"><\/div>\n\t<div class=\"wpb_text_column wpb_content_element\" >\n\t\t<div class=\"wpb_wrapper\">\n\t\t\t<p><span class=\"s2\"><span style=\"color: #bc748f;\">V\u0103t\u0103mare fizic\u0103:<\/span> rambursarea cheltuielilor medicale, indemniza\u021bia de invaliditate\u2026 <\/span><\/p>\n\n\t\t<\/div>\n\t<\/div>\n<div style=\"background-color:;height: 10px\" class=\"nicdark_section\"><\/div><\/div><\/div><\/div><\/div><\/div><\/div><\/div><\/div><div data-vc-full-width=\"true\" data-vc-full-width-init=\"false\" class=\"vc_row wpb_row vc_row-fluid wpb_animate_when_almost_visible wpb_fadeIn fadeIn vc_custom_1644942176864 vc_row-has-fill\"><div class=\"wpb_column vc_column_container vc_col-sm-12\"><div class=\"vc_column-inner\"><div class=\"wpb_wrapper\"><div class=\"vc_row wpb_row vc_inner vc_row-fluid\"><div class=\"wpb_column vc_column_container vc_col-sm-3\"><div class=\"vc_column-inner\"><div class=\"wpb_wrapper\">\n\t<div class=\"wpb_text_column wpb_content_element\" >\n\t\t<div class=\"wpb_wrapper\">\n\t\t\t<p><a href=\"https:\/\/www.dhondt-insurance.com\/ro\/producten\/\"><span style=\"color: #ffffff;\">&lt; Vezi alte produse<\/span><\/a><\/p>\n\n\t\t<\/div>\n\t<\/div>\n<\/div><\/div><\/div><div class=\"wpb_column vc_column_container vc_col-sm-6\"><div class=\"vc_column-inner\"><div class=\"wpb_wrapper\"><\/div><\/div><\/div><div class=\"wpb_column vc_column_container vc_col-sm-3\"><div class=\"vc_column-inner\"><div class=\"wpb_wrapper\">\n\t<div class=\"wpb_text_column wpb_content_element\" >\n\t\t<div class=\"wpb_wrapper\">\n\t\t\t<p><a href=\"https:\/\/www.dhondt-insurance.com\/ro\/contact\/\"><span style=\"color: #ffffff;\">Contacteaza-ne &gt;<\/span><\/a><\/p>\n\n\t\t<\/div>\n\t<\/div>\n<\/div><\/div><\/div><\/div><\/div><\/div><\/div><\/div><div class=\"vc_row-full-width vc_clearfix\"><\/div>\n<\/div>","protected":false},"excerpt":{"rendered":"EVENT &nbsp; &gt; BA Organisator &gt; Eventverzekering &gt; Annulatieverzekering Event &gt; BA ORGANISATOR Deze aansprakelijkheidsverzekering is er speciaal voor wie publieke evenementen organiseert. Dit kan gaan van een \u00e9\u00e9ndagstornooi dat georganiseerd wordt binnen uw bedrijf tot verenigingen of organisaties die zich meteen voor een volledig werkingsjaar willen verzekeren. De BA organisator komt tussen bij alle [...]","protected":false},"author":1,"featured_media":0,"parent":0,"menu_order":0,"comment_status":"closed","ping_status":"closed","template":"","meta":{"footnotes":""},"class_list":["post-3349","page","type-page","status-publish","hentry"],"_links":{"self":[{"href":"https:\/\/www.dhondt-insurance.com\/ro\/wp-json\/wp\/v2\/pages\/3349","targetHints":{"allow":["GET"]}}],"collection":[{"href":"https:\/\/www.dhondt-insurance.com\/ro\/wp-json\/wp\/v2\/pages"}],"about":[{"href":"https:\/\/www.dhondt-insurance.com\/ro\/wp-json\/wp\/v2\/types\/page"}],"author":[{"embeddable":true,"href":"https:\/\/www.dhondt-insurance.com\/ro\/wp-json\/wp\/v2\/users\/1"}],"replies":[{"embeddable":true,"href":"https:\/\/www.dhondt-insurance.com\/ro\/wp-json\/wp\/v2\/comments?post=3349"}],"version-history":[{"count":0,"href":"https:\/\/www.dhondt-insurance.com\/ro\/wp-json\/wp\/v2\/pages\/3349\/revisions"}],"wp:attachment":[{"href":"https:\/\/www.dhondt-insurance.com\/ro\/wp-json\/wp\/v2\/media?parent=3349"}],"curies":[{"name":"wp","href":"https:\/\/api.w.org\/{rel}","templated":true}]}}