{"id":3054,"date":"2020-04-07T13:57:24","date_gmt":"2020-04-07T13:57:24","guid":{"rendered":"http:\/\/dhondt-insurance.com\/?page_id=3054"},"modified":"2022-02-15T16:16:55","modified_gmt":"2022-02-15T16:16:55","slug":"lpp-logistieke-protectiepolis","status":"publish","type":"page","link":"https:\/\/www.dhondt-insurance.com\/ro\/lpp-logistieke-protectiepolis\/","title":{"rendered":"LPP: logistieke protectiepolis"},"content":{"rendered":"<div class=\"wpb-content-wrapper\"><div class=\"vc_row wpb_row vc_row-fluid wpb_animate_when_almost_visible wpb_fadeIn fadeIn\"><div class=\"wpb_column vc_column_container vc_col-sm-6\"><div class=\"vc_column-inner\"><div class=\"wpb_wrapper\"><\/div><\/div><\/div><div class=\"wpb_column vc_column_container vc_col-sm-6 vc_hidden-xs vc_col-has-fill\"><div class=\"vc_column-inner vc_custom_1644941733475\"><div class=\"wpb_wrapper\">\n\t<div class=\"wpb_text_column wpb_content_element\" >\n\t\t<div class=\"wpb_wrapper\">\n\t\t\t<h4 style=\"padding-left: 80px;\"><span style=\"color: #ffffff;\"><strong>VEHICULE<\/strong><\/span><\/h4>\n<p>&nbsp;<\/p>\n<p style=\"padding-left: 80px;\"><a href=\"https:\/\/www.dhondt-insurance.com\/ro\/lpp-logistieke-protectiepolis\/\"><span style=\"color: #ffffff;\">&gt; LPP: politica de protec\u021bie logistic\u0103<\/span><\/a><\/p>\n<p style=\"padding-left: 80px;\"><a href=\"https:\/\/www.dhondt-insurance.com\/ro\/tca-trailer-containeraansprakelijkheid\/\"><span style=\"color: #ffffff;\">&gt; Asigurarea de r\u0103spundere pentru containere \u0219i remorci (tip CARGO)<\/span><\/a><\/p>\n<p style=\"padding-left: 80px;\"><a href=\"https:\/\/www.dhondt-insurance.com\/ro\/cmr\/\"><span style=\"color: #ffffff;\">&gt; CMR<\/span><\/a><\/p>\n\n\t\t<\/div>\n\t<\/div>\n<\/div><\/div><\/div><\/div><div class=\"vc_row wpb_row vc_row-fluid wpb_animate_when_almost_visible wpb_fadeIn fadeIn\"><div class=\"wpb_column vc_column_container vc_col-sm-12\"><div class=\"vc_column-inner\"><div class=\"wpb_wrapper\"><div class=\"vc_row wpb_row vc_inner vc_row-fluid vc_custom_1569482474546\"><div class=\"wpb_column vc_column_container vc_col-sm-12\"><div class=\"vc_column-inner\"><div class=\"wpb_wrapper\"> <h3 style=\"color:#01919b;padding:px;text-align:;font-size:px;line-height:px;letter-spacing: 4px;font-weight:bold\" class=\"nd_options_second_font\">&gt; LPP: POLITICA DE PROTEC\u021aIE LOGISTIC\u0102<\/h3> <div style=\"background-color:;height: 50px\" class=\"nicdark_section\"><\/div><\/div><\/div><\/div><\/div><div class=\"vc_row wpb_row vc_inner vc_row-fluid\"><div class=\"wpb_column vc_column_container vc_col-sm-12\"><div class=\"vc_column-inner\"><div class=\"wpb_wrapper\"><div style=\"background-color:;height: 25px\" class=\"nicdark_section\"><\/div>\n\t<div class=\"wpb_text_column wpb_content_element\" >\n\t\t<div class=\"wpb_wrapper\">\n\t\t\t<p><em>V\u0103 dori\u021bi s\u0103 evita\u021bi birocra\u021bia inutil\u0103 a diferitelor asigur\u0103ri de r\u0103spundere civil\u0103 \u00een calitate de transportator? Cu LPP ave\u021bi o solu\u021bie de asigurare clar\u0103 \u0219i complet\u0103 \u00een m\u00e2inile dvs. De la r\u0103spunderea contractual\u0103 la cea profesional\u0103, totul este asigurat! <\/em><\/p>\n\n\t\t<\/div>\n\t<\/div>\n<\/div><\/div><\/div><\/div><div style=\"background-color:;height: 25px\" class=\"nicdark_section\"><\/div><div style=\"background-color:#01919b;height: 1px\" class=\"nicdark_section\"><\/div><div class=\"vc_row wpb_row vc_inner vc_row-fluid\"><div class=\"wpb_column vc_column_container vc_col-sm-12\"><div class=\"vc_column-inner\"><div class=\"wpb_wrapper\"><div style=\"background-color:;height: 50px\" class=\"nicdark_section\"><\/div>\n\t<div class=\"wpb_text_column wpb_content_element\" >\n\t\t<div class=\"wpb_wrapper\">\n\t\t\t<h5><strong>Solu\u021bie complet\u0103 de asigurare pentru transportatori<\/strong><\/h5>\n<p>&nbsp;<\/p>\n<p>&nbsp;<\/p>\n<p>Aceast\u0103 asigurare de r\u0103spundere civil\u0103 intervine atunci c\u00e2nd unul dintre angaja\u021bii sau cl\u0103dirile dumneavoastr\u0103 provoac\u0103 daune unor ter\u021bi. Sunt acoperite at\u00e2t v\u0103t\u0103m\u0103rile, c\u00e2t \u0219i daunele materiale \u0219i imateriale. In cazul firmelor de servicii s-au luat in considerare si sfaturile incorecte, calculele etc.<\/p>\n<p>&nbsp;<\/p>\n<p>Poli\u021ba de protec\u021bie logistic\u0103 (LPP) acoper\u0103 toate pasivele pentru companiile de transport, f\u0103r\u0103 zone gri. Acest pachet de asigurare include:<\/p>\n<ul>\n<li>R\u0103spunderea contractual\u0103<\/li>\n<li>R\u0103spundere extra-contractual\u0103<\/li>\n<li>R\u0103spunderea profesional\u0103<\/li>\n<li>R\u0103spunderea pentru containerele trailer-ului(TCA)<\/li>\n<li>R\u0103spunderea transportatorului (CMR)<\/li>\n<\/ul>\n<p>Combinarea acestor cinci pasive face ca posibilit\u0103\u021bile de acoperire ale acestei poli\u021be s\u0103 fie foarte largi. De la furt \u0219i daune cauzate de livr\u0103ri \u00eent\u00e2rziate p\u00e2n\u0103 la erori involuntare, poli\u021ba LPP v\u0103 scute\u0219te de griji, \u00een calitate de transportator, \u00een cazul unor pagube. <span style=\"color: #01919b;\"><a style=\"color: #01919b;\" href=\"https:\/\/www.dhondt-insurance.com\/ro\/contact\/\">Contacta\u021bi-ne<\/a><\/span> pentru o ofert\u0103 adaptat\u0103 activit\u0103\u021bilor dvs. de transport!<\/p>\n\n\t\t<\/div>\n\t<\/div>\n<\/div><\/div><\/div><\/div><div class=\"vc_row wpb_row vc_inner vc_row-fluid vc_custom_1569482474546\"><div class=\"wpb_column vc_column_container vc_col-sm-12\"><div class=\"vc_column-inner\"><div class=\"wpb_wrapper\"><div style=\"background-color:#01919b;height: 1px\" class=\"nicdark_section\"><\/div><\/div><\/div><\/div><\/div><div class=\"vc_row wpb_row vc_inner vc_row-fluid vc_custom_1644941812585 vc_row-has-fill\"><div class=\"wpb_column vc_column_container vc_col-sm-12\"><div class=\"vc_column-inner\"><div class=\"wpb_wrapper\"> <p style=\"color:#2d2d2d;padding:px;text-align:;font-size:16px;line-height:px;letter-spacing: px;font-weight:bold\" class=\"\">Ce este acoperit?<\/p> <div style=\"background-color:;height: 25px\" class=\"nicdark_section\"><\/div><div style=\"background-color:;height: 10px\" class=\"nicdark_section\"><\/div>\n\t<div class=\"wpb_text_column wpb_content_element\" >\n\t\t<div class=\"wpb_wrapper\">\n\t\t\t<p><span style=\"color: #01919b;\">Deteriorarea, pierderea, furtul<\/span> \u0219i \u00eent\u00e2rzierea livr\u0103rii<\/p>\n\n\t\t<\/div>\n\t<\/div>\n<div style=\"background-color:;height: 10px\" class=\"nicdark_section\"><\/div><div style=\"background-color:#f1f1f1;height: 1px\" class=\"nicdark_section\"><\/div><div style=\"background-color:;height: 10px\" class=\"nicdark_section\"><\/div>\n\t<div class=\"wpb_text_column wpb_content_element\" >\n\t\t<div class=\"wpb_wrapper\">\n\t\t\t<p><span style=\"color: #01919b;\">Opera\u021biuni de cabotaj:<\/span> transport de m\u0103rfuri \u00eentre 2 puncte pe teritoriul aceleia\u0219i \u021b\u0103ri, de c\u0103tre o companie din alt\u0103 \u021bar\u0103.<\/p>\n\n\t\t<\/div>\n\t<\/div>\n<div style=\"background-color:;height: 10px\" class=\"nicdark_section\"><\/div><div style=\"background-color:#f1f1f1;height: 1px\" class=\"nicdark_section\"><\/div><div style=\"background-color:;height: 10px\" class=\"nicdark_section\"><\/div>\n\t<div class=\"wpb_text_column wpb_content_element\" >\n\t\t<div class=\"wpb_wrapper\">\n\t\t\t<p><span style=\"color: #01919b;\">R\u0103spunderea contractual\u0103<\/span> a transportatorului multimodal (rutier, feroviar, aerian \u0219i pe c\u0103i de naviga\u021bie interioare)<\/p>\n\n\t\t<\/div>\n\t<\/div>\n<div style=\"background-color:;height: 10px\" class=\"nicdark_section\"><\/div><div style=\"background-color:#f1f1f1;height: 1px\" class=\"nicdark_section\"><\/div><div style=\"background-color:;height: 10px\" class=\"nicdark_section\"><\/div>\n\t<div class=\"wpb_text_column wpb_content_element\" >\n\t\t<div class=\"wpb_wrapper\">\n\t\t\t<p><span style=\"color: #01919b;\">Deteriorare prin contaminare <\/span>\u00een timpul transportului rezervorului \u0219i \u00een vrac<\/p>\n\n\t\t<\/div>\n\t<\/div>\n<div style=\"background-color:;height: 10px\" class=\"nicdark_section\"><\/div><div style=\"background-color:#f1f1f1;height: 1px\" class=\"nicdark_section\"><\/div><div style=\"background-color:;height: 10px\" class=\"nicdark_section\"><\/div>\n\t<div class=\"wpb_text_column wpb_content_element\" >\n\t\t<div class=\"wpb_wrapper\">\n\t\t\t<p style=\"text-align: left;\"><span style=\"color: #01919b;\">Transport cu temperatur\u0103 controlat\u0103:<\/span> asigurare pentru m\u0103rfuri perisabile deteriorate de o instala\u021bie de r\u0103cire defectuoas\u0103, setare incorect\u0103, \u00eenc\u0103rcare sau desc\u0103rcare incorect\u0103<\/p>\n\n\t\t<\/div>\n\t<\/div>\n<div style=\"background-color:;height: 10px\" class=\"nicdark_section\"><\/div><div style=\"background-color:#f1f1f1;height: 1px\" class=\"nicdark_section\"><\/div><div style=\"background-color:;height: 10px\" class=\"nicdark_section\"><\/div>\n\t<div class=\"wpb_text_column wpb_content_element\" >\n\t\t<div class=\"wpb_wrapper\">\n\t\t\t<p><span style=\"color: #01919b;\">Costurile de eliminare \u0219i distrugere<\/span>, inclusiv costurile necesare pentru salvarea \u0219i conservarea m\u0103rfurilor transportate<\/p>\n\n\t\t<\/div>\n\t<\/div>\n<div style=\"background-color:;height: 10px\" class=\"nicdark_section\"><\/div><div style=\"background-color:#f1f1f1;height: 1px\" class=\"nicdark_section\"><\/div><div style=\"background-color:;height: 10px\" class=\"nicdark_section\"><\/div>\n\t<div class=\"wpb_text_column wpb_content_element\" >\n\t\t<div class=\"wpb_wrapper\">\n\t\t\t<p><span style=\"color: #01919b;\">Erori \u0219i omisiuni:<\/span> amenzile fiscale \u0219i administrative sunt asigurate \u00een caz de pierdere sau deteriorare, ca urmare a unei erori sau gre\u0219eli involuntare<\/p>\n\n\t\t<\/div>\n\t<\/div>\n<div style=\"background-color:;height: 10px\" class=\"nicdark_section\"><\/div><div style=\"background-color:#f1f1f1;height: 1px\" class=\"nicdark_section\"><\/div><div style=\"background-color:;height: 10px\" class=\"nicdark_section\"><\/div>\n\t<div class=\"wpb_text_column wpb_content_element\" >\n\t\t<div class=\"wpb_wrapper\">\n\t\t\t<p><span style=\"color: #01919b;\">Transport externalizat:<\/span> r\u0103spunderea contractantului principal fa\u021b\u0103 de client este asigurat\u0103 atunci c\u00e2nd acesta accept\u0103 ca transportul s\u0103 fie efectuat de un subcontractant<\/p>\n\n\t\t<\/div>\n\t<\/div>\n<div style=\"background-color:;height: 10px\" class=\"nicdark_section\"><\/div><\/div><\/div><\/div><\/div><\/div><\/div><\/div><\/div><div data-vc-full-width=\"true\" data-vc-full-width-init=\"false\" class=\"vc_row wpb_row vc_row-fluid wpb_animate_when_almost_visible wpb_fadeIn fadeIn vc_custom_1644941746603 vc_row-has-fill\"><div class=\"wpb_column vc_column_container vc_col-sm-3\"><div class=\"vc_column-inner\"><div class=\"wpb_wrapper\">\n\t<div class=\"wpb_text_column wpb_content_element\" >\n\t\t<div class=\"wpb_wrapper\">\n\t\t\t<p><a href=\"https:\/\/www.dhondt-insurance.com\/ro\/producten\/\"><span style=\"color: #ffffff;\">&lt; Vezi alte produse<\/span><\/a><\/p>\n\n\t\t<\/div>\n\t<\/div>\n<\/div><\/div><\/div><div class=\"wpb_column vc_column_container vc_col-sm-6\"><div class=\"vc_column-inner\"><div class=\"wpb_wrapper\"><\/div><\/div><\/div><div class=\"wpb_column vc_column_container vc_col-sm-3\"><div class=\"vc_column-inner\"><div class=\"wpb_wrapper\">\n\t<div class=\"wpb_text_column wpb_content_element\" >\n\t\t<div class=\"wpb_wrapper\">\n\t\t\t<p><a href=\"https:\/\/www.dhondt-insurance.com\/ro\/contact\/\"><span style=\"color: #ffffff;\">Contacteaza-ne &gt;<\/span><\/a><\/p>\n\n\t\t<\/div>\n\t<\/div>\n<\/div><\/div><\/div><\/div><div class=\"vc_row-full-width vc_clearfix\"><\/div>\n<\/div>","protected":false},"excerpt":{"rendered":"VOERTUIGEN &nbsp; &gt; LPP: logistieke protectiepolis &gt; TCA: trailer-containeraansprakelijkheid &gt; CMR &gt; LPP: LOGISTIEKE PROTECTIEPOLIS Heeft u als transporteur geen zin in de administratieve rompslomp van verschillende aansprakelijkheidsverzekeringen? Met LPP heeft u \u00e9\u00e9n duidelijke \u00e9n complete verzekeringsoplossing in handen. Van contractuele tot beroepsaansprakelijkheid, alles is gedekt! Complete verzekeringsoplossing voor transporteurs &nbsp; &nbsp; Deze aansprakelijkheidsverzekering komt [...]","protected":false},"author":1,"featured_media":0,"parent":0,"menu_order":0,"comment_status":"closed","ping_status":"closed","template":"","meta":{"footnotes":""},"class_list":["post-3054","page","type-page","status-publish","hentry"],"_links":{"self":[{"href":"https:\/\/www.dhondt-insurance.com\/ro\/wp-json\/wp\/v2\/pages\/3054","targetHints":{"allow":["GET"]}}],"collection":[{"href":"https:\/\/www.dhondt-insurance.com\/ro\/wp-json\/wp\/v2\/pages"}],"about":[{"href":"https:\/\/www.dhondt-insurance.com\/ro\/wp-json\/wp\/v2\/types\/page"}],"author":[{"embeddable":true,"href":"https:\/\/www.dhondt-insurance.com\/ro\/wp-json\/wp\/v2\/users\/1"}],"replies":[{"embeddable":true,"href":"https:\/\/www.dhondt-insurance.com\/ro\/wp-json\/wp\/v2\/comments?post=3054"}],"version-history":[{"count":0,"href":"https:\/\/www.dhondt-insurance.com\/ro\/wp-json\/wp\/v2\/pages\/3054\/revisions"}],"wp:attachment":[{"href":"https:\/\/www.dhondt-insurance.com\/ro\/wp-json\/wp\/v2\/media?parent=3054"}],"curies":[{"name":"wp","href":"https:\/\/api.w.org\/{rel}","templated":true}]}}