{"id":3031,"date":"2020-04-07T13:10:08","date_gmt":"2020-04-07T13:10:08","guid":{"rendered":"http:\/\/dhondt-insurance.com\/?page_id=3031"},"modified":"2022-02-15T16:02:34","modified_gmt":"2022-02-15T16:02:34","slug":"ba-vrachtwagen-trekker","status":"publish","type":"page","link":"https:\/\/www.dhondt-insurance.com\/ro\/ba-vrachtwagen-trekker\/","title":{"rendered":"BA vrachtwagen \/ trekker"},"content":{"rendered":"<div class=\"wpb-content-wrapper\"><div class=\"vc_row wpb_row vc_row-fluid wpb_animate_when_almost_visible wpb_fadeIn fadeIn\"><div class=\"wpb_column vc_column_container vc_col-sm-6\"><div class=\"vc_column-inner\"><div class=\"wpb_wrapper\"><\/div><\/div><\/div><div class=\"wpb_column vc_column_container vc_col-sm-6 vc_hidden-xs vc_col-has-fill\"><div class=\"vc_column-inner vc_custom_1644940908959\"><div class=\"wpb_wrapper\">\n\t<div class=\"wpb_text_column wpb_content_element\" >\n\t\t<div class=\"wpb_wrapper\">\n\t\t\t<h4 style=\"padding-left: 80px;\"><span style=\"color: #ffffff;\"><strong>VEHICULE<\/strong><\/span><\/h4>\n<p>&nbsp;<\/p>\n<p style=\"padding-left: 80px;\"><a href=\"https:\/\/www.dhondt-insurance.com\/ro\/ba-vrachtwagen-trekker\/\"><span style=\"color: #ffffff;\">&gt; Asigurare de r\u0103spundere civil\u0103 pentru camioane\/tractoare<\/span><\/a><\/p>\n<p style=\"padding-left: 80px;\"><a href=\"https:\/\/www.dhondt-insurance.com\/ro\/omnium-vrachtwagen-trekker\/\"><span style=\"color: #ffffff;\">&gt; Asigurare casco pentru camioane \u0219i tractoare<\/span><\/a><\/p>\n<p style=\"padding-left: 80px;\"><a href=\"https:\/\/www.dhondt-insurance.com\/ro\/machinebreuk-transport\/\"><span style=\"color: #ffffff;\">&gt; Machinebreuk transport<\/span><\/a><\/p>\n<p style=\"padding-left: 80px;\"><a href=\"https:\/\/www.dhondt-insurance.com\/ro\/ba-voertuig\/\"><span style=\"color: #ffffff;\">&gt; Asigurare de r\u0103spundere civil\u0103 pentru vehicule<\/span><\/a><\/p>\n<p style=\"padding-left: 80px;\"><a href=\"https:\/\/www.dhondt-insurance.com\/ro\/omnium-voertuig\/\"><span style=\"color: #ffffff;\">&gt; Asigurare casco vehicul<\/span><\/a><\/p>\n<p style=\"padding-left: 80px;\"><a href=\"https:\/\/www.dhondt-insurance.com\/ro\/ba-bus\/\"><span style=\"color: #ffffff;\">&gt; BA bus<\/span><\/a><\/p>\n<p style=\"padding-left: 80px;\"><a href=\"https:\/\/www.dhondt-insurance.com\/ro\/omnium-bus\/\"><span style=\"color: #ffffff;\">&gt; Omnium bus<\/span><\/a><\/p>\n\n\t\t<\/div>\n\t<\/div>\n<\/div><\/div><\/div><\/div><div class=\"vc_row wpb_row vc_row-fluid wpb_animate_when_almost_visible wpb_fadeIn fadeIn\"><div class=\"wpb_column vc_column_container vc_col-sm-12\"><div class=\"vc_column-inner\"><div class=\"wpb_wrapper\"><div class=\"vc_row wpb_row vc_inner vc_row-fluid vc_custom_1569482474546\"><div class=\"wpb_column vc_column_container vc_col-sm-12\"><div class=\"vc_column-inner\"><div class=\"wpb_wrapper\"> <h3 style=\"color:#017e87;padding:px;text-align:;font-size:px;line-height:px;letter-spacing: 4px;font-weight:bold\" class=\"nd_options_second_font\">&gt; ASIGURARE DE R\u0102SPUNDERE CIVIL\u0102 PENTRU CAMIOANE\/TRACTOARE<\/h3> <div style=\"background-color:;height: 50px\" class=\"nicdark_section\"><\/div><\/div><\/div><\/div><\/div><div class=\"vc_row wpb_row vc_inner vc_row-fluid\"><div class=\"wpb_column vc_column_container vc_col-sm-12\"><div class=\"vc_column-inner\"><div class=\"wpb_wrapper\"><div style=\"background-color:;height: 25px\" class=\"nicdark_section\"><\/div>\n\t<div class=\"wpb_text_column wpb_content_element\" >\n\t\t<div class=\"wpb_wrapper\">\n\t\t\t<p><em>Asigurarea de R\u0103spundere Civil\u0103 pentru camioane \u0219i tractoare este obligatorie. Aceasta acoper\u0103 toate daunele fizice \u0219i materiale aduse ter\u021bilor \u00een care \u0219oferul dvs. este tras la r\u0103spundere. <\/em><\/p>\n\n\t\t<\/div>\n\t<\/div>\n<\/div><\/div><\/div><\/div><div style=\"background-color:;height: 25px\" class=\"nicdark_section\"><\/div><div style=\"background-color:#017e87;height: 1px\" class=\"nicdark_section\"><\/div><div class=\"vc_row wpb_row vc_inner vc_row-fluid\"><div class=\"wpb_column vc_column_container vc_col-sm-12\"><div class=\"vc_column-inner\"><div class=\"wpb_wrapper\"><div style=\"background-color:;height: 50px\" class=\"nicdark_section\"><\/div>\n\t<div class=\"wpb_text_column wpb_content_element\" >\n\t\t<div class=\"wpb_wrapper\">\n\t\t\t<h5><strong>Acoperirea daunelor produse ter\u021bilor<\/strong><\/h5>\n<p>&nbsp;<\/p>\n<p>&nbsp;<\/p>\n<p>Asigurarea poate fi folosit\u0103 pentru orice tip de daune aduse ter\u021bilor, de la daune materiale p\u00e2n\u0103 la v\u0103t\u0103m\u0103ri fizice permanente. Daunele pentru \u00eembr\u0103c\u0103minte sunt, de asemenea, garantate p\u00e2n\u0103 la un anumit plafon. Vrei o asigurare solid\u0103 pentru camioanele \u0219i\/sau tractoarele tale? Nu ezita\u021bi s\u0103 ne <a href=\"https:\/\/www.dhondt-insurance.com\/ro\/contact\/\"><span style=\"color: #017e87;\">a lua legatura<\/span><\/a>. Analiz\u0103m posibilit\u0103\u021bile \u00eempreun\u0103!<\/p>\n\n\t\t<\/div>\n\t<\/div>\n<\/div><\/div><\/div><\/div><div class=\"vc_row wpb_row vc_inner vc_row-fluid vc_custom_1569482474546\"><div class=\"wpb_column vc_column_container vc_col-sm-12\"><div class=\"vc_column-inner\"><div class=\"wpb_wrapper\"><div style=\"background-color:#017e87;height: 1px\" class=\"nicdark_section\"><\/div><\/div><\/div><\/div><\/div><div class=\"vc_row wpb_row vc_inner vc_row-fluid vc_custom_1644940950482 vc_row-has-fill\"><div class=\"wpb_column vc_column_container vc_col-sm-12\"><div class=\"vc_column-inner\"><div class=\"wpb_wrapper\"> <p style=\"color:#2d2d2d;padding:px;text-align:;font-size:16px;line-height:px;letter-spacing: px;font-weight:bold\" class=\"\">Ce este acoperit?<\/p> <div style=\"background-color:;height: 25px\" class=\"nicdark_section\"><\/div><div style=\"background-color:;height: 10px\" class=\"nicdark_section\"><\/div>\n\t<div class=\"wpb_text_column wpb_content_element\" >\n\t\t<div class=\"wpb_wrapper\">\n\t\t\t<p>Daune fizice \u0219i materiale aduse ter\u021bilor<\/p>\n\n\t\t<\/div>\n\t<\/div>\n<div style=\"background-color:;height: 10px\" class=\"nicdark_section\"><\/div><div style=\"background-color:#f1f1f1;height: 1px\" class=\"nicdark_section\"><\/div><div style=\"background-color:;height: 10px\" class=\"nicdark_section\"><\/div>\n\t<div class=\"wpb_text_column wpb_content_element\" >\n\t\t<div class=\"wpb_wrapper\">\n\t\t\t<p style=\"text-align: left;\">Posibila extensie cu <span style=\"color: #017e87;\">clauz\u0103 sistership<\/span>: \u00een caz de avarie reciproc\u0103 \u00eentre vehiculele din aceea\u0219i flot\u0103, acestea sunt considerate ter\u021be p\u0103r\u021bi.<\/p>\n\n\t\t<\/div>\n\t<\/div>\n<div style=\"background-color:;height: 10px\" class=\"nicdark_section\"><\/div><\/div><\/div><\/div><\/div><\/div><\/div><\/div><\/div><div data-vc-full-width=\"true\" data-vc-full-width-init=\"false\" class=\"vc_row wpb_row vc_row-fluid wpb_animate_when_almost_visible wpb_fadeIn fadeIn vc_custom_1644940921007 vc_row-has-fill\"><div class=\"wpb_column vc_column_container vc_col-sm-3\"><div class=\"vc_column-inner\"><div class=\"wpb_wrapper\">\n\t<div class=\"wpb_text_column wpb_content_element\" >\n\t\t<div class=\"wpb_wrapper\">\n\t\t\t<p><a href=\"https:\/\/www.dhondt-insurance.com\/ro\/producten\/\"><span style=\"color: #ffffff;\">&lt; Vezi alte produse<\/span><\/a><\/p>\n\n\t\t<\/div>\n\t<\/div>\n<\/div><\/div><\/div><div class=\"wpb_column vc_column_container vc_col-sm-6\"><div class=\"vc_column-inner\"><div class=\"wpb_wrapper\"><\/div><\/div><\/div><div class=\"wpb_column vc_column_container vc_col-sm-3\"><div class=\"vc_column-inner\"><div class=\"wpb_wrapper\">\n\t<div class=\"wpb_text_column wpb_content_element\" >\n\t\t<div class=\"wpb_wrapper\">\n\t\t\t<p><a href=\"https:\/\/www.dhondt-insurance.com\/ro\/contact\/\"><span style=\"color: #ffffff;\">Contacteaza-ne &gt;<\/span><\/a><\/p>\n\n\t\t<\/div>\n\t<\/div>\n<\/div><\/div><\/div><\/div><div class=\"vc_row-full-width vc_clearfix\"><\/div>\n<\/div>","protected":false},"excerpt":{"rendered":"VOERTUIGEN &nbsp; &gt; BA vrachtwagen \/ trekker &gt; Omnium vrachtwagen \/ trekker &gt; Machinebreuk transport &gt; BA voertuig &gt; Omnium voertuig &gt; BA bus &gt; Omnium bus &gt; BA VRACHTWAGEN \/ TREKKER De verzekering Burgerlijke Aansprakelijkheid voor vrachtwagens en trekkers is verplicht. Ze komt tussen bij alle lichamelijke en stoffelijke schade aan derden waarbij uw [...]","protected":false},"author":1,"featured_media":0,"parent":0,"menu_order":0,"comment_status":"closed","ping_status":"closed","template":"","meta":{"footnotes":""},"class_list":["post-3031","page","type-page","status-publish","hentry"],"_links":{"self":[{"href":"https:\/\/www.dhondt-insurance.com\/ro\/wp-json\/wp\/v2\/pages\/3031","targetHints":{"allow":["GET"]}}],"collection":[{"href":"https:\/\/www.dhondt-insurance.com\/ro\/wp-json\/wp\/v2\/pages"}],"about":[{"href":"https:\/\/www.dhondt-insurance.com\/ro\/wp-json\/wp\/v2\/types\/page"}],"author":[{"embeddable":true,"href":"https:\/\/www.dhondt-insurance.com\/ro\/wp-json\/wp\/v2\/users\/1"}],"replies":[{"embeddable":true,"href":"https:\/\/www.dhondt-insurance.com\/ro\/wp-json\/wp\/v2\/comments?post=3031"}],"version-history":[{"count":0,"href":"https:\/\/www.dhondt-insurance.com\/ro\/wp-json\/wp\/v2\/pages\/3031\/revisions"}],"wp:attachment":[{"href":"https:\/\/www.dhondt-insurance.com\/ro\/wp-json\/wp\/v2\/media?parent=3031"}],"curies":[{"name":"wp","href":"https:\/\/api.w.org\/{rel}","templated":true}]}}