{"id":2999,"date":"2020-04-07T12:13:32","date_gmt":"2020-04-07T12:13:32","guid":{"rendered":"http:\/\/dhondt-insurance.com\/?page_id=2999"},"modified":"2022-02-15T15:42:13","modified_gmt":"2022-02-15T15:42:13","slug":"ba-uitbating-ba-na-levering","status":"publish","type":"page","link":"https:\/\/www.dhondt-insurance.com\/ro\/ba-uitbating-ba-na-levering\/","title":{"rendered":"BA uitbating &#038; BA na levering"},"content":{"rendered":"<div class=\"wpb-content-wrapper\"><div class=\"vc_row wpb_row vc_row-fluid wpb_animate_when_almost_visible wpb_fadeIn fadeIn\"><div class=\"wpb_column vc_column_container vc_col-sm-6\"><div class=\"vc_column-inner\"><div class=\"wpb_wrapper\"><\/div><\/div><\/div><div class=\"wpb_column vc_column_container vc_col-sm-6 vc_hidden-xs vc_col-has-fill\"><div class=\"vc_column-inner vc_custom_1644939280145\"><div class=\"wpb_wrapper\">\n\t<div class=\"wpb_text_column wpb_content_element\" >\n\t\t<div class=\"wpb_wrapper\">\n\t\t\t<h4 style=\"padding-left: 40px;\"><\/h4>\n<h4 style=\"text-align: left; padding-left: 40px;\"><span style=\"color: #ffffff;\"><strong>R\u0102SPUNDERE<\/strong><\/span><\/h4>\n<p>&nbsp;<\/p>\n<p style=\"text-align: left; padding-left: 40px;\"><a href=\"https:\/\/www.dhondt-insurance.com\/ro\/ba-uitbating-ba-na-levering\/\"><span style=\"color: #ffffff;\">&gt; Asigurare de r\u0103spundere civil\u0103 &amp; asigurare de r\u0103spundere civil\u0103 dup\u0103 livrare<\/span><\/a><\/p>\n<p style=\"text-align: left; padding-left: 40px;\"><a href=\"https:\/\/www.dhondt-insurance.com\/ro\/bestuurdersaansprakelijkheid-do\/\"><span style=\"color: #ffffff;\">&gt; R\u0103spunderea administratorilor \u0219i directorilor (DNO)<\/span><\/a><\/p>\n<p style=\"text-align: left; padding-left: 40px;\"><a href=\"https:\/\/www.dhondt-insurance.com\/ro\/beroepsaansprakelijkheid\/\"><span style=\"color: #ffffff;\">&gt; R\u0103spunderea profesional\u0103<\/span><\/a><\/p>\n<p style=\"text-align: left; padding-left: 40px;\"><a href=\"https:\/\/www.dhondt-insurance.com\/ro\/objectieve-aansprakelijkheid\/\"><span style=\"color: #ffffff;\">&gt; R\u0103spunderea obiectiv\u0103<\/span><\/a><\/p>\n<p style=\"text-align: left; padding-left: 40px;\"><a href=\"https:\/\/www.dhondt-insurance.com\/ro\/contaminatieverzekering-recall\/\"><span style=\"color: #ffffff;\">&gt; Retragerea produselor<\/span><\/a><\/p>\n<p style=\"text-align: left; padding-left: 40px;\"><a href=\"https:\/\/www.dhondt-insurance.com\/ro\/milieu-aansprakelijkheidsverzekering\/\"><span style=\"color: #ffffff;\">&gt; Asigurarea de r\u0103spundere pentru mediul \u00eenconjur\u0103tor<\/span><\/a><\/p>\n\n\t\t<\/div>\n\t<\/div>\n<\/div><\/div><\/div><\/div><div class=\"vc_row wpb_row vc_row-fluid wpb_animate_when_almost_visible wpb_fadeIn fadeIn\"><div class=\"wpb_column vc_column_container vc_col-sm-12\"><div class=\"vc_column-inner\"><div class=\"wpb_wrapper\"><div class=\"vc_row wpb_row vc_inner vc_row-fluid vc_custom_1569482474546\"><div class=\"wpb_column vc_column_container vc_col-sm-12\"><div class=\"vc_column-inner\"><div class=\"wpb_wrapper\"> <h3 style=\"color:#0077c6;padding:px;text-align:;font-size:px;line-height:px;letter-spacing: 4px;font-weight:bold\" class=\"nd_options_second_font\">&gt; ASIGURARE DE R\u0102SPUNDERE CIVIL\u0102 &amp; ASIGURARE DE R\u0102SPUNDERE CIVIL\u0102 DUP\u0102 LIVRARE<\/h3> <div style=\"background-color:;height: 50px\" class=\"nicdark_section\"><\/div><\/div><\/div><\/div><\/div><div class=\"vc_row wpb_row vc_inner vc_row-fluid\"><div class=\"wpb_column vc_column_container vc_col-sm-12\"><div class=\"vc_column-inner\"><div class=\"wpb_wrapper\"><div style=\"background-color:;height: 25px\" class=\"nicdark_section\"><\/div>\n\t<div class=\"wpb_text_column wpb_content_element\" >\n\t\t<div class=\"wpb_wrapper\">\n\t\t\t<p><em>Asigurarea de r\u0103spundere civil\u0103 este considerat\u0103 ca asigurarea \"familie\" pentru companii. Aceast\u0103 poli\u021b\u0103 de asigurare acoper\u0103, printre altele, toate daunele cauzate ter\u021bilor \u00een interiorul sau \u00een afara companiei. \u00cen plus, cuantumul daunelor solicitate poate cre\u0219te deseori foarte repede...asigurarea de r\u0103spundere civil\u0103 este o necesitate pentru fiecare companie contemporan\u0103! <\/em><\/p>\n\n\t\t<\/div>\n\t<\/div>\n<\/div><\/div><\/div><\/div><div style=\"background-color:;height: 25px\" class=\"nicdark_section\"><\/div><div style=\"background-color:#0077c6;height: 1px\" class=\"nicdark_section\"><\/div><div class=\"vc_row wpb_row vc_inner vc_row-fluid\"><div class=\"wpb_column vc_column_container vc_col-sm-12\"><div class=\"vc_column-inner\"><div class=\"wpb_wrapper\"><div style=\"background-color:;height: 50px\" class=\"nicdark_section\"><\/div>\n\t<div class=\"wpb_text_column wpb_content_element\" >\n\t\t<div class=\"wpb_wrapper\">\n\t\t\t<h5><strong>Asigurarea daunelor aduse ter\u021bilor<\/strong><\/h5>\n<p>&nbsp;<\/p>\n<p>&nbsp;<\/p>\n<p>Aceast\u0103 poli\u021b\u0103 de asigurare de r\u0103spundere civil\u0103 acoper\u0103 daunele provocate atunci c\u00e2nd unul dintre angaja\u021bii dvs. cauzeaz\u0103 pagube ter\u021bilor. Sunt asigurate at\u00e2t v\u0103t\u0103m\u0103rile fizice, c\u00e2t \u0219i daunele materiale \u0219i imateriale.<\/p>\n<p>Din moment ce nimeni nu poate prevedea valoarea la care se vor ridica daunele, aceast\u0103 poli\u021b\u0103 v\u0103 garanteaz\u0103 continuitatea companiei dvs. <a href=\"https:\/\/www.dhondt-insurance.com\/ro\/contact\/\"><span style=\"color: #0077c6;\">Contacta\u021bi<\/span> -ne<\/a> pentru mai multe informa\u021bii sau pentru o ofert\u0103 personalizat\u0103 \u00een func\u021bie de specificul activit\u0103\u021bii dvs.! Pentru companiile cu profil alimentar, combina\u021bia cu poli\u021b\u0103 de <span style=\"color: #0077c6;\"><a style=\"color: #0077c6;\" href=\"https:\/\/www.dhondt-insurance.com\/ro\/contaminatieverzekering-recall\/\">retragere<\/a>-polis<\/span> poate fi, de exemplu, un punct de interes.<\/p>\n\n\t\t<\/div>\n\t<\/div>\n<\/div><\/div><\/div><\/div><div class=\"vc_row wpb_row vc_inner vc_row-fluid vc_custom_1569482474546\"><div class=\"wpb_column vc_column_container vc_col-sm-12\"><div class=\"vc_column-inner\"><div class=\"wpb_wrapper\"><div style=\"background-color:#0077c6;height: 1px\" class=\"nicdark_section\"><\/div><\/div><\/div><\/div><\/div><div class=\"vc_row wpb_row vc_inner vc_row-fluid vc_custom_1644939591731 vc_row-has-fill\"><div class=\"wpb_column vc_column_container vc_col-sm-8\"><div class=\"vc_column-inner\"><div class=\"wpb_wrapper\"> <p style=\"color:#2d2d2d;padding:px;text-align:;font-size:16px;line-height:px;letter-spacing: px;font-weight:bold\" class=\"\">Ce este acoperit?<\/p> <div style=\"background-color:;height: 10px\" class=\"nicdark_section\"><\/div><div style=\"background-color:;height: 20px\" class=\"nicdark_section\"><\/div>\n\t<div class=\"wpb_text_column wpb_content_element\" >\n\t\t<div class=\"wpb_wrapper\">\n\t\t\t<p>ASIGURAREA DE R\u0102SPUNDERE CIVIL\u0102 BA:<\/p>\n<p>Acest tip de asigurare se refer\u0103 la daunele cauzate ter\u021bilor de c\u0103tre persoane, at\u00e2t \u00een cadrul companiei (de exemplu, furnizori), c\u00e2t \u0219i \u00een afara acesteia (de exemplu, care lucreaz\u0103 pentru ter\u021bi).<\/p>\n<ul>\n<li>Daune fizice<\/li>\n<li>Prejudiciu material<\/li>\n<li>Daune imateriale (indiferent dac\u0103 rezult\u0103 sau nu \u00een urma daunelor men\u021bionate mai sus)<\/li>\n<\/ul>\n\n\t\t<\/div>\n\t<\/div>\n<div style=\"background-color:;height: 10px\" class=\"nicdark_section\"><\/div><div style=\"background-color:#f1f1f1;height: 1px\" class=\"nicdark_section\"><\/div><div style=\"background-color:;height: 10px\" class=\"nicdark_section\"><\/div>\n\t<div class=\"wpb_text_column wpb_content_element\" >\n\t\t<div class=\"wpb_wrapper\">\n\t\t\t<p>ASIGURAREA DE R\u0102SPUNDERE CIVIL\u0102 DUP\u0102 LIVRARE<\/p>\n<ul>\n<li>R\u0103spunderea pentru produse: produse dup\u0103 livrare<\/li>\n<li>Lucr\u0103ri prost executate<\/li>\n<\/ul>\n\n\t\t<\/div>\n\t<\/div>\n<div style=\"background-color:;height: 10px\" class=\"nicdark_section\"><\/div><div style=\"background-color:;height: 10px\" class=\"nicdark_section\"><\/div> <p style=\"color:#2d2d2d;padding:px;text-align:;font-size:16px;line-height:px;letter-spacing: px;font-weight:bold\" class=\"\">Extensii posibile:<\/p> <div style=\"background-color:;height: 10px\" class=\"nicdark_section\"><\/div><div style=\"background-color:;height: 20px\" class=\"nicdark_section\"><\/div>\n\t<div class=\"wpb_text_column wpb_content_element\" >\n\t\t<div class=\"wpb_wrapper\">\n\t\t\t<p>Garantarea bunurilor \u00eencredin\u021bate asiguratului \u00een interes de serviciu<\/p>\n<p>&nbsp;<\/p>\n<p>Garantarea bunurilor \u00eenchiriate<\/p>\n\n\t\t<\/div>\n\t<\/div>\n<\/div><\/div><\/div><div class=\"wpb_column vc_column_container vc_col-sm-4\"><div class=\"vc_column-inner\"><div class=\"wpb_wrapper\"><\/div><\/div><\/div><\/div><\/div><\/div><\/div><\/div><div data-vc-full-width=\"true\" data-vc-full-width-init=\"false\" class=\"vc_row wpb_row vc_row-fluid wpb_animate_when_almost_visible wpb_fadeIn fadeIn vc_custom_1644939290616 vc_row-has-fill\"><div class=\"wpb_column vc_column_container vc_col-sm-3\"><div class=\"vc_column-inner\"><div class=\"wpb_wrapper\">\n\t<div class=\"wpb_text_column wpb_content_element\" >\n\t\t<div class=\"wpb_wrapper\">\n\t\t\t<p><span style=\"color: #ffffff;\"><a style=\"color: #ffffff;\" href=\"https:\/\/www.dhondt-insurance.com\/ro\/producten\/\">&lt; Vezi alte produse<\/a><\/span><\/p>\n\n\t\t<\/div>\n\t<\/div>\n<\/div><\/div><\/div><div class=\"wpb_column vc_column_container vc_col-sm-6\"><div class=\"vc_column-inner\"><div class=\"wpb_wrapper\"><\/div><\/div><\/div><div class=\"wpb_column vc_column_container vc_col-sm-3\"><div class=\"vc_column-inner\"><div class=\"wpb_wrapper\">\n\t<div class=\"wpb_text_column wpb_content_element\" >\n\t\t<div class=\"wpb_wrapper\">\n\t\t\t<p><a href=\"https:\/\/www.dhondt-insurance.com\/ro\/contact\/\"><span style=\"color: #ffffff;\">Contacteaza-ne &gt;<\/span><\/a><\/p>\n\n\t\t<\/div>\n\t<\/div>\n<\/div><\/div><\/div><\/div><div class=\"vc_row-full-width vc_clearfix\"><\/div>\n<\/div>","protected":false},"excerpt":{"rendered":"AANSPRAKELIJKHEID &nbsp; &gt; BA Uitbating &amp; BA na Levering &gt; Bestuurdersaansprakelijkheid (D&amp;O) &gt; Beroepsaansprakelijkheid &gt; Objectieve aansprakelijkheid &gt; Contaminatieverzekering (Recall) &gt; Milieu-aansprakelijkheidsverzekering &gt; BA UITBATING &amp; BA NA LEVERING BA uitbating wordt wel eens aanzien als de \u2018familiale\u2019 verzekering voor de bedrijfswereld. Deze polis dekt immers alle schade aan derden die binnen of buiten het [...]","protected":false},"author":1,"featured_media":0,"parent":0,"menu_order":0,"comment_status":"closed","ping_status":"closed","template":"","meta":{"footnotes":""},"class_list":["post-2999","page","type-page","status-publish","hentry"],"_links":{"self":[{"href":"https:\/\/www.dhondt-insurance.com\/ro\/wp-json\/wp\/v2\/pages\/2999","targetHints":{"allow":["GET"]}}],"collection":[{"href":"https:\/\/www.dhondt-insurance.com\/ro\/wp-json\/wp\/v2\/pages"}],"about":[{"href":"https:\/\/www.dhondt-insurance.com\/ro\/wp-json\/wp\/v2\/types\/page"}],"author":[{"embeddable":true,"href":"https:\/\/www.dhondt-insurance.com\/ro\/wp-json\/wp\/v2\/users\/1"}],"replies":[{"embeddable":true,"href":"https:\/\/www.dhondt-insurance.com\/ro\/wp-json\/wp\/v2\/comments?post=2999"}],"version-history":[{"count":0,"href":"https:\/\/www.dhondt-insurance.com\/ro\/wp-json\/wp\/v2\/pages\/2999\/revisions"}],"wp:attachment":[{"href":"https:\/\/www.dhondt-insurance.com\/ro\/wp-json\/wp\/v2\/media?parent=2999"}],"curies":[{"name":"wp","href":"https:\/\/api.w.org\/{rel}","templated":true}]}}