{"id":2446,"date":"2019-10-10T10:44:53","date_gmt":"2019-10-10T10:44:53","guid":{"rendered":"http:\/\/www.nicdarkthemes.com\/themes\/construction\/wp\/demo\/construction\/?page_id=1127"},"modified":"2025-02-19T14:13:10","modified_gmt":"2025-02-19T14:13:10","slug":"ons-team","status":"publish","type":"page","link":"https:\/\/www.dhondt-insurance.com\/ro\/ons-team\/","title":{"rendered":"ECHIPA NOASTR\u0102"},"content":{"rendered":"<div class=\"wpb-content-wrapper\"><div data-vc-full-width=\"true\" data-vc-full-width-init=\"false\" class=\"vc_row wpb_row vc_row-fluid wpb_animate_when_almost_visible wpb_fadeIn fadeIn vc_custom_1604399393491 vc_row-has-fill\"><div class=\"wpb_column vc_column_container vc_col-sm-12\"><div class=\"vc_column-inner\"><div class=\"wpb_wrapper\"><div style=\"background-color:;height: 25px\" class=\"nicdark_section\"><\/div> <h3 style=\"color:#00599e;padding:px;text-align:;font-size:px;line-height:px;letter-spacing: 4px;font-weight:bold\" class=\"nd_options_second_font\">&gt; DIRECTIE<\/h3> <div style=\"background-color:;height: 60px\" class=\"nicdark_section\"><\/div><div class=\"vc_row wpb_row vc_inner vc_row-fluid vc_custom_1598350587364\"><div class=\"wpb_column vc_column_container vc_col-sm-3\"><div class=\"vc_column-inner vc_custom_1653663156945\"><div class=\"wpb_wrapper\"><div style=\"background-color:;height: 10px\" class=\"nicdark_section\"><\/div>\n\n\n  <!--START team-->\n  <div class=\"nd_options_price_team_l4 nd_options_section team_compo_2 nd_options_text_align_center\">\n                                        \n    <!--image-->\n    <div class=\"nd_options_section\">\n        \n        <img decoding=\"async\" alt=\"\" class=\"nd_options_section\" src=\"https:\/\/www.dhondt-insurance.com\/wp-content\/uploads\/2025\/02\/LN.png\">\n\n    <\/div>\n    <!--image-->\n\n\n    <div class=\"nd_options_section nd_options_padding_20 nd_options_box_sizing_border_box\">\n    \n        <h2 class=\"nd_options_margin_0_important\"><strong>Leen Gezelle<\/strong><\/h2>\n        <div class=\"nd_options_section nd_options_height_10\"><\/div> \n        <h6 class=\"nd_options_color_grey nd_options_font_size_12 nd_options_text_transform_uppercase nd_options_letter_spacing_3 nd_options_second_font nd_options_font_weight_lighter\">CEO<\/h6>\n        <div class=\"nd_options_section nd_options_height_20\"><\/div> \n        <p class=\"nd_options_margin_0_important\">T +32 50 46 10 43<\/p>\n        <div class=\"nd_options_section nd_options_height_20\"><\/div> \n        <a rel=\"\" target=\"_self\" class=\"nd_options_margin_0_important nd_options_display_inline_block nd_options_color_grey nd_options_border_1_solid_grey nd_options_first_font nd_options_padding_8_12 nd_options_border_radius_20 nd_options_font_size_13\" href=\"mailto:leen.gezelle@dhondt-insurance.com\">Trimite\u021bi un email<\/a>\n\n    <\/div>\n\n  <\/div>\n  <!--END team-->\n\n\n   <div style=\"background-color:;height: 10px\" class=\"nicdark_section\"><\/div><\/div><\/div><\/div><div class=\"wpb_column vc_column_container vc_col-sm-3\"><div class=\"vc_column-inner vc_custom_1653663153446\"><div class=\"wpb_wrapper\"><div style=\"background-color:;height: 10px\" class=\"nicdark_section\"><\/div>\n\n\n  <!--START team-->\n  <div class=\"nd_options_price_team_l4 nd_options_section  nd_options_text_align_center\">\n                                        \n    <!--image-->\n    <div class=\"nd_options_section\">\n        \n        <img decoding=\"async\" alt=\"\" class=\"nd_options_section\" src=\"https:\/\/www.dhondt-insurance.com\/wp-content\/uploads\/2025\/02\/KRT.png\">\n\n    <\/div>\n    <!--image-->\n\n\n    <div class=\"nd_options_section nd_options_padding_20 nd_options_box_sizing_border_box\">\n    \n        <h2 class=\"nd_options_margin_0_important\"><strong>Kurt D'hondt<\/strong><\/h2>\n        <div class=\"nd_options_section nd_options_height_10\"><\/div> \n        <h6 class=\"nd_options_color_grey nd_options_font_size_12 nd_options_text_transform_uppercase nd_options_letter_spacing_3 nd_options_second_font nd_options_font_weight_lighter\">Bestuurder - Voorzitter van de Raad van Bestuur<\/h6>\n        <div class=\"nd_options_section nd_options_height_20\"><\/div> \n        <p class=\"nd_options_margin_0_important\">T +32 50 46 10 42<\/p>\n        <div class=\"nd_options_section nd_options_height_20\"><\/div> \n        <a rel=\"\" target=\"_self\" class=\"nd_options_margin_0_important nd_options_display_inline_block nd_options_color_grey nd_options_border_1_solid_grey nd_options_first_font nd_options_padding_8_12 nd_options_border_radius_20 nd_options_font_size_13\" href=\"mailto:kurt.dhondt@dhondt-insurance.com\">Trimite\u021bi un email<\/a>\n\n    <\/div>\n\n  <\/div>\n  <!--END team-->\n\n\n   <div style=\"background-color:;height: 10px\" class=\"nicdark_section\"><\/div><\/div><\/div><\/div><div class=\"wpb_column vc_column_container vc_col-sm-3\"><div class=\"vc_column-inner vc_custom_1653663160242\"><div class=\"wpb_wrapper\"><div style=\"background-color:;height: 10px\" class=\"nicdark_section\"><\/div>\n\n\n  <!--START team-->\n  <div class=\"nd_options_price_team_l4 nd_options_section team_compo_2 nd_options_text_align_center\">\n                                        \n    <!--image-->\n    <div class=\"nd_options_section\">\n        \n        <img decoding=\"async\" alt=\"\" class=\"nd_options_section\" src=\"https:\/\/www.dhondt-insurance.com\/wp-content\/uploads\/2025\/02\/GRTE.png\">\n\n    <\/div>\n    <!--image-->\n\n\n    <div class=\"nd_options_section nd_options_padding_20 nd_options_box_sizing_border_box\">\n    \n        <h2 class=\"nd_options_margin_0_important\"><strong>Geert Lammertyn<\/strong><\/h2>\n        <div class=\"nd_options_section nd_options_height_10\"><\/div> \n        <h6 class=\"nd_options_color_grey nd_options_font_size_12 nd_options_text_transform_uppercase nd_options_letter_spacing_3 nd_options_second_font nd_options_font_weight_lighter\">Director<\/h6>\n        <div class=\"nd_options_section nd_options_height_20\"><\/div> \n        <p class=\"nd_options_margin_0_important\">T +32 50 46 10 47<\/p>\n        <div class=\"nd_options_section nd_options_height_20\"><\/div> \n        <a rel=\"\" target=\"_self\" class=\"nd_options_margin_0_important nd_options_display_inline_block nd_options_color_grey nd_options_border_1_solid_grey nd_options_first_font nd_options_padding_8_12 nd_options_border_radius_20 nd_options_font_size_13\" href=\"mailto:geert.lammertyn@dhondt-insurance.com\">Trimite\u021bi un email<\/a>\n\n    <\/div>\n\n  <\/div>\n  <!--END team-->\n\n\n   <div style=\"background-color:;height: 10px\" class=\"nicdark_section\"><\/div><\/div><\/div><\/div><div class=\"wpb_column vc_column_container vc_col-sm-3\"><div class=\"vc_column-inner vc_custom_1653663164054\"><div class=\"wpb_wrapper\"><div style=\"background-color:;height: 10px\" class=\"nicdark_section\"><\/div>\n\n\n  <!--START team-->\n  <div class=\"nd_options_price_team_l4 nd_options_section team_compo_2 nd_options_text_align_center\">\n                                        \n    <!--image-->\n    <div class=\"nd_options_section\">\n        \n        <img decoding=\"async\" alt=\"\" class=\"nd_options_section\" src=\"https:\/\/www.dhondt-insurance.com\/wp-content\/uploads\/2025\/02\/MAT.png\">\n\n    <\/div>\n    <!--image-->\n\n\n    <div class=\"nd_options_section nd_options_padding_20 nd_options_box_sizing_border_box\">\n    \n        <h2 class=\"nd_options_margin_0_important\"><strong>Mathias De Croock<\/strong><\/h2>\n        <div class=\"nd_options_section nd_options_height_10\"><\/div> \n        <h6 class=\"nd_options_color_grey nd_options_font_size_12 nd_options_text_transform_uppercase nd_options_letter_spacing_3 nd_options_second_font nd_options_font_weight_lighter\">Director<\/h6>\n        <div class=\"nd_options_section nd_options_height_20\"><\/div> \n        <p class=\"nd_options_margin_0_important\">T +32 50 36 75 83<\/p>\n        <div class=\"nd_options_section nd_options_height_20\"><\/div> \n        <a rel=\"\" target=\"_self\" class=\"nd_options_margin_0_important nd_options_display_inline_block nd_options_color_grey nd_options_border_1_solid_grey nd_options_first_font nd_options_padding_8_12 nd_options_border_radius_20 nd_options_font_size_13\" href=\"mailto:mathias.de.croock@dhondt-insurance.com\">Trimite\u021bi un email<\/a>\n\n    <\/div>\n\n  <\/div>\n  <!--END team-->\n\n\n   <div style=\"background-color:;height: 10px\" class=\"nicdark_section\"><\/div><\/div><\/div><\/div><\/div><div class=\"vc_row wpb_row vc_inner vc_row-fluid\"><div class=\"wpb_column vc_column_container vc_col-sm-3 vc_hidden-lg vc_hidden-md vc_hidden-sm vc_hidden-xs\"><div class=\"vc_column-inner vc_custom_1714400961344\"><div class=\"wpb_wrapper\"><div style=\"background-color:;height: 10px\" class=\"nicdark_section\"><\/div>\n\n\n  <!--START team-->\n  <div class=\"nd_options_price_team_l4 nd_options_section team_compo_2 nd_options_text_align_center\">\n                                        \n    <!--image-->\n    <div class=\"nd_options_section\">\n        \n        <img decoding=\"async\" alt=\"\" class=\"nd_options_section\" src=\"https:\/\/www.dhondt-insurance.com\/wp-content\/uploads\/2022\/06\/Leen_2.png\">\n\n    <\/div>\n    <!--image-->\n\n\n    <div class=\"nd_options_section nd_options_padding_20 nd_options_box_sizing_border_box\">\n    \n        <h2 class=\"nd_options_margin_0_important\"><strong>Leen Gezelle<\/strong><\/h2>\n        <div class=\"nd_options_section nd_options_height_10\"><\/div> \n        <h6 class=\"nd_options_color_grey nd_options_font_size_12 nd_options_text_transform_uppercase nd_options_letter_spacing_3 nd_options_second_font nd_options_font_weight_lighter\">CEO<\/h6>\n        <div class=\"nd_options_section nd_options_height_20\"><\/div> \n        <p class=\"nd_options_margin_0_important\">T +32 50 46 10 43<\/p>\n        <div class=\"nd_options_section nd_options_height_20\"><\/div> \n        <a rel=\"\" target=\"_self\" class=\"nd_options_margin_0_important nd_options_display_inline_block nd_options_color_grey nd_options_border_1_solid_grey nd_options_first_font nd_options_padding_8_12 nd_options_border_radius_20 nd_options_font_size_13\" href=\"mailto:leen.gezelle@dhondt-insurance.com\">Trimite\u021bi un email<\/a>\n\n    <\/div>\n\n  <\/div>\n  <!--END team-->\n\n\n   <div style=\"background-color:;height: 10px\" class=\"nicdark_section\"><\/div><\/div><\/div><\/div><div class=\"wpb_column vc_column_container vc_col-sm-3 vc_hidden-lg vc_hidden-md vc_hidden-sm vc_hidden-xs\"><div class=\"vc_column-inner vc_custom_1714400970672\"><div class=\"wpb_wrapper\"><div style=\"background-color:;height: 10px\" class=\"nicdark_section\"><\/div>\n\n\n  <!--START team-->\n  <div class=\"nd_options_price_team_l4 nd_options_section  nd_options_text_align_center\">\n                                        \n    <!--image-->\n    <div class=\"nd_options_section\">\n        \n        <img decoding=\"async\" alt=\"\" class=\"nd_options_section\" src=\"https:\/\/www.dhondt-insurance.com\/wp-content\/uploads\/2022\/06\/Kurt_2.png\">\n\n    <\/div>\n    <!--image-->\n\n\n    <div class=\"nd_options_section nd_options_padding_20 nd_options_box_sizing_border_box\">\n    \n        <h2 class=\"nd_options_margin_0_important\"><strong>Kurt D'hondt<\/strong><\/h2>\n        <div class=\"nd_options_section nd_options_height_10\"><\/div> \n        <h6 class=\"nd_options_color_grey nd_options_font_size_12 nd_options_text_transform_uppercase nd_options_letter_spacing_3 nd_options_second_font nd_options_font_weight_lighter\">Bestuurder - Voorzitter van de Raad van Bestuur<\/h6>\n        <div class=\"nd_options_section nd_options_height_20\"><\/div> \n        <p class=\"nd_options_margin_0_important\">T +32 50 46 10 42<\/p>\n        <div class=\"nd_options_section nd_options_height_20\"><\/div> \n        <a rel=\"\" target=\"_self\" class=\"nd_options_margin_0_important nd_options_display_inline_block nd_options_color_grey nd_options_border_1_solid_grey nd_options_first_font nd_options_padding_8_12 nd_options_border_radius_20 nd_options_font_size_13\" href=\"mailto:kurt.dhondt@dhondt-insurance.com\">Trimite\u021bi un email<\/a>\n\n    <\/div>\n\n  <\/div>\n  <!--END team-->\n\n\n   <div style=\"background-color:;height: 10px\" class=\"nicdark_section\"><\/div><\/div><\/div><\/div><div class=\"wpb_column vc_column_container vc_col-sm-3 vc_hidden-lg vc_hidden-md vc_hidden-sm vc_hidden-xs\"><div class=\"vc_column-inner vc_custom_1714400978903\"><div class=\"wpb_wrapper\"><div style=\"background-color:;height: 10px\" class=\"nicdark_section\"><\/div>\n\n\n  <!--START team-->\n  <div class=\"nd_options_price_team_l4 nd_options_section team_compo_2 nd_options_text_align_center\">\n                                        \n    <!--image-->\n    <div class=\"nd_options_section\">\n        \n        <img decoding=\"async\" alt=\"\" class=\"nd_options_section\" src=\"https:\/\/www.dhondt-insurance.com\/wp-content\/uploads\/2022\/06\/Geert_2.png\">\n\n    <\/div>\n    <!--image-->\n\n\n    <div class=\"nd_options_section nd_options_padding_20 nd_options_box_sizing_border_box\">\n    \n        <h2 class=\"nd_options_margin_0_important\"><strong>Geert Lammertyn<\/strong><\/h2>\n        <div class=\"nd_options_section nd_options_height_10\"><\/div> \n        <h6 class=\"nd_options_color_grey nd_options_font_size_12 nd_options_text_transform_uppercase nd_options_letter_spacing_3 nd_options_second_font nd_options_font_weight_lighter\">Director<\/h6>\n        <div class=\"nd_options_section nd_options_height_20\"><\/div> \n        <p class=\"nd_options_margin_0_important\">T +32 50 46 10 47<\/p>\n        <div class=\"nd_options_section nd_options_height_20\"><\/div> \n        <a rel=\"\" target=\"_self\" class=\"nd_options_margin_0_important nd_options_display_inline_block nd_options_color_grey nd_options_border_1_solid_grey nd_options_first_font nd_options_padding_8_12 nd_options_border_radius_20 nd_options_font_size_13\" href=\"mailto:geert.lammertyn@dhondt-insurance.com\">Trimite\u021bi un email<\/a>\n\n    <\/div>\n\n  <\/div>\n  <!--END team-->\n\n\n   <div style=\"background-color:;height: 10px\" class=\"nicdark_section\"><\/div><\/div><\/div><\/div><div class=\"wpb_column vc_column_container vc_col-sm-3 vc_hidden-lg vc_hidden-md vc_hidden-sm vc_hidden-xs\"><div class=\"vc_column-inner vc_custom_1714401001332\"><div class=\"wpb_wrapper\"><div style=\"background-color:;height: 10px\" class=\"nicdark_section\"><\/div>\n\n\n  <!--START team-->\n  <div class=\"nd_options_price_team_l4 nd_options_section team_compo_2 nd_options_text_align_center\">\n                                        \n    <!--image-->\n    <div class=\"nd_options_section\">\n        \n        <img decoding=\"async\" alt=\"\" class=\"nd_options_section\" src=\"https:\/\/www.dhondt-insurance.com\/wp-content\/uploads\/2023\/03\/Mathias_website_400px-2.png\">\n\n    <\/div>\n    <!--image-->\n\n\n    <div class=\"nd_options_section nd_options_padding_20 nd_options_box_sizing_border_box\">\n    \n        <h2 class=\"nd_options_margin_0_important\"><strong>Mathias De Croock<\/strong><\/h2>\n        <div class=\"nd_options_section nd_options_height_10\"><\/div> \n        <h6 class=\"nd_options_color_grey nd_options_font_size_12 nd_options_text_transform_uppercase nd_options_letter_spacing_3 nd_options_second_font nd_options_font_weight_lighter\">Director<\/h6>\n        <div class=\"nd_options_section nd_options_height_20\"><\/div> \n        <p class=\"nd_options_margin_0_important\">T +32 50 36 75 83<\/p>\n        <div class=\"nd_options_section nd_options_height_20\"><\/div> \n        <a rel=\"\" target=\"_self\" class=\"nd_options_margin_0_important nd_options_display_inline_block nd_options_color_grey nd_options_border_1_solid_grey nd_options_first_font nd_options_padding_8_12 nd_options_border_radius_20 nd_options_font_size_13\" href=\"mailto:mathias.de.croock@dhondt-insurance.com\">Trimite\u021bi un email<\/a>\n\n    <\/div>\n\n  <\/div>\n  <!--END team-->\n\n\n   <div style=\"background-color:;height: 10px\" class=\"nicdark_section\"><\/div><\/div><\/div><\/div><div class=\"wpb_column vc_column_container vc_col-sm-12\"><div class=\"vc_column-inner\"><div class=\"wpb_wrapper\"><\/div><\/div><\/div><\/div><div style=\"background-color:;height: 20px\" class=\"nicdark_section\"><\/div><div style=\"background-color:;height: 20px\" class=\"nicdark_section\"><\/div><\/div><\/div><\/div><\/div><div class=\"vc_row-full-width vc_clearfix\"><\/div><div class=\"vc_row wpb_row vc_row-fluid\"><div class=\"wpb_column vc_column_container vc_col-sm-12\"><div class=\"vc_column-inner\"><div class=\"wpb_wrapper\"><div style=\"background-color:;height: 50px\" class=\"nicdark_section\"><\/div><\/div><\/div><\/div><\/div><div data-vc-full-width=\"true\" data-vc-full-width-init=\"false\" class=\"vc_row wpb_row vc_row-fluid wpb_animate_when_almost_visible wpb_fadeIn fadeIn vc_custom_1645001505028 vc_row-has-fill\"><div class=\"wpb_column vc_column_container vc_col-sm-12\"><div class=\"vc_column-inner\"><div class=\"wpb_wrapper\"><div class=\"vc_row wpb_row vc_inner vc_row-fluid vc_row-o-content-middle vc_row-flex\"><div class=\"wpb_column vc_column_container vc_col-sm-12\"><div class=\"vc_column-inner\"><div class=\"wpb_wrapper\"> <h2 style=\"color:#ffffff;padding:px;text-align:center;font-size:25px;line-height:px;letter-spacing: px;font-weight:normal\" class=\"nd_options_first_font\">Curios despre ce putem face pentru tine?<\/h2> <div style=\"background-color:;height: 30px\" class=\"nicdark_section\"><\/div> <h4 style=\"color:#ffffff;padding:px;text-align:center;font-size:16px;line-height:px;letter-spacing: 2px;font-weight:lighter\" class=\"nd_options_second_font\">Suntem bucuro\u0219i s\u0103 v\u0103 explic\u0103m posibilit\u0103\u021bile!<\/h4> <div style=\"background-color:;height: 50px\" class=\"nicdark_section\"><\/div>\n\t<div class=\"nd_options_section nd_options_text_align_center\">\n\t<a style=\"border: px solid;border-radius:px;letter-spacing:px;line-height:px;font-size:px;background-color:#ffffff;padding:10px 20px;margin:;color:#00599e\" rel=\"\" href=\"https:\/\/www.dhondt-insurance.com\/ro\/contact\/\" class=\"nicdark_display_inline_block\">Contacteaza-ne &gt;<\/a>\n\t<\/div>\n<\/div><\/div><\/div><\/div><\/div><\/div><\/div><\/div><div class=\"vc_row-full-width vc_clearfix\"><\/div>\n<\/div>","protected":false},"excerpt":{"rendered":"&gt; DIRECTIE Leen Gezelle CEO T +32 50 46 10 43 Stuur een e-mail Kurt D'hondt Bestuurder - Voorzitter van de Raad van Bestuur T +32 50 46 10 42 Stuur een e-mail Geert Lammertyn Bestuurder T +32 50 46 10 47 Stuur een e-mail Mathias De Croock Bestuurder T +32 50 36 75 83 [...]","protected":false},"author":1,"featured_media":0,"parent":0,"menu_order":0,"comment_status":"closed","ping_status":"closed","template":"","meta":{"footnotes":""},"class_list":["post-2446","page","type-page","status-publish","hentry"],"_links":{"self":[{"href":"https:\/\/www.dhondt-insurance.com\/ro\/wp-json\/wp\/v2\/pages\/2446","targetHints":{"allow":["GET"]}}],"collection":[{"href":"https:\/\/www.dhondt-insurance.com\/ro\/wp-json\/wp\/v2\/pages"}],"about":[{"href":"https:\/\/www.dhondt-insurance.com\/ro\/wp-json\/wp\/v2\/types\/page"}],"author":[{"embeddable":true,"href":"https:\/\/www.dhondt-insurance.com\/ro\/wp-json\/wp\/v2\/users\/1"}],"replies":[{"embeddable":true,"href":"https:\/\/www.dhondt-insurance.com\/ro\/wp-json\/wp\/v2\/comments?post=2446"}],"version-history":[{"count":32,"href":"https:\/\/www.dhondt-insurance.com\/ro\/wp-json\/wp\/v2\/pages\/2446\/revisions"}],"predecessor-version":[{"id":8587,"href":"https:\/\/www.dhondt-insurance.com\/ro\/wp-json\/wp\/v2\/pages\/2446\/revisions\/8587"}],"wp:attachment":[{"href":"https:\/\/www.dhondt-insurance.com\/ro\/wp-json\/wp\/v2\/media?parent=2446"}],"curies":[{"name":"wp","href":"https:\/\/api.w.org\/{rel}","templated":true}]}}