{"id":2445,"date":"2019-10-10T10:44:50","date_gmt":"2019-10-10T10:44:50","guid":{"rendered":"http:\/\/www.nicdarkthemes.com\/themes\/construction\/wp\/demo\/construction\/?page_id=1126"},"modified":"2021-12-13T11:04:44","modified_gmt":"2021-12-13T11:04:44","slug":"schadepreventie","status":"publish","type":"page","link":"https:\/\/www.dhondt-insurance.com\/ro\/schadepreventie\/","title":{"rendered":"Prevenirea daunelor"},"content":{"rendered":"<div class=\"wpb-content-wrapper\"><div class=\"vc_row wpb_row vc_row-fluid\"><div class=\"wpb_column vc_column_container vc_col-sm-12 vc_hidden-xs\"><div class=\"vc_column-inner\"><div class=\"wpb_wrapper\"><div style=\"background-color:;height: 50px\" class=\"nicdark_section\"><\/div> <h3 style=\"color:#00599e;padding:px;text-align:;font-size:px;line-height:px;letter-spacing: 4px;font-weight:bold\" class=\"nd_options_second_font\">&gt; SCHADEPREVENTIE<\/h3> <div style=\"background-color:;height: 50px\" class=\"nicdark_section\"><\/div><\/div><\/div><\/div><\/div><div class=\"vc_row wpb_row vc_row-fluid\"><div class=\"wpb_column vc_column_container vc_col-sm-12 vc_hidden-lg vc_hidden-md vc_hidden-sm\"><div class=\"vc_column-inner\"><div class=\"wpb_wrapper\"><div style=\"background-color:;height: 50px\" class=\"nicdark_section\"><\/div> <h3 style=\"color:#00599e;padding:px;text-align:;font-size:18px;line-height:px;letter-spacing: 4px;font-weight:bold\" class=\"nd_options_second_font\">&gt; SCHADEPREVENTIE<\/h3> <div style=\"background-color:;height: 50px\" class=\"nicdark_section\"><\/div><\/div><\/div><\/div><\/div><div class=\"vc_row wpb_row vc_row-fluid wpb_animate_when_almost_visible wpb_fadeIn fadeIn\"><div class=\"wpb_column vc_column_container vc_col-sm-6\"><div class=\"vc_column-inner\"><div class=\"wpb_wrapper\"><div style=\"background-color:;height: 50px\" class=\"nicdark_section\"><\/div>\n\t<div  class=\"wpb_single_image wpb_content_element vc_align_left wpb_content_element\">\n\t\t\n\t\t<figure class=\"wpb_wrapper vc_figure\">\n\t\t\t<div class=\"vc_single_image-wrapper   vc_box_border_grey\"><img loading=\"lazy\" decoding=\"async\" width=\"2560\" height=\"1821\" src=\"https:\/\/www.dhondt-insurance.com\/wp-content\/uploads\/2020\/11\/AdobeStock_270133102-scaled.jpeg\" class=\"vc_single_image-img attachment-full\" alt=\"\" title=\"truck driver walking around semi truck his inspecting safety of the truck.\" srcset=\"https:\/\/www.dhondt-insurance.com\/wp-content\/uploads\/2020\/11\/AdobeStock_270133102-scaled.jpeg 2560w, https:\/\/www.dhondt-insurance.com\/wp-content\/uploads\/2020\/11\/AdobeStock_270133102-300x213.jpeg 300w, https:\/\/www.dhondt-insurance.com\/wp-content\/uploads\/2020\/11\/AdobeStock_270133102-1024x728.jpeg 1024w, https:\/\/www.dhondt-insurance.com\/wp-content\/uploads\/2020\/11\/AdobeStock_270133102-768x546.jpeg 768w, https:\/\/www.dhondt-insurance.com\/wp-content\/uploads\/2020\/11\/AdobeStock_270133102-1536x1093.jpeg 1536w, https:\/\/www.dhondt-insurance.com\/wp-content\/uploads\/2020\/11\/AdobeStock_270133102-2048x1457.jpeg 2048w, https:\/\/www.dhondt-insurance.com\/wp-content\/uploads\/2020\/11\/AdobeStock_270133102-16x12.jpeg 16w\" sizes=\"auto, (max-width: 2560px) 100vw, 2560px\" \/><\/div>\n\t\t<\/figure>\n\t<\/div>\n<\/div><\/div><\/div><div class=\"wpb_column vc_column_container vc_col-sm-6\"><div class=\"vc_column-inner\"><div class=\"wpb_wrapper\"><div style=\"background-color:;height: 50px\" class=\"nicdark_section\"><\/div> <h2 style=\"color:#2d2d2d;padding:px;text-align:;font-size:25px;line-height:40px;letter-spacing: px;font-weight:bold\" class=\"nd_options_second_font\">Ob\u021bine\u021bi o perspectiv\u0103 asupra comportamentului de conducere al \u0219oferilor dvs<\/h2> <div style=\"background-color:;height: 50px\" class=\"nicdark_section\"><\/div>\n\t<div class=\"wpb_text_column wpb_content_element\" >\n\t\t<div class=\"wpb_wrapper\">\n\t\t\t<p><em>Prevenirea este \u2013 \u0219i r\u0103m\u00e2ne \u2013 mai bun\u0103 dec\u00e2t vindecarea. \u00cen sectoare precum cel al autobuzelor \u0219i al transporturilor, num\u0103rul asigur\u0103torilor este foarte limitat. Cifrele bune privind daunele \u0219i evolu\u021bia continu\u0103 c\u0103tre mai pu\u021bine cereri de desp\u0103gubire sunt esen\u021biale pentru a putea r\u0103m\u00e2ne asigurat \u00een mod competitiv. <\/em><em>De aceea, am dezvoltat \u00een colaborare cu iMob (spin-off al Universit\u0103\u021bii din Hasselt) aplica\u021bia de preven\u021bie Safe-T pentru companiile cu o flot\u0103 de 20 de vehicule sau mai mult.<\/em><\/p>\n\n\t\t<\/div>\n\t<\/div>\n<div style=\"background-color:;height: 25px\" class=\"nicdark_section\"><\/div><\/div><\/div><\/div><\/div><div class=\"vc_row wpb_row vc_row-fluid wpb_animate_when_almost_visible wpb_fadeIn fadeIn\"><div class=\"wpb_column vc_column_container vc_col-sm-12\"><div class=\"vc_column-inner\"><div class=\"wpb_wrapper\"><div style=\"background-color:;height: 50px\" class=\"nicdark_section\"><\/div> <h2 style=\"color:#2d2d2d;padding:px;text-align:;font-size:25px;line-height:px;letter-spacing: px;font-weight:bold\" class=\"nd_options_second_font\">Safe.T<\/h2> <div style=\"background-color:;height: 25px\" class=\"nicdark_section\"><\/div>\n\t<div class=\"wpb_text_column wpb_content_element\" >\n\t\t<div class=\"wpb_wrapper\">\n\t\t\t<p>Safe-T v\u0103 ofer\u0103 ca companie (de transport) o perspectiv\u0103 asupra a 3 p\u0103r\u021bi esen\u021biale din cadrul organiza\u021biei dvs.<\/p>\n\n\t\t<\/div>\n\t<\/div>\n<div style=\"background-color:;height: 25px\" class=\"nicdark_section\"><\/div><\/div><\/div><\/div><\/div><div data-vc-full-width=\"true\" data-vc-full-width-init=\"false\" class=\"vc_row wpb_row vc_row-fluid wpb_animate_when_almost_visible wpb_fadeIn fadeIn vc_custom_1604398229160 vc_row-has-fill\"><div class=\"wpb_column vc_column_container vc_col-sm-12\"><div class=\"vc_column-inner\"><div class=\"wpb_wrapper\"><div class=\"vc_row wpb_row vc_inner vc_row-fluid vc_row-o-equal-height vc_row-flex\"><div class=\"wpb_column vc_column_container vc_col-sm-6\"><div class=\"vc_column-inner\"><div class=\"wpb_wrapper\"><div style=\"background-color:;height: 50px\" class=\"nicdark_section\"><\/div>\n\n  <!--START FOCUS NUMBER-->\n  <div class=\"nd_options_section nd_options_focus_number_2_vertical_line nd_options_position_relative nd_options_box_sizing_border_box\">\n    \n    <p style=\"background-color:#0066bf\" class=\"nd_options_first_font nd_options_z_index_99 nd_options_border_radius_20 nd_options_padding_5_10 nd_options_box_sizing_border_box nd_options_color_white nd_options_text_align_center nd_options_width_80 nd_options_position_absolute nd_options_top_15 nd_options_left_20 nd_options_font_size_17\">\n      1\n    <\/p>\n\n    <div class=\"nd_options_section nd_options_padding_left_120 nd_options_box_sizing_border_box\">\n        <h3 class=\"nd_options_margin_top_20\">Desp\u0103gubiri:<\/h3>                        \n        <div class=\"nd_options_section nd_options_height_20\"><\/div>\n        <p class=\"nd_options_margin_bottom_10\">Unde, c\u00e2nd \u0219i cum lucrurile nu merg a\u0219a cum trebuie? Care sunt principalele cauze? Cine sunt cei mai mari produc\u0103tori de pagube?<\/p>\n    <\/div>\n\n  <\/div>\n  <!--END FOCUS NUMBER-->\n\n   <div style=\"background-color:;height: 25px\" class=\"nicdark_section\"><\/div><\/div><\/div><\/div><div class=\"wpb_column vc_column_container vc_col-sm-6 vc_hidden-xs\"><div class=\"vc_column-inner\"><div class=\"wpb_wrapper\"><div style=\"background-color:#fcfcfc;height: 50px\" class=\"nicdark_section\"><\/div>\n    <div style=\"text-align:center\" class=\"nd_options_section\">\n      <img decoding=\"async\" alt=\"\" style=\"width:30%\" class=\"nd_options_margin_0 nd_options_padding_0\" src=\"https:\/\/www.dhondt-insurance.com\/wp-content\/uploads\/2020\/11\/fot2.png\">\n    <\/div>\n   <div style=\"background-color:#fcfcfc;height: 25px\" class=\"nicdark_section\"><\/div><\/div><\/div><\/div><\/div><\/div><\/div><\/div><\/div><div class=\"vc_row-full-width vc_clearfix\"><\/div><div data-vc-full-width=\"true\" data-vc-full-width-init=\"false\" class=\"vc_row wpb_row vc_row-fluid wpb_animate_when_almost_visible wpb_fadeIn fadeIn\"><div class=\"wpb_column vc_column_container vc_col-sm-12\"><div class=\"vc_column-inner\"><div class=\"wpb_wrapper\"><div class=\"vc_row wpb_row vc_inner vc_row-fluid\"><div class=\"wpb_column vc_column_container vc_col-sm-6 vc_col-has-fill\"><div class=\"vc_column-inner vc_custom_1604311270533\"><div class=\"wpb_wrapper\"><div style=\"background-color:;height: 25px\" class=\"nicdark_section\"><\/div>\n    <div style=\"text-align:center\" class=\"nd_options_section\">\n      <img decoding=\"async\" alt=\"\" style=\"width:30%\" class=\"nd_options_margin_0 nd_options_padding_0\" src=\"https:\/\/www.dhondt-insurance.com\/wp-content\/uploads\/2020\/11\/2..png\">\n    <\/div>\n   <div style=\"background-color:;height: 25px\" class=\"nicdark_section\"><\/div><\/div><\/div><\/div><div class=\"wpb_column vc_column_container vc_col-sm-6\"><div class=\"vc_column-inner\"><div class=\"wpb_wrapper\"><div style=\"background-color:;height: 50px\" class=\"nicdark_section\"><\/div>\n\n  <!--START FOCUS NUMBER-->\n  <div class=\"nd_options_section nd_options_focus_number_2_vertical_line nd_options_position_relative nd_options_box_sizing_border_box\">\n    \n    <p style=\"background-color:#4c89bf\" class=\"nd_options_first_font nd_options_z_index_99 nd_options_border_radius_20 nd_options_padding_5_10 nd_options_box_sizing_border_box nd_options_color_white nd_options_text_align_center nd_options_width_80 nd_options_position_absolute nd_options_top_15 nd_options_left_20 nd_options_font_size_17\">\n      2.\n    <\/p>\n\n    <div class=\"nd_options_section nd_options_padding_left_120 nd_options_box_sizing_border_box\">\n        <h3 class=\"nd_options_margin_top_20\">Evenimente:<\/h3>                        \n        <div class=\"nd_options_section nd_options_height_20\"><\/div>\n        <p class=\"nd_options_margin_bottom_10\">Atitudinea \u0219oferilor spune multe \u0219i despre seriozitatea lor profesional\u0103. Aici cartografiem diverse lucruri: de la amenzi la completarea corect\u0103 a unui CMR p\u00e2n\u0103 la cur\u0103\u021benia unei cabine \/ vehicul.<\/p>\n    <\/div>\n\n  <\/div>\n  <!--END FOCUS NUMBER-->\n\n   <div style=\"background-color:;height: 25px\" class=\"nicdark_section\"><\/div><\/div><\/div><\/div><\/div><\/div><\/div><\/div><\/div><div class=\"vc_row-full-width vc_clearfix\"><\/div><div data-vc-full-width=\"true\" data-vc-full-width-init=\"false\" data-vc-parallax=\"1.5\" class=\"vc_row wpb_row vc_row-fluid wpb_animate_when_almost_visible wpb_fadeIn fadeIn vc_custom_1604329061766 vc_row-has-fill vc_general vc_parallax vc_parallax-content-moving\"><div class=\"wpb_column vc_column_container vc_col-sm-12\"><div class=\"vc_column-inner\"><div class=\"wpb_wrapper\"><div class=\"vc_row wpb_row vc_inner vc_row-fluid vc_row-o-equal-height vc_row-flex\"><div class=\"wpb_column vc_column_container vc_col-sm-6 vc_hidden-lg vc_hidden-md vc_hidden-sm vc_hidden-xs\"><div class=\"vc_column-inner\"><div class=\"wpb_wrapper\"><div style=\"background-color:;height: 50px\" class=\"nicdark_section\"><\/div>\n\n  <!--START FOCUS NUMBER-->\n  <div class=\"nd_options_section nd_options_focus_number_2_vertical_line nd_options_position_relative nd_options_box_sizing_border_box\">\n    \n    <p style=\"background-color:#0066bf\" class=\"nd_options_first_font nd_options_z_index_99 nd_options_border_radius_20 nd_options_padding_5_10 nd_options_box_sizing_border_box nd_options_color_white nd_options_text_align_center nd_options_width_80 nd_options_position_absolute nd_options_top_15 nd_options_left_20 nd_options_font_size_17\">\n      1\n    <\/p>\n\n    <div class=\"nd_options_section nd_options_padding_left_120 nd_options_box_sizing_border_box\">\n        <h3 class=\"nd_options_margin_top_20\">Desp\u0103gubiri:<\/h3>                        \n        <div class=\"nd_options_section nd_options_height_20\"><\/div>\n        <p class=\"nd_options_margin_bottom_10\">Unde, c\u00e2nd \u0219i cum lucrurile nu merg a\u0219a cum trebuie? Care sunt principalele cauze? Cine sunt cei mai mari produc\u0103tori de pagube?<\/p>\n    <\/div>\n\n  <\/div>\n  <!--END FOCUS NUMBER-->\n\n   <div style=\"background-color:;height: 25px\" class=\"nicdark_section\"><\/div><\/div><\/div><\/div><div class=\"wpb_column vc_column_container vc_col-sm-6 vc_hidden-lg vc_hidden-md vc_hidden-sm\"><div class=\"vc_column-inner\"><div class=\"wpb_wrapper\"><div style=\"background-color:#fcfcfc;height: 50px\" class=\"nicdark_section\"><\/div>\n    <div style=\"text-align:center\" class=\"nd_options_section\">\n      <img decoding=\"async\" alt=\"\" style=\"width:30%\" class=\"nd_options_margin_0 nd_options_padding_0\" src=\"https:\/\/www.dhondt-insurance.com\/wp-content\/uploads\/2020\/11\/fot2.png\">\n    <\/div>\n   <div style=\"background-color:#fcfcfc;height: 25px\" class=\"nicdark_section\"><\/div><\/div><\/div><\/div><\/div><div class=\"vc_row wpb_row vc_inner vc_row-fluid\"><div class=\"wpb_column vc_column_container vc_col-sm-6\"><div class=\"vc_column-inner\"><div class=\"wpb_wrapper\"><div style=\"background-color:;height: 25px\" class=\"nicdark_section\"><\/div>\n\n  <!--START FOCUS NUMBER-->\n  <div class=\"nd_options_section nd_options_focus_number_2_vertical_line nd_options_position_relative nd_options_box_sizing_border_box\">\n    \n    <p style=\"background-color:#879fbf\" class=\"nd_options_first_font nd_options_z_index_99 nd_options_border_radius_20 nd_options_padding_5_10 nd_options_box_sizing_border_box nd_options_color_white nd_options_text_align_center nd_options_width_80 nd_options_position_absolute nd_options_top_15 nd_options_left_20 nd_options_font_size_17\">\n      3.\n    <\/p>\n\n    <div class=\"nd_options_section nd_options_padding_left_120 nd_options_box_sizing_border_box\">\n        <h3 class=\"nd_options_margin_top_20\">Conducerea ecologic\u0103:<\/h3>                        \n        <div class=\"nd_options_section nd_options_height_20\"><\/div>\n        <p class=\"nd_options_margin_bottom_10\">Men\u021binerea sub control a consumului mediu, pu\u021bine opriri de urgen\u021b\u0103\u2026 Diverse aspecte ale stilului de conducere al \u0219oferului pot oferi o mul\u021bime de informa\u021bii.<\/p>\n    <\/div>\n\n  <\/div>\n  <!--END FOCUS NUMBER-->\n\n   <div style=\"background-color:;height: 50px\" class=\"nicdark_section\"><\/div><\/div><\/div><\/div><div class=\"wpb_column vc_column_container vc_col-sm-6 vc_col-has-fill\"><div class=\"vc_column-inner vc_custom_1604324982550\"><div class=\"wpb_wrapper\"><div style=\"background-color:;height: 25px\" class=\"nicdark_section\"><\/div>\n    <div style=\"text-align:center\" class=\"nd_options_section\">\n      <img decoding=\"async\" alt=\"\" style=\"width:30%\" class=\"nd_options_margin_0 nd_options_padding_0\" src=\"https:\/\/www.dhondt-insurance.com\/wp-content\/uploads\/2020\/11\/eco-1.png\">\n    <\/div>\n   <div style=\"background-color:;height: 50px\" class=\"nicdark_section\"><\/div><\/div><\/div><\/div><\/div><\/div><\/div><\/div><\/div><div class=\"vc_row-full-width vc_clearfix\"><\/div><div data-vc-full-width=\"true\" data-vc-full-width-init=\"false\" data-vc-parallax=\"1\" data-vc-parallax-image=\"https:\/\/www.dhondt-insurance.com\/wp-content\/uploads\/2020\/11\/AdobeStock_285576598-scaled.jpeg\" class=\"vc_row wpb_row vc_row-fluid wpb_animate_when_almost_visible wpb_fadeIn fadeIn vc_row-has-fill vc_general vc_parallax vc_parallax-content-moving\"><div class=\"wpb_column vc_column_container vc_col-sm-12\"><div class=\"vc_column-inner\"><div class=\"wpb_wrapper\"><div class=\"vc_row wpb_row vc_inner vc_row-fluid\"><div class=\"wpb_column vc_column_container vc_col-sm-6\"><div class=\"vc_column-inner\"><div class=\"wpb_wrapper\"><div style=\"background-color:;height: 100px\" class=\"nicdark_section\"><\/div> <h2 style=\"color:#ffffff;padding:px;text-align:;font-size:25px;line-height:px;letter-spacing: px;font-weight:bold\" class=\"nd_options_second_font\">Pentru cine?<\/h2> <div style=\"background-color:;height: 25px\" class=\"nicdark_section\"><\/div>\n\t<div class=\"wpb_text_column wpb_content_element\" >\n\t\t<div class=\"wpb_wrapper\">\n\t\t\t<p><span style=\"color: #ffffff;\">Utilizarea sistemului Safe-T reprezint\u0103 un punct de interes pentru companiile cu 20 de vehicule sau mai mult. Poate fi vorba despre tractoare \u0219i camioane (u\u0219oare), dar \u0219i despre o flot\u0103 de autoturisme sau chiar autobuze.<\/span><\/p>\n\n\t\t<\/div>\n\t<\/div>\n<div style=\"background-color:;height: 100px\" class=\"nicdark_section\"><\/div><\/div><\/div><\/div><div class=\"wpb_column vc_column_container vc_col-sm-6\"><div class=\"vc_column-inner\"><div class=\"wpb_wrapper\"><div style=\"background-color:;height: 100px\" class=\"nicdark_section\"><\/div>\n\t<div  class=\"wpb_single_image wpb_content_element vc_align_center wpb_content_element\">\n\t\t\n\t\t<figure class=\"wpb_wrapper vc_figure\">\n\t\t\t<div class=\"vc_single_image-wrapper   vc_box_border_grey\"><img loading=\"lazy\" decoding=\"async\" width=\"300\" height=\"152\" src=\"https:\/\/www.dhondt-insurance.com\/wp-content\/uploads\/2020\/11\/pil-300x152.png\" class=\"vc_single_image-img attachment-medium\" alt=\"\" title=\"pil\" srcset=\"https:\/\/www.dhondt-insurance.com\/wp-content\/uploads\/2020\/11\/pil-300x152.png 300w, https:\/\/www.dhondt-insurance.com\/wp-content\/uploads\/2020\/11\/pil-1024x517.png 1024w, https:\/\/www.dhondt-insurance.com\/wp-content\/uploads\/2020\/11\/pil-768x388.png 768w, https:\/\/www.dhondt-insurance.com\/wp-content\/uploads\/2020\/11\/pil-16x8.png 16w, https:\/\/www.dhondt-insurance.com\/wp-content\/uploads\/2020\/11\/pil.png 1184w\" sizes=\"auto, (max-width: 300px) 100vw, 300px\" \/><\/div>\n\t\t<\/figure>\n\t<\/div>\n<div style=\"background-color:;height: 100px\" class=\"nicdark_section\"><\/div><\/div><\/div><\/div><\/div><\/div><\/div><\/div><\/div><div class=\"vc_row-full-width vc_clearfix\"><\/div><div data-vc-full-width=\"true\" data-vc-full-width-init=\"false\" class=\"vc_row wpb_row vc_row-fluid wpb_animate_when_almost_visible wpb_fadeIn fadeIn vc_custom_1604329132748 vc_row-has-fill\"><div class=\"wpb_column vc_column_container vc_col-sm-12\"><div class=\"vc_column-inner\"><div class=\"wpb_wrapper\"><div class=\"vc_row wpb_row vc_inner vc_row-fluid\"><div class=\"wpb_column vc_column_container vc_col-sm-6\"><div class=\"vc_column-inner\"><div class=\"wpb_wrapper\"><div style=\"background-color:;height: 50px\" class=\"nicdark_section\"><\/div>\n\t<div  class=\"wpb_single_image wpb_content_element vc_align_left wpb_content_element\">\n\t\t\n\t\t<figure class=\"wpb_wrapper vc_figure\">\n\t\t\t<div class=\"vc_single_image-wrapper   vc_box_border_grey\"><img loading=\"lazy\" decoding=\"async\" width=\"300\" height=\"172\" src=\"https:\/\/www.dhondt-insurance.com\/wp-content\/uploads\/2020\/11\/pc-300x172.png\" class=\"vc_single_image-img attachment-medium\" alt=\"\" title=\"pc\" srcset=\"https:\/\/www.dhondt-insurance.com\/wp-content\/uploads\/2020\/11\/pc-300x172.png 300w, https:\/\/www.dhondt-insurance.com\/wp-content\/uploads\/2020\/11\/pc-16x9.png 16w, https:\/\/www.dhondt-insurance.com\/wp-content\/uploads\/2020\/11\/pc.png 385w\" sizes=\"auto, (max-width: 300px) 100vw, 300px\" \/><\/div>\n\t\t<\/figure>\n\t<\/div>\n<div style=\"background-color:;height: 50px\" class=\"nicdark_section\"><\/div><\/div><\/div><\/div><div class=\"wpb_column vc_column_container vc_col-sm-6\"><div class=\"vc_column-inner\"><div class=\"wpb_wrapper\"><div style=\"background-color:;height: 25px\" class=\"nicdark_section\"><\/div> <h2 style=\"color:#2d2d2d;padding:px;text-align:;font-size:25px;line-height:px;letter-spacing: px;font-weight:bold\" class=\"nd_options_second_font\">De ce Safe-T?<\/h2> <div style=\"background-color:;height: 50px\" class=\"nicdark_section\"><\/div>\n\t<div class=\"wpb_text_column wpb_content_element\" >\n\t\t<div class=\"wpb_wrapper\">\n\t\t\t<p>Ca instrument de HR, Safe-T este completarea perfect\u0103 a sistemului nostru de management al flotei Mobility. Cu programul Mobility, toate poli\u021bele \u0219i desp\u0103gubirile sunt organizate \u00eentr-un singur loc. Prin aceast\u0103 modalitate de raportare, poate fi dezvoltat \u00een cadrul sistemului Safe-T un plan concret de prevenire care s\u0103 r\u0103spund\u0103 cauzei daunelor, comportamentului de conducere al \u0219oferului\u2026 \u0218oferul poate g\u0103si \u00een aplica\u021bie problemele \u0219i r\u0103m\u00e2ne alert constant prin intermediul principiilor de gamificare.<\/p>\n\n\t\t<\/div>\n\t<\/div>\n<div style=\"background-color:;height: 50px\" class=\"nicdark_section\"><\/div><\/div><\/div><\/div><\/div><\/div><\/div><\/div><\/div><div class=\"vc_row-full-width vc_clearfix\"><\/div><div data-vc-full-width=\"true\" data-vc-full-width-init=\"false\" data-vc-parallax=\"1.5\" class=\"vc_row wpb_row vc_row-fluid wpb_animate_when_almost_visible wpb_fadeIn fadeIn vc_custom_1604329160729 vc_row-has-fill vc_general vc_parallax vc_parallax-content-moving\"><div class=\"wpb_column vc_column_container vc_col-sm-2\"><div class=\"vc_column-inner\"><div class=\"wpb_wrapper\"><\/div><\/div><\/div><div class=\"wpb_column vc_column_container vc_col-sm-8\"><div class=\"vc_column-inner\"><div class=\"wpb_wrapper\">\n\t<div class=\"wpb_text_column wpb_content_element\" >\n\t\t<div class=\"wpb_wrapper\">\n\t\t\t<h2 style=\"text-align: center;\"><span style=\"color: #ffffff;\">Sunte\u021bi interesat de acest instrument de prevenire? <\/span><\/h2>\n\n\t\t<\/div>\n\t<\/div>\n<div style=\"background-color:;height: 12px\" class=\"nicdark_section\"><\/div>\n\t<div class=\"nd_options_section nd_options_text_align_center\">\n\t<a style=\"border: px solid;border-radius:px;letter-spacing:px;line-height:px;font-size:px;background-color:#ffffff;padding:5px 10px;margin:;color:#00599e\" rel=\"noopener\" href=\"https:\/\/safe-t-prevention.eu\/\" class=\"nicdark_display_inline_block\" target=\"_blank\">&gt; Over Safe.T<\/a>\n\t<\/div>\n<div style=\"background-color:;height: 25px\" class=\"nicdark_section\"><\/div><\/div><\/div><\/div><div class=\"wpb_column vc_column_container vc_col-sm-2\"><div class=\"vc_column-inner\"><div class=\"wpb_wrapper\"><\/div><\/div><\/div><\/div><div class=\"vc_row-full-width vc_clearfix\"><\/div>\n<\/div>","protected":false},"excerpt":{"rendered":"&gt; SCHADEPREVENTIE &gt; SCHADEPREVENTIE Krijg inzicht in het rijgedrag van uw chauffeurs Voorkomen is \u2013 en blijft \u2013 beter dan genezen. In sectoren zoals de bus- en transportsector is het aantal verzekeraars heel beperkt. Goede schadecijfers en het steeds verder evolueren naar minder schadegevallen is essentieel om concurrentieel verzekerd te blijven. Daarom ontwikkelden wij i.s.m. [...]","protected":false},"author":1,"featured_media":0,"parent":0,"menu_order":0,"comment_status":"closed","ping_status":"closed","template":"","meta":{"footnotes":""},"class_list":["post-2445","page","type-page","status-publish","hentry"],"_links":{"self":[{"href":"https:\/\/www.dhondt-insurance.com\/ro\/wp-json\/wp\/v2\/pages\/2445","targetHints":{"allow":["GET"]}}],"collection":[{"href":"https:\/\/www.dhondt-insurance.com\/ro\/wp-json\/wp\/v2\/pages"}],"about":[{"href":"https:\/\/www.dhondt-insurance.com\/ro\/wp-json\/wp\/v2\/types\/page"}],"author":[{"embeddable":true,"href":"https:\/\/www.dhondt-insurance.com\/ro\/wp-json\/wp\/v2\/users\/1"}],"replies":[{"embeddable":true,"href":"https:\/\/www.dhondt-insurance.com\/ro\/wp-json\/wp\/v2\/comments?post=2445"}],"version-history":[{"count":0,"href":"https:\/\/www.dhondt-insurance.com\/ro\/wp-json\/wp\/v2\/pages\/2445\/revisions"}],"wp:attachment":[{"href":"https:\/\/www.dhondt-insurance.com\/ro\/wp-json\/wp\/v2\/media?parent=2445"}],"curies":[{"name":"wp","href":"https:\/\/api.w.org\/{rel}","templated":true}]}}