{"id":2440,"date":"2019-10-07T10:55:58","date_gmt":"2019-10-07T10:55:58","guid":{"rendered":"http:\/\/www.nicdarkthemes.com\/themes\/construction\/wp\/demo\/construction\/?page_id=859"},"modified":"2023-06-21T11:42:59","modified_gmt":"2023-06-21T11:42:59","slug":"over-ons","status":"publish","type":"page","link":"https:\/\/www.dhondt-insurance.com\/ro\/over-ons\/","title":{"rendered":"Despre noi"},"content":{"rendered":"<div class=\"wpb-content-wrapper\"><div class=\"vc_row wpb_row vc_row-fluid wpb_animate_when_almost_visible wpb_fadeIn fadeIn\"><div class=\"wpb_column vc_column_container vc_col-sm-12\"><div class=\"vc_column-inner\"><div class=\"wpb_wrapper\"><div style=\"background-color:;height: 50px\" class=\"nicdark_section\"><\/div><div class=\"vc_row wpb_row vc_inner vc_row-fluid vc_custom_1569482474546\"><div class=\"wpb_column vc_column_container vc_col-sm-12\"><div class=\"vc_column-inner\"><div class=\"wpb_wrapper\"> <h3 style=\"color:#00599e;padding:px;text-align:;font-size:px;line-height:px;letter-spacing: 4px;font-weight:bold\" class=\"nd_options_second_font\">&gt; DESPRE NOI<\/h3> <div style=\"background-color:;height: 50px\" class=\"nicdark_section\"><\/div><\/div><\/div><\/div><\/div><div class=\"vc_row wpb_row vc_inner vc_row-fluid vc_custom_1569482474546\"><div class=\"wpb_column vc_column_container vc_col-sm-6\"><div class=\"vc_column-inner\"><div class=\"wpb_wrapper\"><div style=\"background-color:;height: 50px\" class=\"nicdark_section\"><\/div>\n\t<div  class=\"wpb_single_image wpb_content_element vc_align_left wpb_content_element\">\n\t\t\n\t\t<figure class=\"wpb_wrapper vc_figure\">\n\t\t\t<div class=\"vc_single_image-wrapper   vc_box_border_grey\"><img loading=\"lazy\" decoding=\"async\" width=\"2560\" height=\"1978\" src=\"https:\/\/www.dhondt-insurance.com\/wp-content\/uploads\/2020\/01\/Foto-gebouw-scaled.jpg\" class=\"vc_single_image-img attachment-full\" alt=\"\" title=\"Foto gebouw\" srcset=\"https:\/\/www.dhondt-insurance.com\/wp-content\/uploads\/2020\/01\/Foto-gebouw-scaled.jpg 2560w, https:\/\/www.dhondt-insurance.com\/wp-content\/uploads\/2020\/01\/Foto-gebouw-300x232.jpg 300w, https:\/\/www.dhondt-insurance.com\/wp-content\/uploads\/2020\/01\/Foto-gebouw-1024x791.jpg 1024w, https:\/\/www.dhondt-insurance.com\/wp-content\/uploads\/2020\/01\/Foto-gebouw-768x594.jpg 768w, https:\/\/www.dhondt-insurance.com\/wp-content\/uploads\/2020\/01\/Foto-gebouw-1536x1187.jpg 1536w, https:\/\/www.dhondt-insurance.com\/wp-content\/uploads\/2020\/01\/Foto-gebouw-2048x1583.jpg 2048w, https:\/\/www.dhondt-insurance.com\/wp-content\/uploads\/2020\/01\/Foto-gebouw-680x526.jpg 680w\" sizes=\"auto, (max-width: 2560px) 100vw, 2560px\" \/><\/div>\n\t\t<\/figure>\n\t<\/div>\n<div style=\"background-color:;height: 50px\" class=\"nicdark_section\"><\/div><\/div><\/div><\/div><div class=\"wpb_column vc_column_container vc_col-sm-6\"><div class=\"vc_column-inner\"><div class=\"wpb_wrapper\"><div style=\"background-color:;height: 35px\" class=\"nicdark_section\"><\/div> <h2 style=\"color:#2d2d2d;padding:px;text-align:;font-size:25px;line-height:40px;letter-spacing: px;font-weight:bold\" class=\"nd_options_second_font\">Asigur\u0103tor al fiec\u0103rui IMM<\/h2> <div style=\"background-color:;height: 25px\" class=\"nicdark_section\"><\/div><div style=\"background-color:;height: 50px\" class=\"nicdark_section\"><\/div>\n\t<div class=\"wpb_text_column wpb_content_element\" >\n\t\t<div class=\"wpb_wrapper\">\n\t\t\t<p><em>Abordarea noastr\u0103 este cel mai bine descris\u0103 ca fiind \"complet\u0103\". 35 de angaja\u021bi activi \u00een 11 \u021b\u0103ri europene lucreaz\u0103 zilnic pentru portofoliul de asigur\u0103ri al IMM-urilor mari \u0219i mici. Transportator, companie de construc\u021bii sau sportiv profesionist? Vorbim \u2013 la propriu \u0219i la figurat \u2013 limba ta! F\u0103r\u0103 intermediari sau construc\u021bii dificile, consultan\u021b\u0103 transparent\u0103 \u0219i \u00eentotdeauna la obiect.<\/em><\/p>\n\n\t\t<\/div>\n\t<\/div>\n<\/div><\/div><\/div><\/div><\/div><\/div><\/div><\/div><div class=\"vc_row wpb_row vc_row-fluid wpb_animate_when_almost_visible wpb_fadeIn fadeIn vc_custom_1604331966976\"><div class=\"wpb_column vc_column_container vc_col-sm-8\"><div class=\"vc_column-inner\"><div class=\"wpb_wrapper\"><div class=\"vc_row wpb_row vc_inner vc_row-fluid\"><div class=\"wpb_column vc_column_container vc_col-sm-12\"><div class=\"vc_column-inner\"><div class=\"wpb_wrapper\"><div style=\"background-color:;height: 40px\" class=\"nicdark_section\"><\/div> <h2 style=\"color:#2d2d2d;padding:px;text-align:;font-size:25px;line-height:40px;letter-spacing: px;font-weight:bold\" class=\"nd_options_second_font\">Atuul nostru - digitalizarea<\/h2> <div style=\"background-color:;height: 50px\" class=\"nicdark_section\"><\/div>\n\t<div class=\"wpb_text_column wpb_content_element\" >\n\t\t<div class=\"wpb_wrapper\">\n\t\t\t<p>Abordarea companiei noastre merge mult mai departe dec\u00e2t aceea a unei companii clasice de asigur\u0103ri. Datorit\u0103 specializ\u0103rii noastre extinse \u00een transporturi, am observat o serie de puncte sensibile recurente \u00een sector. Pe baza acestor nevoi \u0219i a expertizei noastre, am dezvoltat diverse instrumente online care faciliteaz\u0103 gestionarea flotei \u00een diferite \u021b\u0103ri. G\u00e2ndi\u021bi-v\u0103 la aplica\u021bia online <a href=\"https:\/\/mobility.dkpv.be\" target=\"_blank\" rel=\"noopener\">Mobility<\/a> \u0219i la instrumentul de preven\u021bie <a href=\"https:\/\/www.dhondt-insurance.com\/ro\/schadepreventie\/\">Safe-T<\/a>. De asemenea, ne concentr\u0103m pe digitalizare \u0219i pentru alte sectoare, de exemplu aplica\u021bia mybroker.be unde clien\u021bii no\u0219tri pot consulta online poli\u021bele de asigurare.<\/p>\n\n\t\t<\/div>\n\t<\/div>\n<\/div><\/div><\/div><\/div><div class=\"vc_row wpb_row vc_inner vc_row-fluid\"><div class=\"wpb_column vc_column_container vc_col-sm-12\"><div class=\"vc_column-inner\"><div class=\"wpb_wrapper\"><div style=\"background-color:;height: 40px\" class=\"nicdark_section\"><\/div> <h2 style=\"color:#2d2d2d;padding:px;text-align:;font-size:25px;line-height:40px;letter-spacing: px;font-weight:bold\" class=\"nd_options_second_font\">Acoperire interna\u021bional\u0103<\/h2> <div style=\"background-color:;height: 50px\" class=\"nicdark_section\"><\/div>\n\t<div class=\"wpb_text_column wpb_content_element\" >\n\t\t<div class=\"wpb_wrapper\">\n\t\t\t<p>Acum mai bine de 20 de ani l-am urmat pe unul dintre clien\u021bii no\u0219tri \u00een Polonia. Aceast\u0103 dezvoltare interna\u021bional\u0103 a fost consolidat\u0103 doar \u00een ultimii 5 ani. Obiectivul nostru este s\u0103 garant\u0103m companiei dvs. aceea\u0219i calitate a serviciilor \u00een str\u0103in\u0103tate a\u0219a cum este \u0219i \u00een Belgia. \u00centotdeauna lucr\u0103m direct cu companiile de asigur\u0103ri din str\u0103in\u0103tate. Oamenii no\u0219tri, serviciile noastre! F\u0103r\u0103 dificult\u0103\u021bi \u00een crearea de re\u021bele pentru implicarea brokerilor locali.<\/p>\n<p>&nbsp;<\/p>\n<p>\u00cen \u021b\u0103rile noastre strategice (Polonia, Germania) avem propriile noastre birouri. \u00cen Spania \u0219i Fran\u021ba, suntem \u00een prezent \u00een proces de \u00eenfiin\u021bare a propriilor noastre birouri. Aceast\u0103 interna\u021bionalizare extins\u0103 ne asigur\u0103 c\u0103 noi, cei de la D'hondt Insurance, vorbim mai mult de 13 limbi diferite.<\/p>\n\n\t\t<\/div>\n\t<\/div>\n<\/div><\/div><\/div><\/div><div class=\"vc_row wpb_row vc_inner vc_row-fluid\"><div class=\"wpb_column vc_column_container vc_col-sm-12\"><div class=\"vc_column-inner\"><div class=\"wpb_wrapper\"><div style=\"background-color:;height: 40px\" class=\"nicdark_section\"><\/div> <h2 style=\"color:#2d2d2d;padding:px;text-align:;font-size:25px;line-height:40px;letter-spacing: px;font-weight:bold\" class=\"nd_options_second_font\">Valoare recunoscut\u0103<\/h2> <div style=\"background-color:;height: 50px\" class=\"nicdark_section\"><\/div>\n\t<div class=\"wpb_text_column wpb_content_element\" >\n\t\t<div class=\"wpb_wrapper\">\n\t\t\t<p>Compania de asigur\u0103ri D'hondt Insurance are mai mult de 25 de ani de experien\u021b\u0103 \u00een palmaresul s\u0103u. Din 1993 Kurt D'hondt a fost lider de pia\u021b\u0103 specializat \u00een transport \u0219i construc\u021bii. \u00cen anul 2017, portofoliul persoanelor fizice a fost v\u00e2ndut \u0219i de atunci ne-am concentrat 100% pe activit\u0103\u021bi specifice b2b. Ast\u0103zi suntem punctul de contact pentru fiecare IMM care dore\u0219te un pachet complet de asigurare \u0219i servicii personale incluse!<\/p>\n\n\t\t<\/div>\n\t<\/div>\n<\/div><\/div><\/div><\/div><div class=\"vc_row wpb_row vc_inner vc_row-fluid\"><div class=\"wpb_column vc_column_container vc_col-sm-12\"><div class=\"vc_column-inner\"><div class=\"wpb_wrapper\"><div style=\"background-color:;height: 40px\" class=\"nicdark_section\"><\/div> <h2 style=\"color:#2d2d2d;padding:px;text-align:;font-size:25px;line-height:40px;letter-spacing: px;font-weight:bold\" class=\"nd_options_second_font\">Sportul ca liant<\/h2> <div style=\"background-color:;height: 50px\" class=\"nicdark_section\"><\/div>\n\t<div class=\"wpb_text_column wpb_content_element\" >\n\t\t<div class=\"wpb_wrapper\">\n\t\t\t<p>Obiectivul pe care ne concentr\u0103m este s\u0103 dezvolt\u0103m o rela\u021bie personal\u0103 cu clien\u021bii no\u0219tri. Sportul joac\u0103 un rol important \u00een acest sens. De ani de zile, compania D'hondt Insurance a fost brokerul mai multor cluburi de fotbal. Din acest motiv, avem posibilitatea de a invita, \u00een cadrul uneia dintre formulele noastre agreabile de afaceri, anumi\u021bi clien\u021bi la partidele jucate pe teren propriu.<\/p>\n<p>&nbsp;<\/p>\n<p>\u00cen plus, oferim sprijin pentru o serie de ini\u021biative locale \u0219i suntem, de asemenea, activi \u00een lumea auto.<\/p>\n\n\t\t<\/div>\n\t<\/div>\n<\/div><\/div><\/div><\/div><\/div><\/div><\/div><div class=\"wpb_column vc_column_container vc_col-sm-4 vc_hidden-xs\"><div class=\"vc_column-inner vc_custom_1604582153928\"><div class=\"wpb_wrapper\"><div style=\"background-color:;height: 30px\" class=\"nicdark_section\"><\/div><div class=\"vc_row wpb_row vc_inner vc_row-fluid\"><div class=\"wpb_column vc_column_container vc_col-sm-12 vc_col-has-fill\"><div class=\"vc_column-inner vc_custom_1598348723774\"><div class=\"wpb_wrapper\">\n\n    <div class=\"nd_options_section nd_options_position_relative\">\n\n        \n\n        <div style=\"padding-left:50px\" class=\"nd_options_section nd_options_box_sizing_border_box\">\n            \n            <h3 class=\"nd_options_second_font nd_options_letter_spacing_2 nd_options_font_weight_lighter\" style=\"margin:0px 0px 3px 0px;color:#ffffff;font-size:13px;line-height:13px\">D'HONDT INSURANCE<\/h3> \n             \n            <a class=\"nd_options_first_font nd_options_display_inline_block\" style=\"font-size:12px;line-height:12px;border-radius:0px;border:0px solid;background-color:;padding:5px 10px;color:#ffffff\" rel=\"\" href=\"https:\/\/www.dhondt-insurance.com\/ro\/contact\/\">&gt; KANTOREN<\/a>\n\n        <\/div>\n\n    <\/div>\n\n  <div style=\"background-color:;height: 30px\" class=\"nicdark_section\"><\/div>\n\n    <div class=\"nd_options_section nd_options_position_relative\">\n\n        \n\n        <div style=\"padding-left:50px\" class=\"nd_options_section nd_options_box_sizing_border_box\">\n            \n            <h3 class=\"nd_options_second_font nd_options_letter_spacing_2 nd_options_font_weight_lighter\" style=\"margin:0px 0px 3px 0px;color:#ffffff;font-size:13px;line-height:13px\">SUNA-NE:<\/h3> \n             \n            <a class=\"nd_options_display_inline_block\" style=\"font-size:12px;line-height:12px;border-radius:0px;border:0px solid;background-color:;padding:;color:#ffffff\" rel=\"\" href=\"\">+32 50 46 10 46<\/a>\n\n        <\/div>\n\n    <\/div>\n\n  <div style=\"background-color:;height: 30px\" class=\"nicdark_section\"><\/div>\n\n    <div class=\"nd_options_section nd_options_position_relative\">\n\n        \n\n        <div style=\"padding-left:50px\" class=\"nd_options_section nd_options_box_sizing_border_box\">\n            \n            <h3 class=\"nd_options_second_font nd_options_letter_spacing_2 nd_options_font_weight_lighter\" style=\"margin:0px 0px 3px 0px;color:#ffffff;font-size:13px;line-height:13px\">E-MAIL:<\/h3> \n             \n            <a class=\"nd_options_first_font nd_options_display_inline_block\" style=\"font-size:12px;line-height:12px;border-radius:0px;border:0px solid;background-color:;padding:5px 10px;color:#ffffff\" rel=\"\" href=\"mailto:Info@dhondt-insurance.com\">Info@dhondt-insurance.com<\/a>\n\n        <\/div>\n\n    <\/div>\n\n  <\/div><\/div><\/div><\/div><div style=\"background-color:#ffffff;height: 30px\" class=\"nicdark_section\"><\/div><div class=\"vc_row wpb_row vc_inner vc_row-fluid\"><div class=\"wpb_column vc_column_container vc_col-sm-12 vc_col-has-fill\"><div class=\"vc_column-inner vc_custom_1598367170546\"><div class=\"wpb_wrapper\"> <h2 style=\"color:#ffffff;padding:px;text-align:center;font-size:12px;line-height:px;letter-spacing: 2px;font-weight:normal\" class=\"nd_options_first_font\">CONTACTA\u021aI-NE<\/h2> <div style=\"background-color:;height: 10px\" class=\"nicdark_section\"><\/div> <h1 style=\"color:#ffffff;padding:px;text-align:center;font-size:30px;line-height:px;letter-spacing: 1px;font-weight:normal\" class=\"nd_options_first_font\">CERE-\u021aI POLI\u021aA PERSONALIZAT\u0102!<\/h1> <div style=\"background-color:;height: 35px\" class=\"nicdark_section\"><\/div>\n\t<div class=\"nd_options_section nd_options_text_align_center\">\n\t<a style=\"border: px solid;border-radius:px;letter-spacing:px;line-height:px;font-size:px;background-color:#ffffff;padding:5px 10px;margin:;color:#212d60\" rel=\"\" href=\"https:\/\/www.dhondt-insurance.com\/ro\/contact\/\" class=\"nicdark_display_inline_block\">&gt; Contacteer ons<\/a>\n\t<\/div>\n<div style=\"background-color:;height: 10px\" class=\"nicdark_section\"><\/div><\/div><\/div><\/div><\/div><div style=\"background-color:;height: 10px\" class=\"nicdark_section\"><\/div><\/div><\/div><\/div><\/div><div class=\"vc_row wpb_row vc_row-fluid wpb_animate_when_almost_visible wpb_fadeIn fadeIn vc_custom_1645203497985 vc_row-o-content-top vc_row-flex\"><div class=\"wpb_column vc_column_container vc_col-sm-2\"><div class=\"vc_column-inner\"><div class=\"wpb_wrapper\"><div style=\"background-color:;height: 20px\" class=\"nicdark_section\"><\/div>\n\t<div  class=\"wpb_single_image wpb_content_element vc_align_left wpb_content_element vc_custom_1660632925544\">\n\t\t\n\t\t<figure class=\"wpb_wrapper vc_figure\">\n\t\t\t<div class=\"vc_single_image-wrapper   vc_box_border_grey\"><img loading=\"lazy\" decoding=\"async\" width=\"230\" height=\"300\" src=\"https:\/\/www.dhondt-insurance.com\/wp-content\/uploads\/2022\/01\/1200px-Club_Brugge_KV_logo.svg.png\" class=\"vc_single_image-img attachment-medium\" alt=\"\" title=\"1200px-Club_Brugge_KV_logo.svg\" srcset=\"https:\/\/www.dhondt-insurance.com\/wp-content\/uploads\/2022\/01\/1200px-Club_Brugge_KV_logo.svg.png 230w, https:\/\/www.dhondt-insurance.com\/wp-content\/uploads\/2022\/01\/1200px-Club_Brugge_KV_logo.svg.png 785w, https:\/\/www.dhondt-insurance.com\/wp-content\/uploads\/2022\/01\/1200px-Club_Brugge_KV_logo.svg.png 768w, https:\/\/www.dhondt-insurance.com\/wp-content\/uploads\/2022\/01\/1200px-Club_Brugge_KV_logo.svg.png 1177w, https:\/\/www.dhondt-insurance.com\/wp-content\/uploads\/2022\/01\/1200px-Club_Brugge_KV_logo.svg.png 9w, https:\/\/www.dhondt-insurance.com\/wp-content\/uploads\/2022\/01\/1200px-Club_Brugge_KV_logo.svg.png 1200w\" sizes=\"auto, (max-width: 230px) 100vw, 230px\" \/><\/div>\n\t\t<\/figure>\n\t<\/div>\n<div style=\"background-color:;height: 20px\" class=\"nicdark_section\"><\/div><\/div><\/div><\/div><div class=\"wpb_column vc_column_container vc_col-sm-2\"><div class=\"vc_column-inner\"><div class=\"wpb_wrapper\"><div style=\"background-color:;height: 20px\" class=\"nicdark_section\"><\/div>\n\t<div  class=\"wpb_single_image wpb_content_element vc_align_left wpb_content_element vc_custom_1660632934448\">\n\t\t\n\t\t<figure class=\"wpb_wrapper vc_figure\">\n\t\t\t<div class=\"vc_single_image-wrapper   vc_box_border_grey\"><img loading=\"lazy\" decoding=\"async\" width=\"263\" height=\"300\" src=\"https:\/\/www.dhondt-insurance.com\/wp-content\/uploads\/2022\/01\/Logo_RUSG.Brussels.png\" class=\"vc_single_image-img attachment-medium\" alt=\"\" title=\"Logo_RUSG.Brussels\" srcset=\"https:\/\/www.dhondt-insurance.com\/wp-content\/uploads\/2022\/01\/Logo_RUSG.Brussels.png 263w, https:\/\/www.dhondt-insurance.com\/wp-content\/uploads\/2022\/01\/Logo_RUSG.Brussels.png 11w, https:\/\/www.dhondt-insurance.com\/wp-content\/uploads\/2022\/01\/Logo_RUSG.Brussels.png 595w\" sizes=\"auto, (max-width: 263px) 100vw, 263px\" \/><\/div>\n\t\t<\/figure>\n\t<\/div>\n<div style=\"background-color:;height: 20px\" class=\"nicdark_section\"><\/div><\/div><\/div><\/div><div class=\"wpb_column vc_column_container vc_col-sm-2\"><div class=\"vc_column-inner\"><div class=\"wpb_wrapper\"><\/div><\/div><\/div><div class=\"wpb_column vc_column_container vc_col-sm-2\"><div class=\"vc_column-inner\"><div class=\"wpb_wrapper\"><\/div><\/div><\/div><div class=\"wpb_column vc_column_container vc_col-sm-2\"><div class=\"vc_column-inner\"><div class=\"wpb_wrapper\"><\/div><\/div><\/div><div class=\"wpb_column vc_column_container vc_col-sm-2\"><div class=\"vc_column-inner\"><div class=\"wpb_wrapper\"><\/div><\/div><\/div><\/div><div class=\"vc_row wpb_row vc_row-fluid\"><div class=\"wpb_column vc_column_container vc_col-sm-12\"><div class=\"vc_column-inner\"><div class=\"wpb_wrapper\"><div style=\"background-color:;height: 40px\" class=\"nicdark_section\"><\/div><\/div><\/div><\/div><\/div><div data-vc-full-width=\"true\" data-vc-full-width-init=\"false\" class=\"vc_row wpb_row vc_row-fluid wpb_animate_when_almost_visible wpb_fadeIn fadeIn vc_custom_1687347776408 vc_row-has-fill\"><div class=\"wpb_column vc_column_container vc_col-sm-12\"><div class=\"vc_column-inner\"><div class=\"wpb_wrapper\">\n\t<div class=\"wpb_text_column wpb_content_element\" >\n\t\t<div class=\"wpb_wrapper\">\n\t\t\t<h2 class=\"nd_options_line_height_40_important_all_iphone nd_options_font_size_40_important_all_iphone nd_options_first_font\" style=\"text-align: center;\"><span style=\"color: #ffffff;\">Curios despre ce putem face pentru tine?<\/span><\/h2>\n\n\t\t<\/div>\n\t<\/div>\n<div style=\"background-color:;height: 40px\" class=\"nicdark_section\"><\/div>\n\t<div class=\"nd_options_section nd_options_text_align_center\">\n\t<a style=\"border: px solid;border-radius:px;letter-spacing:px;line-height:px;font-size:px;background-color:#ffffff;padding:5px 10px;margin:;color:#37719e\" rel=\"\" href=\"https:\/\/www.dhondt-insurance.com\/ro\/producten\/\" class=\"nicdark_display_inline_block\">&gt; Bekijk onze producten<\/a>\n\t<\/div>\n<\/div><\/div><\/div><\/div><div class=\"vc_row-full-width vc_clearfix\"><\/div>\n<\/div>","protected":false},"excerpt":{"rendered":"&gt; OVER ONS Verzekeraar van elke kmo Onze aanpak valt het best te beschrijven als \u2018allesomvattend\u2019. 35 medewerkers actief in 11 Europese landen zetten zich dagelijks in voor de verzekeringsportefeuille van grote \u00e9n kleine kmo\u2019s. Transporteur, bouwbedrijf of professionele sporter? Wij spreken \u2013 letterlijk en figuurlijk \u2013 uw taal! Bij ons geen tussenschakels of moeilijke [...]","protected":false},"author":1,"featured_media":0,"parent":0,"menu_order":0,"comment_status":"closed","ping_status":"closed","template":"","meta":{"footnotes":""},"class_list":["post-2440","page","type-page","status-publish","hentry"],"_links":{"self":[{"href":"https:\/\/www.dhondt-insurance.com\/ro\/wp-json\/wp\/v2\/pages\/2440","targetHints":{"allow":["GET"]}}],"collection":[{"href":"https:\/\/www.dhondt-insurance.com\/ro\/wp-json\/wp\/v2\/pages"}],"about":[{"href":"https:\/\/www.dhondt-insurance.com\/ro\/wp-json\/wp\/v2\/types\/page"}],"author":[{"embeddable":true,"href":"https:\/\/www.dhondt-insurance.com\/ro\/wp-json\/wp\/v2\/users\/1"}],"replies":[{"embeddable":true,"href":"https:\/\/www.dhondt-insurance.com\/ro\/wp-json\/wp\/v2\/comments?post=2440"}],"version-history":[{"count":7,"href":"https:\/\/www.dhondt-insurance.com\/ro\/wp-json\/wp\/v2\/pages\/2440\/revisions"}],"predecessor-version":[{"id":8293,"href":"https:\/\/www.dhondt-insurance.com\/ro\/wp-json\/wp\/v2\/pages\/2440\/revisions\/8293"}],"wp:attachment":[{"href":"https:\/\/www.dhondt-insurance.com\/ro\/wp-json\/wp\/v2\/media?parent=2440"}],"curies":[{"name":"wp","href":"https:\/\/api.w.org\/{rel}","templated":true}]}}