{"id":7892,"date":"2022-12-03T16:10:50","date_gmt":"2022-12-03T16:10:50","guid":{"rendered":"https:\/\/www.dhondt-insurance.com\/?page_id=7892"},"modified":"2022-12-16T12:24:19","modified_gmt":"2022-12-16T12:24:19","slug":"cargo","status":"publish","type":"page","link":"https:\/\/www.dhondt-insurance.com\/pl\/cargo\/","title":{"rendered":"Cargo"},"content":{"rendered":"<div class=\"wpb-content-wrapper\"><div class=\"vc_row wpb_row vc_row-fluid wpb_animate_when_almost_visible wpb_fadeIn fadeIn\"><div class=\"wpb_column vc_column_container vc_col-sm-6\"><div class=\"vc_column-inner\"><div class=\"wpb_wrapper\"><\/div><\/div><\/div><div class=\"wpb_column vc_column_container vc_col-sm-6 vc_hidden-xs vc_col-has-fill\"><div class=\"vc_column-inner vc_custom_1644941856652\"><div class=\"wpb_wrapper\">\n\t<div class=\"wpb_text_column wpb_content_element\" >\n\t\t<div class=\"wpb_wrapper\">\n\t\t\t<h4 style=\"padding-left: 80px;\"><span style=\"color: #ffffff;\">MORSKI<\/span><\/h4>\n<p>&nbsp;<\/p>\n<h4 style=\"padding-left: 80px;\"><\/h4>\n<p style=\"padding-left: 80px;\"><a href=\"https:\/\/www.dhondt-insurance.com\/pl\/binnenvaart\/\"><span style=\"color: #ffffff;\">&gt; Ubezpieczenia morskie \u015br\u00f3dl\u0105dowe<\/span><\/a><\/p>\n<p style=\"padding-left: 80px;\"><a href=\"https:\/\/www.dhondt-insurance.com\/pl\/cargo\/\"><span style=\"color: #ffffff;\">&gt; Ubezpieczenia \u0142adunk\u00f3w<\/span><\/a><\/p>\n<p style=\"padding-left: 80px;\"><a href=\"https:\/\/www.dhondt-insurance.com\/pl\/pleziervaartuigen\/\"><span style=\"color: #ffffff;\">&gt; Ubezpieczenia \u0142odzi rekreacyjnych<\/span><\/a><\/p>\n<p style=\"padding-left: 80px;\"><a href=\"https:\/\/www.dhondt-insurance.com\/pl\/overige-maritieme-verzekeringen\/\"><span style=\"color: #ffffff;\">&gt; Inne ubezpieczenia morskie<\/span><\/a><\/p>\n\n\t\t<\/div>\n\t<\/div>\n<\/div><\/div><\/div><\/div><div class=\"vc_row wpb_row vc_row-fluid wpb_animate_when_almost_visible wpb_fadeIn fadeIn\"><div class=\"wpb_column vc_column_container vc_col-sm-12\"><div class=\"vc_column-inner\"><div class=\"wpb_wrapper\"><div class=\"vc_row wpb_row vc_inner vc_row-fluid vc_custom_1569482474546\"><div class=\"wpb_column vc_column_container vc_col-sm-12\"><div class=\"vc_column-inner\"><div class=\"wpb_wrapper\"> <h3 style=\"color:#01a4af;padding:px;text-align:;font-size:px;line-height:px;letter-spacing: 4px;font-weight:bold\" class=\"nd_options_second_font\">&gt; CARGO<\/h3> <div style=\"background-color:;height: 50px\" class=\"nicdark_section\"><\/div><\/div><\/div><\/div><\/div><div class=\"vc_row wpb_row vc_inner vc_row-fluid\"><div class=\"wpb_column vc_column_container vc_col-sm-12\"><div class=\"vc_column-inner\"><div class=\"wpb_wrapper\"><div style=\"background-color:;height: 25px\" class=\"nicdark_section\"><\/div>\n\t<div class=\"wpb_text_column wpb_content_element\" >\n\t\t<div class=\"wpb_wrapper\">\n\t\t\t<p><em>Podczas transportu towar\u00f3w zawsze mog\u0105 pojawi\u0107 si\u0119 problemy. Na przyk\u0142ad, towary mog\u0105 zosta\u0107 uszkodzone, zgubione, skradzione lub mo\u017ce nast\u0105pi\u0107 op\u00f3\u017anienie w dostawie. W takich przypadkach przewo\u017anik cz\u0119sto ponosi ograniczon\u0105 odpowiedzialno\u015b\u0107 lub nie ponosi jej wcale. Dlatego konieczno\u015bci\u0105 jest wykupienie prawid\u0142owego ubezpieczenia cargo, w czym ch\u0119tnie pomo\u017cemy.<\/em><\/p>\n\n\t\t<\/div>\n\t<\/div>\n<\/div><\/div><\/div><\/div><div style=\"background-color:;height: 40px\" class=\"nicdark_section\"><\/div><div style=\"background-color:#01a4af;height: 1px\" class=\"nicdark_section\"><\/div><div class=\"vc_row wpb_row vc_inner vc_row-fluid\"><div class=\"wpb_column vc_column_container vc_col-sm-12\"><div class=\"vc_column-inner\"><div class=\"wpb_wrapper\"><div style=\"background-color:;height: 40px\" class=\"nicdark_section\"><\/div>\n\t<div class=\"wpb_text_column wpb_content_element\" >\n\t\t<div class=\"wpb_wrapper\">\n\t\t\t<h5>Mo\u017cliwe zakresy<\/h5>\n\n\t\t<\/div>\n\t<\/div>\n<div style=\"background-color:;height: 40px\" class=\"nicdark_section\"><\/div>\n\t<div class=\"wpb_text_column wpb_content_element\" >\n\t\t<div class=\"wpb_wrapper\">\n\t\t\t<p>Przesy\u0142ki jednorazowe i polityki subskrypcji (od obrotu lub deklaracji)<\/p>\n\n\t\t<\/div>\n\t<\/div>\n<div style=\"background-color:;height: 30px\" class=\"nicdark_section\"><\/div><div style=\"background-color:#f1f1f1;height: 1px\" class=\"nicdark_section\"><\/div><div style=\"background-color:;height: 30px\" class=\"nicdark_section\"><\/div>\n\t<div class=\"wpb_text_column wpb_content_element\" >\n\t\t<div class=\"wpb_wrapper\">\n\t\t\t<p>Pe\u0142ne pokrycie lub ograniczone pokrycie<\/p>\n\n\t\t<\/div>\n\t<\/div>\n<div style=\"background-color:;height: 30px\" class=\"nicdark_section\"><\/div><div style=\"background-color:#f1f1f1;height: 1px\" class=\"nicdark_section\"><\/div><div style=\"background-color:;height: 30px\" class=\"nicdark_section\"><\/div>\n\t<div class=\"wpb_text_column wpb_content_element\" >\n\t\t<div class=\"wpb_wrapper\">\n\t\t\t<p>Specyficzne rozszerzenia<\/p>\n<ul>\n<li>Przechowywanie<\/li>\n<li>Utrata wagi<\/li>\n<li>Interesy kupuj\u0105cego\/ sprzedaj\u0105cego<\/li>\n<\/ul>\n\n\t\t<\/div>\n\t<\/div>\n<div style=\"background-color:;height: 40px\" class=\"nicdark_section\"><\/div><\/div><\/div><\/div><\/div><div class=\"vc_row wpb_row vc_inner vc_row-fluid vc_custom_1569482474546\"><div class=\"wpb_column vc_column_container vc_col-sm-12\"><div class=\"vc_column-inner\"><div class=\"wpb_wrapper\"><div style=\"background-color:#01a4af;height: 1px\" class=\"nicdark_section\"><\/div><\/div><\/div><\/div><\/div><div class=\"vc_row wpb_row vc_inner vc_row-fluid vc_custom_1644941915166 vc_row-has-fill\"><div class=\"wpb_column vc_column_container vc_col-sm-12\"><div class=\"vc_column-inner\"><div class=\"wpb_wrapper\"><div style=\"background-color:;height: 40px\" class=\"nicdark_section\"><\/div>\n\t<div class=\"wpb_text_column wpb_content_element\" >\n\t\t<div class=\"wpb_wrapper\">\n\t\t\t<h5>Co jest obj\u0119te ubezpieczeniem?<\/h5>\n<p>&nbsp;<\/p>\n<p>&nbsp;<\/p>\n<p>Zakres ochrony ubezpieczeniowej zale\u017cy od rodzaju ubezpieczenia. Niekt\u00f3re ubezpieczenia morskie mog\u0105 si\u0119 r\u00f3wnie\u017c uzupe\u0142nia\u0107. Rozwa\u017c ubezpieczenie casco i polis\u0119 dotycz\u0105c\u0105 koszt\u00f3w prawnych lub przerwy w dzia\u0142alno\u015bci. <a style=\"color: #01a4af;\" href=\"https:\/\/www.dhondt-insurance.com\/pl\/contact\/\">Prosz\u0119 si\u0119 z nami skontaktowa\u0107<\/a>\u00a0celu uzyskania wszelkich informacji na temat ubezpiecze\u0144 morskich. Z przyjemno\u015bci\u0105 przygotujemy polis\u0119 dostosowan\u0105 do Twojej firmy i dzia\u0142alno\u015bci \u017ceglarskiej!<\/p>\n\n\t\t<\/div>\n\t<\/div>\n<\/div><\/div><\/div><\/div><\/div><\/div><\/div><\/div><div data-vc-full-width=\"true\" data-vc-full-width-init=\"false\" class=\"vc_row wpb_row vc_row-fluid wpb_animate_when_almost_visible wpb_fadeIn fadeIn vc_custom_1644941868475 vc_row-has-fill\"><div class=\"wpb_column vc_column_container vc_col-sm-3\"><div class=\"vc_column-inner\"><div class=\"wpb_wrapper\">\n\t<div class=\"wpb_text_column wpb_content_element\" >\n\t\t<div class=\"wpb_wrapper\">\n\t\t\t<p><a href=\"https:\/\/www.dhondt-insurance.com\/pl\/producten\/\"><span style=\"color: #ffffff;\">&lt; Zobacz inne produkty<\/span><\/a><\/p>\n\n\t\t<\/div>\n\t<\/div>\n<\/div><\/div><\/div><div class=\"wpb_column vc_column_container vc_col-sm-6\"><div class=\"vc_column-inner\"><div class=\"wpb_wrapper\"><\/div><\/div><\/div><div class=\"wpb_column vc_column_container vc_col-sm-3\"><div class=\"vc_column-inner\"><div class=\"wpb_wrapper\">\n\t<div class=\"wpb_text_column wpb_content_element\" >\n\t\t<div class=\"wpb_wrapper\">\n\t\t\t<p><a href=\"https:\/\/www.dhondt-insurance.com\/pl\/contact\/\"><span style=\"color: #ffffff;\">Skontaktuj si\u0119 z nami &gt;<\/span><\/a><\/p>\n\n\t\t<\/div>\n\t<\/div>\n<\/div><\/div><\/div><\/div><div class=\"vc_row-full-width vc_clearfix\"><\/div>\n<\/div>","protected":false},"excerpt":{"rendered":"MARINE &nbsp; &gt; Binnenvaart verzekeringen &gt; Cargo verzekeringen &gt; Pleziervaartuigen verzekeringen &gt; Overige maritieme verzekeringen &gt; CARGO Bij het transporteren van goederen kunnen er altijd problemen opduiken. Zo kunnen de goederen beschadigd geraken, verloren gaan, gestolen worden of kan er een laattijdige levering zijn. In deze gevallen kan de vervoerder vaak slechts beperkt aansprakelijk gesteld [...]","protected":false},"author":1,"featured_media":0,"parent":0,"menu_order":0,"comment_status":"closed","ping_status":"closed","template":"","meta":{"footnotes":""},"class_list":["post-7892","page","type-page","status-publish","hentry"],"_links":{"self":[{"href":"https:\/\/www.dhondt-insurance.com\/pl\/wp-json\/wp\/v2\/pages\/7892","targetHints":{"allow":["GET"]}}],"collection":[{"href":"https:\/\/www.dhondt-insurance.com\/pl\/wp-json\/wp\/v2\/pages"}],"about":[{"href":"https:\/\/www.dhondt-insurance.com\/pl\/wp-json\/wp\/v2\/types\/page"}],"author":[{"embeddable":true,"href":"https:\/\/www.dhondt-insurance.com\/pl\/wp-json\/wp\/v2\/users\/1"}],"replies":[{"embeddable":true,"href":"https:\/\/www.dhondt-insurance.com\/pl\/wp-json\/wp\/v2\/comments?post=7892"}],"version-history":[{"count":0,"href":"https:\/\/www.dhondt-insurance.com\/pl\/wp-json\/wp\/v2\/pages\/7892\/revisions"}],"wp:attachment":[{"href":"https:\/\/www.dhondt-insurance.com\/pl\/wp-json\/wp\/v2\/media?parent=7892"}],"curies":[{"name":"wp","href":"https:\/\/api.w.org\/{rel}","templated":true}]}}