{"id":6700,"date":"2022-03-22T09:55:20","date_gmt":"2022-03-22T09:55:20","guid":{"rendered":"https:\/\/www.dhondt-insurance.com\/?page_id=6700"},"modified":"2022-09-13T11:18:11","modified_gmt":"2022-09-13T11:18:11","slug":"all-risk-electronica","status":"publish","type":"page","link":"https:\/\/www.dhondt-insurance.com\/pl\/all-risk-electronica\/","title":{"rendered":"All Risk Electronica"},"content":{"rendered":"<div class=\"wpb-content-wrapper\"><div class=\"vc_row wpb_row vc_row-fluid wpb_animate_when_almost_visible wpb_fadeIn fadeIn\"><div class=\"wpb_column vc_column_container vc_col-sm-6\"><div class=\"vc_column-inner\"><div class=\"wpb_wrapper\"><\/div><\/div><\/div><div class=\"wpb_column vc_column_container vc_col-sm-6 vc_hidden-xs vc_col-has-fill\"><div class=\"vc_column-inner vc_custom_1644940378398\"><div class=\"wpb_wrapper\">\n\t<div class=\"wpb_text_column wpb_content_element\" >\n\t\t<div class=\"wpb_wrapper\">\n\t\t\t<h4 style=\"padding-left: 80px;\"><span style=\"color: #ffffff;\"><strong>W\u0141ASNO\u015a\u0106<\/strong><\/span><\/h4>\n<p>&nbsp;<\/p>\n<p style=\"padding-left: 80px;\"><a href=\"https:\/\/www.dhondt-insurance.com\/pl\/machinebreuk\/\"><span style=\"color: #ffffff;\">&gt; Awarie i uszkodzenia maszyn<\/span><\/a><\/p>\n<p style=\"padding-left: 80px;\"><a href=\"https:\/\/www.dhondt-insurance.com\/pl\/bedrijfsschade\/\"><span style=\"color: #ffffff;\">&gt; Ubezpieczenie od po\u017caru<\/span><\/a><\/p>\n<p style=\"padding-left: 80px;\"><a href=\"https:\/\/www.dhondt-insurance.com\/pl\/brandverzekering\/\"><span style=\"color: #ffffff;\">&gt; Szkody dla dzia\u0142alno\u015bci<\/span><\/a><\/p>\n<p><a href=\"https:\/\/www.dhondt-insurance.com\/pl\/kunstverzekering\/\"><span style=\"color: #ffffff;\">\u00a0 \u00a0 \u00a0 \u00a0 \u00a0 \u00a0 \u00a0 \u00a0 \u00a0&gt; Ubezpieczenie dzie\u0142 sztuki<\/span><\/a><\/p>\n<p><a href=\"https:\/\/www.dhondt-insurance.com\/pl\/all-risk-electronica\/\"><span style=\"color: #ffffff;\">\u00a0 \u00a0 \u00a0 \u00a0 \u00a0 \u00a0 \u00a0 \u00a0 \u00a0&gt; All Risk Elektronika<\/span><\/a><\/p>\n\n\t\t<\/div>\n\t<\/div>\n<\/div><\/div><\/div><\/div><div class=\"vc_row wpb_row vc_row-fluid wpb_animate_when_almost_visible wpb_fadeIn fadeIn\"><div class=\"wpb_column vc_column_container vc_col-sm-12\"><div class=\"vc_column-inner\"><div class=\"wpb_wrapper\"><div class=\"vc_row wpb_row vc_inner vc_row-fluid vc_custom_1569482474546\"><div class=\"wpb_column vc_column_container vc_col-sm-12\"><div class=\"vc_column-inner\"><div class=\"wpb_wrapper\"> <h3 style=\"color:#4fa5d1;padding:px;text-align:;font-size:px;line-height:px;letter-spacing: 4px;font-weight:bold\" class=\"nd_options_second_font\">&gt; ALL RISK ELEKTRONIKA<\/h3> <div style=\"background-color:;height: 50px\" class=\"nicdark_section\"><\/div><\/div><\/div><\/div><\/div><div class=\"vc_row wpb_row vc_inner vc_row-fluid\"><div class=\"wpb_column vc_column_container vc_col-sm-12\"><div class=\"vc_column-inner\"><div class=\"wpb_wrapper\"><div style=\"background-color:;height: 25px\" class=\"nicdark_section\"><\/div>\n\t<div class=\"wpb_text_column wpb_content_element\" >\n\t\t<div class=\"wpb_wrapper\">\n\t\t\t<p><em>All Risk Elektronika jest niezb\u0119dne dla firm, w kt\u00f3rych maszyny, komputery i inne instalacje elektryczne odgrywaj\u0105 wa\u017cn\u0105 rol\u0119. Nasze ubezpieczenie zapewnia pokrycie nieprzewidzianych szk\u00f3d materialnych i powsta\u0142ych w wyniku (pr\u00f3by) kradzie\u017cy \u2013 zar\u00f3wno w firmie, jak i w podr\u00f3\u017cy. <\/em><\/p>\n\n\t\t<\/div>\n\t<\/div>\n<\/div><\/div><\/div><\/div><div style=\"background-color:;height: 25px\" class=\"nicdark_section\"><\/div><div class=\"vc_row wpb_row vc_inner vc_row-fluid\"><div class=\"wpb_column vc_column_container vc_col-sm-12\"><div class=\"vc_column-inner\"><div class=\"wpb_wrapper\"><div style=\"background-color:#4fa5d1;height: 1px\" class=\"nicdark_section\"><\/div><div style=\"background-color:;height: 10px\" class=\"nicdark_section\"><\/div><div style=\"background-color:;height: 25px\" class=\"nicdark_section\"><\/div> <p style=\"color:#2d2d2d;padding:px;text-align:;font-size:16px;line-height:px;letter-spacing: px;font-weight:bold\" class=\"\">Zabezpieczenie dla maszyn i sprz\u0119tu elektronicznego<\/p> <div style=\"background-color:;height: 25px\" class=\"nicdark_section\"><\/div><div style=\"background-color:;height: 50px\" class=\"nicdark_section\"><\/div>\n\t<div class=\"wpb_text_column wpb_content_element\" >\n\t\t<div class=\"wpb_wrapper\">\n\t\t\t<p>Prowadz\u0105 Pa\u0144stwo zak\u0142ad fotograficzny, gabinet (para)medyczny, firm\u0119 budowlan\u0105, drukarni\u0119 lub call center? Ubezpieczenie to jest przeznaczone dla ka\u017cdej firmy, w kt\u00f3rej pracuje si\u0119 z u\u017cyciem maszyn lub sprz\u0119tu komputerowego. Obejmuje ono zar\u00f3wno urz\u0105dzenia stacjonarne, jak i przeno\u015bne oraz mobilne. \nNiezale\u017cnie od tego, czy posiadaj\u0105 Pa\u0144stwo rozleg\u0142\u0105 hal\u0119 produkcyjn\u0105, czy te\u017c wysy\u0142aj\u0105 swoich przedstawicieli w podr\u00f3\u017c z komputerem i smartfonem \u2013 to ubezpieczenie zapewnia optymaln\u0105 ochron\u0119 Pa\u0144stwa urz\u0105dzeniom. Nie musz\u0105 wi\u0119c Pa\u0144stwo martwi\u0107 si\u0119 o wysokie koszty zwi\u0105zane z zast\u0105pieniem tych urz\u0105dze\u0144 wskutek ich nag\u0142ego uszkodzenia lub (pr\u00f3by) kradzie\u017cy. <a href=\"https:\/\/www.dhondt-insurance.com\/pl\/contact\/\"><span style=\"color: #4fa5d1;\">Prosz\u0119 si\u0119 z nami skontaktowa\u0107<\/span><\/a>!<\/p>\n\n\t\t<\/div>\n\t<\/div>\n<div style=\"background-color:;height: 10px\" class=\"nicdark_section\"><\/div><\/div><\/div><\/div><\/div><div class=\"vc_row wpb_row vc_inner vc_row-fluid vc_custom_1569482474546\"><div class=\"wpb_column vc_column_container vc_col-sm-12\"><div class=\"vc_column-inner\"><div class=\"wpb_wrapper\"><div style=\"background-color:#4fa5d1;height: 1px\" class=\"nicdark_section\"><\/div><\/div><\/div><\/div><\/div><div class=\"vc_row wpb_row vc_inner vc_row-fluid vc_custom_1644940400472 vc_row-has-fill\"><div class=\"wpb_column vc_column_container vc_col-sm-12\"><div class=\"vc_column-inner\"><div class=\"wpb_wrapper\"><div style=\"background-color:;height: 25px\" class=\"nicdark_section\"><\/div> <p style=\"color:#2d2d2d;padding:px;text-align:;font-size:16px;line-height:px;letter-spacing: px;font-weight:bold\" class=\"\">Co jest obj\u0119te ubezpieczeniem?<\/p> <div style=\"background-color:;height: 25px\" class=\"nicdark_section\"><\/div><div style=\"background-color:;height: 10px\" class=\"nicdark_section\"><\/div>\n\t<div class=\"wpb_text_column wpb_content_element\" >\n\t\t<div class=\"wpb_wrapper\">\n\t\t\t<p>Nieprzewidziane i nag\u0142e szkody materialne<\/p>\n\n\t\t<\/div>\n\t<\/div>\n<div style=\"background-color:;height: 10px\" class=\"nicdark_section\"><\/div><div style=\"background-color:#f1f1f1;height: 1px\" class=\"nicdark_section\"><\/div><div style=\"background-color:;height: 10px\" class=\"nicdark_section\"><\/div>\n\t<div class=\"wpb_text_column wpb_content_element\" >\n\t\t<div class=\"wpb_wrapper\">\n\t\t\t<p>Kradzie\u017c lub pr\u00f3ba kradzie\u017cy<\/p>\n\n\t\t<\/div>\n\t<\/div>\n<div style=\"background-color:;height: 10px\" class=\"nicdark_section\"><\/div> <p style=\"color:#2d2d2d;padding:px;text-align:;font-size:16px;line-height:px;letter-spacing: px;font-weight:bold\" class=\"\">Zakres rozszerzony:<\/p> \n\t<div class=\"wpb_text_column wpb_content_element\" >\n\t\t<div class=\"wpb_wrapper\">\n\t\t\t<ul>\n<li>Jest przyznawany automatycznie w przypadku szkody obj\u0119tej ubezpieczeniem: koszt\u00f3w odbudowy budynk\u00f3w, transportu, uprz\u0105tni\u0119cia, usuni\u0119cia sprz\u0119tu itp.<\/li>\n<li>Szkody materialne w sprz\u0119cie zast\u0119pczym<\/li>\n<li>Nowy sprz\u0119t o takich samych w\u0142a\u015bciwo\u015bciach, jak sprz\u0119t ubezpieczony<\/li>\n<\/ul>\n\n\t\t<\/div>\n\t<\/div>\n<div style=\"background-color:;height: 25px\" class=\"nicdark_section\"><\/div> <p style=\"color:#2d2d2d;padding:px;text-align:;font-size:16px;line-height:px;letter-spacing: px;font-weight:bold\" class=\"\">Mo\u017cliwe rozszerzenie polisy:<\/p> <div style=\"background-color:;height: 25px\" class=\"nicdark_section\"><\/div>\n\t<div class=\"wpb_text_column wpb_content_element\" >\n\t\t<div class=\"wpb_wrapper\">\n\t\t\t<ul>\n<li>W tym na sprz\u0119t biurowy i komputerowy<\/li>\n<li>Obejmuje koszty m.in. zakupu oprogramowania, pracownik\u00f3w tymczasowych i najmu sprz\u0119tu zast\u0119pczego.<\/li>\n<\/ul>\n\n\t\t<\/div>\n\t<\/div>\n<\/div><\/div><\/div><\/div><\/div><\/div><\/div><\/div><div data-vc-full-width=\"true\" data-vc-full-width-init=\"false\" class=\"vc_row wpb_row vc_row-fluid wpb_animate_when_almost_visible wpb_fadeIn fadeIn vc_custom_1644940390170 vc_row-has-fill\"><div class=\"wpb_column vc_column_container vc_col-sm-3\"><div class=\"vc_column-inner\"><div class=\"wpb_wrapper\">\n\t<div class=\"wpb_text_column wpb_content_element\" >\n\t\t<div class=\"wpb_wrapper\">\n\t\t\t<p><a href=\"https:\/\/www.dhondt-insurance.com\/pl\/producten\/\"><span style=\"color: #ffffff;\">&lt; Zobacz inne produkty<\/span><\/a><\/p>\n\n\t\t<\/div>\n\t<\/div>\n<\/div><\/div><\/div><div class=\"wpb_column vc_column_container vc_col-sm-6\"><div class=\"vc_column-inner\"><div class=\"wpb_wrapper\"><\/div><\/div><\/div><div class=\"wpb_column vc_column_container vc_col-sm-3\"><div class=\"vc_column-inner\"><div class=\"wpb_wrapper\">\n\t<div class=\"wpb_text_column wpb_content_element\" >\n\t\t<div class=\"wpb_wrapper\">\n\t\t\t<p><a href=\"https:\/\/www.dhondt-insurance.com\/pl\/kantoren\/\"><span style=\"color: #ffffff;\">Skontaktuj si\u0119 z nami &gt;<\/span><\/a><\/p>\n\n\t\t<\/div>\n\t<\/div>\n<\/div><\/div><\/div><\/div><div class=\"vc_row-full-width vc_clearfix\"><\/div>\n<\/div>","protected":false},"excerpt":{"rendered":"PROPERTY &nbsp; &gt; Machinebreuk &gt; Bedrijfsschade &gt; Brandverzekering \u00a0 \u00a0 \u00a0 \u00a0 \u00a0 \u00a0 \u00a0 \u00a0 \u00a0&gt; Kunstverzekering \u00a0 \u00a0 \u00a0 \u00a0 \u00a0 \u00a0 \u00a0 \u00a0 \u00a0&gt; All Risk Elektronica &gt; ALL RISK ELEKTRONICA De verzekering All Risk Elektronica is een must-have voor bedrijven waarin machines, computers en andere elektrische installaties een grote rol spelen. [...]","protected":false},"author":1,"featured_media":0,"parent":0,"menu_order":0,"comment_status":"closed","ping_status":"closed","template":"","meta":{"footnotes":""},"class_list":["post-6700","page","type-page","status-publish","hentry"],"_links":{"self":[{"href":"https:\/\/www.dhondt-insurance.com\/pl\/wp-json\/wp\/v2\/pages\/6700","targetHints":{"allow":["GET"]}}],"collection":[{"href":"https:\/\/www.dhondt-insurance.com\/pl\/wp-json\/wp\/v2\/pages"}],"about":[{"href":"https:\/\/www.dhondt-insurance.com\/pl\/wp-json\/wp\/v2\/types\/page"}],"author":[{"embeddable":true,"href":"https:\/\/www.dhondt-insurance.com\/pl\/wp-json\/wp\/v2\/users\/1"}],"replies":[{"embeddable":true,"href":"https:\/\/www.dhondt-insurance.com\/pl\/wp-json\/wp\/v2\/comments?post=6700"}],"version-history":[{"count":0,"href":"https:\/\/www.dhondt-insurance.com\/pl\/wp-json\/wp\/v2\/pages\/6700\/revisions"}],"wp:attachment":[{"href":"https:\/\/www.dhondt-insurance.com\/pl\/wp-json\/wp\/v2\/media?parent=6700"}],"curies":[{"name":"wp","href":"https:\/\/api.w.org\/{rel}","templated":true}]}}