{"id":6090,"date":"2021-12-10T13:16:44","date_gmt":"2021-12-10T13:16:44","guid":{"rendered":"https:\/\/www.dhondt-insurance.com\/?page_id=6090"},"modified":"2022-02-16T08:48:15","modified_gmt":"2022-02-16T08:48:15","slug":"mybroker","status":"publish","type":"page","link":"https:\/\/www.dhondt-insurance.com\/pl\/mybroker\/","title":{"rendered":"MyBroker"},"content":{"rendered":"<div class=\"wpb-content-wrapper\"><div class=\"vc_row wpb_row vc_row-fluid\"><div class=\"wpb_column vc_column_container vc_col-sm-12 vc_hidden-xs\"><div class=\"vc_column-inner\"><div class=\"wpb_wrapper\"><div style=\"background-color:;height: 50px\" class=\"nicdark_section\"><\/div> <h3 style=\"color:#00599e;padding:px;text-align:;font-size:px;line-height:px;letter-spacing: 4px;font-weight:bold\" class=\"nd_options_second_font\">&gt; MYBROKER<\/h3> <div style=\"background-color:;height: 50px\" class=\"nicdark_section\"><\/div><\/div><\/div><\/div><\/div><div class=\"vc_row wpb_row vc_row-fluid\"><div class=\"wpb_column vc_column_container vc_col-sm-12 vc_hidden-lg vc_hidden-md vc_hidden-sm\"><div class=\"vc_column-inner\"><div class=\"wpb_wrapper\"><div style=\"background-color:;height: 50px\" class=\"nicdark_section\"><\/div> <h3 style=\"color:#00599e;padding:px;text-align:;font-size:18px;line-height:px;letter-spacing: 4px;font-weight:bold\" class=\"nd_options_second_font\">&gt; MYBROKER<\/h3> <div style=\"background-color:;height: 50px\" class=\"nicdark_section\"><\/div><\/div><\/div><\/div><\/div><div class=\"vc_row wpb_row vc_row-fluid wpb_animate_when_almost_visible wpb_fadeIn fadeIn\"><div class=\"wpb_column vc_column_container vc_col-sm-6\"><div class=\"vc_column-inner\"><div class=\"wpb_wrapper\"><div style=\"background-color:;height: 50px\" class=\"nicdark_section\"><\/div>\n\t<div  class=\"wpb_single_image wpb_content_element vc_align_left wpb_content_element\">\n\t\t\n\t\t<figure class=\"wpb_wrapper vc_figure\">\n\t\t\t<div class=\"vc_single_image-wrapper   vc_box_border_grey\"><img loading=\"lazy\" decoding=\"async\" width=\"2560\" height=\"1707\" src=\"https:\/\/www.dhondt-insurance.com\/wp-content\/uploads\/2021\/12\/MicrosoftTeams-image-2-scaled.jpg\" class=\"vc_single_image-img attachment-full\" alt=\"\" title=\"Successful young handsome businessman using phone\" srcset=\"https:\/\/www.dhondt-insurance.com\/wp-content\/uploads\/2021\/12\/MicrosoftTeams-image-2-scaled.jpg 2560w, https:\/\/www.dhondt-insurance.com\/wp-content\/uploads\/2021\/12\/MicrosoftTeams-image-2.jpg 300w, https:\/\/www.dhondt-insurance.com\/wp-content\/uploads\/2021\/12\/MicrosoftTeams-image-2.jpg 1024w, https:\/\/www.dhondt-insurance.com\/wp-content\/uploads\/2021\/12\/MicrosoftTeams-image-2.jpg 768w, https:\/\/www.dhondt-insurance.com\/wp-content\/uploads\/2021\/12\/MicrosoftTeams-image-2.jpg 1536w, https:\/\/www.dhondt-insurance.com\/wp-content\/uploads\/2021\/12\/MicrosoftTeams-image-2.jpg 2048w, https:\/\/www.dhondt-insurance.com\/wp-content\/uploads\/2021\/12\/MicrosoftTeams-image-2.jpg 18w\" sizes=\"auto, (max-width: 2560px) 100vw, 2560px\" \/><\/div>\n\t\t<\/figure>\n\t<\/div>\n<\/div><\/div><\/div><div class=\"wpb_column vc_column_container vc_col-sm-6\"><div class=\"vc_column-inner\"><div class=\"wpb_wrapper\"><div style=\"background-color:;height: 50px\" class=\"nicdark_section\"><\/div> <h2 style=\"color:#2d2d2d;padding:px;text-align:;font-size:25px;line-height:40px;letter-spacing: px;font-weight:bold\" class=\"nd_options_second_font\">Dost\u0119p do dokumentacji ubezpieczeniowej w dowolnym miejscu i czasie poprzez MyBroker<\/h2> <div style=\"background-color:;height: 50px\" class=\"nicdark_section\"><\/div>\n\t<div class=\"wpb_text_column wpb_content_element\" >\n\t\t<div class=\"wpb_wrapper\">\n\t\t\t<p><em>Za pomoc\u0105 platformy MyBroker mog\u0105 Pa\u0144stwo w ka\u017cdej chwili sprawdzi\u0107 swoje dokumenty zwi\u0105zane z ubezpieczeniami. W jednym miejscu znajd\u0105 Pa\u0144stwo wszystkie swoje polisy, roszczenia odszkodowawcze i umowy. Platforma jest dobrze zabezpieczona i oferuje tak\u017ce mo\u017cliwo\u015b\u0107 bezpo\u015bredniej komunikacji z Pa\u0144stwa po\u015brednikiem ubezpieczeniowym.\u00a0<\/em><\/p>\n\n\t\t<\/div>\n\t<\/div>\n<div style=\"background-color:;height: 25px\" class=\"nicdark_section\"><\/div><\/div><\/div><\/div><\/div><div data-vc-full-width=\"true\" data-vc-full-width-init=\"false\" class=\"vc_row wpb_row vc_row-fluid wpb_animate_when_almost_visible wpb_fadeIn fadeIn vc_custom_1639142299578 vc_column-gap-30 vc_row-o-equal-height vc_row-flex\"><div class=\"wpb_column vc_column_container vc_col-sm-6 vc_col-has-fill\"><div class=\"vc_column-inner vc_custom_1638538763115\"><div class=\"wpb_wrapper\"><div style=\"background-color:;height: 50px\" class=\"nicdark_section\"><\/div><div class=\"vc_icon_element vc_icon_element-outer vc_do_icon vc_icon_element-align-center\"><div class=\"vc_icon_element-inner vc_icon_element-color-custom vc_icon_element-size-xl vc_icon_element-style- vc_icon_element-background-color-grey\" ><span class=\"vc_icon_element-icon fas fa-lock\" style=\"color:#ffffff !important\"><\/span><\/div><\/div><div style=\"background-color:;height: 35px\" class=\"nicdark_section\"><\/div> <h6 style=\"color:#ffffff;padding:15px;text-align:;font-size:16px;line-height:20px;letter-spacing: 1px;font-weight:bold\" class=\"nd_options_first_font\">Sprawdzanie dokument\u00f3w w bezpieczny spos\u00f3b<\/h6> \n\t<div class=\"wpb_text_column wpb_content_element vc_custom_1639143105104\" >\n\t\t<div class=\"wpb_wrapper\">\n\t\t\t<p><span style=\"color: #ffffff;\">Za pomoc\u0105 tej zabezpieczonej platformy mo\u017cna w ka\u017cdej chwili uzyska\u0107 wgl\u0105d w swoje polisy, roszczenia odszkodowawcze i umowy.<\/span><\/p>\n\n\t\t<\/div>\n\t<\/div>\n<div style=\"background-color:;height: 50px\" class=\"nicdark_section\"><\/div><\/div><\/div><\/div><div class=\"wpb_column vc_column_container vc_col-sm-6 vc_col-has-fill\"><div class=\"vc_column-inner vc_custom_1638537348323\"><div class=\"wpb_wrapper\"><div style=\"background-color:;height: 50px\" class=\"nicdark_section\"><\/div><div class=\"vc_icon_element vc_icon_element-outer vc_do_icon vc_icon_element-align-center\"><div class=\"vc_icon_element-inner vc_icon_element-color-custom vc_icon_element-size-xl vc_icon_element-style- vc_icon_element-background-color-grey\" ><span class=\"vc_icon_element-icon far fa-file-alt\" style=\"color:#ffffff !important\"><\/span><\/div><\/div><div style=\"background-color:;height: 35px\" class=\"nicdark_section\"><\/div> <h6 style=\"color:#ffffff;padding:15px;text-align:;font-size:16px;line-height:20px;letter-spacing: 1px;font-weight:bold\" class=\"nd_options_first_font\">Mo\u017cliwo\u015b\u0107 podpisywania um\u00f3w za po\u015brednictwem MyBroker<\/h6> \n\t<div class=\"wpb_text_column wpb_content_element vc_custom_1639143113090\" >\n\t\t<div class=\"wpb_wrapper\">\n\t\t\t<p><span style=\"color: #ffffff;\">Nie musz\u0105 ju\u017c Pa\u0144stwo osobi\u015bcie odwiedza\u0107 biura po\u015brednika ubezpieczeniowego \u2013 za po\u015brednictwem platformy MyBroker mo\u017cna \u0142atwo i bezpiecznie podpisywa\u0107 umowy.<\/span><\/p>\n\n\t\t<\/div>\n\t<\/div>\n<div style=\"background-color:;height: 50px\" class=\"nicdark_section\"><\/div><\/div><\/div><\/div><\/div><div class=\"vc_row-full-width vc_clearfix\"><\/div><div data-vc-full-width=\"true\" data-vc-full-width-init=\"false\" class=\"vc_row wpb_row vc_row-fluid wpb_animate_when_almost_visible wpb_fadeIn fadeIn vc_custom_1639142689249 vc_column-gap-30 vc_row-o-equal-height vc_row-flex\"><div class=\"wpb_column vc_column_container vc_col-sm-6 vc_col-has-fill\"><div class=\"vc_column-inner vc_custom_1638538763115\"><div class=\"wpb_wrapper\"><div style=\"background-color:;height: 50px\" class=\"nicdark_section\"><\/div><div class=\"vc_icon_element vc_icon_element-outer vc_do_icon vc_icon_element-align-center\"><div class=\"vc_icon_element-inner vc_icon_element-color-custom vc_icon_element-size-xl vc_icon_element-style- vc_icon_element-background-color-grey\" ><span class=\"vc_icon_element-icon fas fa-car-crash\" style=\"color:#ffffff !important\"><\/span><\/div><\/div><div style=\"background-color:;height: 35px\" class=\"nicdark_section\"><\/div> <h6 style=\"color:#ffffff;padding:15px;text-align:;font-size:16px;line-height:20px;letter-spacing: 1px;font-weight:bold\" class=\"nd_options_first_font\">\u0141atwe i skuteczne zg\u0142aszanie roszcze\u0144 odszkodowawczych<\/h6> \n\t<div class=\"wpb_text_column wpb_content_element vc_custom_1639143120875\" >\n\t\t<div class=\"wpb_wrapper\">\n\t\t\t<p><span style=\"color: #ffffff;\">Nie musz\u0105 si\u0119 ju\u017c Pa\u0144stwo zajmowa\u0107 ca\u0142\u0105 administracj\u0105 \u2013 po wypadku wystarczy zg\u0142osi\u0107 szkod\u0119 bezpo\u015brednio do swojego po\u015brednika ubezpieczeniowego.<\/span><\/p>\n\n\t\t<\/div>\n\t<\/div>\n<div style=\"background-color:;height: 50px\" class=\"nicdark_section\"><\/div><\/div><\/div><\/div><div class=\"wpb_column vc_column_container vc_col-sm-6 vc_col-has-fill\"><div class=\"vc_column-inner vc_custom_1638537348323\"><div class=\"wpb_wrapper\"><div style=\"background-color:;height: 50px\" class=\"nicdark_section\"><\/div><div class=\"vc_icon_element vc_icon_element-outer vc_do_icon vc_icon_element-align-center\"><div class=\"vc_icon_element-inner vc_icon_element-color-custom vc_icon_element-size-xl vc_icon_element-style- vc_icon_element-background-color-grey\" ><span class=\"vc_icon_element-icon far fa-comments\" style=\"color:#ffffff !important\"><\/span><\/div><\/div><div style=\"background-color:;height: 35px\" class=\"nicdark_section\"><\/div> <h6 style=\"color:#ffffff;padding:15px;text-align:;font-size:16px;line-height:20px;letter-spacing: 1px;font-weight:bold\" class=\"nd_options_first_font\">Komunikacja bezpo\u015brednio z po\u015brednikiem ubezpieczeniowym<\/h6> \n\t<div class=\"wpb_text_column wpb_content_element vc_custom_1639389806210\" >\n\t\t<div class=\"wpb_wrapper\">\n\t\t\t<p><span style=\"color: #ffffff;\">Je\u017celi maj\u0105 Pa\u0144stwo dalsze pytania, mog\u0105 si\u0119 Pa\u0144stwo z nimi zwr\u00f3ci\u0107 bezpo\u015brednio do swojego po\u015brednika ubezpieczeniowego przez platform\u0119 internetow\u0105 MyBroker.<\/span><\/p>\n\n\t\t<\/div>\n\t<\/div>\n<div style=\"background-color:;height: 50px\" class=\"nicdark_section\"><\/div><\/div><\/div><\/div><\/div><div class=\"vc_row-full-width vc_clearfix\"><\/div><div data-vc-full-width=\"true\" data-vc-full-width-init=\"false\" data-vc-parallax=\"1.5\" data-vc-parallax-image=\"https:\/\/www.dhondt-insurance.com\/wp-content\/uploads\/2021\/12\/banner_my_broker.png\" class=\"vc_row wpb_row vc_row-fluid wpb_animate_when_almost_visible wpb_fadeIn fadeIn vc_row-has-fill vc_general vc_parallax vc_parallax-content-moving\"><div class=\"wpb_column vc_column_container vc_col-sm-12\"><div class=\"vc_column-inner\"><div class=\"wpb_wrapper\"><div style=\"background-color:;height: 140px\" class=\"nicdark_section\"><\/div> <h6 style=\"color:#ffffff;padding:px;text-align:;font-size:40px;line-height:50px;letter-spacing: 1px;font-weight:lighter\" class=\"nd_options_first_font\">Przegl\u0105danie dokumentacji ubezpieczeniowej w dowolnym miejscu i czasie w MyBroker<\/h6> <div style=\"background-color:;height: 15px\" class=\"nicdark_section\"><\/div>\n\t<div class=\"wpb_text_column wpb_content_element\" >\n\t\t<div class=\"wpb_wrapper\">\n\t\t\t<p><span style=\"color: #ffffff;\">Mog\u0105 Pa\u0144stwo w dowolnej chwili przegl\u0105da\u0107 swoj\u0105 dokumentacj\u0119 ubezpieczeniow\u0105. <\/span><\/p>\n\n\t\t<\/div>\n\t<\/div>\n<div style=\"background-color:;height: 40px\" class=\"nicdark_section\"><\/div>\n\t\n\t<a style=\"border: px solid;border-radius:px;letter-spacing:px;line-height:px;font-size:px;background-color:#ffffff;padding:10px 20px;margin:;color:#000000\" rel=\"noopener\" href=\"https:\/\/www.mybroker.be\/\" class=\"nicdark_display_inline_block nd_options_float_left\" target=\"_blank\">&gt; Ga naar MyBroker<\/a>\n\t\n<div style=\"background-color:;height: 140px\" class=\"nicdark_section\"><\/div><\/div><\/div><\/div><\/div><div class=\"vc_row-full-width vc_clearfix\"><\/div><div class=\"vc_row wpb_row vc_row-fluid vc_custom_1639399401051\"><div class=\"wpb_column vc_column_container vc_col-sm-12\"><div class=\"vc_column-inner\"><div class=\"wpb_wrapper\"> <h6 style=\"color:#000000;padding:px;text-align:center;font-size:50px;line-height:60px;letter-spacing: px;font-weight:lighter\" class=\"nd_options_first_font\">Prosz\u0119 pobra\u0107 aplikacj\u0119 MyBroker<\/h6> <div style=\"background-color:;height: 40px\" class=\"nicdark_section\"><\/div>\n\t<div class=\"wpb_text_column wpb_content_element\" >\n\t\t<div class=\"wpb_wrapper\">\n\t\t\t<p style=\"text-align: center;\">Dost\u0119pna jest ju\u017c aplikacja MyBroker \u2013 mog\u0105 Pa\u0144stwo korzysta\u0107 z przyjaznej dla u\u017cytkownika, intuicyjnej w obs\u0142udze platformy.<\/p>\n\n\t\t<\/div>\n\t<\/div>\n<\/div><\/div><\/div><\/div><div class=\"vc_row wpb_row vc_row-fluid vc_custom_1639399532733\"><div class=\"wpb_column vc_column_container vc_col-sm-6 vc_hidden-xs\"><div class=\"vc_column-inner\"><div class=\"wpb_wrapper\">\n\t<div  class=\"wpb_single_image wpb_content_element vc_align_right wpb_content_element\">\n\t\t\n\t\t<figure class=\"wpb_wrapper vc_figure\">\n\t\t\t<a href=\"https:\/\/play.google.com\/store\/apps\/details?id=com.portima.mybroker\" target=\"_blank\" class=\"vc_single_image-wrapper   vc_box_border_grey\" rel=\"noopener\"><img decoding=\"async\" class=\"vc_single_image-img\" src=\"https:\/\/www.dhondt-insurance.com\/wp-content\/uploads\/2021\/12\/google-play-badge-300x100.png\" width=\"300\" height=\"100\" alt=\"google-play-badge\" title=\"google-play-badge\" loading=\"lazy\" \/><\/a>\n\t\t<\/figure>\n\t<\/div>\n<\/div><\/div><\/div><div class=\"wpb_column vc_column_container vc_col-sm-6 vc_hidden-xs\"><div class=\"vc_column-inner\"><div class=\"wpb_wrapper\">\n\t<div  class=\"wpb_single_image wpb_content_element vc_align_left wpb_content_element\">\n\t\t\n\t\t<figure class=\"wpb_wrapper vc_figure\">\n\t\t\t<a href=\"https:\/\/apps.apple.com\/be\/app\/mybroker-en\/id517191352\" target=\"_blank\" class=\"vc_single_image-wrapper   vc_box_border_grey\" rel=\"noopener\"><img decoding=\"async\" class=\"vc_single_image-img\" src=\"https:\/\/www.dhondt-insurance.com\/wp-content\/uploads\/2021\/12\/apple-store-badge-nl-300x100.jpeg\" width=\"300\" height=\"100\" alt=\"apple-store-badge-nl\" title=\"apple-store-badge-nl\" loading=\"lazy\" \/><\/a>\n\t\t<\/figure>\n\t<\/div>\n<\/div><\/div><\/div><\/div><div class=\"vc_row wpb_row vc_row-fluid vc_custom_1639399701451\"><div class=\"wpb_column vc_column_container vc_col-sm-12 vc_hidden-lg vc_hidden-md vc_hidden-sm\"><div class=\"vc_column-inner\"><div class=\"wpb_wrapper\">\n\t<div  class=\"wpb_single_image wpb_content_element vc_align_center wpb_content_element\">\n\t\t\n\t\t<figure class=\"wpb_wrapper vc_figure\">\n\t\t\t<a href=\"https:\/\/play.google.com\/store\/apps\/details?id=com.portima.mybroker\" target=\"_blank\" class=\"vc_single_image-wrapper   vc_box_border_grey\" rel=\"noopener\"><img decoding=\"async\" class=\"vc_single_image-img\" src=\"https:\/\/www.dhondt-insurance.com\/wp-content\/uploads\/2021\/12\/google-play-badge-300x100.png\" width=\"300\" height=\"100\" alt=\"google-play-badge\" title=\"google-play-badge\" loading=\"lazy\" \/><\/a>\n\t\t<\/figure>\n\t<\/div>\n\n\t<div  class=\"wpb_single_image wpb_content_element vc_align_center wpb_content_element\">\n\t\t\n\t\t<figure class=\"wpb_wrapper vc_figure\">\n\t\t\t<a href=\"https:\/\/apps.apple.com\/be\/app\/mybroker-en\/id517191352\" target=\"_blank\" class=\"vc_single_image-wrapper   vc_box_border_grey\" rel=\"noopener\"><img decoding=\"async\" class=\"vc_single_image-img\" src=\"https:\/\/www.dhondt-insurance.com\/wp-content\/uploads\/2021\/12\/apple-store-badge-nl-300x100.jpeg\" width=\"300\" height=\"100\" alt=\"apple-store-badge-nl\" title=\"apple-store-badge-nl\" loading=\"lazy\" \/><\/a>\n\t\t<\/figure>\n\t<\/div>\n<\/div><\/div><\/div><\/div><div data-vc-full-width=\"true\" data-vc-full-width-init=\"false\" data-vc-parallax=\"1.5\" class=\"vc_row wpb_row vc_row-fluid wpb_animate_when_almost_visible wpb_fadeIn fadeIn vc_custom_1644943207254 vc_row-has-fill vc_general vc_parallax vc_parallax-content-moving\"><div class=\"wpb_column vc_column_container vc_col-sm-2\"><div class=\"vc_column-inner\"><div class=\"wpb_wrapper\"><\/div><\/div><\/div><div class=\"wpb_column vc_column_container vc_col-sm-8\"><div class=\"vc_column-inner\"><div class=\"wpb_wrapper\">\n\t<div class=\"wpb_text_column wpb_content_element\" >\n\t\t<div class=\"wpb_wrapper\">\n\t\t\t<h2 style=\"text-align: center;\"><span style=\"color: #ffffff;\">Interesuj\u0105 si\u0119 Pa\u0144stwo platform\u0105 MyBroker? <\/span><\/h2>\n\n\t\t<\/div>\n\t<\/div>\n<div style=\"background-color:;height: 40px\" class=\"nicdark_section\"><\/div>\n\t<div class=\"nd_options_section nd_options_text_align_center\">\n\t<a style=\"border: px solid;border-radius:px;letter-spacing:px;line-height:px;font-size:px;background-color:#ffffff;padding:5px 10px;margin:;color:#00599e\" rel=\"noopener\" href=\"https:\/\/www.mybroker.be\/\" class=\"nicdark_display_inline_block\" target=\"_blank\">&gt; Ga naar MyBroker<\/a>\n\t<\/div>\n<\/div><\/div><\/div><div class=\"wpb_column vc_column_container vc_col-sm-2\"><div class=\"vc_column-inner\"><div class=\"wpb_wrapper\"><\/div><\/div><\/div><\/div><div class=\"vc_row-full-width vc_clearfix\"><\/div>\n<\/div>","protected":false},"excerpt":{"rendered":"&gt; MYBROKER &gt; MYBROKER Raadpleeg altijd en overal uw verzekeringsdossier via MyBroker Via MyBroker kunt u ten alle tijde uw verzekeringsdossier raadplegen. Bekijk al uw polissen, schadeclaims en contracten op \u00e9\u00e9n plaats. Het platform is goed beveiligd en biedt daarnaast ook de mogelijkheid om rechtstreeks te communiceren met uw makelaar.\u00a0 Raadpleeg uw dossier ten alle [...]","protected":false},"author":1,"featured_media":0,"parent":0,"menu_order":0,"comment_status":"closed","ping_status":"closed","template":"","meta":{"footnotes":""},"class_list":["post-6090","page","type-page","status-publish","hentry"],"_links":{"self":[{"href":"https:\/\/www.dhondt-insurance.com\/pl\/wp-json\/wp\/v2\/pages\/6090","targetHints":{"allow":["GET"]}}],"collection":[{"href":"https:\/\/www.dhondt-insurance.com\/pl\/wp-json\/wp\/v2\/pages"}],"about":[{"href":"https:\/\/www.dhondt-insurance.com\/pl\/wp-json\/wp\/v2\/types\/page"}],"author":[{"embeddable":true,"href":"https:\/\/www.dhondt-insurance.com\/pl\/wp-json\/wp\/v2\/users\/1"}],"replies":[{"embeddable":true,"href":"https:\/\/www.dhondt-insurance.com\/pl\/wp-json\/wp\/v2\/comments?post=6090"}],"version-history":[{"count":0,"href":"https:\/\/www.dhondt-insurance.com\/pl\/wp-json\/wp\/v2\/pages\/6090\/revisions"}],"wp:attachment":[{"href":"https:\/\/www.dhondt-insurance.com\/pl\/wp-json\/wp\/v2\/media?parent=6090"}],"curies":[{"name":"wp","href":"https:\/\/api.w.org\/{rel}","templated":true}]}}