{"id":3912,"date":"2020-08-18T09:41:40","date_gmt":"2020-08-18T09:41:40","guid":{"rendered":"http:\/\/dhondt-insurance.com\/?page_id=3912"},"modified":"2022-02-15T15:19:35","modified_gmt":"2022-02-15T15:19:35","slug":"aansprakelijkheidsverzekeringen-voor-allerlei-sectoren","status":"publish","type":"page","link":"https:\/\/www.dhondt-insurance.com\/pl\/aansprakelijkheidsverzekeringen-voor-allerlei-sectoren\/","title":{"rendered":"ODPOWIEDZIALNO\u015a\u0106"},"content":{"rendered":"<div class=\"wpb-content-wrapper\"><div class=\"vc_row wpb_row vc_row-fluid wpb_animate_when_almost_visible wpb_fadeIn fadeIn\"><div class=\"wpb_column vc_column_container vc_col-sm-12\"><div class=\"vc_column-inner\"><div class=\"wpb_wrapper\"><div style=\"background-color:;height: 50px\" class=\"nicdark_section\"><\/div><\/div><\/div><\/div><\/div><div class=\"vc_row wpb_row vc_row-fluid wpb_animate_when_almost_visible wpb_fadeIn fadeIn vc_custom_1604333670867 vc_row-o-content-middle vc_row-flex\"><div class=\"wpb_column vc_column_container vc_col-sm-6\"><div class=\"vc_column-inner\"><div class=\"wpb_wrapper\"> <h3 style=\"color:#0077c6;padding:px;text-align:;font-size:px;line-height:px;letter-spacing: 4px;font-weight:bold\" class=\"nd_options_second_font\">&gt; ODPOWIEDZIALNO\u015a\u0106<\/h3> <\/div><\/div><\/div><div class=\"wpb_column vc_column_container vc_col-sm-6\"><div class=\"vc_column-inner vc_custom_1467360650255\"><div class=\"wpb_wrapper\"><div style=\"background-color:;height: 15px\" class=\"nicdark_section\"><\/div><div style=\"background-color:;height: 15px\" class=\"nicdark_section\"><\/div><\/div><\/div><\/div><\/div><div class=\"vc_row wpb_row vc_row-fluid wpb_animate_when_almost_visible wpb_fadeIn fadeIn\"><div class=\"wpb_column vc_column_container vc_col-sm-12 vc_hidden-sm vc_hidden-xs\"><div class=\"vc_column-inner\"><div class=\"wpb_wrapper\"><div style=\"background-color:;height: 70px\" class=\"nicdark_section\"><\/div><div class=\"vc_row wpb_row vc_inner vc_row-fluid vc_custom_1569482474546\"><div class=\"wpb_column vc_column_container vc_col-sm-6\"><div class=\"vc_column-inner\"><div class=\"wpb_wrapper\">\n\t<div  class=\"wpb_single_image wpb_content_element vc_align_left wpb_content_element\">\n\t\t\n\t\t<figure class=\"wpb_wrapper vc_figure\">\n\t\t\t<div class=\"vc_single_image-wrapper   vc_box_border_grey\"><img loading=\"lazy\" decoding=\"async\" width=\"2560\" height=\"1707\" src=\"https:\/\/www.dhondt-insurance.com\/wp-content\/uploads\/2020\/03\/business-people-working-as-a-team-at-the-office-7M92GWH-scaled.jpg\" class=\"vc_single_image-img attachment-full\" alt=\"\" title=\"Business people working as a team at the office\" srcset=\"https:\/\/www.dhondt-insurance.com\/wp-content\/uploads\/2020\/03\/business-people-working-as-a-team-at-the-office-7M92GWH-scaled.jpg 2560w, https:\/\/www.dhondt-insurance.com\/wp-content\/uploads\/2020\/03\/business-people-working-as-a-team-at-the-office-7M92GWH-300x200.jpg 300w, https:\/\/www.dhondt-insurance.com\/wp-content\/uploads\/2020\/03\/business-people-working-as-a-team-at-the-office-7M92GWH-1024x683.jpg 1024w, https:\/\/www.dhondt-insurance.com\/wp-content\/uploads\/2020\/03\/business-people-working-as-a-team-at-the-office-7M92GWH-768x512.jpg 768w, https:\/\/www.dhondt-insurance.com\/wp-content\/uploads\/2020\/03\/business-people-working-as-a-team-at-the-office-7M92GWH-1536x1024.jpg 1536w, https:\/\/www.dhondt-insurance.com\/wp-content\/uploads\/2020\/03\/business-people-working-as-a-team-at-the-office-7M92GWH-2048x1365.jpg 2048w, https:\/\/www.dhondt-insurance.com\/wp-content\/uploads\/2020\/03\/business-people-working-as-a-team-at-the-office-7M92GWH-600x400.jpg 600w\" sizes=\"auto, (max-width: 2560px) 100vw, 2560px\" \/><\/div>\n\t\t<\/figure>\n\t<\/div>\n<div style=\"background-color:;height: 50px\" class=\"nicdark_section\"><\/div><\/div><\/div><\/div><div class=\"wpb_column vc_column_container vc_col-sm-6\"><div class=\"vc_column-inner\"><div class=\"wpb_wrapper\"> <h2 style=\"color:;padding:px;text-align:;font-size:40px;line-height:50px;letter-spacing: px;font-weight:normal\" class=\"nd_options_text_align_center_responsive_important nd_options_first_font\">Od OC r\u00f3wnie\u017c w zakresie odpowiedzialno\u015bci zawodowej po wycofanie z rynku. W zakresie odpowiedzialno\u015bci cywilnej ubezpieczamy Pa\u0144stwa firm\u0119 we wszystkich jej aspektach.<\/h2> <div style=\"background-color:;height: 50px\" class=\"nicdark_section\"><\/div>\n\t\n\t<a style=\"border: px solid;border-radius:px;letter-spacing:px;line-height:px;font-size:px;background-color:#0077c6;padding:5px 10px;margin:5px;color:#ffffff\" rel=\"\" href=\"https:\/\/www.dhondt-insurance.com\/pl\/ba-uitbating-ba-na-levering\/\" class=\"nicdark_display_inline_block nd_options_float_left nd_options_font_weight_normal\">&gt; OC DLA FIRM I OC PO DOSTAWIE<\/a>\n\t\n<div style=\"background-color:;height: 50pxpx\" class=\"nicdark_section\"><\/div>\n\t\n\t<a style=\"border: px solid;border-radius:px;letter-spacing:px;line-height:px;font-size:px;background-color:#0077c6;padding:5px 10px;margin:5px;color:#ffffff\" rel=\"\" href=\"https:\/\/www.dhondt-insurance.com\/pl\/bestuurdersaansprakelijkheid-do\/\" class=\"nicdark_display_inline_block nd_options_float_left nd_options_font_weight_normal\">&gt;   BESTUURDERSAANSPRAKELIJKHEID (D&amp;O)<\/a>\n\t\n<div style=\"background-color:;height: 50pxpx\" class=\"nicdark_section\"><\/div>\n\t\n\t<a style=\"border: px solid;border-radius:px;letter-spacing:px;line-height:px;font-size:px;background-color:#0077c6;padding:5px 10px;margin:5px;color:#ffffff\" rel=\"\" href=\"https:\/\/www.dhondt-insurance.com\/pl\/beroepsaansprakelijkheid\/\" class=\"nicdark_display_inline_block nd_options_float_left nd_options_font_weight_normal\">&gt; ODPOWIEDZIALNO\u015a\u0106 ZAWODOWA<\/a>\n\t\n<div style=\"background-color:;height: 50pxpx\" class=\"nicdark_section\"><\/div>\n\t\n\t<a style=\"border: px solid;border-radius:px;letter-spacing:px;line-height:px;font-size:px;background-color:#0077c6;padding:5px 10px;margin:5px;color:#ffffff\" rel=\"\" href=\"https:\/\/www.dhondt-insurance.com\/pl\/objectieve-aansprakelijkheid\/\" class=\"nicdark_display_inline_block nd_options_float_left nd_options_font_weight_normal\">&gt; ODPOWIEDZIALNO\u015a\u0106 OBIEKTYWNA<\/a>\n\t\n<div style=\"background-color:;height: 50pxpx\" class=\"nicdark_section\"><\/div>\n\t\n\t<a style=\"border: px solid;border-radius:px;letter-spacing:px;line-height:px;font-size:px;background-color:#0077c6;padding:5px 10px;margin:5px;color:#ffffff\" rel=\"\" href=\"https:\/\/www.dhondt-insurance.com\/pl\/contaminatieverzekering-recall\/\" class=\"nicdark_display_inline_block nd_options_float_left nd_options_font_weight_normal\">&gt; RECALL<\/a>\n\t\n<div style=\"background-color:;height: 50pxpx\" class=\"nicdark_section\"><\/div>\n\t\n\t<a style=\"border: px solid;border-radius:px;letter-spacing:px;line-height:px;font-size:px;background-color:#0077c6;padding:5px 10px;margin:5px;color:#ffffff\" rel=\"\" href=\"https:\/\/www.dhondt-insurance.com\/pl\/milieu-aansprakelijkheidsverzekering\/\" class=\"nicdark_display_inline_block nd_options_float_left nd_options_font_weight_normal\">&gt; UBEZPIECZENIE SZK\u00d3D \u015aRODOWISKOWYCH<\/a>\n\t\n<\/div><\/div><\/div><\/div><\/div><\/div><\/div><\/div><div class=\"vc_row wpb_row vc_row-fluid wpb_animate_when_almost_visible wpb_fadeIn fadeIn\"><div class=\"wpb_column vc_column_container vc_col-sm-12 vc_hidden-lg vc_hidden-md\"><div class=\"vc_column-inner\"><div class=\"wpb_wrapper\"><div class=\"vc_row wpb_row vc_inner vc_row-fluid vc_custom_1569482474546\"><div class=\"wpb_column vc_column_container vc_col-sm-6\"><div class=\"vc_column-inner\"><div class=\"wpb_wrapper\">\n\t<div  class=\"wpb_single_image wpb_content_element vc_align_left wpb_content_element\">\n\t\t\n\t\t<figure class=\"wpb_wrapper vc_figure\">\n\t\t\t<div class=\"vc_single_image-wrapper   vc_box_border_grey\"><img loading=\"lazy\" decoding=\"async\" width=\"2560\" height=\"1707\" src=\"https:\/\/www.dhondt-insurance.com\/wp-content\/uploads\/2020\/03\/business-people-working-as-a-team-at-the-office-7M92GWH-scaled.jpg\" class=\"vc_single_image-img attachment-full\" alt=\"\" title=\"Business people working as a team at the office\" srcset=\"https:\/\/www.dhondt-insurance.com\/wp-content\/uploads\/2020\/03\/business-people-working-as-a-team-at-the-office-7M92GWH-scaled.jpg 2560w, https:\/\/www.dhondt-insurance.com\/wp-content\/uploads\/2020\/03\/business-people-working-as-a-team-at-the-office-7M92GWH-300x200.jpg 300w, https:\/\/www.dhondt-insurance.com\/wp-content\/uploads\/2020\/03\/business-people-working-as-a-team-at-the-office-7M92GWH-1024x683.jpg 1024w, https:\/\/www.dhondt-insurance.com\/wp-content\/uploads\/2020\/03\/business-people-working-as-a-team-at-the-office-7M92GWH-768x512.jpg 768w, https:\/\/www.dhondt-insurance.com\/wp-content\/uploads\/2020\/03\/business-people-working-as-a-team-at-the-office-7M92GWH-1536x1024.jpg 1536w, https:\/\/www.dhondt-insurance.com\/wp-content\/uploads\/2020\/03\/business-people-working-as-a-team-at-the-office-7M92GWH-2048x1365.jpg 2048w, https:\/\/www.dhondt-insurance.com\/wp-content\/uploads\/2020\/03\/business-people-working-as-a-team-at-the-office-7M92GWH-600x400.jpg 600w\" sizes=\"auto, (max-width: 2560px) 100vw, 2560px\" \/><\/div>\n\t\t<\/figure>\n\t<\/div>\n<div style=\"background-color:;height: 50px\" class=\"nicdark_section\"><\/div><\/div><\/div><\/div><div class=\"wpb_column vc_column_container vc_col-sm-6\"><div class=\"vc_column-inner\"><div class=\"wpb_wrapper\"> <h2 style=\"color:;padding:px;text-align:;font-size:25px;line-height:40px;letter-spacing: px;font-weight:normal\" class=\"nd_options_text_align_left_responsive_important nd_options_first_font\">Od OC r\u00f3wnie\u017c w zakresie odpowiedzialno\u015bci zawodowej po wycofanie z rynku. W zakresie odpowiedzialno\u015bci cywilnej ubezpieczamy Pa\u0144stwa firm\u0119 we wszystkich jej aspektach.<\/h2> <div style=\"background-color:;height: 50px\" class=\"nicdark_section\"><\/div>\n\t\n\t<a style=\"border: px solid;border-radius:px;letter-spacing:px;line-height:px;font-size:px;background-color:#0077c6;padding:5px 10px;margin:5px;color:#ffffff\" rel=\"\" href=\"https:\/\/www.dhondt-insurance.com\/pl\/ba-uitbating-ba-na-levering\/\" class=\"nicdark_display_inline_block nd_options_float_left nd_options_font_weight_normal\">&gt; OC DLA FIRM I OC PO DOSTAWIE<\/a>\n\t\n<div style=\"background-color:;height: 50pxpx\" class=\"nicdark_section\"><\/div>\n\t\n\t<a style=\"border: px solid;border-radius:px;letter-spacing:px;line-height:px;font-size:px;background-color:#0077c6;padding:5px 10px;margin:5px;color:#ffffff\" rel=\"\" href=\"https:\/\/www.dhondt-insurance.com\/pl\/bestuurdersaansprakelijkheid-do\/\" class=\"nicdark_display_inline_block nd_options_float_left nd_options_font_weight_normal\">&gt;   BESTUURDERSAANSPRAKELIJKHEID (D&amp;O)<\/a>\n\t\n<div style=\"background-color:;height: 50pxpx\" class=\"nicdark_section\"><\/div>\n\t\n\t<a style=\"border: px solid;border-radius:px;letter-spacing:px;line-height:px;font-size:px;background-color:#0077c6;padding:5px 10px;margin:5px;color:#ffffff\" rel=\"\" href=\"https:\/\/www.dhondt-insurance.com\/pl\/beroepsaansprakelijkheid\/\" class=\"nicdark_display_inline_block nd_options_float_left nd_options_font_weight_normal\">&gt; ODPOWIEDZIALNO\u015a\u0106 ZAWODOWA<\/a>\n\t\n<div style=\"background-color:;height: 50pxpx\" class=\"nicdark_section\"><\/div>\n\t\n\t<a style=\"border: px solid;border-radius:px;letter-spacing:px;line-height:px;font-size:px;background-color:#0077c6;padding:5px 10px;margin:5px;color:#ffffff\" rel=\"\" href=\"https:\/\/www.dhondt-insurance.com\/pl\/objectieve-aansprakelijkheid\/\" class=\"nicdark_display_inline_block nd_options_float_left nd_options_font_weight_normal\">&gt; ODPOWIEDZIALNO\u015a\u0106 OBIEKTYWNA<\/a>\n\t\n<div style=\"background-color:;height: 50pxpx\" class=\"nicdark_section\"><\/div>\n\t\n\t<a style=\"border: px solid;border-radius:px;letter-spacing:px;line-height:px;font-size:px;background-color:#0077c6;padding:5px 10px;margin:5px;color:#ffffff\" rel=\"\" href=\"https:\/\/www.dhondt-insurance.com\/pl\/contaminatieverzekering-recall\/\" class=\"nicdark_display_inline_block nd_options_float_left nd_options_font_weight_normal\">&gt; RECALL<\/a>\n\t\n<div style=\"background-color:;height: 50pxpx\" class=\"nicdark_section\"><\/div>\n\t\n\t<a style=\"border: px solid;border-radius:px;letter-spacing:px;line-height:px;font-size:px;background-color:#0077c6;padding:5px 10px;margin:5px;color:#ffffff\" rel=\"\" href=\"https:\/\/www.dhondt-insurance.com\/pl\/milieu-aansprakelijkheidsverzekering\/\" class=\"nicdark_display_inline_block nd_options_float_left nd_options_font_weight_normal\">&gt; UBEZPIECZENIE SZK\u00d3D \u015aRODOWISKOWYCH<\/a>\n\t\n<\/div><\/div><\/div><\/div><\/div><\/div><\/div><\/div><div class=\"vc_row wpb_row vc_row-fluid\"><div class=\"wpb_column vc_column_container vc_col-sm-12\"><div class=\"vc_column-inner\"><div class=\"wpb_wrapper\"><div style=\"background-color:;height: 50px\" class=\"nicdark_section\"><\/div><\/div><\/div><\/div><\/div><div data-vc-full-width=\"true\" data-vc-full-width-init=\"false\" class=\"vc_row wpb_row vc_row-fluid wpb_animate_when_almost_visible wpb_fadeIn fadeIn vc_custom_1644938374005 vc_row-has-fill\"><div class=\"wpb_column vc_column_container vc_col-sm-3\"><div class=\"vc_column-inner\"><div class=\"wpb_wrapper\">\n\t<div class=\"wpb_text_column wpb_content_element\" >\n\t\t<div class=\"wpb_wrapper\">\n\t\t\t<p><span style=\"color: #ffffff;\"><a style=\"color: #ffffff;\" href=\"https:\/\/www.dhondt-insurance.com\/pl\/producten\/\">&lt; Zobacz inne produkty<\/a><\/span><\/p>\n\n\t\t<\/div>\n\t<\/div>\n<\/div><\/div><\/div><div class=\"wpb_column vc_column_container vc_col-sm-6\"><div class=\"vc_column-inner\"><div class=\"wpb_wrapper\"><\/div><\/div><\/div><div class=\"wpb_column vc_column_container vc_col-sm-3\"><div class=\"vc_column-inner\"><div class=\"wpb_wrapper\">\n\t<div class=\"wpb_text_column wpb_content_element\" >\n\t\t<div class=\"wpb_wrapper\">\n\t\t\t<p><a href=\"https:\/\/www.dhondt-insurance.com\/pl\/kantoren\/\"><span style=\"color: #ffffff;\">Skontaktuj si\u0119 z nami &gt;<\/span><\/a><\/p>\n\n\t\t<\/div>\n\t<\/div>\n<\/div><\/div><\/div><\/div><div class=\"vc_row-full-width vc_clearfix\"><\/div>\n<\/div>","protected":false},"excerpt":{"rendered":"&gt; AANSPRAKELIJKHEID Van BA uitbating over beroepsaansprakelijkheid tot recall, op vlak van aansprakelijkheid verzekeren wij uw bedrijf in al z\u2019n facetten. &gt; BA UITBATING &amp; BA NA LEVERING &gt; BESTUURDERSAANSPRAKELIJKHEID (D&amp;O) &gt; BEROEPSAANSPRAKELIJKHEID &gt; OBJECTIEVE AANSPRAKELIJKHEID &gt; RECALL &gt; MILIEU-AANSPRAKELIJKHEIDSVERZEKERING Van BA uitbating over beroepsaansprakelijkheid tot recall, op vlak van aansprakelijkheid verzekeren wij uw bedrijf [...]","protected":false},"author":1,"featured_media":0,"parent":0,"menu_order":0,"comment_status":"closed","ping_status":"closed","template":"","meta":{"footnotes":""},"class_list":["post-3912","page","type-page","status-publish","hentry"],"_links":{"self":[{"href":"https:\/\/www.dhondt-insurance.com\/pl\/wp-json\/wp\/v2\/pages\/3912","targetHints":{"allow":["GET"]}}],"collection":[{"href":"https:\/\/www.dhondt-insurance.com\/pl\/wp-json\/wp\/v2\/pages"}],"about":[{"href":"https:\/\/www.dhondt-insurance.com\/pl\/wp-json\/wp\/v2\/types\/page"}],"author":[{"embeddable":true,"href":"https:\/\/www.dhondt-insurance.com\/pl\/wp-json\/wp\/v2\/users\/1"}],"replies":[{"embeddable":true,"href":"https:\/\/www.dhondt-insurance.com\/pl\/wp-json\/wp\/v2\/comments?post=3912"}],"version-history":[{"count":0,"href":"https:\/\/www.dhondt-insurance.com\/pl\/wp-json\/wp\/v2\/pages\/3912\/revisions"}],"wp:attachment":[{"href":"https:\/\/www.dhondt-insurance.com\/pl\/wp-json\/wp\/v2\/media?parent=3912"}],"curies":[{"name":"wp","href":"https:\/\/api.w.org\/{rel}","templated":true}]}}