{"id":3361,"date":"2020-04-27T14:40:23","date_gmt":"2020-04-27T14:40:23","guid":{"rendered":"http:\/\/dhondt-insurance.com\/?page_id=3361"},"modified":"2022-02-15T16:28:11","modified_gmt":"2022-02-15T16:28:11","slug":"persoonlijke-ongevallenverzekering-voor-sporters","status":"publish","type":"page","link":"https:\/\/www.dhondt-insurance.com\/pl\/persoonlijke-ongevallenverzekering-voor-sporters\/","title":{"rendered":"Persoonlijke ongevallenverzekering voor sporters"},"content":{"rendered":"<div class=\"wpb-content-wrapper\"><div class=\"vc_row wpb_row vc_row-fluid wpb_animate_when_almost_visible wpb_fadeIn fadeIn\"><div class=\"wpb_column vc_column_container vc_col-sm-6\"><div class=\"vc_column-inner\"><div class=\"wpb_wrapper\"><\/div><\/div><\/div><div class=\"wpb_column vc_column_container vc_col-sm-6 vc_hidden-xs vc_col-has-fill\"><div class=\"vc_column-inner vc_custom_1644942449929\"><div class=\"wpb_wrapper\">\n\t<div class=\"wpb_text_column wpb_content_element\" >\n\t\t<div class=\"wpb_wrapper\">\n\t\t\t<h4 style=\"padding-left: 80px;\"><span style=\"color: #ffffff;\"><strong>SPORT<\/strong><\/span><\/h4>\n<p>&nbsp;<\/p>\n<p style=\"padding-left: 80px;\"><a href=\"https:\/\/www.dhondt-insurance.com\/pl\/persoonlijke-ongevallenverzekering-voor-sporters\/\"><span style=\"color: #ffffff;\">&gt; Ubezpieczenie NNW dla sportowc\u00f3w<\/span><\/a><\/p>\n\n\t\t<\/div>\n\t<\/div>\n<\/div><\/div><\/div><\/div><div class=\"vc_row wpb_row vc_row-fluid\"><div class=\"wpb_column vc_column_container vc_col-sm-12\"><div class=\"vc_column-inner\"><div class=\"wpb_wrapper\"><div class=\"vc_row wpb_row vc_inner vc_row-fluid vc_custom_1569482474546\"><div class=\"wpb_column vc_column_container vc_col-sm-12\"><div class=\"vc_column-inner\"><div class=\"wpb_wrapper\"><div style=\"background-color:;height: 50px\" class=\"nicdark_section\"><\/div> <h3 style=\"color:#e8ba22;padding:px;text-align:;font-size:px;line-height:px;letter-spacing: 4px;font-weight:bold\" class=\"nd_options_second_font\">&gt; UBEZPIECZENIE NNW DLA SPORTOWC\u00d3W<\/h3> <div style=\"background-color:;height: 50px\" class=\"nicdark_section\"><\/div><\/div><\/div><\/div><\/div><div class=\"vc_row wpb_row vc_inner vc_row-fluid\"><div class=\"wpb_column vc_column_container vc_col-sm-12\"><div class=\"vc_column-inner\"><div class=\"wpb_wrapper\"><div style=\"background-color:;height: 25px\" class=\"nicdark_section\"><\/div>\n\t<div class=\"wpb_text_column wpb_content_element\" >\n\t\t<div class=\"wpb_wrapper\">\n\t\t\t<p class=\"p1\"><span class=\"s1\"><i>Solidne ubezpieczenie od nast\u0119pstw nieszcz\u0119\u015bliwych wypadk\u00f3w zapewnia bezpiecze\u0144stwo dochod\u00f3w zawodowym pi\u0142karzom i sportowcom. Je\u015bli kontuzja lub choroba uniemo\u017cliwi Pa\u0144stwu na kr\u00f3tki czas uprawianie sportu zawodowego, ubezpieczenie NNW pokryje utrat\u0119 dochod\u00f3w. Nasza polisa obejmuje r\u00f3wnie\u017c przedwczesne zako\u0144czenie kariery zawodowej z tego powodu. <\/i><\/span><\/p>\n\n\t\t<\/div>\n\t<\/div>\n<\/div><\/div><\/div><\/div><div style=\"background-color:;height: 25px\" class=\"nicdark_section\"><\/div><div style=\"background-color:#e8ba22;height: 1px\" class=\"nicdark_section\"><\/div><div class=\"vc_row wpb_row vc_inner vc_row-fluid\"><div class=\"wpb_column vc_column_container vc_col-sm-12\"><div class=\"vc_column-inner\"><div class=\"wpb_wrapper\"><div style=\"background-color:;height: 50px\" class=\"nicdark_section\"><\/div> <p style=\"color:#2d2d2d;padding:px;text-align:;font-size:16px;line-height:px;letter-spacing: px;font-weight:bold\" class=\"\">Gwarancja dochodu dla zawodowych sportowc\u00f3w<\/p> <div style=\"background-color:;height: 50px\" class=\"nicdark_section\"><\/div>\n\t<div class=\"wpb_text_column wpb_content_element\" >\n\t\t<div class=\"wpb_wrapper\">\n\t\t\t<p>Ka\u017cdy zawodowy sportowiec ma nadziej\u0119, \u017ce jego kariera b\u0119dzie pomy\u015blna i nie zak\u0142\u00f3ci jej \u017cadna kontuzja. Gdyby jednak dosz\u0142o do nieszcz\u0119\u015bcia, Pa\u0144stwo i Pa\u0144stwa rodzina b\u0119d\u0105 mogli liczy\u0107 na ubezpieczenie od nast\u0119pstw nieszcz\u0119\u015bliwych wypadk\u00f3w. Otrzymaj\u0105 Pa\u0144stwo wtedy gwarantowany doch\u00f3d przez ca\u0142y okres nieaktywno\u015bci z powodu choroby lub urazu. Wyp\u0142ata z ubezpieczenia przys\u0142uguje Pa\u0144stwu r\u00f3wnie\u017c w sytuacji, gdy nagle stan\u0105 si\u0119 Pa\u0144stwo trwale niezdolni do uprawiania sportu. W przypadku \u015bmierci, rodzinie zostanie wyp\u0142acona kwota, na jak\u0105 opiewa\u0142o ubezpieczenie. S\u0105 Pa\u0144stwo znan\u0105 gwiazd\u0105 sportu lub wschodz\u0105cym talentem? Ka\u017cdy profesjonalny sportowiec odniesie korzy\u015b\u0107 z ubezpieczenia od nast\u0119pstw nieszcz\u0119\u015bliwych wypadk\u00f3w! <span style=\"color: #e8ba22;\"><a style=\"color: #e8ba22;\" href=\"https:\/\/www.dhondt-insurance.com\/pl\/contact\/\">Prosz\u0119 si\u0119 z nami skontaktowa\u0107<\/a><\/span> , aby uzyska\u0107 indywidualn\u0105 ofert\u0119.<\/p>\n\n\t\t<\/div>\n\t<\/div>\n<\/div><\/div><\/div><\/div><div class=\"vc_row wpb_row vc_inner vc_row-fluid vc_custom_1569482474546\"><div class=\"wpb_column vc_column_container vc_col-sm-12\"><div class=\"vc_column-inner\"><div class=\"wpb_wrapper\"><div style=\"background-color:#e8ba22;height: 1px\" class=\"nicdark_section\"><\/div><\/div><\/div><\/div><\/div><div class=\"vc_row wpb_row vc_inner vc_row-fluid vc_custom_1644942488576 vc_row-has-fill\"><div class=\"wpb_column vc_column_container vc_col-sm-12\"><div class=\"vc_column-inner\"><div class=\"wpb_wrapper\"> <p style=\"color:#2d2d2d;padding:px;text-align:;font-size:16px;line-height:px;letter-spacing: px;font-weight:bold\" class=\"\">Co jest obj\u0119te ubezpieczeniem?<\/p> <div style=\"background-color:;height: 25px\" class=\"nicdark_section\"><\/div><div style=\"background-color:;height: 10px\" class=\"nicdark_section\"><\/div>\n\t<div class=\"wpb_text_column wpb_content_element\" >\n\t\t<div class=\"wpb_wrapper\">\n\t\t\t<p><span class=\"s2\"><span style=\"color: #e8ba22;\">Tymczasowa ca\u0142kowita niezdolno\u015b\u0107 do uprawiania sportu:<\/span> wyp\u0142ata dochodu do czasu odzyskania sprawno\u015bci fizycznej<\/span><\/p>\n\n\t\t<\/div>\n\t<\/div>\n<div style=\"background-color:;height: 10px\" class=\"nicdark_section\"><\/div><div style=\"background-color:#f1f1f1;height: 1px\" class=\"nicdark_section\"><\/div><div style=\"background-color:;height: 10px\" class=\"nicdark_section\"><\/div>\n\t<div class=\"wpb_text_column wpb_content_element\" >\n\t\t<div class=\"wpb_wrapper\">\n\t\t\t<p><span class=\"s2\"><span style=\"color: #e8ba22;\">Trwa\u0142a ca\u0142kowita niezdolno\u015b\u0107 do uprawiania sportu: <\/span><\/span>w przypadku wcze\u015bniejszego zako\u0144czenia kariery zawodowej z powodu urazu, wyp\u0142acana jest uzgodniona kwota z ubezpieczenia<\/p>\n\n\t\t<\/div>\n\t<\/div>\n<div style=\"background-color:;height: 10px\" class=\"nicdark_section\"><\/div><div style=\"background-color:#f1f1f1;height: 1px\" class=\"nicdark_section\"><\/div><div style=\"background-color:;height: 10px\" class=\"nicdark_section\"><\/div>\n\t<div class=\"wpb_text_column wpb_content_element\" >\n\t\t<div class=\"wpb_wrapper\">\n\t\t\t<p style=\"text-align: left;\"><span style=\"color: #e8ba22;\">\u015amier\u0107:<\/span> w przypadku nag\u0142ej lub naturalnej \u015bmierci, najbli\u017cszym krewnym zostanie wyp\u0142acona uzgodniona kwota.<\/p>\n\n\t\t<\/div>\n\t<\/div>\n<div style=\"background-color:;height: 10px\" class=\"nicdark_section\"><\/div><\/div><\/div><\/div><\/div><\/div><\/div><\/div><\/div><div data-vc-full-width=\"true\" data-vc-full-width-init=\"false\" class=\"vc_row wpb_row vc_row-fluid wpb_animate_when_almost_visible wpb_fadeIn fadeIn vc_custom_1644942462284 vc_row-has-fill\"><div class=\"wpb_column vc_column_container vc_col-sm-3\"><div class=\"vc_column-inner\"><div class=\"wpb_wrapper\">\n\t<div class=\"wpb_text_column wpb_content_element\" >\n\t\t<div class=\"wpb_wrapper\">\n\t\t\t<p><span style=\"color: #ffffff;\"><a style=\"color: #ffffff;\" href=\"https:\/\/www.dhondt-insurance.com\/pl\/producten\/\">&lt; Zobacz inne produkty<\/a><\/span><\/p>\n\n\t\t<\/div>\n\t<\/div>\n<\/div><\/div><\/div><div class=\"wpb_column vc_column_container vc_col-sm-6\"><div class=\"vc_column-inner\"><div class=\"wpb_wrapper\"><\/div><\/div><\/div><div class=\"wpb_column vc_column_container vc_col-sm-3\"><div class=\"vc_column-inner\"><div class=\"wpb_wrapper\">\n\t<div class=\"wpb_text_column wpb_content_element\" >\n\t\t<div class=\"wpb_wrapper\">\n\t\t\t<p><a href=\"https:\/\/www.dhondt-insurance.com\/pl\/contact\/\"><span style=\"color: #ffffff;\">Skontaktuj si\u0119 z nami &gt;<\/span><\/a><\/p>\n\n\t\t<\/div>\n\t<\/div>\n<\/div><\/div><\/div><\/div><div class=\"vc_row-full-width vc_clearfix\"><\/div>\n<\/div>","protected":false},"excerpt":{"rendered":"SPORT &nbsp; &gt; Persoonlijke ongevallenverzekering voor sporters &gt; PERSOONLIJKE ONGEVALLENVERZEKERING VOOR SPORTERS Een persoonlijke ongevallenverzekering biedt inkomenszekerheid voor professionele voetballers en sporters. Stel dat u een tijdje uw beroepssport niet kunt beoefenen door een blessure of ziekte, dan vangt deze ongevallenverzekering het inkomensverlies op. Ook wanneer uw carri\u00e8re hierdoor vroegtijdig wordt be\u00ebindigd, komt de persoonlijke [...]","protected":false},"author":1,"featured_media":0,"parent":0,"menu_order":0,"comment_status":"closed","ping_status":"closed","template":"","meta":{"footnotes":""},"class_list":["post-3361","page","type-page","status-publish","hentry"],"_links":{"self":[{"href":"https:\/\/www.dhondt-insurance.com\/pl\/wp-json\/wp\/v2\/pages\/3361","targetHints":{"allow":["GET"]}}],"collection":[{"href":"https:\/\/www.dhondt-insurance.com\/pl\/wp-json\/wp\/v2\/pages"}],"about":[{"href":"https:\/\/www.dhondt-insurance.com\/pl\/wp-json\/wp\/v2\/types\/page"}],"author":[{"embeddable":true,"href":"https:\/\/www.dhondt-insurance.com\/pl\/wp-json\/wp\/v2\/users\/1"}],"replies":[{"embeddable":true,"href":"https:\/\/www.dhondt-insurance.com\/pl\/wp-json\/wp\/v2\/comments?post=3361"}],"version-history":[{"count":0,"href":"https:\/\/www.dhondt-insurance.com\/pl\/wp-json\/wp\/v2\/pages\/3361\/revisions"}],"wp:attachment":[{"href":"https:\/\/www.dhondt-insurance.com\/pl\/wp-json\/wp\/v2\/media?parent=3361"}],"curies":[{"name":"wp","href":"https:\/\/api.w.org\/{rel}","templated":true}]}}