{"id":3225,"date":"2020-04-21T10:08:27","date_gmt":"2020-04-21T10:08:27","guid":{"rendered":"http:\/\/dhondt-insurance.com\/?page_id=3225"},"modified":"2022-02-15T16:09:25","modified_gmt":"2022-02-15T16:09:25","slug":"omnium-bus","status":"publish","type":"page","link":"https:\/\/www.dhondt-insurance.com\/pl\/omnium-bus\/","title":{"rendered":"Omnium Bus"},"content":{"rendered":"<div class=\"wpb-content-wrapper\"><div class=\"vc_row wpb_row vc_row-fluid wpb_animate_when_almost_visible wpb_fadeIn fadeIn\"><div class=\"wpb_column vc_column_container vc_col-sm-6\"><div class=\"vc_column-inner\"><div class=\"wpb_wrapper\"><\/div><\/div><\/div><div class=\"wpb_column vc_column_container vc_col-sm-6 vc_hidden-xs vc_col-has-fill\"><div class=\"vc_column-inner vc_custom_1644941298950\"><div class=\"wpb_wrapper\">\n\t<div class=\"wpb_text_column wpb_content_element\" >\n\t\t<div class=\"wpb_wrapper\">\n\t\t\t<h4 style=\"padding-left: 80px;\"><span style=\"color: #ffffff;\"><strong>POJAZDY<\/strong><\/span><\/h4>\n<p>&nbsp;<\/p>\n<p style=\"padding-left: 80px;\"><a href=\"https:\/\/www.dhondt-insurance.com\/pl\/omnium-bus\/\"><span style=\"color: #ffffff;\">&gt; Omnium bus<\/span><\/a><\/p>\n<p style=\"padding-left: 80px;\"><a href=\"https:\/\/www.dhondt-insurance.com\/pl\/ba-bus\/\"><span style=\"color: #ffffff;\">&gt; Ba bus<\/span><\/a><\/p>\n<p style=\"padding-left: 80px;\"><a href=\"https:\/\/www.dhondt-insurance.com\/pl\/ba-voertuig\/\"><span style=\"color: #ffffff;\">&gt; Ba voertuig<\/span><\/a><\/p>\n<p style=\"padding-left: 80px;\"><a href=\"https:\/\/www.dhondt-insurance.com\/pl\/omnium-voertuig\/\"><span style=\"color: #ffffff;\">&gt; Ac pojazdu<\/span><\/a><\/p>\n<p style=\"padding-left: 80px;\"><a href=\"https:\/\/www.dhondt-insurance.com\/pl\/ba-vrachtwagen-trekker\/\"><span style=\"color: #ffffff;\">&gt; Ba vrachtwagen \/ trekker<\/span><\/a><\/p>\n<p style=\"padding-left: 80px;\"><a href=\"https:\/\/www.dhondt-insurance.com\/pl\/omnium-vrachtwagen-trekker\/\"><span style=\"color: #ffffff;\">&gt; Omnium vrachtwagen\/ trekker<\/span><\/a><\/p>\n<p style=\"padding-left: 80px;\"><a href=\"https:\/\/www.dhondt-insurance.com\/pl\/machinebreuk-transport\/\"><span style=\"color: #ffffff;\">&gt; Machinebreuk transport<\/span><\/a><\/p>\n\n\t\t<\/div>\n\t<\/div>\n<\/div><\/div><\/div><\/div><div class=\"vc_row wpb_row vc_row-fluid wpb_animate_when_almost_visible wpb_fadeIn fadeIn\"><div class=\"wpb_column vc_column_container vc_col-sm-12\"><div class=\"vc_column-inner\"><div class=\"wpb_wrapper\"><div class=\"vc_row wpb_row vc_inner vc_row-fluid vc_custom_1569482474546\"><div class=\"wpb_column vc_column_container vc_col-sm-12\"><div class=\"vc_column-inner\"><div class=\"wpb_wrapper\"> <h3 style=\"color:#017e87;padding:px;text-align:;font-size:px;line-height:px;letter-spacing: 4px;font-weight:bold\" class=\"nd_options_second_font\">&gt; AC AUTOBUSU<\/h3> <div style=\"background-color:;height: 50px\" class=\"nicdark_section\"><\/div><\/div><\/div><\/div><\/div><div class=\"vc_row wpb_row vc_inner vc_row-fluid\"><div class=\"wpb_column vc_column_container vc_col-sm-12\"><div class=\"vc_column-inner\"><div class=\"wpb_wrapper\"><div style=\"background-color:;height: 25px\" class=\"nicdark_section\"><\/div>\n\t<div class=\"wpb_text_column wpb_content_element\" >\n\t\t<div class=\"wpb_wrapper\">\n\t\t\t<p><em>Nowy autobus to powa\u017cna inwestycja, wi\u0119c zdecydowanie warto jest zapewni\u0107 mu kompleksowe ubezpieczenie auto casco. Autobusy powinny jak najwi\u0119cej czasu sp\u0119dza\u0107 w trasie, ale ka\u017cdy pokonywany przez nie kilometr niesie ze sob\u0105 ryzyko. Ze wzgl\u0119du na du\u017ce okna tych pojazd\u00f3w, cz\u0119sto zdarzaj\u0105 si\u0119 im te\u017c uszkodzenia szyb. Jest to jedna z wielu szk\u00f3d, kt\u00f3re pokrywa ubezpieczenie AC autobus\u00f3w. <\/em><\/p>\n\n\t\t<\/div>\n\t<\/div>\n<\/div><\/div><\/div><\/div><div style=\"background-color:;height: 25px\" class=\"nicdark_section\"><\/div><div style=\"background-color:#017e87;height: 1px\" class=\"nicdark_section\"><\/div><div class=\"vc_row wpb_row vc_inner vc_row-fluid\"><div class=\"wpb_column vc_column_container vc_col-sm-12\"><div class=\"vc_column-inner\"><div class=\"wpb_wrapper\"><div style=\"background-color:;height: 50px\" class=\"nicdark_section\"><\/div> <p style=\"color:#2d2d2d;padding:px;text-align:;font-size:16px;line-height:px;letter-spacing: px;font-weight:bold\" class=\"\">Ubezpieczenie auto casco dla autobus\u00f3w<\/p> <div style=\"background-color:;height: 50px\" class=\"nicdark_section\"><\/div>\n\t<div class=\"wpb_text_column wpb_content_element\" >\n\t\t<div class=\"wpb_wrapper\">\n\t\t\t<p>Kompleksowe ubezpieczenie AC autobus\u00f3w jest w wi\u0119kszo\u015bci przypadk\u00f3w absolutnie niezb\u0119dne. Wielu du\u017cych zleceniodawc\u00f3w, takich jak De Lijn, wymaga bowiem posiadania ubezpieczenia od po\u017caru. Opr\u00f3cz ubezpieczenia od ognia, ogromn\u0105 korzy\u015bci\u0105 auto casco jest odszkodowanie za szkody w\u0142asne. Ubezpieczenie to dzia\u0142a zgodnie z zasad\u0105 pokrycia z udzia\u0142em w\u0142asnym, zgodnie z kt\u00f3r\u0105 z g\u00f3ry ustalana jest kwota, kt\u00f3ra b\u0119dzie limitem wyp\u0142acanego odszkodowania. W polisie uwzgl\u0119dnione s\u0105 r\u00f3wnie\u017c ewentualne koszty pomocy drogowej i transportu z powrotem do kraju. Ch\u0119tnie przedstawimy ofert\u0119 ubezpieczenia dostosowan\u0105 do potrzeb Pa\u0144stwa firmy przewozowej. <a href=\"https:\/\/www.dhondt-insurance.com\/pl\/contact\/\"><span style=\"color: #017e87;\">Prosz\u0119 si\u0119 z nami skontaktowa\u0107<\/span><\/a>!<\/p>\n\n\t\t<\/div>\n\t<\/div>\n<\/div><\/div><\/div><\/div><div class=\"vc_row wpb_row vc_inner vc_row-fluid vc_custom_1569482474546\"><div class=\"wpb_column vc_column_container vc_col-sm-12\"><div class=\"vc_column-inner\"><div class=\"wpb_wrapper\"><div style=\"background-color:#017e87;height: 1px\" class=\"nicdark_section\"><\/div><\/div><\/div><\/div><\/div><div class=\"vc_row wpb_row vc_inner vc_row-fluid vc_custom_1644941363433 vc_row-has-fill\"><div class=\"wpb_column vc_column_container vc_col-sm-12\"><div class=\"vc_column-inner\"><div class=\"wpb_wrapper\"><div style=\"background-color:;height: 10px\" class=\"nicdark_section\"><\/div> <p style=\"color:#2d2d2d;padding:px;text-align:;font-size:16px;line-height:px;letter-spacing: px;font-weight:bold\" class=\"\">Co jest obj\u0119te ubezpieczeniem?<\/p> <div style=\"background-color:;height: 50px\" class=\"nicdark_section\"><\/div><div style=\"background-color:;height: 10px\" class=\"nicdark_section\"><\/div>\n\t<div class=\"wpb_text_column wpb_content_element\" >\n\t\t<div class=\"wpb_wrapper\">\n\t\t\t<p>Szkody w\u0142asne<\/p>\n\n\t\t<\/div>\n\t<\/div>\n<div style=\"background-color:;height: 10px\" class=\"nicdark_section\"><\/div><div style=\"background-color:#f1f1f1;height: 1px\" class=\"nicdark_section\"><\/div><div style=\"background-color:;height: 10px\" class=\"nicdark_section\"><\/div>\n\t<div class=\"wpb_text_column wpb_content_element\" >\n\t\t<div class=\"wpb_wrapper\">\n\t\t\t<p>Rozbicie szk\u0142a<\/p>\n\n\t\t<\/div>\n\t<\/div>\n<div style=\"background-color:;height: 10px\" class=\"nicdark_section\"><\/div><div style=\"background-color:#f1f1f1;height: 1px\" class=\"nicdark_section\"><\/div><div style=\"background-color:;height: 10px\" class=\"nicdark_section\"><\/div>\n\t<div class=\"wpb_text_column wpb_content_element\" >\n\t\t<div class=\"wpb_wrapper\">\n\t\t\t<p>Po\u017car<\/p>\n\n\t\t<\/div>\n\t<\/div>\n<div style=\"background-color:;height: 10px\" class=\"nicdark_section\"><\/div><div style=\"background-color:#f1f1f1;height: 1px\" class=\"nicdark_section\"><\/div><div style=\"background-color:;height: 10px\" class=\"nicdark_section\"><\/div>\n\t<div class=\"wpb_text_column wpb_content_element\" >\n\t\t<div class=\"wpb_wrapper\">\n\t\t\t<p>Kradzie\u017c<\/p>\n\n\t\t<\/div>\n\t<\/div>\n<div style=\"background-color:;height: 10px\" class=\"nicdark_section\"><\/div><div style=\"background-color:#f1f1f1;height: 1px\" class=\"nicdark_section\"><\/div><div style=\"background-color:;height: 10px\" class=\"nicdark_section\"><\/div>\n\t<div class=\"wpb_text_column wpb_content_element\" >\n\t\t<div class=\"wpb_wrapper\">\n\t\t\t<p>Szkody spowodowane przez si\u0142y natury<\/p>\n\n\t\t<\/div>\n\t<\/div>\n<div style=\"background-color:;height: 45px\" class=\"nicdark_section\"><\/div>\n\t<div class=\"wpb_text_column wpb_content_element\" >\n\t\t<div class=\"wpb_wrapper\">\n\t\t\t<p>Mo\u017cliwe jest r\u00f3wnie\u017c wykupienie ma\u0142ego AC (nie obejmuje ono szk\u00f3d w\u0142asnych).<\/p>\n\n\t\t<\/div>\n\t<\/div>\n<\/div><\/div><\/div><\/div><\/div><\/div><\/div><\/div><div data-vc-full-width=\"true\" data-vc-full-width-init=\"false\" class=\"vc_row wpb_row vc_row-fluid wpb_animate_when_almost_visible wpb_fadeIn fadeIn vc_custom_1644941323318 vc_row-has-fill\"><div class=\"wpb_column vc_column_container vc_col-sm-3\"><div class=\"vc_column-inner\"><div class=\"wpb_wrapper\">\n\t<div class=\"wpb_text_column wpb_content_element\" >\n\t\t<div class=\"wpb_wrapper\">\n\t\t\t<p><span style=\"color: #ffffff;\"><a style=\"color: #ffffff;\" href=\"https:\/\/www.dhondt-insurance.com\/pl\/producten\/\">&lt; Zobacz inne produkty<\/a><\/span><\/p>\n\n\t\t<\/div>\n\t<\/div>\n<\/div><\/div><\/div><div class=\"wpb_column vc_column_container vc_col-sm-6\"><div class=\"vc_column-inner\"><div class=\"wpb_wrapper\"><\/div><\/div><\/div><div class=\"wpb_column vc_column_container vc_col-sm-3\"><div class=\"vc_column-inner\"><div class=\"wpb_wrapper\">\n\t<div class=\"wpb_text_column wpb_content_element\" >\n\t\t<div class=\"wpb_wrapper\">\n\t\t\t<p><a href=\"https:\/\/www.dhondt-insurance.com\/pl\/contact\/\"><span style=\"color: #ffffff;\">Skontaktuj si\u0119 z nami &gt;<\/span><\/a><\/p>\n\n\t\t<\/div>\n\t<\/div>\n<\/div><\/div><\/div><\/div><div class=\"vc_row-full-width vc_clearfix\"><\/div>\n<\/div>","protected":false},"excerpt":{"rendered":"VOERTUIGEN &nbsp; &gt; Omnium bus &gt; Ba bus &gt; Ba voertuig &gt; Omnium voertuig &gt; Ba vrachtwagen \/ trekker &gt; Omnium vrachtwagen\/ trekker &gt; Machinebreuk transport &gt; OMNIUM BUS Een nieuwe bus vergt een serieuze investering, waardoor een omniumverzekering zeker aan te raden is. Een autocar is liefst zoveel mogelijk onderweg en die vele kilometers [...]","protected":false},"author":1,"featured_media":0,"parent":0,"menu_order":0,"comment_status":"closed","ping_status":"closed","template":"","meta":{"footnotes":""},"class_list":["post-3225","page","type-page","status-publish","hentry"],"_links":{"self":[{"href":"https:\/\/www.dhondt-insurance.com\/pl\/wp-json\/wp\/v2\/pages\/3225","targetHints":{"allow":["GET"]}}],"collection":[{"href":"https:\/\/www.dhondt-insurance.com\/pl\/wp-json\/wp\/v2\/pages"}],"about":[{"href":"https:\/\/www.dhondt-insurance.com\/pl\/wp-json\/wp\/v2\/types\/page"}],"author":[{"embeddable":true,"href":"https:\/\/www.dhondt-insurance.com\/pl\/wp-json\/wp\/v2\/users\/1"}],"replies":[{"embeddable":true,"href":"https:\/\/www.dhondt-insurance.com\/pl\/wp-json\/wp\/v2\/comments?post=3225"}],"version-history":[{"count":0,"href":"https:\/\/www.dhondt-insurance.com\/pl\/wp-json\/wp\/v2\/pages\/3225\/revisions"}],"wp:attachment":[{"href":"https:\/\/www.dhondt-insurance.com\/pl\/wp-json\/wp\/v2\/media?parent=3225"}],"curies":[{"name":"wp","href":"https:\/\/api.w.org\/{rel}","templated":true}]}}