{"id":3060,"date":"2020-04-07T14:00:30","date_gmt":"2020-04-07T14:00:30","guid":{"rendered":"http:\/\/dhondt-insurance.com\/?page_id=3060"},"modified":"2022-02-15T16:22:07","modified_gmt":"2022-02-15T16:22:07","slug":"cyberverzekering","status":"publish","type":"page","link":"https:\/\/www.dhondt-insurance.com\/pl\/cyberverzekering\/","title":{"rendered":"Cyberverzekering"},"content":{"rendered":"<div class=\"wpb-content-wrapper\"><div class=\"vc_row wpb_row vc_row-fluid wpb_animate_when_almost_visible wpb_fadeIn fadeIn\"><div class=\"wpb_column vc_column_container vc_col-sm-6\"><div class=\"vc_column-inner\"><div class=\"wpb_wrapper\"><\/div><\/div><\/div><div class=\"wpb_column vc_column_container vc_col-sm-6 vc_hidden-xs vc_col-has-fill\"><div class=\"vc_column-inner vc_custom_1644942046373\"><div class=\"wpb_wrapper\">\n\t<div class=\"wpb_text_column wpb_content_element\" >\n\t\t<div class=\"wpb_wrapper\">\n\t\t\t<h4 style=\"padding-left: 80px;\"><span style=\"color: #ffffff;\"><strong>RYZYKA CYBERNETYCZNE<\/strong><\/span><\/h4>\n<p>&nbsp;<\/p>\n<p style=\"padding-left: 80px;\"><a href=\"https:\/\/www.dhondt-insurance.com\/pl\/cyberverzekering\/\"><span style=\"color: #ffffff;\">&gt;Ubezpieczenie od ryzyk cybernetycznych<\/span><\/a><\/p>\n\n\t\t<\/div>\n\t<\/div>\n<\/div><\/div><\/div><\/div><div class=\"vc_row wpb_row vc_row-fluid wpb_animate_when_almost_visible wpb_fadeIn fadeIn\"><div class=\"wpb_column vc_column_container vc_col-sm-12\"><div class=\"vc_column-inner\"><div class=\"wpb_wrapper\"><div class=\"vc_row wpb_row vc_inner vc_row-fluid vc_custom_1569482474546\"><div class=\"wpb_column vc_column_container vc_col-sm-12\"><div class=\"vc_column-inner\"><div class=\"wpb_wrapper\"> <h3 style=\"color:#a33c73;padding:px;text-align:;font-size:px;line-height:px;letter-spacing: 4px;font-weight:bold\" class=\"nd_options_second_font\">&gt; UBEZPIECZENIE OD RYZYK CYBERNETYCZNYCH<\/h3> <div style=\"background-color:;height: 50px\" class=\"nicdark_section\"><\/div><\/div><\/div><\/div><\/div><div style=\"background-color:;height: 10px\" class=\"nicdark_section\"><\/div><div class=\"vc_row wpb_row vc_inner vc_row-fluid\"><div class=\"wpb_column vc_column_container vc_col-sm-12\"><div class=\"vc_column-inner\"><div class=\"wpb_wrapper\"><div style=\"background-color:;height: 25px\" class=\"nicdark_section\"><\/div>\n\t<div class=\"wpb_text_column wpb_content_element\" >\n\t\t<div class=\"wpb_wrapper\">\n\t\t\t<p class=\"p1\"><span class=\"s1\"><i>W naszym cyfrowym spo\u0142ecze\u0144stwie coraz powszechniejsze staj\u0105 si\u0119 cyberataki na firmy, nawet na te najmniejsze. Ich skutki mog\u0105 by\u0107 powa\u017cne: wstrzymanie produkcji, mo\u017cliwo\u015b\u0107 pojawienia si\u0119 \u017c\u0105da\u0144 okupu, zagro\u017cenie niezawodno\u015bci i renomy firmy itd. Ubezpieczenie od ryzyk cybernetycznych zapewni w\u00f3wczas Pa\u0144stwa firmie wsparcie w r\u00f3\u017cnych obszarach i pomo\u017ce jej w powrocie do normalnej dzia\u0142alno\u015bci. <\/i><\/span><\/p>\n\n\t\t<\/div>\n\t<\/div>\n<\/div><\/div><\/div><\/div><div style=\"background-color:;height: 25px\" class=\"nicdark_section\"><\/div><div style=\"background-color:#a33c73;height: 1px\" class=\"nicdark_section\"><\/div><div class=\"vc_row wpb_row vc_inner vc_row-fluid\"><div class=\"wpb_column vc_column_container vc_col-sm-12\"><div class=\"vc_column-inner\"><div class=\"wpb_wrapper\"><div style=\"background-color:;height: 50px\" class=\"nicdark_section\"><\/div> <p style=\"color:#000000;padding:px;text-align:;font-size:16px;line-height:px;letter-spacing: px;font-weight:bold\" class=\"nd_options_second_font\">Ubezpieczenie od ryzyk cybernetycznych, kt\u00f3re \u0142\u0105czy pomoc i ochron\u0119 finansow\u0105<\/p> <div style=\"background-color:;height: 50px\" class=\"nicdark_section\"><\/div>\n\t<div class=\"wpb_text_column wpb_content_element\" >\n\t\t<div class=\"wpb_wrapper\">\n\t\t\t<p class=\"p1\"><span class=\"s1\">Nasze ubezpieczenie od ryzyk cybernetycznych to bardzo unikalne rozwi\u0105zanie, kt\u00f3ra wspomaga Pa\u0144stwa firm\u0119 w trzech obszarach.<\/span><\/p>\n<p>&nbsp;<\/p>\n<p>&nbsp;<\/p>\n<h6 class=\"p1\"><span class=\"s1\"><b>1. Codzienna, ca\u0142odobowa pomoc<\/b><\/span><\/h6>\n<p>&nbsp;<\/p>\n<p class=\"p1\"><span class=\"s1\">Nasza linia pomocy jest dost\u0119pna ca\u0142odobowo przez ca\u0142y tydzie\u0144 i zajmie si\u0119 rozwi\u0105zaniem Pa\u0144stwa problemu w razie cyberataku. Postaramy si\u0119 maksymalnie ograniczy\u0107 szkody, zapewniaj\u0105c Pa\u0144stwu wsparcie techniczne i anga\u017cuj\u0105c do pomocy ekspert\u00f3w z dziedziny IT, prawa i PR.<\/span><\/p>\n<p>&nbsp;<\/p>\n<h6 class=\"p1\"><span class=\"s1\"><b>2. Odszkodowanie za szkody w\u0142asne<\/b><\/span><\/h6>\n<p>&nbsp;<\/p>\n<p class=\"p1\"><span class=\"s1\">Polisa zapewnia wiele r\u00f3\u017cnych odszkodowa\u0144. Mog\u0105 to by\u0107 zar\u00f3wno koszty odzyskania danych, jak i odszkodowanie za cyberkradzie\u017c. Pokrywane s\u0105 r\u00f3wnie\u017c koszty administracyjne i straty ekonomiczne spowodowane przestojem.<\/span><\/p>\n<p>&nbsp;<\/p>\n<h6 class=\"p1\"><span class=\"s1\"><b>3. Odszkodowanie za szkody wyrz\u0105dzone osobom trzecim<\/b><\/span><\/h6>\n<p>&nbsp;<\/p>\n<p class=\"p1\"><span class=\"s1\">Mog\u0105 Pa\u0144stwo zosta\u0107 poci\u0105gni\u0119ci do odpowiedzialno\u015bci za szkody poniesione przez osoby trzecie w wyniku cyberataku na Pa\u0144stwa firm\u0119, np. w zwi\u0105zku z utrat\u0105 danych osobowych. Ubezpieczenie pokryje r\u00f3wnie\u017c koszty tego rodzaju roszcze\u0144.<\/span><\/p>\n<p>&nbsp;<\/p>\n<p class=\"p2\"><span class=\"s1\">Chc\u0105 sobie Pa\u0144stwo zapewni\u0107 ochron\u0119 na wypadek cyberatak\u00f3w? <\/span><a href=\"https:\/\/www.dhondt-insurance.com\/pl\/contact\/\"><span style=\"color: #a33c73;\">Prosz\u0119 si\u0119 z nami skontaktowa\u0107 <\/span><\/a>, aby otrzyma\u0107 ubezpieczenie od ryzyk cybernetycznych idealnie dostosowane do Pa\u0144stwa dzia\u0142alno\u015bci!<\/p>\n\n\t\t<\/div>\n\t<\/div>\n<\/div><\/div><\/div><\/div><div class=\"vc_row wpb_row vc_inner vc_row-fluid vc_custom_1569482474546\"><div class=\"wpb_column vc_column_container vc_col-sm-12\"><div class=\"vc_column-inner\"><div class=\"wpb_wrapper\"><div style=\"background-color:#a33c73;height: 1px\" class=\"nicdark_section\"><\/div><\/div><\/div><\/div><\/div><div class=\"vc_row wpb_row vc_inner vc_row-fluid vc_custom_1644942125255 vc_row-has-fill\"><div class=\"wpb_column vc_column_container vc_col-sm-12\"><div class=\"vc_column-inner\"><div class=\"wpb_wrapper\"> <p style=\"color:#2d2d2d;padding:px;text-align:;font-size:16px;line-height:px;letter-spacing: px;font-weight:bold\" class=\"\">Co jest obj\u0119te ubezpieczeniem?<\/p> <div style=\"background-color:;height: 25px\" class=\"nicdark_section\"><\/div><div style=\"background-color:;height: 10px\" class=\"nicdark_section\"><\/div>\n\t<div class=\"wpb_text_column wpb_content_element\" >\n\t\t<div class=\"wpb_wrapper\">\n\t\t\t<p><span class=\"s2\"><span style=\"color: #a33c73;\">Cyfrowa kampania prewencyjna:<\/span> pe\u0142na analiza ryzyka dotycz\u0105ca istniej\u0105cej sieci przeprowadzona przez ekspert\u00f3w<\/span><\/p>\n\n\t\t<\/div>\n\t<\/div>\n<div style=\"background-color:;height: 10px\" class=\"nicdark_section\"><\/div><div style=\"background-color:#f1f1f1;height: 1px\" class=\"nicdark_section\"><\/div><div style=\"background-color:;height: 10px\" class=\"nicdark_section\"><\/div>\n\t<div class=\"wpb_text_column wpb_content_element\" >\n\t\t<div class=\"wpb_wrapper\">\n\t\t\t<p><span style=\"color: #993366;\">Zarz\u0105dzanie incydentami:<\/span><\/p>\n<ul>\n<li style=\"list-style-type: none;\">\n<ul>\n<li><span class=\"s2\">Zwrot koszt\u00f3w <span style=\"color: #a33c73;\">us\u0142ug z zakresu prawa, IT i PR<\/span> potrzebnych w celu ograniczenia i naprawienia szkody (w reputacji firmy)<\/span><\/li>\n<li><span class=\"s2\">Pokrycie <span style=\"color: #a33c73;\">koszt\u00f3w naprawy<\/span> nieczytelnych danych lub oprogramowania<\/span><\/li>\n<li><span class=\"s2\">Zwrot koszt\u00f3w zwi\u0105zanych z <span style=\"color: #a33c73;\">wykryciem wycieku danych<\/span> i powiadomieniem os\u00f3b, kt\u00f3rych dotycz\u0105 te dane<\/span><\/li>\n<\/ul>\n<\/li>\n<\/ul>\n\n\t\t<\/div>\n\t<\/div>\n<div style=\"background-color:;height: 10px\" class=\"nicdark_section\"><\/div><div style=\"background-color:#f1f1f1;height: 1px\" class=\"nicdark_section\"><\/div><div style=\"background-color:;height: 10px\" class=\"nicdark_section\"><\/div>\n\t<div class=\"wpb_text_column wpb_content_element\" >\n\t\t<div class=\"wpb_wrapper\">\n\t\t\t<p><span class=\"s2\"><span style=\"color: #993366;\">Kary finansowe:<\/span> pokrycie na\u0142o\u017conych kar finansowych, np. kar za naruszenie ochrony prywatno\u015bci, w przypadku nieodpowiedniego zabezpieczenia danych<\/span><\/p>\n\n\t\t<\/div>\n\t<\/div>\n<div style=\"background-color:;height: 10px\" class=\"nicdark_section\"><\/div><div style=\"background-color:#f1f1f1;height: 1px\" class=\"nicdark_section\"><\/div><div style=\"background-color:;height: 10px\" class=\"nicdark_section\"><\/div>\n\t<div class=\"wpb_text_column wpb_content_element\" >\n\t\t<div class=\"wpb_wrapper\">\n\t\t\t<p><span class=\"s2\"><span style=\"color: #993366;\">Przerwa w dzia\u0142aniu sieci:<\/span> pokrycie szk\u00f3d w dzia\u0142alno\u015bci spowodowanych przestojem<\/span><\/p>\n\n\t\t<\/div>\n\t<\/div>\n<div style=\"background-color:;height: 10px\" class=\"nicdark_section\"><\/div><div style=\"background-color:#f1f1f1;height: 1px\" class=\"nicdark_section\"><\/div><div style=\"background-color:;height: 10px\" class=\"nicdark_section\"><\/div>\n\t<div class=\"wpb_text_column wpb_content_element\" >\n\t\t<div class=\"wpb_wrapper\">\n\t\t\t<p><span class=\"s2\"><span style=\"color: #993366;\">Odpowiedzialno\u015b\u0107:<\/span> odszkodowanie za szkody wyrz\u0105dzone osobom trzecim i zwi\u0105zane z tym koszty obrony<\/span><\/p>\n\n\t\t<\/div>\n\t<\/div>\n<div style=\"background-color:;height: 10px\" class=\"nicdark_section\"><\/div><div style=\"background-color:#f1f1f1;height: 1px\" class=\"nicdark_section\"><\/div><div style=\"background-color:;height: 10px\" class=\"nicdark_section\"><\/div>\n\t<div class=\"wpb_text_column wpb_content_element\" >\n\t\t<div class=\"wpb_wrapper\">\n\t\t\t<p><span class=\"s2\"><span style=\"color: #993366;\">Naruszenia cyfrowe:<\/span> koszty obrony prawnej w przypadku nieuprawnionego udost\u0119pniania w\u0142asno\u015bci intelektualnej (kwestie zwi\u0105zane z RODO)<\/span><\/p>\n\n\t\t<\/div>\n\t<\/div>\n<div style=\"background-color:;height: 10px\" class=\"nicdark_section\"><\/div><div style=\"background-color:#f1f1f1;height: 1px\" class=\"nicdark_section\"><\/div><div style=\"background-color:;height: 10px\" class=\"nicdark_section\"><\/div>\n\t<div class=\"wpb_text_column wpb_content_element\" >\n\t\t<div class=\"wpb_wrapper\">\n\t\t\t<p><span class=\"s2\"><span style=\"color: #993366;\">Wymuszenia cybernetyczne\/dotycz\u0105ce danych osobowych:<\/span> pomoc w negocjacjach, zabezpieczeniu i dalszym rozwi\u0105zaniu sprawy<\/span><\/p>\n\n\t\t<\/div>\n\t<\/div>\n<div style=\"background-color:;height: 10px\" class=\"nicdark_section\"><\/div><div style=\"background-color:#f1f1f1;height: 1px\" class=\"nicdark_section\"><\/div><div style=\"background-color:;height: 10px\" class=\"nicdark_section\"><\/div>\n\t<div class=\"wpb_text_column wpb_content_element\" >\n\t\t<div class=\"wpb_wrapper\">\n\t\t\t<p><span class=\"s2\"><span style=\"color: #993366;\">W\u0142amanie do telefonu:<\/span> zwrot koszt\u00f3w w przypadku nadmiernych op\u0142at za po\u0142\u0105czenia telefoniczne, do jakich dosz\u0142o w wyniku nieuprawnionego dost\u0119pu <\/span><\/p>\n\n\t\t<\/div>\n\t<\/div>\n<div style=\"background-color:;height: 10px\" class=\"nicdark_section\"><\/div><div style=\"background-color:#f1f1f1;height: 1px\" class=\"nicdark_section\"><\/div><div style=\"background-color:;height: 10px\" class=\"nicdark_section\"><\/div>\n\t<div class=\"wpb_text_column wpb_content_element\" >\n\t\t<div class=\"wpb_wrapper\">\n\t\t\t<p><span class=\"s2\"><span style=\"color: #993366;\">Cyberkradzie\u017c:<\/span> pokrycie szk\u00f3d w przypadku utraty pieni\u0119dzy lub towar\u00f3w w wyniku kradzie\u017cy cybernetycznej<\/span><\/p>\n\n\t\t<\/div>\n\t<\/div>\n<div style=\"background-color:;height: 10px\" class=\"nicdark_section\"><\/div><\/div><\/div><\/div><\/div><\/div><\/div><\/div><\/div><div data-vc-full-width=\"true\" data-vc-full-width-init=\"false\" class=\"vc_row wpb_row vc_row-fluid wpb_animate_when_almost_visible wpb_fadeIn fadeIn vc_custom_1644942059507 vc_row-has-fill\"><div class=\"wpb_column vc_column_container vc_col-sm-12\"><div class=\"vc_column-inner\"><div class=\"wpb_wrapper\"><div class=\"vc_row wpb_row vc_inner vc_row-fluid\"><div class=\"wpb_column vc_column_container vc_col-sm-3\"><div class=\"vc_column-inner\"><div class=\"wpb_wrapper\">\n\t<div class=\"wpb_text_column wpb_content_element\" >\n\t\t<div class=\"wpb_wrapper\">\n\t\t\t<p><span style=\"color: #ffffff;\"><a style=\"color: #ffffff;\" href=\"https:\/\/www.dhondt-insurance.com\/pl\/producten\/\">&lt; Zobacz inne produkty<\/a><\/span><\/p>\n\n\t\t<\/div>\n\t<\/div>\n<\/div><\/div><\/div><div class=\"wpb_column vc_column_container vc_col-sm-6\"><div class=\"vc_column-inner\"><div class=\"wpb_wrapper\"><\/div><\/div><\/div><div class=\"wpb_column vc_column_container vc_col-sm-3\"><div class=\"vc_column-inner\"><div class=\"wpb_wrapper\">\n\t<div class=\"wpb_text_column wpb_content_element\" >\n\t\t<div class=\"wpb_wrapper\">\n\t\t\t<p><a href=\"https:\/\/www.dhondt-insurance.com\/pl\/contact\/\"><span style=\"color: #ffffff;\">Skontaktuj si\u0119 z nami &gt;<\/span><\/a><\/p>\n\n\t\t<\/div>\n\t<\/div>\n<\/div><\/div><\/div><\/div><\/div><\/div><\/div><\/div><div class=\"vc_row-full-width vc_clearfix\"><\/div>\n<\/div>","protected":false},"excerpt":{"rendered":"CYBER &nbsp; &gt; Cyberverzekering &gt; CYBERVERZEKERING In onze digitale samenleving komen cyberaanvallen op bedrijven jammer genoeg steeds vaker voor, ook bij kleine bedrijven. De gevolgen zijn niet te onderschatten: de productie valt stil, er wordt losgeld ge\u00ebist, betrouwbaarheid krijgt een deuk, \u2026 Een cyberverzekering biedt ondersteuning op verschillende vlakken en helpt uw bedrijf er weer [...]","protected":false},"author":1,"featured_media":0,"parent":0,"menu_order":0,"comment_status":"closed","ping_status":"closed","template":"","meta":{"footnotes":""},"class_list":["post-3060","page","type-page","status-publish","hentry"],"_links":{"self":[{"href":"https:\/\/www.dhondt-insurance.com\/pl\/wp-json\/wp\/v2\/pages\/3060","targetHints":{"allow":["GET"]}}],"collection":[{"href":"https:\/\/www.dhondt-insurance.com\/pl\/wp-json\/wp\/v2\/pages"}],"about":[{"href":"https:\/\/www.dhondt-insurance.com\/pl\/wp-json\/wp\/v2\/types\/page"}],"author":[{"embeddable":true,"href":"https:\/\/www.dhondt-insurance.com\/pl\/wp-json\/wp\/v2\/users\/1"}],"replies":[{"embeddable":true,"href":"https:\/\/www.dhondt-insurance.com\/pl\/wp-json\/wp\/v2\/comments?post=3060"}],"version-history":[{"count":0,"href":"https:\/\/www.dhondt-insurance.com\/pl\/wp-json\/wp\/v2\/pages\/3060\/revisions"}],"wp:attachment":[{"href":"https:\/\/www.dhondt-insurance.com\/pl\/wp-json\/wp\/v2\/media?parent=3060"}],"curies":[{"name":"wp","href":"https:\/\/api.w.org\/{rel}","templated":true}]}}