{"id":3048,"date":"2020-04-07T13:54:18","date_gmt":"2020-04-07T13:54:18","guid":{"rendered":"http:\/\/dhondt-insurance.com\/?page_id=3048"},"modified":"2022-02-15T16:13:59","modified_gmt":"2022-02-15T16:13:59","slug":"cmr","status":"publish","type":"page","link":"https:\/\/www.dhondt-insurance.com\/pl\/cmr\/","title":{"rendered":"CMR"},"content":{"rendered":"<div class=\"wpb-content-wrapper\"><div class=\"vc_row wpb_row vc_row-fluid wpb_animate_when_almost_visible wpb_fadeIn fadeIn\"><div class=\"wpb_column vc_column_container vc_col-sm-6\"><div class=\"vc_column-inner\"><div class=\"wpb_wrapper\"><\/div><\/div><\/div><div class=\"wpb_column vc_column_container vc_col-sm-6 vc_hidden-xs vc_col-has-fill\"><div class=\"vc_column-inner vc_custom_1644941598125\"><div class=\"wpb_wrapper\">\n\t<div class=\"wpb_text_column wpb_content_element\" >\n\t\t<div class=\"wpb_wrapper\">\n\t\t\t<h4 style=\"padding-left: 80px;\"><span style=\"color: #ffffff;\"><strong>POJAZDY<\/strong><\/span><\/h4>\n<p>&nbsp;<\/p>\n<h4><\/h4>\n<h4 style=\"padding-left: 80px;\"><\/h4>\n<p style=\"padding-left: 80px;\"><a href=\"https:\/\/www.dhondt-insurance.com\/pl\/cmr\/\"><span style=\"color: #ffffff;\">&gt; Oc przewo\u017cnika (CMR)<\/span><\/a><\/p>\n<p style=\"padding-left: 80px;\"><a href=\"https:\/\/www.dhondt-insurance.com\/pl\/tca-trailer-containeraansprakelijkheid\/\"><span style=\"color: #ffffff;\">&gt; Oc naczepy\/kontenera<\/span><\/a><\/p>\n<p style=\"padding-left: 80px;\"><a href=\"https:\/\/www.dhondt-insurance.com\/pl\/lpp-logistieke-protectiepolis\/\"><span style=\"color: #ffffff;\">&gt; LPP: polisa ochronna dla logistyki<\/span><\/a><\/p>\n\n\t\t<\/div>\n\t<\/div>\n<\/div><\/div><\/div><\/div><div class=\"vc_row wpb_row vc_row-fluid wpb_animate_when_almost_visible wpb_fadeIn fadeIn\"><div class=\"wpb_column vc_column_container vc_col-sm-12\"><div class=\"vc_column-inner\"><div class=\"wpb_wrapper\"><div class=\"vc_row wpb_row vc_inner vc_row-fluid vc_custom_1569482474546\"><div class=\"wpb_column vc_column_container vc_col-sm-12\"><div class=\"vc_column-inner\"><div class=\"wpb_wrapper\"> <h3 style=\"color:#01919b;padding:px;text-align:;font-size:px;line-height:px;letter-spacing: 4px;font-weight:bold\" class=\"nd_options_second_font\">&gt; Oc przewo\u017cnika (CMR)<\/h3> <div style=\"background-color:;height: 50px\" class=\"nicdark_section\"><\/div><\/div><\/div><\/div><\/div><div class=\"vc_row wpb_row vc_inner vc_row-fluid\"><div class=\"wpb_column vc_column_container vc_col-sm-12\"><div class=\"vc_column-inner\"><div class=\"wpb_wrapper\"><div style=\"background-color:;height: 25px\" class=\"nicdark_section\"><\/div>\n\t<div class=\"wpb_text_column wpb_content_element\" >\n\t\t<div class=\"wpb_wrapper\">\n\t\t\t<p><em>Maj\u0105 Pa\u0144stwo firm\u0119 transportow\u0105 przewo\u017c\u0105c\u0105 towary w kraju i\/lub za granic\u0105? A wi\u0119c musz\u0105 Pa\u0144stwo posiada\u0107 ubezpieczenie OC przewo\u017anika (CMR). Polisa ta zapewnia pomoc w przypadku uszkodzenia, zagubienia, kradzie\u017cy itp. przez czas, przez kt\u00f3ry s\u0105 Pa\u0144stwo odpowiedzialni za przewo\u017cony towar. <\/em><\/p>\n\n\t\t<\/div>\n\t<\/div>\n<\/div><\/div><\/div><\/div><div style=\"background-color:;height: 25px\" class=\"nicdark_section\"><\/div><div style=\"background-color:#01919b;height: 1px\" class=\"nicdark_section\"><\/div><div class=\"vc_row wpb_row vc_inner vc_row-fluid\"><div class=\"wpb_column vc_column_container vc_col-sm-12\"><div class=\"vc_column-inner\"><div class=\"wpb_wrapper\"><div style=\"background-color:;height: 50px\" class=\"nicdark_section\"><\/div> <p style=\"color:#2d2d2d;padding:px;text-align:;font-size:16px;line-height:px;letter-spacing: px;font-weight:bold\" class=\"\">Dostosowane do ka\u017cdego rodzaju transportu<\/p> <div style=\"background-color:;height: 35px\" class=\"nicdark_section\"><\/div>\n\t<div class=\"wpb_text_column wpb_content_element\" >\n\t\t<div class=\"wpb_wrapper\">\n\t\t\t<p>Ubezpieczenie to obejmuje odpowiedzialno\u015b\u0107 cywiln\u0105 przewo\u017anika zgodnie z przepisami CMR lub podobnymi regulacjami prawnymi obowi\u0105zuj\u0105cymi w chwili powstania szkody. Uszkodzenia, op\u00f3\u017anienia w dostawie, czy te\u017c kradzie\u017c \u2013 to tylko niekt\u00f3re ze zdarze\u0144, kt\u00f3re wchodz\u0105 w zakres ubezpieczenia. Mog\u0105 te\u017c Pa\u0144stwo p\u00f3j\u015b\u0107 o krok dalej i opr\u00f3cz standardowego zakresu ubezpieczenia zapewni\u0107 sobie pokrycie szk\u00f3d na wypadek powa\u017cnego b\u0142\u0119du lub kradzie\u017cy \u0142adunku w odczepionych naczepach (z zastrze\u017ceniem wy\u017cszego udzia\u0142u w\u0142asnego). Przewo\u017c\u0105 Pa\u0144stwo \u0142adunki jednostkowe, masowe lub sch\u0142odzone? <span style=\"color: #01919b;\"><a style=\"color: #01919b;\" href=\"https:\/\/www.dhondt-insurance.com\/pl\/contact\/\">Prosz\u0119 si\u0119 z nami skontaktowa\u0107<\/a><\/span> , aby otrzyma\u0107 ofert\u0119 idealnie dostosowan\u0105 do Pa\u0144stwa dzia\u0142alno\u015bci.<\/p>\n\n\t\t<\/div>\n\t<\/div>\n<\/div><\/div><\/div><\/div><div class=\"vc_row wpb_row vc_inner vc_row-fluid vc_custom_1569482474546\"><div class=\"wpb_column vc_column_container vc_col-sm-12\"><div class=\"vc_column-inner\"><div class=\"wpb_wrapper\"><div style=\"background-color:#01919b;height: 1px\" class=\"nicdark_section\"><\/div><\/div><\/div><\/div><\/div><div class=\"vc_row wpb_row vc_inner vc_row-fluid vc_custom_1644941636903 vc_row-has-fill\"><div class=\"wpb_column vc_column_container vc_col-sm-12\"><div class=\"vc_column-inner\"><div class=\"wpb_wrapper\"> <p style=\"color:#2d2d2d;padding:px;text-align:;font-size:16px;line-height:px;letter-spacing: px;font-weight:bold\" class=\"\">Co jest obj\u0119te ubezpieczeniem?<\/p> <div style=\"background-color:;height: 25px\" class=\"nicdark_section\"><\/div><div style=\"background-color:;height: 10px\" class=\"nicdark_section\"><\/div>\n\t<div class=\"wpb_text_column wpb_content_element\" >\n\t\t<div class=\"wpb_wrapper\">\n\t\t\t<p><span style=\"color: #01919b;\">Uszkodzenie lub utrata<\/span> przewo\u017conych towar\u00f3w<\/p>\n\n\t\t<\/div>\n\t<\/div>\n<div style=\"background-color:;height: 10px\" class=\"nicdark_section\"><\/div><div style=\"background-color:#f1f1f1;height: 1px\" class=\"nicdark_section\"><\/div><div style=\"background-color:;height: 10px\" class=\"nicdark_section\"><\/div>\n\t<div class=\"wpb_text_column wpb_content_element\" >\n\t\t<div class=\"wpb_wrapper\">\n\t\t\t<p><span style=\"color: #01919b;\">Op\u00f3\u017anienie w dostawie<\/span>, wed\u0142ug przepis\u00f3w CMR<\/p>\n\n\t\t<\/div>\n\t<\/div>\n<div style=\"background-color:;height: 10px\" class=\"nicdark_section\"><\/div><div style=\"background-color:#f1f1f1;height: 1px\" class=\"nicdark_section\"><\/div><div style=\"background-color:;height: 10px\" class=\"nicdark_section\"><\/div>\n\t<div class=\"wpb_text_column wpb_content_element\" >\n\t\t<div class=\"wpb_wrapper\">\n\t\t\t<p><span style=\"color: #01919b;\">Kradzie\u017c<\/span> i czynno\u015bci fizyczne podczas za\u0142adunku i roz\u0142adunku<\/p>\n\n\t\t<\/div>\n\t<\/div>\n<div style=\"background-color:;height: 25px\" class=\"nicdark_section\"><\/div>\n\t<div class=\"wpb_text_column wpb_content_element\" >\n\t\t<div class=\"wpb_wrapper\">\n\t\t\t<p>Obowi\u0105zuje tu maksymalne odszkodowanie w wysoko\u015bci 335.000 euro za pojedyncz\u0105 szkod\u0119.<\/p>\n\n\t\t<\/div>\n\t<\/div>\n<div style=\"background-color:;height: 25px\" class=\"nicdark_section\"><\/div> <p style=\"color:#2d2d2d;padding:px;text-align:;font-size:16px;line-height:px;letter-spacing: px;font-weight:bold\" class=\"\">Dodatkowe elementy, kt\u00f3re mo\u017cna w\u0142\u0105czy\u0107 do polisy OC przewo\u017anika<\/p> <div style=\"background-color:;height: 35px\" class=\"nicdark_section\"><\/div>\n\t<div class=\"wpb_text_column wpb_content_element\" >\n\t\t<div class=\"wpb_wrapper\">\n\t\t\t<ul>\n<li>Kradzie\u017c ca\u0142ego \u0142adunku z odczepionych naczep, gdy znajduj\u0105 si\u0119 one w zamkni\u0119tym miejscu (gdy miejsce to nie jest zamkni\u0119te, obowi\u0105zuje wy\u017cszy udzia\u0142 w\u0142asny)<\/li>\n<li>Powa\u017cny b\u0142\u0105d<\/li>\n<\/ul>\n\n\t\t<\/div>\n\t<\/div>\n<div style=\"background-color:;height: 10px\" class=\"nicdark_section\"><\/div><\/div><\/div><\/div><\/div><\/div><\/div><\/div><\/div><div data-vc-full-width=\"true\" data-vc-full-width-init=\"false\" class=\"vc_row wpb_row vc_row-fluid wpb_animate_when_almost_visible wpb_fadeIn fadeIn vc_custom_1644941609349 vc_row-has-fill\"><div class=\"wpb_column vc_column_container vc_col-sm-3\"><div class=\"vc_column-inner\"><div class=\"wpb_wrapper\">\n\t<div class=\"wpb_text_column wpb_content_element\" >\n\t\t<div class=\"wpb_wrapper\">\n\t\t\t<p><a href=\"https:\/\/www.dhondt-insurance.com\/pl\/producten\/\"><span style=\"color: #ffffff;\">&lt; Zobacz inne produkty<\/span><\/a><\/p>\n\n\t\t<\/div>\n\t<\/div>\n<\/div><\/div><\/div><div class=\"wpb_column vc_column_container vc_col-sm-6\"><div class=\"vc_column-inner\"><div class=\"wpb_wrapper\"><\/div><\/div><\/div><div class=\"wpb_column vc_column_container vc_col-sm-3\"><div class=\"vc_column-inner\"><div class=\"wpb_wrapper\">\n\t<div class=\"wpb_text_column wpb_content_element\" >\n\t\t<div class=\"wpb_wrapper\">\n\t\t\t<p><a href=\"https:\/\/www.dhondt-insurance.com\/pl\/contact\/\"><span style=\"color: #ffffff;\">Skontaktuj si\u0119 z nami &gt;\u00a0<\/span><\/a><\/p>\n\n\t\t<\/div>\n\t<\/div>\n<\/div><\/div><\/div><\/div><div class=\"vc_row-full-width vc_clearfix\"><\/div>\n<\/div>","protected":false},"excerpt":{"rendered":"VOERTUIGEN &nbsp; &gt; CMR &gt; TCA: trailer-containeraansprakelijkheid &gt; LPP: logistieke protectiepolis &gt; CMR U vervoert als transportbedrijf goederen in binnen- en\/of buitenland? Een CMR-verzekering is dan sowieso een must. Deze polis komt namelijk tussen wanneer er zich schade, verlies, diefstal, \u2026 voordoet tijdens de periode waarin u verantwoordelijk bent voor de goederen. Op maat van [...]","protected":false},"author":1,"featured_media":0,"parent":0,"menu_order":0,"comment_status":"closed","ping_status":"closed","template":"","meta":{"footnotes":""},"class_list":["post-3048","page","type-page","status-publish","hentry"],"_links":{"self":[{"href":"https:\/\/www.dhondt-insurance.com\/pl\/wp-json\/wp\/v2\/pages\/3048","targetHints":{"allow":["GET"]}}],"collection":[{"href":"https:\/\/www.dhondt-insurance.com\/pl\/wp-json\/wp\/v2\/pages"}],"about":[{"href":"https:\/\/www.dhondt-insurance.com\/pl\/wp-json\/wp\/v2\/types\/page"}],"author":[{"embeddable":true,"href":"https:\/\/www.dhondt-insurance.com\/pl\/wp-json\/wp\/v2\/users\/1"}],"replies":[{"embeddable":true,"href":"https:\/\/www.dhondt-insurance.com\/pl\/wp-json\/wp\/v2\/comments?post=3048"}],"version-history":[{"count":0,"href":"https:\/\/www.dhondt-insurance.com\/pl\/wp-json\/wp\/v2\/pages\/3048\/revisions"}],"wp:attachment":[{"href":"https:\/\/www.dhondt-insurance.com\/pl\/wp-json\/wp\/v2\/media?parent=3048"}],"curies":[{"name":"wp","href":"https:\/\/api.w.org\/{rel}","templated":true}]}}