{"id":3045,"date":"2020-04-07T13:53:23","date_gmt":"2020-04-07T13:53:23","guid":{"rendered":"http:\/\/dhondt-insurance.com\/?page_id=3045"},"modified":"2022-02-15T15:57:44","modified_gmt":"2022-02-15T15:57:44","slug":"tienjarige-aansprakelijkheid","status":"publish","type":"page","link":"https:\/\/www.dhondt-insurance.com\/pl\/tienjarige-aansprakelijkheid\/","title":{"rendered":"Tienjarige aansprakelijkheid"},"content":{"rendered":"<div class=\"wpb-content-wrapper\"><div class=\"vc_row wpb_row vc_row-fluid wpb_animate_when_almost_visible wpb_fadeIn fadeIn\"><div class=\"wpb_column vc_column_container vc_col-sm-6\"><div class=\"vc_column-inner\"><div class=\"wpb_wrapper\"><\/div><\/div><\/div><div class=\"wpb_column vc_column_container vc_col-sm-6 vc_hidden-xs vc_col-has-fill\"><div class=\"vc_column-inner vc_custom_1644940624207\"><div class=\"wpb_wrapper\">\n\t<div class=\"wpb_text_column wpb_content_element\" >\n\t\t<div class=\"wpb_wrapper\">\n\t\t\t<h4 style=\"padding-left: 80px;\"><span style=\"color: #ffffff;\"><strong>BOUWRISICO&#8217;S<\/strong><\/span><\/h4>\n<p>&nbsp;<\/p>\n<p style=\"padding-left: 80px;\"><a href=\"https:\/\/www.dhondt-insurance.com\/pl\/tienjarige-aansprakelijkheid\/\"><span style=\"color: #ffffff;\">&gt; Odpowiedzialno\u015b\u0107 dziesi\u0119cioletnia<\/span><\/a><\/p>\n<p style=\"padding-left: 80px;\"><a href=\"https:\/\/www.dhondt-insurance.com\/pl\/abr\/\"><span style=\"color: #ffffff;\">&gt; <\/span><\/a><span style=\"color: #ffffff;\"><a style=\"color: #ffffff;\" href=\"https:\/\/www.dhondt-insurance.com\/pl\/abr\/\">Alle bouwplaats risico\u2019s (ABR)<\/a><\/span><\/p>\n\n\t\t<\/div>\n\t<\/div>\n<\/div><\/div><\/div><\/div><div class=\"vc_row wpb_row vc_row-fluid wpb_animate_when_almost_visible wpb_fadeIn fadeIn\"><div class=\"wpb_column vc_column_container vc_col-sm-12\"><div class=\"vc_column-inner\"><div class=\"wpb_wrapper\"><div class=\"vc_row wpb_row vc_inner vc_row-fluid vc_custom_1569482474546\"><div class=\"wpb_column vc_column_container vc_col-sm-12\"><div class=\"vc_column-inner\"><div class=\"wpb_wrapper\"> <h3 style=\"color:#a3cbe0;padding:px;text-align:;font-size:px;line-height:px;letter-spacing: 4px;font-weight:bold\" class=\"nd_options_second_font\">&gt; ODPOWIEDZIALNO\u015a\u0106 DZIESI\u0118CIOLETNIA<\/h3> <div style=\"background-color:;height: 50px\" class=\"nicdark_section\"><\/div><\/div><\/div><\/div><\/div><div class=\"vc_row wpb_row vc_inner vc_row-fluid\"><div class=\"wpb_column vc_column_container vc_col-sm-12\"><div class=\"vc_column-inner\"><div class=\"wpb_wrapper\"><div style=\"background-color:;height: 25px\" class=\"nicdark_section\"><\/div>\n\t<div class=\"wpb_text_column wpb_content_element\" >\n\t\t<div class=\"wpb_wrapper\">\n\t\t\t<p><em>S\u0105 Pa\u0144stwo architektem, wykonawc\u0105 lub innym podmiotem \u015bwiadcz\u0105cym us\u0142ugi w bran\u017cy budowlanej? Jest to dla Pa\u0144stwa obowi\u0105zkowe ubezpieczenie, kt\u00f3re przynosi same korzy\u015bci. Dzi\u0119ki niemu firma jest chroniona przed wysokimi kosztami w przypadku powa\u017cnych uszkodze\u0144 budynku lub innych b\u0142\u0119d\u00f3w budowlanych.<\/em><\/p>\n\n\t\t<\/div>\n\t<\/div>\n<\/div><\/div><\/div><\/div><div style=\"background-color:;height: 25px\" class=\"nicdark_section\"><\/div><div style=\"background-color:#a3cbe0;height: 1px\" class=\"nicdark_section\"><\/div><div class=\"vc_row wpb_row vc_inner vc_row-fluid\"><div class=\"wpb_column vc_column_container vc_col-sm-12\"><div class=\"vc_column-inner\"><div class=\"wpb_wrapper\"><div style=\"background-color:;height: 50px\" class=\"nicdark_section\"><\/div>\n\t<div class=\"wpb_text_column wpb_content_element\" >\n\t\t<div class=\"wpb_wrapper\">\n\t\t\t<h5><strong>Polisa obejmuj\u0105ca powa\u017cne wady<\/strong><\/h5>\n<p>&nbsp;<\/p>\n<p>&nbsp;<\/p>\n<p>Jako profesjonalista w bran\u017cy budowlanej mog\u0105 Pa\u0144stwo zosta\u0107 poci\u0105gni\u0119ci do odpowiedzialno\u015bci za powa\u017cne usterki, takie jak p\u0119kni\u0119cia \u015bcian, wady fundament\u00f3w, problemy z wilgoci\u0105 itp. Ubezpieczenie to ochroni Pa\u0144stwa firm\u0119 przed wysokimi kosztami naprawy szk\u00f3d, a niekiedy nawet odbudowy. Zalecamy wykupienie tej polisy dla ka\u017cdej inwestycji budowlanej, cho\u0107 jest ona obowi\u0105zkowa tylko w przypadku budynk\u00f3w mieszkalnych. Dzi\u0119ki naszej formule abonamentowej upraszczamy Pa\u0144stwa administracj\u0119 i zapewniamy automatyczne ubezpieczenie wszystkich bud\u00f3w. Oczywi\u015bcie mo\u017cliwe jest te\u017c ubezpieczenie pojedynczego projektu. <a href=\"https:\/\/www.dhondt-insurance.com\/pl\/contact\/\"><span style=\"color: #a3cbe0;\">Prosz\u0119 si\u0119 z nami skontaktowa\u0107<\/span><\/a> , aby wsp\u00f3lnie zastanowi\u0107 si\u0119 nad najlepsz\u0105 opcj\u0105 ubezpieczenia!<\/p>\n\n\t\t<\/div>\n\t<\/div>\n<\/div><\/div><\/div><\/div><div class=\"vc_row wpb_row vc_inner vc_row-fluid vc_custom_1569482474546\"><div class=\"wpb_column vc_column_container vc_col-sm-12\"><div class=\"vc_column-inner\"><div class=\"wpb_wrapper\"><div style=\"background-color:#a3cbe0;height: 1px\" class=\"nicdark_section\"><\/div><\/div><\/div><\/div><\/div><div class=\"vc_row wpb_row vc_inner vc_row-fluid vc_custom_1644940662038 vc_row-has-fill\"><div class=\"wpb_column vc_column_container vc_col-sm-12\"><div class=\"vc_column-inner\"><div class=\"wpb_wrapper\"> <p style=\"color:#2d2d2d;padding:px;text-align:;font-size:16px;line-height:px;letter-spacing: px;font-weight:bold\" class=\"\">Jakie projekty s\u0105 obj\u0119te ubezpieczeniem?<\/p> <div style=\"background-color:;height: 25px\" class=\"nicdark_section\"><\/div><div style=\"background-color:;height: 10px\" class=\"nicdark_section\"><\/div>\n\t<div class=\"wpb_text_column wpb_content_element\" >\n\t\t<div class=\"wpb_wrapper\">\n\t\t\t<p>Roboty lub us\u0142ugi zwi\u0105zane z budow\u0105 mieszka\u0144, dom\u00f3w jednorodzinnych lub apartament\u00f3w w Belgii<\/p>\n\n\t\t<\/div>\n\t<\/div>\n<div style=\"background-color:;height: 10px\" class=\"nicdark_section\"><\/div><div style=\"background-color:#f1f1f1;height: 1px\" class=\"nicdark_section\"><\/div><div style=\"background-color:;height: 10px\" class=\"nicdark_section\"><\/div>\n\t<div class=\"wpb_text_column wpb_content_element\" >\n\t\t<div class=\"wpb_wrapper\">\n\t\t\t<p>Roboty zwi\u0105zane z budow\u0105 dom\u00f3w\/mieszka\u0144 w stanie surowym zamkni\u0119tym<\/p>\n\n\t\t<\/div>\n\t<\/div>\n<div style=\"background-color:;height: 10px\" class=\"nicdark_section\"><\/div><div style=\"background-color:#f1f1f1;height: 1px\" class=\"nicdark_section\"><\/div><div style=\"background-color:;height: 10px\" class=\"nicdark_section\"><\/div>\n\t<div class=\"wpb_text_column wpb_content_element\" >\n\t\t<div class=\"wpb_wrapper\">\n\t\t\t<p>Roboty wymagaj\u0105ce pozwolenia dotycz\u0105cego planu zagospodarowania przestrzennego, przy kt\u00f3rych wymagana jest wsp\u00f3\u0142praca z architektem<\/p>\n\n\t\t<\/div>\n\t<\/div>\n<div style=\"background-color:;height: 10px\" class=\"nicdark_section\"><\/div><\/div><\/div><\/div><\/div><\/div><\/div><\/div><\/div><div data-vc-full-width=\"true\" data-vc-full-width-init=\"false\" class=\"vc_row wpb_row vc_row-fluid wpb_animate_when_almost_visible wpb_fadeIn fadeIn vc_custom_1644940636648 vc_row-has-fill\"><div class=\"wpb_column vc_column_container vc_col-sm-3\"><div class=\"vc_column-inner\"><div class=\"wpb_wrapper\">\n\t<div class=\"wpb_text_column wpb_content_element\" >\n\t\t<div class=\"wpb_wrapper\">\n\t\t\t<p><a href=\"https:\/\/www.dhondt-insurance.com\/pl\/producten\/\"><span style=\"color: #ffffff;\">&lt; Zobacz inne produkty<\/span><\/a><\/p>\n\n\t\t<\/div>\n\t<\/div>\n<\/div><\/div><\/div><div class=\"wpb_column vc_column_container vc_col-sm-6\"><div class=\"vc_column-inner\"><div class=\"wpb_wrapper\"><\/div><\/div><\/div><div class=\"wpb_column vc_column_container vc_col-sm-3\"><div class=\"vc_column-inner\"><div class=\"wpb_wrapper\">\n\t<div class=\"wpb_text_column wpb_content_element\" >\n\t\t<div class=\"wpb_wrapper\">\n\t\t\t<p><a href=\"https:\/\/www.dhondt-insurance.com\/pl\/contact\/\"><span style=\"color: #ffffff;\">Skontaktuj si\u0119 z nami &gt;<\/span><\/a><\/p>\n\n\t\t<\/div>\n\t<\/div>\n<\/div><\/div><\/div><\/div><div class=\"vc_row-full-width vc_clearfix\"><\/div>\n<\/div>","protected":false},"excerpt":{"rendered":"BOUWRISICO'S &nbsp; &gt; Tienjarige aansprakelijkheid &gt; Alle bouwplaats risico\u2019s (ABR) &gt; TIENJARIGE AANSPRAKELIJKHEID Architect, aannemer of andere dienstverlener in de bouwsector? Voor u is dit een verplichte verzekering die niets dan voordelen met zich meebrengt. Uw bedrijf wordt immers beschermd tegen hoge kosten mocht er ernstige bouwschade of een andere constructiefout opduiken. Polis voor ernstige [...]","protected":false},"author":1,"featured_media":0,"parent":0,"menu_order":0,"comment_status":"closed","ping_status":"closed","template":"","meta":{"footnotes":""},"class_list":["post-3045","page","type-page","status-publish","hentry"],"_links":{"self":[{"href":"https:\/\/www.dhondt-insurance.com\/pl\/wp-json\/wp\/v2\/pages\/3045","targetHints":{"allow":["GET"]}}],"collection":[{"href":"https:\/\/www.dhondt-insurance.com\/pl\/wp-json\/wp\/v2\/pages"}],"about":[{"href":"https:\/\/www.dhondt-insurance.com\/pl\/wp-json\/wp\/v2\/types\/page"}],"author":[{"embeddable":true,"href":"https:\/\/www.dhondt-insurance.com\/pl\/wp-json\/wp\/v2\/users\/1"}],"replies":[{"embeddable":true,"href":"https:\/\/www.dhondt-insurance.com\/pl\/wp-json\/wp\/v2\/comments?post=3045"}],"version-history":[{"count":0,"href":"https:\/\/www.dhondt-insurance.com\/pl\/wp-json\/wp\/v2\/pages\/3045\/revisions"}],"wp:attachment":[{"href":"https:\/\/www.dhondt-insurance.com\/pl\/wp-json\/wp\/v2\/media?parent=3045"}],"curies":[{"name":"wp","href":"https:\/\/api.w.org\/{rel}","templated":true}]}}