{"id":3037,"date":"2020-04-07T13:14:27","date_gmt":"2020-04-07T13:14:27","guid":{"rendered":"http:\/\/dhondt-insurance.com\/?page_id=3037"},"modified":"2022-02-15T16:10:32","modified_gmt":"2022-02-15T16:10:32","slug":"ba-bus","status":"publish","type":"page","link":"https:\/\/www.dhondt-insurance.com\/pl\/ba-bus\/","title":{"rendered":"BA Bus"},"content":{"rendered":"<div class=\"wpb-content-wrapper\"><div class=\"vc_row wpb_row vc_row-fluid wpb_animate_when_almost_visible wpb_fadeIn fadeIn\"><div class=\"wpb_column vc_column_container vc_col-sm-6\"><div class=\"vc_column-inner\"><div class=\"wpb_wrapper\"><\/div><\/div><\/div><div class=\"wpb_column vc_column_container vc_col-sm-6 vc_hidden-xs vc_col-has-fill\"><div class=\"vc_column-inner vc_custom_1644941400499\"><div class=\"wpb_wrapper\">\n\t<div class=\"wpb_text_column wpb_content_element\" >\n\t\t<div class=\"wpb_wrapper\">\n\t\t\t<h4 style=\"padding-left: 80px;\"><span style=\"color: #ffffff;\"><strong>POJAZDY<\/strong><\/span><\/h4>\n<p>&nbsp;<\/p>\n<p style=\"padding-left: 80px;\"><a href=\"https:\/\/www.dhondt-insurance.com\/pl\/ba-bus\/\"><span style=\"color: #ffffff;\">&gt; Ba bus<\/span><\/a><\/p>\n<p style=\"padding-left: 80px;\"><a href=\"https:\/\/www.dhondt-insurance.com\/pl\/omnium-bus\/\"><span style=\"color: #ffffff;\">&gt; Omnium bus<\/span><\/a><\/p>\n<p style=\"padding-left: 80px;\"><a href=\"https:\/\/www.dhondt-insurance.com\/pl\/ba-voertuig\/\"><span style=\"color: #ffffff;\">&gt; Ba voertuig<\/span><\/a><\/p>\n<p style=\"padding-left: 80px;\"><a href=\"https:\/\/www.dhondt-insurance.com\/pl\/omnium-voertuig\/\"><span style=\"color: #ffffff;\">&gt; Ac pojazdu<\/span><\/a><\/p>\n<p style=\"padding-left: 80px;\"><a href=\"https:\/\/www.dhondt-insurance.com\/pl\/ba-vrachtwagen-trekker\/\"><span style=\"color: #ffffff;\">&gt; Ba vrachtwagen \/ trekker<\/span><\/a><\/p>\n<p style=\"padding-left: 80px;\"><a href=\"https:\/\/www.dhondt-insurance.com\/pl\/omnium-vrachtwagen-trekker\/\"><span style=\"color: #ffffff;\">&gt; Omnium vrachtwagen\/ trekker<\/span><\/a><\/p>\n<p style=\"padding-left: 80px;\"><a href=\"https:\/\/www.dhondt-insurance.com\/pl\/machinebreuk-transport\/\"><span style=\"color: #ffffff;\">&gt; Ubezpieczenie maszyn od uszkodze\u0144 w transporcie<\/span><\/a><\/p>\n\n\t\t<\/div>\n\t<\/div>\n<\/div><\/div><\/div><\/div><div class=\"vc_row wpb_row vc_row-fluid wpb_animate_when_almost_visible wpb_fadeIn fadeIn\"><div class=\"wpb_column vc_column_container vc_col-sm-12\"><div class=\"vc_column-inner\"><div class=\"wpb_wrapper\"><div class=\"vc_row wpb_row vc_inner vc_row-fluid vc_custom_1569482474546\"><div class=\"wpb_column vc_column_container vc_col-sm-12\"><div class=\"vc_column-inner\"><div class=\"wpb_wrapper\"> <h3 style=\"color:#017e87;padding:px;text-align:;font-size:px;line-height:px;letter-spacing: 4px;font-weight:bold\" class=\"nd_options_second_font\">&gt; OC AUTOBUSU<\/h3> <div style=\"background-color:;height: 50px\" class=\"nicdark_section\"><\/div><\/div><\/div><\/div><\/div><div class=\"vc_row wpb_row vc_inner vc_row-fluid\"><div class=\"wpb_column vc_column_container vc_col-sm-12\"><div class=\"vc_column-inner\"><div class=\"wpb_wrapper\"><div style=\"background-color:;height: 25px\" class=\"nicdark_section\"><\/div>\n\t<div class=\"wpb_text_column wpb_content_element\" >\n\t\t<div class=\"wpb_wrapper\">\n\t\t\t<p><em>Prawo wymaga, by ka\u017cdy autobus posiada\u0142 ubezpieczenie od odpowiedzialno\u015bci cywilnej. Obejmuje ono r\u00f3wnie\u017c obowi\u0105zkow\u0105 obiektywn\u0105 odpowiedzialno\u015b\u0107 za odp\u0142atny przew\u00f3z os\u00f3b. Dzi\u0119ki temu pokryte zostan\u0105 wszystkie szkody wyrz\u0105dzone osobom trzecim w autobusie lub spowodowane przez autobus. Nie jest to ubezpieczenie, kt\u00f3re \u0142atwo zapewni\u0107, ze wzgl\u0119du na wysoki poziom ryzyka, jaki si\u0119 z nim wi\u0105\u017ce, ale z ch\u0119ci\u0105 zostaniemy Pa\u0144stwa partnerem ubezpieczeniowym r\u00f3wnie\u017c w tym zakresie. <\/em><\/p>\n\n\t\t<\/div>\n\t<\/div>\n<\/div><\/div><\/div><\/div><div style=\"background-color:;height: 25px\" class=\"nicdark_section\"><\/div><div style=\"background-color:#017e87;height: 1px\" class=\"nicdark_section\"><\/div><div class=\"vc_row wpb_row vc_inner vc_row-fluid\"><div class=\"wpb_column vc_column_container vc_col-sm-12\"><div class=\"vc_column-inner\"><div class=\"wpb_wrapper\"><div style=\"background-color:;height: 50px\" class=\"nicdark_section\"><\/div>\n\t<div class=\"wpb_text_column wpb_content_element\" >\n\t\t<div class=\"wpb_wrapper\">\n\t\t\t<h5><strong>Obowi\u0105zkowa odpowiedzialno\u015b\u0107 obiektywna<\/strong><\/h5>\n<p>&nbsp;<\/p>\n<p>&nbsp;<\/p>\n<p>Obowi\u0105zkowe ubezpieczenie OC autobus\u00f3w jest w istocie ubezpieczeniem wyr\u00f3\u017cniaj\u0105cym si\u0119 spo\u015br\u00f3d innych, obejmuj\u0105cym odpowiedzialno\u015b\u0107 obiektywn\u0105 w p\u0142atnym transporcie os\u00f3b. Oznacza to, \u017ce nie trzeba udowodni\u0107 \u017cadnej przyczyny, aby w przypadku szkody powo\u0142a\u0107 si\u0119 na odszkodowanie. Ka\u017cda osoba trzecia, kt\u00f3ra ponios\u0142a szkod\u0119, niezale\u017cnie od tego, czy by\u0142a pasa\u017cerem autobusu, czy te\u017c nie, mo\u017ce zg\u0142osi\u0107 roszczenie odszkodowawcze. Nale\u017cy pami\u0119ta\u0107, \u017ce przypadku obra\u017ce\u0144 cia\u0142a warto\u015b\u0107 szk\u00f3d mo\u017ce by\u0107 bardzo wysoka. Dlatego te\u017c niewielu ubezpieczycieli oferuje tak\u0105 polis\u0119. Jednak my ch\u0119tnie przygotujemy dla Pa\u0144stwa indywidualn\u0105 propozycj\u0119 polisy. <span style=\"color: #017e87;\"><a style=\"color: #017e87;\" href=\"https:\/\/www.dhondt-insurance.com\/pl\/contact\/\">Prosz\u0119 si\u0119 z nami skontaktowa\u0107<\/a><\/span> bez zobowi\u0105za\u0144, aby Twoi kierowcy mogli spokojnie wyruszy\u0107 w tras\u0119!<\/p>\n\n\t\t<\/div>\n\t<\/div>\n<\/div><\/div><\/div><\/div><div class=\"vc_row wpb_row vc_inner vc_row-fluid vc_custom_1569482474546\"><div class=\"wpb_column vc_column_container vc_col-sm-12\"><div class=\"vc_column-inner\"><div class=\"wpb_wrapper\"><div style=\"background-color:#017e87;height: 1px\" class=\"nicdark_section\"><\/div><\/div><\/div><\/div><\/div><div class=\"vc_row wpb_row vc_inner vc_row-fluid vc_custom_1644941425106 vc_row-has-fill\"><div class=\"wpb_column vc_column_container vc_col-sm-12\"><div class=\"vc_column-inner\"><div class=\"wpb_wrapper\"> <p style=\"color:#2d2d2d;padding:px;text-align:;font-size:16px;line-height:px;letter-spacing: px;font-weight:bold\" class=\"\">Co jest obj\u0119te ubezpieczeniem?<\/p> <div style=\"background-color:;height: 25px\" class=\"nicdark_section\"><\/div><div style=\"background-color:;height: 10px\" class=\"nicdark_section\"><\/div>\n\t<div class=\"wpb_text_column wpb_content_element\" >\n\t\t<div class=\"wpb_wrapper\">\n\t\t\t<p>Szkody wyrz\u0105dzone osobom trzecim (przechodniom i pasa\u017cerom):<\/p>\n<ul>\n<li>Uszkodzenia cia\u0142a<\/li>\n<li>Szkody materialne<\/li>\n<li>Odzie\u017c osobista i baga\u017c<\/li>\n<\/ul>\n\n\t\t<\/div>\n\t<\/div>\n<div style=\"background-color:;height: 10px\" class=\"nicdark_section\"><\/div><\/div><\/div><\/div><\/div><\/div><\/div><\/div><\/div><div data-vc-full-width=\"true\" data-vc-full-width-init=\"false\" class=\"vc_row wpb_row vc_row-fluid wpb_animate_when_almost_visible wpb_fadeIn fadeIn vc_custom_1644941415697 vc_row-has-fill\"><div class=\"wpb_column vc_column_container vc_col-sm-3\"><div class=\"vc_column-inner\"><div class=\"wpb_wrapper\">\n\t<div class=\"wpb_text_column wpb_content_element\" >\n\t\t<div class=\"wpb_wrapper\">\n\t\t\t<p><span style=\"color: #ffffff;\"><a style=\"color: #ffffff;\" href=\"https:\/\/www.dhondt-insurance.com\/pl\/producten\/\">&lt; Zobacz inne produkty<\/a><\/span><\/p>\n\n\t\t<\/div>\n\t<\/div>\n<\/div><\/div><\/div><div class=\"wpb_column vc_column_container vc_col-sm-6\"><div class=\"vc_column-inner\"><div class=\"wpb_wrapper\"><\/div><\/div><\/div><div class=\"wpb_column vc_column_container vc_col-sm-3\"><div class=\"vc_column-inner\"><div class=\"wpb_wrapper\">\n\t<div class=\"wpb_text_column wpb_content_element\" >\n\t\t<div class=\"wpb_wrapper\">\n\t\t\t<p><a href=\"https:\/\/www.dhondt-insurance.com\/pl\/contact\/\"><span style=\"color: #ffffff;\">Skontaktuj si\u0119 z nami &gt;<\/span><\/a><\/p>\n\n\t\t<\/div>\n\t<\/div>\n<\/div><\/div><\/div><\/div><div class=\"vc_row-full-width vc_clearfix\"><\/div>\n<\/div>","protected":false},"excerpt":{"rendered":"VOERTUIGEN &nbsp; &gt; Ba bus &gt; Omnium bus &gt; Ba voertuig &gt; Omnium voertuig &gt; Ba vrachtwagen \/ trekker &gt; Omnium vrachtwagen\/ trekker &gt; Machinebreuk Transport &gt; BA BUS Voor elke bus is het wettelijk verplicht om een verzekering Burgerlijke Aansprakelijkheid af te sluiten. Daarin zit ook de verplichte objectieve aansprakelijkheid voor bezoldigd personenvervoer vervat. [...]","protected":false},"author":1,"featured_media":0,"parent":0,"menu_order":0,"comment_status":"closed","ping_status":"closed","template":"","meta":{"footnotes":""},"class_list":["post-3037","page","type-page","status-publish","hentry"],"_links":{"self":[{"href":"https:\/\/www.dhondt-insurance.com\/pl\/wp-json\/wp\/v2\/pages\/3037","targetHints":{"allow":["GET"]}}],"collection":[{"href":"https:\/\/www.dhondt-insurance.com\/pl\/wp-json\/wp\/v2\/pages"}],"about":[{"href":"https:\/\/www.dhondt-insurance.com\/pl\/wp-json\/wp\/v2\/types\/page"}],"author":[{"embeddable":true,"href":"https:\/\/www.dhondt-insurance.com\/pl\/wp-json\/wp\/v2\/users\/1"}],"replies":[{"embeddable":true,"href":"https:\/\/www.dhondt-insurance.com\/pl\/wp-json\/wp\/v2\/comments?post=3037"}],"version-history":[{"count":0,"href":"https:\/\/www.dhondt-insurance.com\/pl\/wp-json\/wp\/v2\/pages\/3037\/revisions"}],"wp:attachment":[{"href":"https:\/\/www.dhondt-insurance.com\/pl\/wp-json\/wp\/v2\/media?parent=3037"}],"curies":[{"name":"wp","href":"https:\/\/api.w.org\/{rel}","templated":true}]}}