{"id":3034,"date":"2020-04-07T13:13:42","date_gmt":"2020-04-07T13:13:42","guid":{"rendered":"http:\/\/dhondt-insurance.com\/?page_id=3034"},"modified":"2022-02-16T16:12:21","modified_gmt":"2022-02-16T16:12:21","slug":"omnium-vrachtwagen-trekker","status":"publish","type":"page","link":"https:\/\/www.dhondt-insurance.com\/pl\/omnium-vrachtwagen-trekker\/","title":{"rendered":"Omnium vrachtwagen \/ trekker"},"content":{"rendered":"<div class=\"wpb-content-wrapper\"><div class=\"vc_row wpb_row vc_row-fluid wpb_animate_when_almost_visible wpb_fadeIn fadeIn\"><div class=\"wpb_column vc_column_container vc_col-sm-6\"><div class=\"vc_column-inner\"><div class=\"wpb_wrapper\"><\/div><\/div><\/div><div class=\"wpb_column vc_column_container vc_col-sm-6 vc_hidden-xs vc_col-has-fill\"><div class=\"vc_column-inner vc_custom_1644941488498\"><div class=\"wpb_wrapper\">\n\t<div class=\"wpb_text_column wpb_content_element\" >\n\t\t<div class=\"wpb_wrapper\">\n\t\t\t<h4 style=\"padding-left: 80px;\"><span style=\"color: #ffffff;\"><strong>POJAZDY<\/strong><\/span><\/h4>\n<p>&nbsp;<\/p>\n<p style=\"padding-left: 80px;\"><a href=\"https:\/\/www.dhondt-insurance.com\/pl\/omnium-vrachtwagen-trekker\/\"><span style=\"color: #ffffff;\">&gt; Ac dla ci\u0119\u017car\u00f3wki\/ci\u0105gnika<\/span><\/a><\/p>\n<p style=\"padding-left: 80px;\"><a href=\"https:\/\/www.dhondt-insurance.com\/pl\/ba-vrachtwagen-trekker\/\"><span style=\"color: #ffffff;\">&gt; Ba vrachtwagen \/ trekker<\/span><\/a><\/p>\n<p style=\"padding-left: 80px;\"><a href=\"https:\/\/www.dhondt-insurance.com\/pl\/machinebreuk-transport\/\"><span style=\"color: #ffffff;\">&gt; Machinebreuk transport<\/span><\/a><\/p>\n<p style=\"padding-left: 80px;\"><a href=\"https:\/\/www.dhondt-insurance.com\/pl\/ba-voertuig\/\"><span style=\"color: #ffffff;\">&gt; Ba voertuig<\/span><\/a><\/p>\n<p style=\"padding-left: 80px;\"><a href=\"https:\/\/www.dhondt-insurance.com\/pl\/omnium-voertuig\/\"><span style=\"color: #ffffff;\">&gt; Ac pojazdu<\/span><\/a><\/p>\n<p style=\"padding-left: 80px;\"><a href=\"https:\/\/www.dhondt-insurance.com\/pl\/ba-bus\/\"><span style=\"color: #ffffff;\">&gt; Ba bus<\/span><\/a><\/p>\n<p style=\"padding-left: 80px;\"><a href=\"https:\/\/www.dhondt-insurance.com\/pl\/omnium-bus\/\"><span style=\"color: #ffffff;\">&gt; Omnium bus<\/span><\/a><\/p>\n\n\t\t<\/div>\n\t<\/div>\n<\/div><\/div><\/div><\/div><div class=\"vc_row wpb_row vc_row-fluid wpb_animate_when_almost_visible wpb_fadeIn fadeIn\"><div class=\"wpb_column vc_column_container vc_col-sm-12\"><div class=\"vc_column-inner\"><div class=\"wpb_wrapper\"><div class=\"vc_row wpb_row vc_inner vc_row-fluid vc_custom_1569482474546\"><div class=\"wpb_column vc_column_container vc_col-sm-12\"><div class=\"vc_column-inner\"><div class=\"wpb_wrapper\"> <h3 style=\"color:#017e87;padding:px;text-align:;font-size:px;line-height:px;letter-spacing: 4px;font-weight:bold\" class=\"nd_options_second_font\">&gt; AC DLA CI\u0118\u017bAR\u00d3WKI\/CI\u0104GNIKA<\/h3> <div style=\"background-color:;height: 50px\" class=\"nicdark_section\"><\/div><\/div><\/div><\/div><\/div><div class=\"vc_row wpb_row vc_inner vc_row-fluid\"><div class=\"wpb_column vc_column_container vc_col-sm-12\"><div class=\"vc_column-inner\"><div class=\"wpb_wrapper\"><div style=\"background-color:;height: 25px\" class=\"nicdark_section\"><\/div>\n\t<div class=\"wpb_text_column wpb_content_element\" >\n\t\t<div class=\"wpb_wrapper\">\n\t\t\t<p><em>Ubezpieczenie auto casco jest niezwykle przydatne w przypadku pojazd\u00f3w firmowych. Dost\u0119pnych jest bowiem kilka specjalnych opcji w zakresie pokrycia szk\u00f3d, takich jak np. spowodowanych przez \u0142adunek. Ponadto z ubezpieczenia AC przys\u0142uguje oczywi\u015bcie pokrycie szk\u00f3d w\u0142asnych. <\/em><\/p>\n\n\t\t<\/div>\n\t<\/div>\n<\/div><\/div><\/div><\/div><div style=\"background-color:;height: 25px\" class=\"nicdark_section\"><\/div><div style=\"background-color:#017e87;height: 1px\" class=\"nicdark_section\"><\/div><div class=\"vc_row wpb_row vc_inner vc_row-fluid\"><div class=\"wpb_column vc_column_container vc_col-sm-12\"><div class=\"vc_column-inner\"><div class=\"wpb_wrapper\"><div style=\"background-color:;height: 50px\" class=\"nicdark_section\"><\/div>\n\t<div class=\"wpb_text_column wpb_content_element\" >\n\t\t<div class=\"wpb_wrapper\">\n\t\t\t<h5><strong>Dostosowane do potrzeb bran\u017cy transportowej<\/strong><\/h5>\n<p>&nbsp;<\/p>\n<p>&nbsp;<\/p>\n<p>Maj\u0105 Pa\u0144stwo now\u0105 ci\u0119\u017car\u00f3wk\u0119 lub ci\u0105gnik siod\u0142owy? Ubezpieczenie auto casco pokryje wiele potencjalnych szk\u00f3d. W systemie pokrycia z udzia\u0142em w\u0142asnym z g\u00f3ry ustalana jest kwota, kt\u00f3ra b\u0119dzie limitem wyp\u0142acanego odszkodowania. W polisie uwzgl\u0119dnione s\u0105 r\u00f3wnie\u017c ewentualne koszty pomocy drogowej i transportu z powrotem do kraju. Mo\u017cna te\u017c liczy\u0107 na odszkodowanie za ka\u017cdy dzie\u0144, w kt\u00f3rym nie b\u0119dzie mo\u017cna korzysta\u0107 z pojazdu (utrata mo\u017cliwo\u015bci u\u017cytkowania). Dzi\u0119ki r\u00f3\u017cnym wariantom zni\u017cek mo\u017cemy w 100% dopasowa\u0107 ubezpieczenie do potrzeb Pa\u0144stwa firmy. <a href=\"https:\/\/www.dhondt-insurance.com\/pl\/contact\/\">Prosz\u0119 si\u0119 z nami skontaktowa\u0107<\/a>!<\/p>\n\n\t\t<\/div>\n\t<\/div>\n<\/div><\/div><\/div><\/div><div class=\"vc_row wpb_row vc_inner vc_row-fluid vc_custom_1569482474546\"><div class=\"wpb_column vc_column_container vc_col-sm-12\"><div class=\"vc_column-inner\"><div class=\"wpb_wrapper\"><div style=\"background-color:#017e87;height: 1px\" class=\"nicdark_section\"><\/div><\/div><\/div><\/div><\/div><div class=\"vc_row wpb_row vc_inner vc_row-fluid vc_custom_1644941515659 vc_row-has-fill\"><div class=\"wpb_column vc_column_container vc_col-sm-12\"><div class=\"vc_column-inner\"><div class=\"wpb_wrapper\"> <p style=\"color:#2d2d2d;padding:px;text-align:;font-size:16px;line-height:px;letter-spacing: px;font-weight:bold\" class=\"\">Co jest obj\u0119te ubezpieczeniem?<\/p> <div style=\"background-color:;height: 25px\" class=\"nicdark_section\"><\/div><div style=\"background-color:;height: 10px\" class=\"nicdark_section\"><\/div>\n\t<div class=\"wpb_text_column wpb_content_element\" >\n\t\t<div class=\"wpb_wrapper\">\n\t\t\t<p>Szkody w\u0142asne, st\u0142uczenie szyby, po\u017car, kradzie\u017c, si\u0142y natury<\/p>\n\n\t\t<\/div>\n\t<\/div>\n<div style=\"background-color:;height: 10px\" class=\"nicdark_section\"><\/div><div style=\"background-color:#f1f1f1;height: 1px\" class=\"nicdark_section\"><\/div><div style=\"background-color:;height: 10px\" class=\"nicdark_section\"><\/div>\n\t<div class=\"wpb_text_column wpb_content_element\" >\n\t\t<div class=\"wpb_wrapper\">\n\t\t\t<p>Specjalne rozszerzenia dla transportu:<\/p>\n<ul>\n<li style=\"list-style-type: none;\">\n<ul>\n<li style=\"text-align: left;\">Z\u0142o\u017cenie si\u0119 zestawu<\/li>\n<li style=\"text-align: left;\">Utrata i sprzeniewierzenie<\/li>\n<li style=\"text-align: left;\">Przewr\u00f3cenie i wywr\u00f3cenie si\u0119<\/li>\n<li style=\"text-align: left;\">Szkody spowodowane przez \u0142adunek<\/li>\n<\/ul>\n<\/li>\n<\/ul>\n\n\t\t<\/div>\n\t<\/div>\n<div style=\"background-color:;height: 45px\" class=\"nicdark_section\"><\/div>\n\t<div class=\"wpb_text_column wpb_content_element\" >\n\t\t<div class=\"wpb_wrapper\">\n\t\t\t<p>Mo\u017cliwe jest r\u00f3wnie\u017c oddzielne ubezpieczenie od po\u017caru i kradzie\u017cy, ale nie obejmuje ono szk\u00f3d w\u0142asnych.<\/p>\n\n\t\t<\/div>\n\t<\/div>\n<\/div><\/div><\/div><\/div><\/div><\/div><\/div><\/div><div data-vc-full-width=\"true\" data-vc-full-width-init=\"false\" class=\"vc_row wpb_row vc_row-fluid wpb_animate_when_almost_visible wpb_fadeIn fadeIn vc_custom_1644941501606 vc_row-has-fill\"><div class=\"wpb_column vc_column_container vc_col-sm-3\"><div class=\"vc_column-inner\"><div class=\"wpb_wrapper\">\n\t<div class=\"wpb_text_column wpb_content_element\" >\n\t\t<div class=\"wpb_wrapper\">\n\t\t\t<p><span style=\"color: #ffffff;\"><a style=\"color: #ffffff;\" href=\"https:\/\/www.dhondt-insurance.com\/pl\/producten\/\">&lt; Zobacz inne produkty<\/a><\/span><\/p>\n\n\t\t<\/div>\n\t<\/div>\n<\/div><\/div><\/div><div class=\"wpb_column vc_column_container vc_col-sm-6\"><div class=\"vc_column-inner\"><div class=\"wpb_wrapper\"><\/div><\/div><\/div><div class=\"wpb_column vc_column_container vc_col-sm-3\"><div class=\"vc_column-inner\"><div class=\"wpb_wrapper\">\n\t<div class=\"wpb_text_column wpb_content_element\" >\n\t\t<div class=\"wpb_wrapper\">\n\t\t\t<p><a href=\"https:\/\/www.dhondt-insurance.com\/pl\/contact\/\"><span style=\"color: #ffffff;\">Skontaktuj si\u0119 z nami &gt;<\/span><\/a><\/p>\n\n\t\t<\/div>\n\t<\/div>\n<\/div><\/div><\/div><\/div><div class=\"vc_row-full-width vc_clearfix\"><\/div>\n<\/div>","protected":false},"excerpt":{"rendered":"VOERTUIGEN &nbsp; &gt; Omnium vrachtwagen \/ trekker &gt; Ba vrachtwagen \/ trekker &gt; Machinebreuk transport &gt; Ba voertuig &gt; Omnium voertuig &gt; Ba bus &gt; Omnium bus &gt; OMNIUM VRACHTWAGEN \/ TREKKER Een omniumverzekering is voor bedrijfsvoertuigen uiterst nuttig. Er zijn namelijk een aantal specifieke dekkingen zoals schade door lading. Daarnaast doet de omnium uiteraard [...]","protected":false},"author":1,"featured_media":0,"parent":0,"menu_order":0,"comment_status":"closed","ping_status":"closed","template":"","meta":{"footnotes":""},"class_list":["post-3034","page","type-page","status-publish","hentry"],"_links":{"self":[{"href":"https:\/\/www.dhondt-insurance.com\/pl\/wp-json\/wp\/v2\/pages\/3034","targetHints":{"allow":["GET"]}}],"collection":[{"href":"https:\/\/www.dhondt-insurance.com\/pl\/wp-json\/wp\/v2\/pages"}],"about":[{"href":"https:\/\/www.dhondt-insurance.com\/pl\/wp-json\/wp\/v2\/types\/page"}],"author":[{"embeddable":true,"href":"https:\/\/www.dhondt-insurance.com\/pl\/wp-json\/wp\/v2\/users\/1"}],"replies":[{"embeddable":true,"href":"https:\/\/www.dhondt-insurance.com\/pl\/wp-json\/wp\/v2\/comments?post=3034"}],"version-history":[{"count":0,"href":"https:\/\/www.dhondt-insurance.com\/pl\/wp-json\/wp\/v2\/pages\/3034\/revisions"}],"wp:attachment":[{"href":"https:\/\/www.dhondt-insurance.com\/pl\/wp-json\/wp\/v2\/media?parent=3034"}],"curies":[{"name":"wp","href":"https:\/\/api.w.org\/{rel}","templated":true}]}}