{"id":3025,"date":"2020-04-07T12:33:37","date_gmt":"2020-04-07T12:33:37","guid":{"rendered":"http:\/\/dhondt-insurance.com\/?page_id=3025"},"modified":"2022-02-15T16:20:11","modified_gmt":"2022-02-15T16:20:11","slug":"arbeidsongevallenverzekering","status":"publish","type":"page","link":"https:\/\/www.dhondt-insurance.com\/pl\/arbeidsongevallenverzekering\/","title":{"rendered":"Arbeidsongevallenverzekering"},"content":{"rendered":"<div class=\"wpb-content-wrapper\"><div class=\"vc_row wpb_row vc_row-fluid wpb_animate_when_almost_visible wpb_fadeIn fadeIn\"><div class=\"wpb_column vc_column_container vc_col-sm-6\"><div class=\"vc_column-inner\"><div class=\"wpb_wrapper\"><\/div><\/div><\/div><div class=\"wpb_column vc_column_container vc_col-sm-6 vc_hidden-xs vc_col-has-fill\"><div class=\"vc_column-inner vc_custom_1644941961929\"><div class=\"wpb_wrapper\">\n\t<div class=\"wpb_text_column wpb_content_element\" >\n\t\t<div class=\"wpb_wrapper\">\n\t\t\t<h4 style=\"padding-left: 80px;\"><span style=\"color: #ffffff;\"><strong>WYPADKI W PRACY<\/strong><\/span><\/h4>\n<p>&nbsp;<\/p>\n<h4><\/h4>\n<h4 style=\"padding-left: 80px;\"><\/h4>\n<p style=\"padding-left: 80px;\"><a href=\"https:\/\/www.dhondt-insurance.com\/pl\/arbeidsongevallenverzekering\/\"><span style=\"color: #ffffff;\">&gt; Ubezpieczenie od wypadku przy pracy<\/span><\/a><\/p>\n\n\t\t<\/div>\n\t<\/div>\n<\/div><\/div><\/div><\/div><div class=\"vc_row wpb_row vc_row-fluid wpb_animate_when_almost_visible wpb_fadeIn fadeIn\"><div class=\"wpb_column vc_column_container vc_col-sm-12\"><div class=\"vc_column-inner\"><div class=\"wpb_wrapper\"><div class=\"vc_row wpb_row vc_inner vc_row-fluid vc_custom_1569482474546\"><div class=\"wpb_column vc_column_container vc_col-sm-12\"><div class=\"vc_column-inner\"><div class=\"wpb_wrapper\"><div style=\"background-color:;height: 50px\" class=\"nicdark_section\"><\/div> <h3 style=\"color:#91005c;padding:px;text-align:;font-size:px;line-height:px;letter-spacing: 4px;font-weight:bold\" class=\"nd_options_second_font\">&gt; UBEZPIECZENIE OD WYPADKU PRZY PRACY<\/h3> <div style=\"background-color:;height: 25px\" class=\"nicdark_section\"><\/div><\/div><\/div><\/div><\/div><div class=\"vc_row wpb_row vc_inner vc_row-fluid\"><div class=\"wpb_column vc_column_container vc_col-sm-12\"><div class=\"vc_column-inner\"><div class=\"wpb_wrapper\"><div style=\"background-color:;height: 25px\" class=\"nicdark_section\"><\/div>\n\t<div class=\"wpb_text_column wpb_content_element\" >\n\t\t<div class=\"wpb_wrapper\">\n\t\t\t<p><em>W Belgii istnieje prawny obowi\u0105zek wykupienia ubezpieczenia od wypadku przy pracy z chwil\u0105 zatrudnienia cho\u0107by jednego pracownika. Gdy dojdzie do wypadku, ubezpieczenie zapewnia ochron\u0119 r\u00f3\u017cnych aspekt\u00f3w. Polis\u0119 mo\u017cna rozszerzy\u0107 o liczne dodatkowe elementy, aby by\u0142a w 100% dostosowana do dzia\u0142alno\u015bci Pa\u0144stwa firmy i jej pracownik\u00f3w. <\/em><\/p>\n\n\t\t<\/div>\n\t<\/div>\n<\/div><\/div><\/div><\/div><div style=\"background-color:;height: 25px\" class=\"nicdark_section\"><\/div><div style=\"background-color:#91005c;height: 1px\" class=\"nicdark_section\"><\/div><div class=\"vc_row wpb_row vc_inner vc_row-fluid\"><div class=\"wpb_column vc_column_container vc_col-sm-12\"><div class=\"vc_column-inner\"><div class=\"wpb_wrapper\"><div style=\"background-color:;height: 50px\" class=\"nicdark_section\"><\/div> <p style=\"color:#000000;padding:px;text-align:;font-size:16px;line-height:px;letter-spacing: px;font-weight:bold\" class=\"nd_options_second_font\">Zabezpieczenie dla Pa\u0144stwa w razie wypadku przy pracy<\/p> <div style=\"background-color:;height: 35px\" class=\"nicdark_section\"><\/div>\n\t<div class=\"wpb_text_column wpb_content_element\" >\n\t\t<div class=\"wpb_wrapper\">\n\t\t\t<p>Na ubezpieczenie to mo\u017cna si\u0119 oczywi\u015bcie powo\u0142a\u0107 w razie wypadku na hali produkcyjnej lub w drodze do i z pracy (przy dojazdach normaln\u0105 tras\u0105), ale w rzeczywisto\u015bci oferuje ono znacznie szersz\u0105 ochron\u0119 dla pracownik\u00f3w. Istnieje szereg standardowych element\u00f3w obj\u0119tych ubezpieczeniem, dzi\u0119ki kt\u00f3rym jest ono w pe\u0142ni dostosowane do wsp\u00f3\u0142czesnych reali\u00f3w spo\u0142ecznych.<\/p>\n<ul>\n<li><span style=\"color: #91005c;\">Partner(ka) w zarejestrowanym zwi\u0105zku partnerskim:<\/span> w przypadku \u015bmierci pracownika\/pracowniczki, jego\/jej partner(ka) jest traktowany(-a) na r\u00f3wni z ma\u0142\u017conkiem(-\u0105).<\/li>\n<li><span style=\"color: #91005c;\">Praca z domu:<\/span> ubezpieczeniu podlegaj\u0105 wypadki zwi\u0105zane z prac\u0105 w domu.<\/li>\n<li><span style=\"color: #91005c;\">Zlecenie 24\/24: <\/span>ochron\u0105 ubezpieczeniow\u0105 obj\u0119te s\u0105 wypadki, do jakich mo\u017ce doj\u015b\u0107 podczas wykonywania tymczasowych zlece\u0144, r\u00f3wnie\u017c za granic\u0105.<\/li>\n<li><span style=\"color: #91005c;\">Imprezy sportowe i inne wydarzenia:<\/span> ubezpieczenie obejmuje wypadki, do jakich mo\u017ce doj\u015b\u0107 podczas lub w drodze na\/z imprez\u0119, kt\u00f3r\u0105 Pa\u0144stwo organizuj\u0105 lub w kt\u00f3rej uczestnicz\u0105 Pa\u0144stwa pracownicy.<\/li>\n<\/ul>\n<p>&nbsp;<\/p>\n<p>Zawsze zapewniamy polis\u0119 dostosowan\u0105 do potrzeb Pa\u0144stwa firmy. Wysoko\u015b\u0107 sk\u0142adki ubezpieczeniowej zale\u017cy mi\u0119dzy innymi od rodzaju prowadzonej dzia\u0142alno\u015bci i kategorii, do kt\u00f3rej nale\u017c\u0105 pracownicy. Odszkodowanie jest obliczane na podstawie pensji pracownika i ograniczone do ustawowej maksymalnej kwoty 44.817,89 euro (obowi\u0105zuj\u0105cej w 2020 roku). Aby zaoferowa\u0107 wszystkim pracownikom kompletny pakiet, mo\u017cna te\u017c rozszerzy\u0107 polis\u0119 o szereg dodatkowych element\u00f3w. <span style=\"color: #91005c;\"><a style=\"color: #91005c;\" href=\"https:\/\/www.dhondt-insurance.com\/pl\/contact\/\">Prosz\u0119 si\u0119 z nami skontaktowa\u0107<\/a><\/span> , aby uzyska\u0107 wi\u0119cej informacji!<\/p>\n\n\t\t<\/div>\n\t<\/div>\n<\/div><\/div><\/div><\/div><div class=\"vc_row wpb_row vc_inner vc_row-fluid vc_custom_1569482474546\"><div class=\"wpb_column vc_column_container vc_col-sm-12\"><div class=\"vc_column-inner\"><div class=\"wpb_wrapper\"><div style=\"background-color:#91005c;height: 1px\" class=\"nicdark_section\"><\/div><\/div><\/div><\/div><\/div><div class=\"vc_row wpb_row vc_inner vc_row-fluid vc_custom_1644942008069 vc_row-has-fill\"><div class=\"wpb_column vc_column_container vc_col-sm-12\"><div class=\"vc_column-inner\"><div class=\"wpb_wrapper\"> <p style=\"color:#2d2d2d;padding:px;text-align:;font-size:16px;line-height:px;letter-spacing: px;font-weight:bold\" class=\"\">Co jest obj\u0119te ubezpieczeniem?<\/p> <div style=\"background-color:;height: 25px\" class=\"nicdark_section\"><\/div><div style=\"background-color:;height: 10px\" class=\"nicdark_section\"><\/div>\n\t<div class=\"wpb_text_column wpb_content_element\" >\n\t\t<div class=\"wpb_wrapper\">\n\t\t\t<p>Koszty leczenia<\/p>\n\n\t\t<\/div>\n\t<\/div>\n<div style=\"background-color:;height: 10px\" class=\"nicdark_section\"><\/div><div style=\"background-color:#f1f1f1;height: 1px\" class=\"nicdark_section\"><\/div><div style=\"background-color:;height: 10px\" class=\"nicdark_section\"><\/div>\n\t<div class=\"wpb_text_column wpb_content_element\" >\n\t\t<div class=\"wpb_wrapper\">\n\t\t\t<p>Tymczasowa niezdolno\u015b\u0107 do pracy<\/p>\n\n\t\t<\/div>\n\t<\/div>\n<div style=\"background-color:;height: 10px\" class=\"nicdark_section\"><\/div><div style=\"background-color:#f1f1f1;height: 1px\" class=\"nicdark_section\"><\/div><div style=\"background-color:;height: 10px\" class=\"nicdark_section\"><\/div>\n\t<div class=\"wpb_text_column wpb_content_element\" >\n\t\t<div class=\"wpb_wrapper\">\n\t\t\t<p>Trwa\u0142a niezdolno\u015b\u0107 do pracy<\/p>\n\n\t\t<\/div>\n\t<\/div>\n<div style=\"background-color:;height: 10px\" class=\"nicdark_section\"><\/div><div style=\"background-color:#f1f1f1;height: 1px\" class=\"nicdark_section\"><\/div><div style=\"background-color:;height: 10px\" class=\"nicdark_section\"><\/div>\n\t<div class=\"wpb_text_column wpb_content_element\" >\n\t\t<div class=\"wpb_wrapper\">\n\t\t\t<p>\u015amier\u0107 w wyniku wypadku<\/p>\n\n\t\t<\/div>\n\t<\/div>\n<div style=\"background-color:;height: 10px\" class=\"nicdark_section\"><\/div> <p style=\"color:#2d2d2d;padding:px;text-align:;font-size:16px;line-height:px;letter-spacing: px;font-weight:bold\" class=\"\">Obowi\u0105zkow\u0105 polis\u0119 mo\u017cna rozszerzy\u0107 o dodatkowe elementy:<\/p> <div style=\"background-color:;height: 10px\" class=\"nicdark_section\"><\/div><div style=\"background-color:;height: 25px\" class=\"nicdark_section\"><\/div>\n\t<div class=\"wpb_text_column wpb_content_element\" >\n\t\t<div class=\"wpb_wrapper\">\n\t\t\t<ul>\n<li><span style=\"color: #91005c;\">Ubezpieczenie Exedent:<\/span> gdy wynagrodzenie pracownika przewy\u017csza ustawowy limit.<\/li>\n<li><span style=\"color: #91005c;\">Gwarantowane wynagrodzenie:<\/span> ubezpieczenie pokrywa r\u00f3\u017cnic\u0119 pomi\u0119dzy wysoko\u015bci\u0105 otrzymanej rekompensaty a normaln\u0105 pensj\u0105 pracownika.<\/li>\n<li><span style=\"color: #91005c;\">Ubezpieczenie ca\u0142odobowe:<\/span> obejmuje wypadki skutkuj\u0105ce obra\u017ceniami cia\u0142a (r\u00f3wnie\u017c niezwi\u0105zane z prac\u0105) przez ca\u0142y czas.<\/li>\n<\/ul>\n\n\t\t<\/div>\n\t<\/div>\n<\/div><\/div><\/div><\/div><\/div><\/div><\/div><\/div><div data-vc-full-width=\"true\" data-vc-full-width-init=\"false\" class=\"vc_row wpb_row vc_row-fluid wpb_animate_when_almost_visible wpb_fadeIn fadeIn vc_custom_1644941973320 vc_row-has-fill\"><div class=\"wpb_column vc_column_container vc_col-sm-3\"><div class=\"vc_column-inner\"><div class=\"wpb_wrapper\">\n\t<div class=\"wpb_text_column wpb_content_element\" >\n\t\t<div class=\"wpb_wrapper\">\n\t\t\t<p><a href=\"https:\/\/www.dhondt-insurance.com\/pl\/producten\/\"><span style=\"color: #ffffff;\">&lt; Zobacz inne produkty<\/span><\/a><\/p>\n\n\t\t<\/div>\n\t<\/div>\n<\/div><\/div><\/div><div class=\"wpb_column vc_column_container vc_col-sm-6\"><div class=\"vc_column-inner\"><div class=\"wpb_wrapper\"><\/div><\/div><\/div><div class=\"wpb_column vc_column_container vc_col-sm-3\"><div class=\"vc_column-inner\"><div class=\"wpb_wrapper\">\n\t<div class=\"wpb_text_column wpb_content_element\" >\n\t\t<div class=\"wpb_wrapper\">\n\t\t\t<p><a href=\"https:\/\/www.dhondt-insurance.com\/pl\/contact\/\"><span style=\"color: #ffffff;\">Skontaktuj si\u0119 z nami &gt;<\/span><\/a><\/p>\n\n\t\t<\/div>\n\t<\/div>\n<\/div><\/div><\/div><\/div><div class=\"vc_row-full-width vc_clearfix\"><\/div>\n<\/div>","protected":false},"excerpt":{"rendered":"ARBEIDSONGEVALLEN &nbsp; &gt; Arbeidsongevallenverzekering &gt; ARBEIDSONGEVALLENVERZEKERING Van zodra u \u00e9\u00e9n personeelslid in dienst hebt, is een arbeidsongevallenverzekering wettelijk verplicht in Belgi\u00eb. De verzekering komt op verschillende vlakken tussen wanneer er zich een ongeval voordoet. Deze verzekering is uitbreidbaar met tal van extra dekkingen zodat de inhoud 100% afgestemd is op uw bedrijfsactiviteiten en medewerkers. Uw [...]","protected":false},"author":1,"featured_media":0,"parent":0,"menu_order":0,"comment_status":"closed","ping_status":"closed","template":"","meta":{"footnotes":""},"class_list":["post-3025","page","type-page","status-publish","hentry"],"_links":{"self":[{"href":"https:\/\/www.dhondt-insurance.com\/pl\/wp-json\/wp\/v2\/pages\/3025","targetHints":{"allow":["GET"]}}],"collection":[{"href":"https:\/\/www.dhondt-insurance.com\/pl\/wp-json\/wp\/v2\/pages"}],"about":[{"href":"https:\/\/www.dhondt-insurance.com\/pl\/wp-json\/wp\/v2\/types\/page"}],"author":[{"embeddable":true,"href":"https:\/\/www.dhondt-insurance.com\/pl\/wp-json\/wp\/v2\/users\/1"}],"replies":[{"embeddable":true,"href":"https:\/\/www.dhondt-insurance.com\/pl\/wp-json\/wp\/v2\/comments?post=3025"}],"version-history":[{"count":0,"href":"https:\/\/www.dhondt-insurance.com\/pl\/wp-json\/wp\/v2\/pages\/3025\/revisions"}],"wp:attachment":[{"href":"https:\/\/www.dhondt-insurance.com\/pl\/wp-json\/wp\/v2\/media?parent=3025"}],"curies":[{"name":"wp","href":"https:\/\/api.w.org\/{rel}","templated":true}]}}