{"id":3022,"date":"2020-04-07T12:31:30","date_gmt":"2020-04-07T12:31:30","guid":{"rendered":"http:\/\/dhondt-insurance.com\/?page_id=3022"},"modified":"2022-03-22T10:14:11","modified_gmt":"2022-03-22T10:14:11","slug":"machinebreuk","status":"publish","type":"page","link":"https:\/\/www.dhondt-insurance.com\/pl\/machinebreuk\/","title":{"rendered":"Machinebreuk"},"content":{"rendered":"<div class=\"wpb-content-wrapper\"><div class=\"vc_row wpb_row vc_row-fluid wpb_animate_when_almost_visible wpb_fadeIn fadeIn\"><div class=\"wpb_column vc_column_container vc_col-sm-6\"><div class=\"vc_column-inner\"><div class=\"wpb_wrapper\"><\/div><\/div><\/div><div class=\"wpb_column vc_column_container vc_col-sm-6 vc_hidden-xs vc_col-has-fill\"><div class=\"vc_column-inner vc_custom_1644940378398\"><div class=\"wpb_wrapper\">\n\t<div class=\"wpb_text_column wpb_content_element\" >\n\t\t<div class=\"wpb_wrapper\">\n\t\t\t<h4 style=\"padding-left: 80px;\"><span style=\"color: #ffffff;\"><strong>W\u0141ASNO\u015a\u0106<\/strong><\/span><\/h4>\n<p>&nbsp;<\/p>\n<p style=\"padding-left: 80px;\"><a href=\"https:\/\/www.dhondt-insurance.com\/pl\/machinebreuk\/\"><span style=\"color: #ffffff;\">&gt; Awarie i uszkodzenia maszyn<\/span><\/a><\/p>\n<p style=\"padding-left: 80px;\"><a href=\"https:\/\/www.dhondt-insurance.com\/pl\/bedrijfsschade\/\"><span style=\"color: #ffffff;\">&gt; Ubezpieczenie od po\u017caru<\/span><\/a><\/p>\n<p style=\"padding-left: 80px;\"><a href=\"https:\/\/www.dhondt-insurance.com\/pl\/brandverzekering\/\"><span style=\"color: #ffffff;\">&gt; Szkody dla dzia\u0142alno\u015bci<\/span><\/a><\/p>\n<p><a href=\"https:\/\/www.dhondt-insurance.com\/pl\/kunstverzekering\/\"><span style=\"color: #ffffff;\">\u00a0 \u00a0 \u00a0 \u00a0 \u00a0 \u00a0 \u00a0 \u00a0 \u00a0&gt; Ubezpieczenie dzie\u0142 sztuki<\/span><\/a><\/p>\n<p><a href=\"https:\/\/www.dhondt-insurance.com\/pl\/all-risk-electronica\/\"><span style=\"color: #ffffff;\">\u00a0 \u00a0 \u00a0 \u00a0 \u00a0 \u00a0 \u00a0 \u00a0 \u00a0&gt; All Risk Elektronika<\/span><\/a><\/p>\n\n\t\t<\/div>\n\t<\/div>\n<\/div><\/div><\/div><\/div><div class=\"vc_row wpb_row vc_row-fluid wpb_animate_when_almost_visible wpb_fadeIn fadeIn\"><div class=\"wpb_column vc_column_container vc_col-sm-12\"><div class=\"vc_column-inner\"><div class=\"wpb_wrapper\"><div class=\"vc_row wpb_row vc_inner vc_row-fluid vc_custom_1569482474546\"><div class=\"wpb_column vc_column_container vc_col-sm-12\"><div class=\"vc_column-inner\"><div class=\"wpb_wrapper\"> <h3 style=\"color:#4fa5d1;padding:px;text-align:;font-size:px;line-height:px;letter-spacing: 4px;font-weight:bold\" class=\"nd_options_second_font\">&gt; AWARIE I USZKODZENIA MASZYN<\/h3> <div style=\"background-color:;height: 50px\" class=\"nicdark_section\"><\/div><\/div><\/div><\/div><\/div><div class=\"vc_row wpb_row vc_inner vc_row-fluid\"><div class=\"wpb_column vc_column_container vc_col-sm-12\"><div class=\"vc_column-inner\"><div class=\"wpb_wrapper\"><div style=\"background-color:;height: 25px\" class=\"nicdark_section\"><\/div>\n\t<div class=\"wpb_text_column wpb_content_element\" >\n\t\t<div class=\"wpb_wrapper\">\n\t\t\t<p><em>Cz\u0119sto przyczyn\u0105 awarii maszyn jest b\u0142\u0105d ludzki. Na przyk\u0142ad 40% usterek silnik\u00f3w spalinowych i nawet 80% awarii pras drukarskich jest wynikiem b\u0142\u0119d\u00f3w pope\u0142nionych przez ludzi. Nawet drobne zaniedbania mog\u0105 mie\u0107 powa\u017cne konsekwencje finansowe dla Pa\u0144stwa firmy. Dlatego ubezpieczenie maszyny od uszkodze\u0144 i awarii z pewno\u015bci\u0105 nie jest zb\u0119dnym luksusem! <\/em><\/p>\n\n\t\t<\/div>\n\t<\/div>\n<\/div><\/div><\/div><\/div><div style=\"background-color:;height: 25px\" class=\"nicdark_section\"><\/div><div class=\"vc_row wpb_row vc_inner vc_row-fluid\"><div class=\"wpb_column vc_column_container vc_col-sm-12\"><div class=\"vc_column-inner\"><div class=\"wpb_wrapper\"><div style=\"background-color:#4fa5d1;height: 1px\" class=\"nicdark_section\"><\/div><div style=\"background-color:;height: 25px\" class=\"nicdark_section\"><\/div> <p style=\"color:#2d2d2d;padding:px;text-align:;font-size:16px;line-height:px;letter-spacing: px;font-weight:bold\" class=\"\">Ochrona parku maszynowego<\/p> <div style=\"background-color:;height: 25px\" class=\"nicdark_section\"><\/div><div style=\"background-color:;height: 50px\" class=\"nicdark_section\"><\/div>\n\t<div class=\"wpb_text_column wpb_content_element\" >\n\t\t<div class=\"wpb_wrapper\">\n\t\t\t<p>Wiedz\u0105 Pa\u0144stwo, \u017ce w przypadku leasingu i najmu ubezpieczenie maszyn od uszkodze\u0144 i awarii jest cz\u0119sto obowi\u0105zkowe? Jest te\u017c absolutnie konieczne, je\u015bli chodzi o Pa\u0144stwa w\u0142asne maszyny. Przypadkowy b\u0142\u0105d mo\u017ce zdarzy\u0107 si\u0119 ka\u017cdemu, ale nie oznacza to, \u017ce musz\u0105 Pa\u0144stwo sami ponosi\u0107 ogromne koszty naprawy. Polisa na wypadek uszkodzenia i awarii maszyn obejmuje usterki i szkody ca\u0142ego parku maszynowego, zar\u00f3wno w zak\u0142adzie, jak i na placu budowy. Ponadto mo\u017cna rozszerzy\u0107 t\u0119 polis\u0119 np. o ochron\u0119 przed kradzie\u017c\u0105 lub szkodami spowodowanymi przez wod\u0119. Ch\u0119tnie przygotujemy dla Pa\u0144stwa indywidualn\u0105 polis\u0119. <a href=\"https:\/\/www.dhondt-insurance.com\/pl\/contact\/\"><span style=\"color: #4fa5d1;\">Prosz\u0119 si\u0119 z nami skontaktowa\u0107<\/span><\/a>!<\/p>\n\n\t\t<\/div>\n\t<\/div>\n<\/div><\/div><\/div><\/div><div class=\"vc_row wpb_row vc_inner vc_row-fluid vc_custom_1569482474546\"><div class=\"wpb_column vc_column_container vc_col-sm-12\"><div class=\"vc_column-inner\"><div class=\"wpb_wrapper\"><div style=\"background-color:#4fa5d1;height: 1px\" class=\"nicdark_section\"><\/div><\/div><\/div><\/div><\/div><div class=\"vc_row wpb_row vc_inner vc_row-fluid vc_custom_1644940400472 vc_row-has-fill\"><div class=\"wpb_column vc_column_container vc_col-sm-12\"><div class=\"vc_column-inner\"><div class=\"wpb_wrapper\"> <p style=\"color:#2d2d2d;padding:px;text-align:;font-size:16px;line-height:px;letter-spacing: px;font-weight:bold\" class=\"\">Co jest obj\u0119te ubezpieczeniem?<\/p> <div style=\"background-color:;height: 25px\" class=\"nicdark_section\"><\/div><div style=\"background-color:;height: 10px\" class=\"nicdark_section\"><\/div>\n\t<div class=\"wpb_text_column wpb_content_element\" >\n\t\t<div class=\"wpb_wrapper\">\n\t\t\t<p>B\u0142\u0105d ludzki<\/p>\n\n\t\t<\/div>\n\t<\/div>\n<div style=\"background-color:;height: 10px\" class=\"nicdark_section\"><\/div><div style=\"background-color:#f1f1f1;height: 1px\" class=\"nicdark_section\"><\/div><div style=\"background-color:;height: 10px\" class=\"nicdark_section\"><\/div>\n\t<div class=\"wpb_text_column wpb_content_element\" >\n\t\t<div class=\"wpb_wrapper\">\n\t\t\t<p>Przegrzanie i zepsucie<\/p>\n\n\t\t<\/div>\n\t<\/div>\n<div style=\"background-color:;height: 10px\" class=\"nicdark_section\"><\/div><div style=\"background-color:#f1f1f1;height: 1px\" class=\"nicdark_section\"><\/div><div style=\"background-color:;height: 10px\" class=\"nicdark_section\"><\/div>\n\t<div class=\"wpb_text_column wpb_content_element\" >\n\t\t<div class=\"wpb_wrapper\">\n\t\t\t<p>Czynniki wewn\u0119trzne, takie jak b\u0142\u0119dy konstrukcyjne lub monta\u017cowe<\/p>\n\n\t\t<\/div>\n\t<\/div>\n<div style=\"background-color:;height: 10px\" class=\"nicdark_section\"><\/div><div style=\"background-color:#f1f1f1;height: 1px\" class=\"nicdark_section\"><\/div><div style=\"background-color:;height: 10px\" class=\"nicdark_section\"><\/div>\n\t<div class=\"wpb_text_column wpb_content_element\" >\n\t\t<div class=\"wpb_wrapper\">\n\t\t\t<p>Czynniki zewn\u0119trzne, takie jak upadek, zderzenie lub burza<\/p>\n\n\t\t<\/div>\n\t<\/div>\n<div style=\"background-color:;height: 10px\" class=\"nicdark_section\"><\/div><div style=\"background-color:;height: 25px\" class=\"nicdark_section\"><\/div> <p style=\"color:#2d2d2d;padding:px;text-align:;font-size:16px;line-height:px;letter-spacing: px;font-weight:bold\" class=\"\">Mo\u017cliwe rozszerzenie polisy:<\/p> <div style=\"background-color:;height: 25px\" class=\"nicdark_section\"><\/div>\n\t<div class=\"wpb_text_column wpb_content_element\" >\n\t\t<div class=\"wpb_wrapper\">\n\t\t\t<ul>\n<li>Po\u017car i wybuch<\/li>\n<li>Kradzie\u017c<\/li>\n<li>Szkody dla dzia\u0142alno\u015bci<\/li>\n<\/ul>\n\n\t\t<\/div>\n\t<\/div>\n<\/div><\/div><\/div><\/div><\/div><\/div><\/div><\/div><div data-vc-full-width=\"true\" data-vc-full-width-init=\"false\" class=\"vc_row wpb_row vc_row-fluid wpb_animate_when_almost_visible wpb_fadeIn fadeIn vc_custom_1644940390170 vc_row-has-fill\"><div class=\"wpb_column vc_column_container vc_col-sm-3\"><div class=\"vc_column-inner\"><div class=\"wpb_wrapper\">\n\t<div class=\"wpb_text_column wpb_content_element\" >\n\t\t<div class=\"wpb_wrapper\">\n\t\t\t<p><a href=\"https:\/\/www.dhondt-insurance.com\/pl\/producten\/\"><span style=\"color: #ffffff;\">&lt; Zobacz inne produkty<\/span><\/a><\/p>\n\n\t\t<\/div>\n\t<\/div>\n<\/div><\/div><\/div><div class=\"wpb_column vc_column_container vc_col-sm-6\"><div class=\"vc_column-inner\"><div class=\"wpb_wrapper\"><\/div><\/div><\/div><div class=\"wpb_column vc_column_container vc_col-sm-3\"><div class=\"vc_column-inner\"><div class=\"wpb_wrapper\">\n\t<div class=\"wpb_text_column wpb_content_element\" >\n\t\t<div class=\"wpb_wrapper\">\n\t\t\t<p><a href=\"https:\/\/www.dhondt-insurance.com\/pl\/kantoren\/\"><span style=\"color: #ffffff;\">Skontaktuj si\u0119 z nami &gt;<\/span><\/a><\/p>\n\n\t\t<\/div>\n\t<\/div>\n<\/div><\/div><\/div><\/div><div class=\"vc_row-full-width vc_clearfix\"><\/div>\n<\/div>","protected":false},"excerpt":{"rendered":"PROPERTY &nbsp; &gt; Machinebreuk &gt; Bedrijfsschade &gt; Brandverzekering \u00a0 \u00a0 \u00a0 \u00a0 \u00a0 \u00a0 \u00a0 \u00a0 \u00a0&gt; Kunstverzekering \u00a0 \u00a0 \u00a0 \u00a0 \u00a0 \u00a0 \u00a0 \u00a0 \u00a0&gt; All Risk Elektronica &gt; MACHINEBREUK Menselijke fouten liggen vaak aan de basis voor het uitvallen van machines. Zo zijn 40% van defecte verbrandingsmotoren en zelfs 80% van kapotte [...]","protected":false},"author":1,"featured_media":0,"parent":0,"menu_order":0,"comment_status":"closed","ping_status":"closed","template":"","meta":{"footnotes":""},"class_list":["post-3022","page","type-page","status-publish","hentry"],"_links":{"self":[{"href":"https:\/\/www.dhondt-insurance.com\/pl\/wp-json\/wp\/v2\/pages\/3022","targetHints":{"allow":["GET"]}}],"collection":[{"href":"https:\/\/www.dhondt-insurance.com\/pl\/wp-json\/wp\/v2\/pages"}],"about":[{"href":"https:\/\/www.dhondt-insurance.com\/pl\/wp-json\/wp\/v2\/types\/page"}],"author":[{"embeddable":true,"href":"https:\/\/www.dhondt-insurance.com\/pl\/wp-json\/wp\/v2\/users\/1"}],"replies":[{"embeddable":true,"href":"https:\/\/www.dhondt-insurance.com\/pl\/wp-json\/wp\/v2\/comments?post=3022"}],"version-history":[{"count":0,"href":"https:\/\/www.dhondt-insurance.com\/pl\/wp-json\/wp\/v2\/pages\/3022\/revisions"}],"wp:attachment":[{"href":"https:\/\/www.dhondt-insurance.com\/pl\/wp-json\/wp\/v2\/media?parent=3022"}],"curies":[{"name":"wp","href":"https:\/\/api.w.org\/{rel}","templated":true}]}}