{"id":3008,"date":"2020-04-07T12:24:02","date_gmt":"2020-04-07T12:24:02","guid":{"rendered":"http:\/\/dhondt-insurance.com\/?page_id=3008"},"modified":"2022-02-15T15:44:07","modified_gmt":"2022-02-15T15:44:07","slug":"beroepsaansprakelijkheid","status":"publish","type":"page","link":"https:\/\/www.dhondt-insurance.com\/pl\/beroepsaansprakelijkheid\/","title":{"rendered":"OC zawodowe"},"content":{"rendered":"<div class=\"wpb-content-wrapper\"><div class=\"vc_row wpb_row vc_row-fluid wpb_animate_when_almost_visible wpb_fadeIn fadeIn\"><div class=\"wpb_column vc_column_container vc_col-sm-6\"><div class=\"vc_column-inner\"><div class=\"wpb_wrapper\"><\/div><\/div><\/div><div class=\"wpb_column vc_column_container vc_col-sm-6 vc_hidden-xs vc_col-has-fill\"><div class=\"vc_column-inner vc_custom_1644939817301\"><div class=\"wpb_wrapper\">\n\t<div class=\"wpb_text_column wpb_content_element\" >\n\t\t<div class=\"wpb_wrapper\">\n\t\t\t<h4 style=\"padding-left: 80px;\"><span style=\"color: #ffffff;\"><strong>ODPOWIEDZIALNO\u015a\u0106<\/strong><\/span><\/h4>\n<p>&nbsp;<\/p>\n<p style=\"padding-left: 80px;\"><a href=\"https:\/\/www.dhondt-insurance.com\/pl\/beroepsaansprakelijkheid\/\"><span style=\"color: #ffffff;\">&gt; Odpowiedzialno\u015b\u0107 zawodowa<\/span><\/a><\/p>\n<p style=\"padding-left: 80px;\"><a href=\"https:\/\/www.dhondt-insurance.com\/pl\/ba-uitbating-ba-na-levering\/\"><span style=\"color: #ffffff;\">&gt; OC dla firm i OC po dostawie<\/span><\/a><\/p>\n<p style=\"padding-left: 80px;\"><a href=\"https:\/\/www.dhondt-insurance.com\/pl\/bestuurdersaansprakelijkheid-do\/\"><span style=\"color: #ffffff;\">&gt; Ubezpieczenie odpowiedzialno\u015bci w\u0142adz sp\u00f3\u0142ki (D&amp;O)<\/span><\/a><\/p>\n<p style=\"padding-left: 80px;\"><a href=\"https:\/\/www.dhondt-insurance.com\/pl\/objectieve-aansprakelijkheid\/\"><span style=\"color: #ffffff;\">&gt; Odpowiedzialno\u015b\u0107 obiektywna<\/span><\/a><\/p>\n<p style=\"padding-left: 80px;\"><a href=\"https:\/\/www.dhondt-insurance.com\/pl\/contaminatieverzekering-recall\/\"><span style=\"color: #ffffff;\">&gt; Wycofanie produktu z rynku<\/span><\/a><\/p>\n<p style=\"padding-left: 80px;\"><span style=\"color: #ffffff;\"><a style=\"color: #ffffff;\" href=\"https:\/\/www.dhondt-insurance.com\/pl\/milieu-aansprakelijkheidsverzekering\/\">&gt; Ubezpieczenie szk\u00f3d \u015brodowiskowych<\/a><\/span><\/p>\n\n\t\t<\/div>\n\t<\/div>\n<\/div><\/div><\/div><\/div><div class=\"vc_row wpb_row vc_row-fluid wpb_animate_when_almost_visible wpb_fadeIn fadeIn\"><div class=\"wpb_column vc_column_container vc_col-sm-12\"><div class=\"vc_column-inner\"><div class=\"wpb_wrapper\"><div class=\"vc_row wpb_row vc_inner vc_row-fluid vc_custom_1569482474546\"><div class=\"wpb_column vc_column_container vc_col-sm-12\"><div class=\"vc_column-inner\"><div class=\"wpb_wrapper\"> <h3 style=\"color:#0077c6;padding:px;text-align:;font-size:px;line-height:px;letter-spacing: 4px;font-weight:bold\" class=\"nd_options_second_font\">&gt; ODPOWIEDZIALNO\u015a\u0106 ZAWODOWA<\/h3> <div style=\"background-color:;height: 50px\" class=\"nicdark_section\"><\/div><\/div><\/div><\/div><\/div><div class=\"vc_row wpb_row vc_inner vc_row-fluid\"><div class=\"wpb_column vc_column_container vc_col-sm-12\"><div class=\"vc_column-inner\"><div class=\"wpb_wrapper\"><div style=\"background-color:;height: 25px\" class=\"nicdark_section\"><\/div>\n\t<div class=\"wpb_text_column wpb_content_element\" >\n\t\t<div class=\"wpb_wrapper\">\n\t\t\t<p><em>Ta polisa jest przeznaczona specjalnie dla przedstawicieli wolnych zawod\u00f3w i os\u00f3b \u015bwiadcz\u0105cych us\u0142ugi intelektualne. Zapewnia ochron\u0119 w przypadku, gdy lekarz, prawnik, biuro podr\u00f3\u017cy itp. nieumy\u015blnie spowoduje szkod\u0119 na skutek b\u0142\u0119du zawodowego lub umownego. Ponadto w wielu przypadkach posiadanie tego ubezpieczenia jest obowi\u0105zkowe.<\/em><\/p>\n\n\t\t<\/div>\n\t<\/div>\n<\/div><\/div><\/div><\/div><div style=\"background-color:;height: 25px\" class=\"nicdark_section\"><\/div><div style=\"background-color:#0077c6;height: 1px\" class=\"nicdark_section\"><\/div><div class=\"vc_row wpb_row vc_inner vc_row-fluid\"><div class=\"wpb_column vc_column_container vc_col-sm-12\"><div class=\"vc_column-inner\"><div class=\"wpb_wrapper\"><div style=\"background-color:;height: 50px\" class=\"nicdark_section\"><\/div>\n\t<div class=\"wpb_text_column wpb_content_element\" >\n\t\t<div class=\"wpb_wrapper\">\n\t\t\t<h5><strong>Zabezpieczenie dla przedstawicieli wolnych zawod\u00f3w<\/strong><\/h5>\n<p>&nbsp;<\/p>\n<p>&nbsp;<\/p>\n<p>Od architekta pope\u0142niaj\u0105cego b\u0142\u0105d w planach, po dentyst\u0119 wyrywaj\u0105cego niew\u0142a\u015bciwy z\u0105b \u2013 ubezpieczenie to obejmuje wszystkie szkody spowodowane nieumy\u015blnie przez osob\u0119 wykonuj\u0105c\u0105 wolny zaw\u00f3d lub \u015bwiadcz\u0105c\u0105 us\u0142ugi intelektualne. W przypadku firm us\u0142ugowych ubezpieczenie obejmuje tak\u017ce b\u0142\u0119dne doradztwo, nieprawid\u0142owe obliczenia itp. Mog\u0105 Pa\u0144stwo poszerzy\u0107 t\u0119 polis\u0119 o OC dla firm i ograniczon\u0105 gwarancj\u0119 pomocy prawnej, aby uzyska\u0107 pe\u0142n\u0105 ochron\u0119 swojej dzia\u0142alno\u015bci zawodowej. Prosz\u0119 si\u0119 z nami skontaktowa\u0107, a my przygotujemy dla Pa\u0144stwa optymaln\u0105 ofert\u0119!<\/p>\n<p>&nbsp;<\/p>\n<p>&nbsp;<\/p>\n\n\t\t<\/div>\n\t<\/div>\n<\/div><\/div><\/div><\/div><div class=\"vc_row wpb_row vc_inner vc_row-fluid vc_custom_1569482474546\"><div class=\"wpb_column vc_column_container vc_col-sm-12\"><div class=\"vc_column-inner\"><div class=\"wpb_wrapper\"><div style=\"background-color:#0077c6;height: 1px\" class=\"nicdark_section\"><\/div><\/div><\/div><\/div><\/div><div class=\"vc_row wpb_row vc_inner vc_row-fluid vc_custom_1644939845603 vc_row-has-fill\"><div class=\"wpb_column vc_column_container vc_col-sm-12\"><div class=\"vc_column-inner\"><div class=\"wpb_wrapper\"> <p style=\"color:#2d2d2d;padding:px;text-align:;font-size:16px;line-height:px;letter-spacing: px;font-weight:bold\" class=\"\">Co jest obj\u0119te ubezpieczeniem?<\/p> <div style=\"background-color:;height: 25px\" class=\"nicdark_section\"><\/div><div style=\"background-color:;height: 10px\" class=\"nicdark_section\"><\/div>\n\t<div class=\"wpb_text_column wpb_content_element\" >\n\t\t<div class=\"wpb_wrapper\">\n\t\t\t<p>Szkody wynikaj\u0105ce z b\u0142\u0119d\u00f3w zawodowych i umownych:<\/p>\n<ul>\n<li><span style=\"color: #0077c6;\">Szkody materialne<strong>:<\/strong><\/span> gdy np. komornik nakazuje opr\u00f3\u017cnienie niew\u0142a\u015bciwego domu.<\/li>\n<li><span style=\"color: #0077c6;\">Szkoda niematerialna:<\/span> gdy np. adwokat sk\u0142ada apelacj\u0119 po terminie, przez co wyrok staje si\u0119 prawomocny.<\/li>\n<li><span style=\"color: #0077c6;\">Uszkodzenia cia\u0142a:<\/span> gdy lekarz pope\u0142nia b\u0142\u0105d zawodowy.<\/li>\n<\/ul>\n\n\t\t<\/div>\n\t<\/div>\n<div style=\"background-color:;height: 10px\" class=\"nicdark_section\"><\/div><\/div><\/div><\/div><\/div><\/div><\/div><\/div><\/div><div data-vc-full-width=\"true\" data-vc-full-width-init=\"false\" class=\"vc_row wpb_row vc_row-fluid wpb_animate_when_almost_visible wpb_fadeIn fadeIn vc_custom_1644939828624 vc_row-has-fill\"><div class=\"wpb_column vc_column_container vc_col-sm-3\"><div class=\"vc_column-inner\"><div class=\"wpb_wrapper\">\n\t<div class=\"wpb_text_column wpb_content_element\" >\n\t\t<div class=\"wpb_wrapper\">\n\t\t\t<p><a href=\"https:\/\/www.dhondt-insurance.com\/pl\/producten\/\"><span style=\"color: #ffffff;\">&lt; Zobacz inne produkty<\/span><\/a><\/p>\n\n\t\t<\/div>\n\t<\/div>\n<\/div><\/div><\/div><div class=\"wpb_column vc_column_container vc_col-sm-6\"><div class=\"vc_column-inner\"><div class=\"wpb_wrapper\"><\/div><\/div><\/div><div class=\"wpb_column vc_column_container vc_col-sm-3\"><div class=\"vc_column-inner\"><div class=\"wpb_wrapper\">\n\t<div class=\"wpb_text_column wpb_content_element\" >\n\t\t<div class=\"wpb_wrapper\">\n\t\t\t<p><a href=\"https:\/\/www.dhondt-insurance.com\/pl\/contact\/\"><span style=\"color: #ffffff;\">Skontaktuj si\u0119 z nami &gt;<\/span><\/a><\/p>\n\n\t\t<\/div>\n\t<\/div>\n<\/div><\/div><\/div><\/div><div class=\"vc_row-full-width vc_clearfix\"><\/div>\n<\/div>","protected":false},"excerpt":{"rendered":"AANSPRAKELIJKHEID &nbsp; &gt; Beroepsaansprakelijkheid &gt; BA Uitbating &amp; BA na Levering &gt; Bestuurdersaansprakelijkheid (D&amp;O) &gt; Objectieve aansprakelijkheid &gt; Contaminatieverzekering (Recall) &gt; Milieu-aansprakelijkheidsverzekering &gt; BEROEPSAANSPRAKELIJKHEID Deze polis is er speciaal voor vrije en intellectuele beroepen. Ze komt tussen wanneer artsen, advocaten, reisagentschappen, \u2026 onopzettelijke schade veroorzaken door een beroepsfout of contractuele fout. Bovendien is deze verzekering [...]","protected":false},"author":1,"featured_media":0,"parent":0,"menu_order":0,"comment_status":"closed","ping_status":"closed","template":"","meta":{"footnotes":""},"class_list":["post-3008","page","type-page","status-publish","hentry"],"_links":{"self":[{"href":"https:\/\/www.dhondt-insurance.com\/pl\/wp-json\/wp\/v2\/pages\/3008","targetHints":{"allow":["GET"]}}],"collection":[{"href":"https:\/\/www.dhondt-insurance.com\/pl\/wp-json\/wp\/v2\/pages"}],"about":[{"href":"https:\/\/www.dhondt-insurance.com\/pl\/wp-json\/wp\/v2\/types\/page"}],"author":[{"embeddable":true,"href":"https:\/\/www.dhondt-insurance.com\/pl\/wp-json\/wp\/v2\/users\/1"}],"replies":[{"embeddable":true,"href":"https:\/\/www.dhondt-insurance.com\/pl\/wp-json\/wp\/v2\/comments?post=3008"}],"version-history":[{"count":0,"href":"https:\/\/www.dhondt-insurance.com\/pl\/wp-json\/wp\/v2\/pages\/3008\/revisions"}],"wp:attachment":[{"href":"https:\/\/www.dhondt-insurance.com\/pl\/wp-json\/wp\/v2\/media?parent=3008"}],"curies":[{"name":"wp","href":"https:\/\/api.w.org\/{rel}","templated":true}]}}