{"id":3005,"date":"2020-04-07T12:22:44","date_gmt":"2020-04-07T12:22:44","guid":{"rendered":"http:\/\/dhondt-insurance.com\/?page_id=3005"},"modified":"2022-02-15T15:42:57","modified_gmt":"2022-02-15T15:42:57","slug":"bestuurdersaansprakelijkheid-do","status":"publish","type":"page","link":"https:\/\/www.dhondt-insurance.com\/pl\/bestuurdersaansprakelijkheid-do\/","title":{"rendered":"Bestuurdersaansprakelijkheid (D&#038;O)"},"content":{"rendered":"<div class=\"wpb-content-wrapper\"><div class=\"vc_row wpb_row vc_row-fluid wpb_animate_when_almost_visible wpb_fadeIn fadeIn\"><div class=\"wpb_column vc_column_container vc_col-sm-12\"><div class=\"vc_column-inner\"><div class=\"wpb_wrapper\">\n\t<div class=\"wpb_text_column wpb_content_element\" >\n\t\t<div class=\"wpb_wrapper\">\n\t\t\t\n\t\t<\/div>\n\t<\/div>\n<\/div><\/div><\/div><\/div><div class=\"vc_row wpb_row vc_row-fluid wpb_animate_when_almost_visible wpb_fadeIn fadeIn\"><div class=\"wpb_column vc_column_container vc_col-sm-6\"><div class=\"vc_column-inner\"><div class=\"wpb_wrapper\"><\/div><\/div><\/div><div class=\"wpb_column vc_column_container vc_col-sm-6 vc_hidden-xs vc_col-has-fill\"><div class=\"vc_column-inner vc_custom_1644939764016\"><div class=\"wpb_wrapper\">\n\t<div class=\"wpb_text_column wpb_content_element\" >\n\t\t<div class=\"wpb_wrapper\">\n\t\t\t<h4 style=\"padding-left: 80px;\"><span style=\"color: #ffffff;\"><strong>ODPOWIEDZIALNO\u015a\u0106<\/strong><\/span><\/h4>\n<p>&nbsp;<\/p>\n<p style=\"padding-left: 80px;\"><a href=\"https:\/\/www.dhondt-insurance.com\/pl\/bestuurdersaansprakelijkheid-do\/\"><span style=\"color: #ffffff;\">&gt; Ubezpieczenie odpowiedzialno\u015bci w\u0142adz sp\u00f3\u0142ki (D&amp;O)<\/span><\/a><\/p>\n<p style=\"padding-left: 80px;\"><a href=\"https:\/\/www.dhondt-insurance.com\/pl\/ba-uitbating-ba-na-levering\/\"><span style=\"color: #ffffff;\">&gt; <\/span><span style=\"color: #ffffff;\">BA Uitbating &amp; BA na Levering<\/span><span style=\"color: #ffffff;\">\u00a0<\/span><\/a><\/p>\n<p style=\"padding-left: 80px;\"><a href=\"https:\/\/www.dhondt-insurance.com\/pl\/beroepsaansprakelijkheid\/\"><span style=\"color: #ffffff;\">&gt; Odpowiedzialno\u015b\u0107 zawodowa<\/span><\/a><\/p>\n<p style=\"padding-left: 80px;\"><a href=\"https:\/\/www.dhondt-insurance.com\/pl\/objectieve-aansprakelijkheid\/\"><span style=\"color: #ffffff;\">&gt; Odpowiedzialno\u015b\u0107 obiektywna<\/span><\/a><\/p>\n<p style=\"padding-left: 80px;\"><a href=\"https:\/\/www.dhondt-insurance.com\/pl\/contaminatieverzekering-recall\/\"><span style=\"color: #ffffff;\">&gt; Wycofanie produktu z rynku<\/span><\/a><\/p>\n<p style=\"padding-left: 80px;\"><a href=\"https:\/\/www.dhondt-insurance.com\/pl\/milieu-aansprakelijkheidsverzekering\/\"><span style=\"color: #ffffff;\">&gt; milieu-aansprakelijkheidsverzekering<\/span><\/a><\/p>\n\n\t\t<\/div>\n\t<\/div>\n<\/div><\/div><\/div><\/div><div class=\"vc_row wpb_row vc_row-fluid wpb_animate_when_almost_visible wpb_fadeIn fadeIn\"><div class=\"wpb_column vc_column_container vc_col-sm-12\"><div class=\"vc_column-inner\"><div class=\"wpb_wrapper\"><div class=\"vc_row wpb_row vc_inner vc_row-fluid vc_custom_1569482474546\"><div class=\"wpb_column vc_column_container vc_col-sm-12\"><div class=\"vc_column-inner\"><div class=\"wpb_wrapper\"><div style=\"background-color:;height: 25px\" class=\"nicdark_section\"><\/div> <h3 style=\"color:#0077c6;padding:px;text-align:;font-size:px;line-height:px;letter-spacing: 4px;font-weight:bold\" class=\"nd_options_second_font\">&gt; UBEZPIECZENIE ODPOWIEDZIALNO\u015aCI W\u0141ADZ SP\u00d3\u0141KI (D&amp;O)<\/h3> <div style=\"background-color:;height: 50px\" class=\"nicdark_section\"><\/div><\/div><\/div><\/div><\/div><div class=\"vc_row wpb_row vc_inner vc_row-fluid\"><div class=\"wpb_column vc_column_container vc_col-sm-12\"><div class=\"vc_column-inner\"><div class=\"wpb_wrapper\"><div style=\"background-color:;height: 25px\" class=\"nicdark_section\"><\/div>\n\t<div class=\"wpb_text_column wpb_content_element\" >\n\t\t<div class=\"wpb_wrapper\">\n\t\t\t<p><em>Jako dyrektor, cz\u0142onek zarz\u0105du lub osoba decyzyjna codziennie dbaj\u0105 Pa\u0144stwo o to, by firma dzia\u0142a\u0142a sprawnie i prawid\u0142owo. Mo\u017ce si\u0119 jednak zdarzy\u0107, \u017ce nieumy\u015blnie pope\u0142ni\u0105 Pa\u0144stwo b\u0142\u0105d zawodowy, za kt\u00f3ry mog\u0105 zosta\u0107 poci\u0105gni\u0119ci do osobistej odpowiedzialno\u015bci. Ubezpieczenie od odpowiedzialno\u015bci dla w\u0142adz sp\u00f3\u0142ki zapewnia przed tym ochron\u0119, dlatego zdecydowanie zaleca si\u0119 je osobom, kt\u00f3re chc\u0105 zabezpieczy\u0107 sw\u00f3j prywatny maj\u0105tek.<\/em><\/p>\n\n\t\t<\/div>\n\t<\/div>\n<\/div><\/div><\/div><\/div><div style=\"background-color:;height: 25px\" class=\"nicdark_section\"><\/div><div style=\"background-color:#0077c6;height: 1px\" class=\"nicdark_section\"><\/div><div class=\"vc_row wpb_row vc_inner vc_row-fluid\"><div class=\"wpb_column vc_column_container vc_col-sm-12\"><div class=\"vc_column-inner\"><div class=\"wpb_wrapper\"><div style=\"background-color:;height: 50px\" class=\"nicdark_section\"><\/div> <p style=\"color:#2d2d2d;padding:px;text-align:;font-size:16px;line-height:px;letter-spacing: px;font-weight:bold\" class=\"\">Ochrona maj\u0105tku osobistego<\/p> <div style=\"background-color:;height: 25px\" class=\"nicdark_section\"><\/div><div style=\"background-color:;height: 10px\" class=\"nicdark_section\"><\/div>\n\t<div class=\"wpb_text_column wpb_content_element\" >\n\t\t<div class=\"wpb_wrapper\">\n\t\t\t<p>Dzi\u0119ki ubezpieczeniu odpowiedzialno\u015bci dla w\u0142adz sp\u00f3\u0142ki, maj\u0105tek osobisty dyrektor\u00f3w, cz\u0142onk\u00f3w zarz\u0105du i os\u00f3b decyzyjnych jest chroniony przed ewentualnymi roszczeniami odszkodowawczymi. Maj\u0105c to ubezpieczenie, mog\u0105 Pa\u0144stwo spokojnie skupi\u0107 si\u0119 na swojej pracy. Tego rodzaju ubezpieczenie zawiera sp\u00f3\u0142ka i b\u0119dzie ono chroni\u0107 ka\u017cd\u0105 osob\u0119 z jej w\u0142adz, kt\u00f3ra pope\u0142ni b\u0142\u0105d zawodowy. <a href=\"https:\/\/www.dhondt-insurance.com\/pl\/contact\/\"><span style=\"color: #0077c6;\">Prosz\u0119 si\u0119 z nami skontaktowa\u0107 <\/span><\/a>,aby uzyska\u0107 indywidualn\u0105 ofert\u0119. Wysoko\u015b\u0107 sk\u0142adki zale\u017cy bowiem od rodzaju dzia\u0142alno\u015bci i obrot\u00f3w Pa\u0144stwa firmy.<\/p>\n\n\t\t<\/div>\n\t<\/div>\n<\/div><\/div><\/div><\/div><div class=\"vc_row wpb_row vc_inner vc_row-fluid vc_custom_1569482474546\"><div class=\"wpb_column vc_column_container vc_col-sm-12\"><div class=\"vc_column-inner\"><div class=\"wpb_wrapper\"><div style=\"background-color:#0077c6;height: 1px\" class=\"nicdark_section\"><\/div><\/div><\/div><\/div><\/div><div class=\"vc_row wpb_row vc_inner vc_row-fluid vc_custom_1644939773960 vc_row-has-fill\"><div class=\"wpb_column vc_column_container vc_col-sm-12\"><div class=\"vc_column-inner\"><div class=\"wpb_wrapper\"> <p style=\"color:#2d2d2d;padding:px;text-align:;font-size:16px;line-height:px;letter-spacing: px;font-weight:bold\" class=\"\">Co jest obj\u0119te ubezpieczeniem?<\/p> <div style=\"background-color:;height: 25px\" class=\"nicdark_section\"><\/div><div style=\"background-color:;height: 10px\" class=\"nicdark_section\"><\/div>\n\t<div class=\"wpb_text_column wpb_content_element\" >\n\t\t<div class=\"wpb_wrapper\">\n\t\t\t<p>Koszty wynikaj\u0105ce z nieumy\u015blnego b\u0142\u0119du dyrektora\/cz\u0142onka zarz\u0105du:<\/p>\n<ul>\n<li>Roszczenia cywilne, karne i administracyjne<\/li>\n<li>Odszkodowania za straty<\/li>\n<li>Koszty prawne<\/li>\n<li>Koszty przywr\u00f3cenia dobrej reputacji<\/li>\n<li>Koszty obrony<\/li>\n<\/ul>\n\n\t\t<\/div>\n\t<\/div>\n<div style=\"background-color:;height: 10px\" class=\"nicdark_section\"><\/div><\/div><\/div><\/div><\/div><\/div><\/div><\/div><\/div><div data-vc-full-width=\"true\" data-vc-full-width-init=\"false\" class=\"vc_row wpb_row vc_row-fluid wpb_animate_when_almost_visible wpb_fadeIn fadeIn vc_custom_1644939644932 vc_row-has-fill\"><div class=\"wpb_column vc_column_container vc_col-sm-3\"><div class=\"vc_column-inner\"><div class=\"wpb_wrapper\">\n\t<div class=\"wpb_text_column wpb_content_element\" >\n\t\t<div class=\"wpb_wrapper\">\n\t\t\t<p><a href=\"https:\/\/www.dhondt-insurance.com\/pl\/producten\/\"><span style=\"color: #ffffff;\">&lt; Zobacz inne produkty<\/span><\/a><\/p>\n\n\t\t<\/div>\n\t<\/div>\n<\/div><\/div><\/div><div class=\"wpb_column vc_column_container vc_col-sm-6\"><div class=\"vc_column-inner\"><div class=\"wpb_wrapper\"><\/div><\/div><\/div><div class=\"wpb_column vc_column_container vc_col-sm-3\"><div class=\"vc_column-inner\"><div class=\"wpb_wrapper\">\n\t<div class=\"wpb_text_column wpb_content_element\" >\n\t\t<div class=\"wpb_wrapper\">\n\t\t\t<p><a href=\"https:\/\/www.dhondt-insurance.com\/pl\/kantoren\/\"><span style=\"color: #ffffff;\">Skontaktuj si\u0119 z nami &gt;<\/span><\/a><\/p>\n\n\t\t<\/div>\n\t<\/div>\n<\/div><\/div><\/div><\/div><div class=\"vc_row-full-width vc_clearfix\"><\/div>\n<\/div>","protected":false},"excerpt":{"rendered":"AANSPRAKELIJKHEID &nbsp; &gt; Bestuurdersaansprakelijkheid (D&amp;O) &gt; BA Uitbating &amp; BA na Levering\u00a0 &gt; Beroepsaansprakelijkheid &gt; Objectieve aansprakelijkheid &gt; Contaminatieverzekering (Recall) &gt; milieu-aansprakelijkheidsverzekering &gt; BESTUURDERSAANSPRAKELIJKHEID (D&amp;O) Als bestuurder of beslissingsnemer van een vennootschap streeft u dag na dag naar een vlotte en correcte werking binnen uw bedrijf. Toch kan het gebeuren dat u ongewild een professionele [...]","protected":false},"author":1,"featured_media":0,"parent":0,"menu_order":0,"comment_status":"closed","ping_status":"closed","template":"","meta":{"footnotes":""},"class_list":["post-3005","page","type-page","status-publish","hentry"],"_links":{"self":[{"href":"https:\/\/www.dhondt-insurance.com\/pl\/wp-json\/wp\/v2\/pages\/3005","targetHints":{"allow":["GET"]}}],"collection":[{"href":"https:\/\/www.dhondt-insurance.com\/pl\/wp-json\/wp\/v2\/pages"}],"about":[{"href":"https:\/\/www.dhondt-insurance.com\/pl\/wp-json\/wp\/v2\/types\/page"}],"author":[{"embeddable":true,"href":"https:\/\/www.dhondt-insurance.com\/pl\/wp-json\/wp\/v2\/users\/1"}],"replies":[{"embeddable":true,"href":"https:\/\/www.dhondt-insurance.com\/pl\/wp-json\/wp\/v2\/comments?post=3005"}],"version-history":[{"count":0,"href":"https:\/\/www.dhondt-insurance.com\/pl\/wp-json\/wp\/v2\/pages\/3005\/revisions"}],"wp:attachment":[{"href":"https:\/\/www.dhondt-insurance.com\/pl\/wp-json\/wp\/v2\/media?parent=3005"}],"curies":[{"name":"wp","href":"https:\/\/api.w.org\/{rel}","templated":true}]}}