{"id":2999,"date":"2020-04-07T12:13:32","date_gmt":"2020-04-07T12:13:32","guid":{"rendered":"http:\/\/dhondt-insurance.com\/?page_id=2999"},"modified":"2022-02-15T15:42:13","modified_gmt":"2022-02-15T15:42:13","slug":"ba-uitbating-ba-na-levering","status":"publish","type":"page","link":"https:\/\/www.dhondt-insurance.com\/pl\/ba-uitbating-ba-na-levering\/","title":{"rendered":"BA uitbating &#038; BA na levering"},"content":{"rendered":"<div class=\"wpb-content-wrapper\"><div class=\"vc_row wpb_row vc_row-fluid wpb_animate_when_almost_visible wpb_fadeIn fadeIn\"><div class=\"wpb_column vc_column_container vc_col-sm-6\"><div class=\"vc_column-inner\"><div class=\"wpb_wrapper\"><\/div><\/div><\/div><div class=\"wpb_column vc_column_container vc_col-sm-6 vc_hidden-xs vc_col-has-fill\"><div class=\"vc_column-inner vc_custom_1644939280145\"><div class=\"wpb_wrapper\">\n\t<div class=\"wpb_text_column wpb_content_element\" >\n\t\t<div class=\"wpb_wrapper\">\n\t\t\t<h4 style=\"padding-left: 40px;\"><\/h4>\n<h4 style=\"text-align: left; padding-left: 40px;\"><span style=\"color: #ffffff;\"><strong>ODPOWIEDZIALNO\u015a\u0106<\/strong><\/span><\/h4>\n<p>&nbsp;<\/p>\n<p style=\"text-align: left; padding-left: 40px;\"><a href=\"https:\/\/www.dhondt-insurance.com\/pl\/ba-uitbating-ba-na-levering\/\"><span style=\"color: #ffffff;\">&gt; OC dla firm i OC po dostawie<\/span><\/a><\/p>\n<p style=\"text-align: left; padding-left: 40px;\"><a href=\"https:\/\/www.dhondt-insurance.com\/pl\/bestuurdersaansprakelijkheid-do\/\"><span style=\"color: #ffffff;\">&gt; Ubezpieczenie odpowiedzialno\u015bci w\u0142adz sp\u00f3\u0142ki (D&amp;O)<\/span><\/a><\/p>\n<p style=\"text-align: left; padding-left: 40px;\"><a href=\"https:\/\/www.dhondt-insurance.com\/pl\/beroepsaansprakelijkheid\/\"><span style=\"color: #ffffff;\">&gt; Odpowiedzialno\u015b\u0107 zawodowa<\/span><\/a><\/p>\n<p style=\"text-align: left; padding-left: 40px;\"><a href=\"https:\/\/www.dhondt-insurance.com\/pl\/objectieve-aansprakelijkheid\/\"><span style=\"color: #ffffff;\">&gt; Odpowiedzialno\u015b\u0107 obiektywna<\/span><\/a><\/p>\n<p style=\"text-align: left; padding-left: 40px;\"><a href=\"https:\/\/www.dhondt-insurance.com\/pl\/contaminatieverzekering-recall\/\"><span style=\"color: #ffffff;\">&gt; Wycofanie produktu z rynku<\/span><\/a><\/p>\n<p style=\"text-align: left; padding-left: 40px;\"><a href=\"https:\/\/www.dhondt-insurance.com\/pl\/milieu-aansprakelijkheidsverzekering\/\"><span style=\"color: #ffffff;\">&gt; Ubezpieczenie szk\u00f3d \u015brodowiskowych<\/span><\/a><\/p>\n\n\t\t<\/div>\n\t<\/div>\n<\/div><\/div><\/div><\/div><div class=\"vc_row wpb_row vc_row-fluid wpb_animate_when_almost_visible wpb_fadeIn fadeIn\"><div class=\"wpb_column vc_column_container vc_col-sm-12\"><div class=\"vc_column-inner\"><div class=\"wpb_wrapper\"><div class=\"vc_row wpb_row vc_inner vc_row-fluid vc_custom_1569482474546\"><div class=\"wpb_column vc_column_container vc_col-sm-12\"><div class=\"vc_column-inner\"><div class=\"wpb_wrapper\"> <h3 style=\"color:#0077c6;padding:px;text-align:;font-size:px;line-height:px;letter-spacing: 4px;font-weight:bold\" class=\"nd_options_second_font\">&gt; OC DLA FIRM I OC PO DOSTAWIE<\/h3> <div style=\"background-color:;height: 50px\" class=\"nicdark_section\"><\/div><\/div><\/div><\/div><\/div><div class=\"vc_row wpb_row vc_inner vc_row-fluid\"><div class=\"wpb_column vc_column_container vc_col-sm-12\"><div class=\"vc_column-inner\"><div class=\"wpb_wrapper\"><div style=\"background-color:;height: 25px\" class=\"nicdark_section\"><\/div>\n\t<div class=\"wpb_text_column wpb_content_element\" >\n\t\t<div class=\"wpb_wrapper\">\n\t\t\t<p><em>OC dla firm jest niekiedy uwa\u017cane za odpowiednik \u201eubezpieczenia rodzinnego\u201d dla \u015bwiata biznesu. Jego polisa obejmuje bowiem wszelkie szkody spowodowane przez pracownika osobom trzecim w firmie lub poza ni\u0105. Jak wiadomo, kwoty roszcze\u0144 odszkodowawczych s\u0105 cz\u0119sto niebotyczne... Dlatego ubezpieczenie OC dla firm jest konieczno\u015bci\u0105 dla ka\u017cdego wsp\u00f3\u0142czesnego przedsi\u0119biorstwa! <\/em><\/p>\n\n\t\t<\/div>\n\t<\/div>\n<\/div><\/div><\/div><\/div><div style=\"background-color:;height: 25px\" class=\"nicdark_section\"><\/div><div style=\"background-color:#0077c6;height: 1px\" class=\"nicdark_section\"><\/div><div class=\"vc_row wpb_row vc_inner vc_row-fluid\"><div class=\"wpb_column vc_column_container vc_col-sm-12\"><div class=\"vc_column-inner\"><div class=\"wpb_wrapper\"><div style=\"background-color:;height: 50px\" class=\"nicdark_section\"><\/div>\n\t<div class=\"wpb_text_column wpb_content_element\" >\n\t\t<div class=\"wpb_wrapper\">\n\t\t\t<h5><strong>Ubezpieczenie od szk\u00f3d wyrz\u0105dzonych osobom trzecim<\/strong><\/h5>\n<p>&nbsp;<\/p>\n<p>&nbsp;<\/p>\n<p>To ubezpieczenie od odpowiedzialno\u015bci cywilnej zapewnia pomoc, gdy jeden z Pa\u0144stwa pracownik\u00f3w spowoduje szkod\u0119 u osoby trzeciej. Ochron\u0105 ubezpieczeniow\u0105 obj\u0119te s\u0105 zar\u00f3wno obra\u017cenia cia\u0142a, jak i szkody materialne i niematerialne.<\/p>\n<p>Poniewa\u017c nie da si\u0119 nigdy przewidzie\u0107, jaki zakres b\u0119d\u0105 mia\u0142y szkody, dzi\u0119ki temu ubezpieczeniu zapewni\u0105 Pa\u0144stwo swojej firmie dalsz\u0105 dzia\u0142alno\u015b\u0107 bez gro\u017aby problem\u00f3w finansowych. <a href=\"https:\/\/www.dhondt-insurance.com\/pl\/contact\/\"><span style=\"color: #0077c6;\">Prosz\u0119 si\u0119 z nami skontaktowa\u0107,<\/span> aby<\/a> uzyska\u0107 wi\u0119cej informacji lub polis\u0119 dostosowan\u0105 do Pa\u0144stwa dzia\u0142alno\u015bci! Dla firm z bran\u017cy spo\u017cywczej korzystne mo\u017ce by\u0107 na przyk\u0142ad po\u0142\u0105czenie tego ubezpieczenia z polis\u0105 od koszt\u00f3w <span style=\"color: #0077c6;\"><a style=\"color: #0077c6;\" href=\"https:\/\/www.dhondt-insurance.com\/pl\/contaminatieverzekering-recall\/\">wycofania<\/a>-produktu<\/span> z rynku.<\/p>\n\n\t\t<\/div>\n\t<\/div>\n<\/div><\/div><\/div><\/div><div class=\"vc_row wpb_row vc_inner vc_row-fluid vc_custom_1569482474546\"><div class=\"wpb_column vc_column_container vc_col-sm-12\"><div class=\"vc_column-inner\"><div class=\"wpb_wrapper\"><div style=\"background-color:#0077c6;height: 1px\" class=\"nicdark_section\"><\/div><\/div><\/div><\/div><\/div><div class=\"vc_row wpb_row vc_inner vc_row-fluid vc_custom_1644939591731 vc_row-has-fill\"><div class=\"wpb_column vc_column_container vc_col-sm-8\"><div class=\"vc_column-inner\"><div class=\"wpb_wrapper\"> <p style=\"color:#2d2d2d;padding:px;text-align:;font-size:16px;line-height:px;letter-spacing: px;font-weight:bold\" class=\"\">Co jest obj\u0119te ubezpieczeniem?<\/p> <div style=\"background-color:;height: 10px\" class=\"nicdark_section\"><\/div><div style=\"background-color:;height: 20px\" class=\"nicdark_section\"><\/div>\n\t<div class=\"wpb_text_column wpb_content_element\" >\n\t\t<div class=\"wpb_wrapper\">\n\t\t\t<p>OC DLA FIRM:<\/p>\n<p>Obejmuje szkody wyrz\u0105dzone osobom trzecim przez pracownik\u00f3w zar\u00f3wno w obr\u0119bie firmy (np. dostawcom), jak i poza ni\u0105 (np. podczas pracy u os\u00f3b trzecich).<\/p>\n<ul>\n<li>Uszkodzenia cia\u0142a<\/li>\n<li>Szkody materialne<\/li>\n<li>Szkody niematerialne (niezale\u017cnie od tego, czy s\u0105 nast\u0119pstwem wy\u017cej wymienionych szk\u00f3d)<\/li>\n<\/ul>\n\n\t\t<\/div>\n\t<\/div>\n<div style=\"background-color:;height: 10px\" class=\"nicdark_section\"><\/div><div style=\"background-color:#f1f1f1;height: 1px\" class=\"nicdark_section\"><\/div><div style=\"background-color:;height: 10px\" class=\"nicdark_section\"><\/div>\n\t<div class=\"wpb_text_column wpb_content_element\" >\n\t\t<div class=\"wpb_wrapper\">\n\t\t\t<p>OC PO DOSTAWIE:<\/p>\n<ul>\n<li>Odpowiedzialno\u015b\u0107 za produkt: produkty po dostawie<\/li>\n<li>Wadliwe wykonanie rob\u00f3t<\/li>\n<\/ul>\n\n\t\t<\/div>\n\t<\/div>\n<div style=\"background-color:;height: 10px\" class=\"nicdark_section\"><\/div><div style=\"background-color:;height: 10px\" class=\"nicdark_section\"><\/div> <p style=\"color:#2d2d2d;padding:px;text-align:;font-size:16px;line-height:px;letter-spacing: px;font-weight:bold\" class=\"\">Mo\u017cliwe rozszerzenia:<\/p> <div style=\"background-color:;height: 10px\" class=\"nicdark_section\"><\/div><div style=\"background-color:;height: 20px\" class=\"nicdark_section\"><\/div>\n\t<div class=\"wpb_text_column wpb_content_element\" >\n\t\t<div class=\"wpb_wrapper\">\n\t\t\t<p>Ochrona dla materia\u0142\u00f3w powierzonych ubezpieczonemu na potrzeby wykonania pracy<\/p>\n<p>&nbsp;<\/p>\n<p>Ochrona dla najmowanych materia\u0142\u00f3w<\/p>\n\n\t\t<\/div>\n\t<\/div>\n<\/div><\/div><\/div><div class=\"wpb_column vc_column_container vc_col-sm-4\"><div class=\"vc_column-inner\"><div class=\"wpb_wrapper\"><\/div><\/div><\/div><\/div><\/div><\/div><\/div><\/div><div data-vc-full-width=\"true\" data-vc-full-width-init=\"false\" class=\"vc_row wpb_row vc_row-fluid wpb_animate_when_almost_visible wpb_fadeIn fadeIn vc_custom_1644939290616 vc_row-has-fill\"><div class=\"wpb_column vc_column_container vc_col-sm-3\"><div class=\"vc_column-inner\"><div class=\"wpb_wrapper\">\n\t<div class=\"wpb_text_column wpb_content_element\" >\n\t\t<div class=\"wpb_wrapper\">\n\t\t\t<p><span style=\"color: #ffffff;\"><a style=\"color: #ffffff;\" href=\"https:\/\/www.dhondt-insurance.com\/pl\/producten\/\">&lt; Zobacz inne produkty<\/a><\/span><\/p>\n\n\t\t<\/div>\n\t<\/div>\n<\/div><\/div><\/div><div class=\"wpb_column vc_column_container vc_col-sm-6\"><div class=\"vc_column-inner\"><div class=\"wpb_wrapper\"><\/div><\/div><\/div><div class=\"wpb_column vc_column_container vc_col-sm-3\"><div class=\"vc_column-inner\"><div class=\"wpb_wrapper\">\n\t<div class=\"wpb_text_column wpb_content_element\" >\n\t\t<div class=\"wpb_wrapper\">\n\t\t\t<p><a href=\"https:\/\/www.dhondt-insurance.com\/pl\/contact\/\"><span style=\"color: #ffffff;\">Skontaktuj si\u0119 z nami &gt;<\/span><\/a><\/p>\n\n\t\t<\/div>\n\t<\/div>\n<\/div><\/div><\/div><\/div><div class=\"vc_row-full-width vc_clearfix\"><\/div>\n<\/div>","protected":false},"excerpt":{"rendered":"AANSPRAKELIJKHEID &nbsp; &gt; BA Uitbating &amp; BA na Levering &gt; Bestuurdersaansprakelijkheid (D&amp;O) &gt; Beroepsaansprakelijkheid &gt; Objectieve aansprakelijkheid &gt; Contaminatieverzekering (Recall) &gt; Milieu-aansprakelijkheidsverzekering &gt; BA UITBATING &amp; BA NA LEVERING BA uitbating wordt wel eens aanzien als de \u2018familiale\u2019 verzekering voor de bedrijfswereld. Deze polis dekt immers alle schade aan derden die binnen of buiten het [...]","protected":false},"author":1,"featured_media":0,"parent":0,"menu_order":0,"comment_status":"closed","ping_status":"closed","template":"","meta":{"footnotes":""},"class_list":["post-2999","page","type-page","status-publish","hentry"],"_links":{"self":[{"href":"https:\/\/www.dhondt-insurance.com\/pl\/wp-json\/wp\/v2\/pages\/2999","targetHints":{"allow":["GET"]}}],"collection":[{"href":"https:\/\/www.dhondt-insurance.com\/pl\/wp-json\/wp\/v2\/pages"}],"about":[{"href":"https:\/\/www.dhondt-insurance.com\/pl\/wp-json\/wp\/v2\/types\/page"}],"author":[{"embeddable":true,"href":"https:\/\/www.dhondt-insurance.com\/pl\/wp-json\/wp\/v2\/users\/1"}],"replies":[{"embeddable":true,"href":"https:\/\/www.dhondt-insurance.com\/pl\/wp-json\/wp\/v2\/comments?post=2999"}],"version-history":[{"count":0,"href":"https:\/\/www.dhondt-insurance.com\/pl\/wp-json\/wp\/v2\/pages\/2999\/revisions"}],"wp:attachment":[{"href":"https:\/\/www.dhondt-insurance.com\/pl\/wp-json\/wp\/v2\/media?parent=2999"}],"curies":[{"name":"wp","href":"https:\/\/api.w.org\/{rel}","templated":true}]}}