{"id":2971,"date":"2020-04-03T09:49:08","date_gmt":"2020-04-03T09:49:08","guid":{"rendered":"http:\/\/dhondt-insurance.com\/?page_id=2971"},"modified":"2022-02-15T15:45:19","modified_gmt":"2022-02-15T15:45:19","slug":"objectieve-aansprakelijkheid","status":"publish","type":"page","link":"https:\/\/www.dhondt-insurance.com\/pl\/objectieve-aansprakelijkheid\/","title":{"rendered":"Objectieve aansprakelijkheid"},"content":{"rendered":"<div class=\"wpb-content-wrapper\"><div class=\"vc_row wpb_row vc_row-fluid wpb_animate_when_almost_visible wpb_fadeIn fadeIn\"><div class=\"wpb_column vc_column_container vc_col-sm-12\"><div class=\"vc_column-inner\"><div class=\"wpb_wrapper\">\n\t<div class=\"wpb_text_column wpb_content_element\" >\n\t\t<div class=\"wpb_wrapper\">\n\t\t\t\n\t\t<\/div>\n\t<\/div>\n<\/div><\/div><\/div><\/div><div class=\"vc_row wpb_row vc_row-fluid wpb_animate_when_almost_visible wpb_fadeIn fadeIn\"><div class=\"wpb_column vc_column_container vc_col-sm-6\"><div class=\"vc_column-inner\"><div class=\"wpb_wrapper\"><\/div><\/div><\/div><div class=\"wpb_column vc_column_container vc_col-sm-6 vc_hidden-xs vc_col-has-fill\"><div class=\"vc_column-inner vc_custom_1644939885822\"><div class=\"wpb_wrapper\">\n\t<div class=\"wpb_text_column wpb_content_element\" >\n\t\t<div class=\"wpb_wrapper\">\n\t\t\t<h4 style=\"padding-left: 80px;\"><span style=\"color: #ffffff;\"><strong>ODPOWIEDZIALNO\u015a\u0106<\/strong><\/span><\/h4>\n<p>&nbsp;<\/p>\n<p style=\"padding-left: 80px;\"><a href=\"https:\/\/www.dhondt-insurance.com\/pl\/objectieve-aansprakelijkheid\/\"><span style=\"color: #ffffff;\">&gt; Odpowiedzialno\u015b\u0107 obiektywna<\/span><\/a><\/p>\n<p style=\"padding-left: 80px;\"><a href=\"https:\/\/www.dhondt-insurance.com\/pl\/bestuurdersaansprakelijkheid-do\/\"><span style=\"color: #ffffff;\">&gt; Ubezpieczenie odpowiedzialno\u015bci w\u0142adz sp\u00f3\u0142ki (D&amp;O)<\/span><\/a><\/p>\n<p style=\"padding-left: 80px;\"><a href=\"https:\/\/www.dhondt-insurance.com\/pl\/ba-uitbating-ba-na-levering\/\"><span style=\"color: #ffffff;\">&gt; <\/span><span style=\"color: #ffffff;\">BA Uitbating &amp; BA na Levering<\/span><span style=\"color: #ffffff;\">\u00a0<\/span><\/a><\/p>\n<p style=\"padding-left: 80px;\"><a href=\"https:\/\/www.dhondt-insurance.com\/pl\/beroepsaansprakelijkheid\/\"><span style=\"color: #ffffff;\">&gt; Odpowiedzialno\u015b\u0107 zawodowa<\/span><\/a><\/p>\n<p style=\"padding-left: 80px;\"><span style=\"color: #ffffff;\">&gt; <a style=\"color: #ffffff;\" href=\"https:\/\/www.dhondt-insurance.com\/pl\/contaminatieverzekering-recall\/\">Contaminatieverzekering (Recall)<\/a><\/span><\/p>\n<p style=\"padding-left: 80px;\"><span style=\"color: #ffffff;\"><a style=\"color: #ffffff;\" href=\"https:\/\/www.dhondt-insurance.com\/pl\/milieu-aansprakelijkheidsverzekering\/\">&gt; Ubezpieczenie szk\u00f3d \u015brodowiskowych<\/a><\/span><\/p>\n\n\t\t<\/div>\n\t<\/div>\n<\/div><\/div><\/div><\/div><div class=\"vc_row wpb_row vc_row-fluid wpb_animate_when_almost_visible wpb_fadeIn fadeIn\"><div class=\"wpb_column vc_column_container vc_col-sm-12\"><div class=\"vc_column-inner\"><div class=\"wpb_wrapper\"><div class=\"vc_row wpb_row vc_inner vc_row-fluid vc_custom_1569482474546\"><div class=\"wpb_column vc_column_container vc_col-sm-12\"><div class=\"vc_column-inner\"><div class=\"wpb_wrapper\"><div style=\"background-color:;height: 25px\" class=\"nicdark_section\"><\/div> <h3 style=\"color:#0077c6;padding:px;text-align:;font-size:px;line-height:px;letter-spacing: 4px;font-weight:bold\" class=\"nd_options_second_font\">&gt; ODPOWIEDZIALNO\u015a\u0106 OBIEKTYWNA<\/h3> <div style=\"background-color:;height: 50px\" class=\"nicdark_section\"><\/div><\/div><\/div><\/div><\/div><div class=\"vc_row wpb_row vc_inner vc_row-fluid\"><div class=\"wpb_column vc_column_container vc_col-sm-12\"><div class=\"vc_column-inner\"><div class=\"wpb_wrapper\"><div style=\"background-color:;height: 25px\" class=\"nicdark_section\"><\/div>\n\t<div class=\"wpb_text_column wpb_content_element\" >\n\t\t<div class=\"wpb_wrapper\">\n\t\t\t<p><em>Ka\u017cdy, kto zarz\u0105dza miejscem og\u00f3lnie dost\u0119pnym, ma prawny obowi\u0105zek wykupienia ubezpieczenia od obiektywnej odpowiedzialno\u015bci. Polisa ta zapewnia ochron\u0119 go\u015bciom restauracji, miejsc organizacji imprez, o\u015brodk\u00f3w kultury itp. w przypadku, gdy przebywaj\u0105c w danym miejscu doznaj\u0105 szk\u00f3d spowodowanych po\u017carem lub wybuchem.<\/em><\/p>\n\n\t\t<\/div>\n\t<\/div>\n<\/div><\/div><\/div><\/div><div style=\"background-color:;height: 25px\" class=\"nicdark_section\"><\/div><div style=\"background-color:#0077c6;height: 1px\" class=\"nicdark_section\"><\/div><div class=\"vc_row wpb_row vc_inner vc_row-fluid\"><div class=\"wpb_column vc_column_container vc_col-sm-12\"><div class=\"vc_column-inner\"><div class=\"wpb_wrapper\"><div style=\"background-color:;height: 50px\" class=\"nicdark_section\"><\/div> <p style=\"color:#2d2d2d;padding:px;text-align:;font-size:16px;line-height:px;letter-spacing: px;font-weight:bold\" class=\"\">Ochrona na wypadek po\u017caru i wybuchu<\/p> <div style=\"background-color:;height: 50px\" class=\"nicdark_section\"><\/div>\n\t<div class=\"wpb_text_column wpb_content_element\" >\n\t\t<div class=\"wpb_wrapper\">\n\t\t\t<p>Gdy w miejscu publicznym dojdzie do po\u017caru lub wybuchu, jego go\u015bcie, klienci lub okoliczni mieszka\u0144cy mog\u0105 zg\u0142asza\u0107 roszczenia odszkodowawcze. Osobom poszkodowanym nale\u017cy si\u0119 odszkodowanie w ka\u017cdym przypadku, nawet je\u015bli nie przedstawi\u0105 dowod\u00f3w. Dlatego ubezpieczenie odpowiedzialno\u015bci obiektywnej zapewnia spok\u00f3j ducha ka\u017cdemu w\u0142a\u015bcicielowi lub zarz\u0105dcy miejsca og\u00f3lnie dost\u0119pnego. Informacji o obowi\u0105zuj\u0105cych wymogach i formalno\u015bciach mog\u0105 Pa\u0144stwo zasi\u0119gn\u0105\u0107 w wydziale technicznym lokalnego urz\u0119du gminy. Je\u015bli wykupi\u0105 Pa\u0144stwo u nas polis\u0119, zadbamy o dostarczenie odpowiedniego certyfikatu. <a href=\"https:\/\/www.dhondt-insurance.com\/pl\/contact\/\"><span style=\"color: #0077c6;\">Prosz\u0119 si\u0119 z nami skontaktowa\u0107<\/span><\/a>!<\/p>\n\n\t\t<\/div>\n\t<\/div>\n<\/div><\/div><\/div><\/div><div class=\"vc_row wpb_row vc_inner vc_row-fluid vc_custom_1569482474546\"><div class=\"wpb_column vc_column_container vc_col-sm-12\"><div class=\"vc_column-inner\"><div class=\"wpb_wrapper\"><div style=\"background-color:#0077c6;height: 1px\" class=\"nicdark_section\"><\/div><\/div><\/div><\/div><\/div><div class=\"vc_row wpb_row vc_inner vc_row-fluid vc_custom_1644939916536 vc_row-has-fill\"><div class=\"wpb_column vc_column_container vc_col-sm-12\"><div class=\"vc_column-inner\"><div class=\"wpb_wrapper\"><div style=\"background-color:;height: 10px\" class=\"nicdark_section\"><\/div> <p style=\"color:#2d2d2d;padding:px;text-align:;font-size:16px;line-height:px;letter-spacing: px;font-weight:bold\" class=\"\">Co jest obj\u0119te ubezpieczeniem?<\/p> <div style=\"background-color:;height: 25px\" class=\"nicdark_section\"><\/div><div style=\"background-color:;height: 10px\" class=\"nicdark_section\"><\/div>\n\t<div class=\"wpb_text_column wpb_content_element\" >\n\t\t<div class=\"wpb_wrapper\">\n\t\t\t<p>Szkody spowodowane u os\u00f3b trzecich w przypadku po\u017caru lub wybuchu:<\/p>\n<ul>\n<li>Uszkodzenie cia\u0142a do 23.000.000 euro<\/li>\n<li>Szkody materialne do 1.100.000 euro<\/li>\n<\/ul>\n\n\t\t<\/div>\n\t<\/div>\n<div style=\"background-color:;height: 10px\" class=\"nicdark_section\"><\/div><\/div><\/div><\/div><\/div><\/div><\/div><\/div><\/div><div data-vc-full-width=\"true\" data-vc-full-width-init=\"false\" class=\"vc_row wpb_row vc_row-fluid wpb_animate_when_almost_visible wpb_fadeIn fadeIn vc_custom_1644939897187 vc_row-has-fill\"><div class=\"wpb_column vc_column_container vc_col-sm-3\"><div class=\"vc_column-inner\"><div class=\"wpb_wrapper\">\n\t<div class=\"wpb_text_column wpb_content_element\" >\n\t\t<div class=\"wpb_wrapper\">\n\t\t\t<p><a href=\"https:\/\/www.dhondt-insurance.com\/pl\/producten\/\"><span style=\"color: #ffffff;\">&lt; Zobacz inne produkty<\/span><\/a><\/p>\n\n\t\t<\/div>\n\t<\/div>\n<\/div><\/div><\/div><div class=\"wpb_column vc_column_container vc_col-sm-6\"><div class=\"vc_column-inner\"><div class=\"wpb_wrapper\"><\/div><\/div><\/div><div class=\"wpb_column vc_column_container vc_col-sm-3\"><div class=\"vc_column-inner\"><div class=\"wpb_wrapper\">\n\t<div class=\"wpb_text_column wpb_content_element\" >\n\t\t<div class=\"wpb_wrapper\">\n\t\t\t<p><a href=\"https:\/\/www.dhondt-insurance.com\/pl\/contact\/\"><span style=\"color: #ffffff;\">Skontaktuj si\u0119 z nami &gt;<\/span><\/a><\/p>\n\n\t\t<\/div>\n\t<\/div>\n<\/div><\/div><\/div><\/div><div class=\"vc_row-full-width vc_clearfix\"><\/div><\/div>","protected":false},"excerpt":{"rendered":"AANSPRAKELIJKHEID &nbsp; &gt; Objectieve aansprakelijkheid &gt; Bestuurdersaansprakelijkheid (D&amp;O) &gt; BA Uitbating &amp; BA na Levering\u00a0 &gt; Beroepsaansprakelijkheid &gt; Contaminatieverzekering (Recall) &gt; Milieu-aansprakelijkheidsverzekering &gt; OBJECTIEVE AANSPRAKELIJKHEID Wie een voor het publiek toegankelijke plaats uitbaat, is wettelijk verplicht een verzekering objectieve aansprakelijkheid aan te gaan. Deze polis beschermt de bezoekers van restaurants, eventlocaties, cultuurcentra, \u2026\u00a0 als ze [...]","protected":false},"author":1,"featured_media":0,"parent":0,"menu_order":0,"comment_status":"closed","ping_status":"closed","template":"","meta":{"footnotes":""},"class_list":["post-2971","page","type-page","status-publish","hentry"],"_links":{"self":[{"href":"https:\/\/www.dhondt-insurance.com\/pl\/wp-json\/wp\/v2\/pages\/2971","targetHints":{"allow":["GET"]}}],"collection":[{"href":"https:\/\/www.dhondt-insurance.com\/pl\/wp-json\/wp\/v2\/pages"}],"about":[{"href":"https:\/\/www.dhondt-insurance.com\/pl\/wp-json\/wp\/v2\/types\/page"}],"author":[{"embeddable":true,"href":"https:\/\/www.dhondt-insurance.com\/pl\/wp-json\/wp\/v2\/users\/1"}],"replies":[{"embeddable":true,"href":"https:\/\/www.dhondt-insurance.com\/pl\/wp-json\/wp\/v2\/comments?post=2971"}],"version-history":[{"count":0,"href":"https:\/\/www.dhondt-insurance.com\/pl\/wp-json\/wp\/v2\/pages\/2971\/revisions"}],"wp:attachment":[{"href":"https:\/\/www.dhondt-insurance.com\/pl\/wp-json\/wp\/v2\/media?parent=2971"}],"curies":[{"name":"wp","href":"https:\/\/api.w.org\/{rel}","templated":true}]}}