{"id":8539,"date":"2024-10-30T14:15:21","date_gmt":"2024-10-30T14:15:21","guid":{"rendered":"https:\/\/www.dhondt-insurance.com\/?page_id=8539"},"modified":"2025-12-14T20:46:36","modified_gmt":"2025-12-14T20:46:36","slug":"dossierbeheerder-schade","status":"publish","type":"page","link":"https:\/\/www.dhondt-insurance.com\/fr\/dossierbeheerder-schade\/","title":{"rendered":"DOSSIERBEHEERDER SCHADE"},"content":{"rendered":"<div class=\"wpb-content-wrapper\"><div class=\"vc_row wpb_row vc_row-fluid wpb_animate_when_almost_visible wpb_fadeIn fadeIn\"><div class=\"wpb_column vc_column_container vc_col-sm-6\"><div class=\"vc_column-inner\"><div class=\"wpb_wrapper\"><\/div><\/div><\/div><div class=\"wpb_column vc_column_container vc_col-sm-6 vc_hidden-xs vc_col-has-fill\"><div class=\"vc_column-inner vc_custom_1645013173895\"><div class=\"wpb_wrapper\">\n\t<div class=\"wpb_text_column wpb_content_element\" >\n\t\t<div class=\"wpb_wrapper\">\n\t\t\t<h4><\/h4>\n<h4 style=\"padding-left: 80px;\"><span style=\"color: #ffffff;\"><strong>TRAVAUX<\/strong><\/span><\/h4>\n<p>&nbsp;<\/p>\n<h4 style=\"padding-left: 80px;\"><\/h4>\n<p><span style=\"color: #ffffff;\"><a style=\"color: #ffffff;\" href=\"https:\/\/www.dhondt-insurance.com\/fr\/accountmanager-boar-verzekeringen\/\">\u00a0 \u00a0 \u00a0 \u00a0 \u00a0 \u00a0 \u00a0 \u00a0 \u00a0 &gt; ACCOUNTMANAGER BOAR-VERZEKERINGEN<\/a><\/span><\/p>\n<p><span style=\"color: #ffffff;\"><a style=\"color: #ffffff;\" href=\"https:\/\/www.dhondt-insurance.com\/fr\/dossierbeheerder-schade\/\">\u00a0 \u00a0 \u00a0 \u00a0 \u00a0 \u00a0 \u00a0 \u00a0 \u00a0 &gt; DOSSIERBEHEERDER SCHADE<\/a><\/span><\/p>\n<p><span style=\"color: #ffffff;\"><a style=\"color: #ffffff;\" href=\"https:\/\/www.dhondt-insurance.com\/fr\/administratief-bediende-m-v\/\">\u00a0 \u00a0 \u00a0 \u00a0 \u00a0 \u00a0 \u00a0 \u00a0 \u00a0 &gt; ADMINISTRATIEF BEDIENDE<\/a><\/span><\/p>\n<p><span style=\"color: #ffffff;\"><a style=\"color: #ffffff;\" href=\"https:\/\/www.dhondt-insurance.com\/fr\/administratief-bediende-m-v\/\">\u00a0 \u00a0 \u00a0 \u00a0 \u00a0 \u00a0 \u00a0 \u00a0 \u00a0 <\/a><a style=\"color: #ffffff;\" href=\"https:\/\/www.dhondt-insurance.com\/fr\/interne-sales-medewerker\/\">&gt; INTERNE SALES MEDEWERKER<\/a><\/span><\/p>\n<p><span style=\"color: #ffffff;\"><a style=\"color: #ffffff;\" href=\"https:\/\/www.dhondt-insurance.com\/fr\/beheerder-productie-kmo\/\">\u00a0 \u00a0 \u00a0 \u00a0 \u00a0 \u00a0 \u00a0 \u00a0 \u00a0 &gt; BEHEERDER PRODUCTIE KMO<\/a><\/span><\/p>\n<p><span style=\"color: #ffffff;\"><a style=\"color: #ffffff;\" href=\"https:\/\/www.dhondt-insurance.com\/fr\/verzekeringsadviseur-leven\/\">\u00a0 \u00a0 \u00a0 \u00a0 \u00a0 \u00a0 \u00a0 \u00a0 \u00a0 &gt; VERZEKERINGSDADVISEUR LEVEN<\/a><\/span><\/p>\n\n\t\t<\/div>\n\t<\/div>\n<\/div><\/div><\/div><\/div><div class=\"vc_row wpb_row vc_row-fluid wpb_animate_when_almost_visible wpb_fadeIn fadeIn\"><div class=\"wpb_column vc_column_container vc_col-sm-12\"><div class=\"vc_column-inner\"><div class=\"wpb_wrapper\"><div class=\"vc_row wpb_row vc_inner vc_row-fluid vc_custom_1569482474546\"><div class=\"wpb_column vc_column_container vc_col-sm-12\"><div class=\"vc_column-inner\"><div class=\"wpb_wrapper\"><div style=\"background-color:;height: 50px\" class=\"nicdark_section\"><\/div> <h3 style=\"color:#1e5a9e;padding:px;text-align:;font-size:px;line-height:px;letter-spacing: 4px;font-weight:bold\" class=\"nd_options_second_font\">&gt; DOSSIERBEHEERDER\u202fSCHADE\u202f(M\/V)<\/h3> <div style=\"background-color:;height: 25px\" class=\"nicdark_section\"><\/div> <h5 style=\"color:#1e5a9e;padding:px;text-align:;font-size:px;line-height:px;letter-spacing: 4px;font-weight:normal\" class=\"nd_options_second_font\">POUR NOTRE BUREAU DE BRUGES<\/h5> <div style=\"background-color:;height: 50px\" class=\"nicdark_section\"><\/div><\/div><\/div><\/div><\/div><div class=\"vc_row wpb_row vc_inner vc_row-fluid\"><div class=\"wpb_column vc_column_container vc_col-sm-12\"><div class=\"vc_column-inner\"><div class=\"wpb_wrapper\"><div style=\"background-color:;height: 50px\" class=\"nicdark_section\"><\/div> <h5 style=\"color:#1e5a9e;padding:px;text-align:;font-size:16px;line-height:px;letter-spacing: px;font-weight:bold\" class=\"nd_options_second_font\">QUEL EST VOTRE CONTENU DE TRAVAIL<\/h5> <div style=\"background-color:;height: 35px\" class=\"nicdark_section\"><\/div>\n\t<div class=\"wpb_text_column wpb_content_element\" >\n\t\t<div class=\"wpb_wrapper\">\n\t\t\t<ul>\n<li style=\"list-style-type: none;\">\n<ul>\n<li>Je bent de<strong>\u00a0geprivilegieerde gesprekspartner<\/strong>\u00a0van toegewezen klanten uit de bedrijfswereld<\/li>\n<li>Staat in voor het professioneel\u00a0<strong>beheer van hun verzekeringsdossier<\/strong><\/li>\n<li>Volgt het dossier op vanaf de realisatie en zorgt voor een juiste verwerking ervan,\u202fen dit specifiek naar\u202f<strong>schadebeheer\u202f<\/strong><\/li>\n<li><strong>Ondersteunt de account manager<\/strong>\u00a0in zijn commerci\u00eble contacten met de klant<\/li>\n<\/ul>\n<\/li>\n<\/ul>\n\n\t\t<\/div>\n\t<\/div>\n<\/div><\/div><\/div><\/div><div class=\"vc_row wpb_row vc_inner vc_row-fluid\"><div class=\"wpb_column vc_column_container vc_col-sm-12\"><div class=\"vc_column-inner\"><div class=\"wpb_wrapper\"><div style=\"background-color:;height: 50px\" class=\"nicdark_section\"><\/div> <p style=\"color:#1e5a9e;padding:px;text-align:;font-size:16px;line-height:px;letter-spacing: px;font-weight:bold\" class=\"nd_options_second_font\">TES COMP\u00c9TENCES<\/p> <div style=\"background-color:;height: 35px\" class=\"nicdark_section\"><\/div>\n\t<div class=\"wpb_text_column wpb_content_element\" >\n\t\t<div class=\"wpb_wrapper\">\n\t\t\t<ul>\n<li style=\"list-style-type: none;\">\n<ul>\n<li>Vous avez\u00a0<strong>bachelor opleiding financi\u00ebn en verzekeringen<\/strong>\u00a0met enkele jaren ervaring\u00a0<strong>OF ervaring in soortgelijke functie<\/strong><\/li>\n<li>Vous travaillez\u00a0<strong>georganiseerd, accuraat, zelfstandig en probleemoplossend\u202f<\/strong><\/li>\n<li>Je kan je vlot\u202fmondeling en schriftelijk in het\u00a0<strong>Frans en Engels<\/strong>\u00a0uitdrukken<\/li>\n<li>Je bent een goede\u202fcommunicator\u202fmet een\u00a0<strong>uitgesproken klant- en servicegerichtheid!\u202f<\/strong><\/li>\n<\/ul>\n<\/li>\n<\/ul>\n\n\t\t<\/div>\n\t<\/div>\n<div style=\"background-color:;height: 35px\" class=\"nicdark_section\"><\/div> <p style=\"color:#1e5a9e;padding:px;text-align:;font-size:16px;line-height:px;letter-spacing: px;font-weight:bold\" class=\"nd_options_second_font\">NOTRE PROPOSITION<\/p> <div style=\"background-color:;height: 35px\" class=\"nicdark_section\"><\/div>\n\t<div class=\"wpb_text_column wpb_content_element\" >\n\t\t<div class=\"wpb_wrapper\">\n\t\t\t<ul>\n<li style=\"list-style-type: none;\">\n<ul>\n<li>Une\u00a0<strong>voltijdse betrekking van onbepaalde duur<\/strong>\u00a0in een dynamisch bedrijf waar er aandacht is voor persoonlijke ontwikkeling en tevredenheid van de medewerkers<\/li>\n<li>Une<strong>\u00a0marktconform salaris<\/strong>, aangevuld met extralegale voordelen!<\/li>\n<li>Een functie met heel wat\u00a0<strong>verantwoordelijkheden en zelfstandigheid<\/strong><\/li>\n<li><strong>Flexibele <\/strong>werkuren en mogelijkheden tot thuiswerk<\/li>\n<\/ul>\n<\/li>\n<\/ul>\n\n\t\t<\/div>\n\t<\/div>\n<div style=\"background-color:;height: 35px\" class=\"nicdark_section\"><\/div> <p style=\"color:#1e5a9e;padding:px;text-align:;font-size:16px;line-height:px;letter-spacing: px;font-weight:bold\" class=\"nd_options_second_font\">PROFIL DE LA SOCI\u00c9T\u00c9<\/p> <div style=\"background-color:;height: 35px\" class=\"nicdark_section\"><\/div>\n\t<div class=\"wpb_text_column wpb_content_element\" >\n\t\t<div class=\"wpb_wrapper\">\n\t\t\t<p>D\u2019HONDT INSURANCE nv is een onafhankelijke, gespecialiseerde tussenpersoon in verzekeringen. Met 2 kantoren en ca. 45 medewerkers in Vlaanderen (Brugge en Antwerpen) beschikken wij over een sterke concurrenti\u00eble positie in de verzekeringsmarkt. Onze verzekeringsportefeuille bestaat uit KMO\u2019s met specialisatie inzake wegtransport en bouw, zelfstandigen en particulieren. Ons succes is gebaseerd op de aandacht die we geven aan elk van onze klanten; creativiteit en een op maat gesneden aanpak waar de medewerkers de hoeksteen zijn van ons bedrijf.<\/p>\n<p>&nbsp;<\/p>\n<p>&nbsp;<\/p>\n<p>&nbsp;<\/p>\n<p><strong><span style=\"color: #000000;\">\u00cates-vous notre candidat? Veuillez envoyer votre r\u00e9ponse motiv\u00e9e avec CV via le bouton ci-dessous.<\/span><\/strong><\/p>\n\n\t\t<\/div>\n\t<\/div>\n<div style=\"background-color:;height: 35px\" class=\"nicdark_section\"><\/div>\n\t\n\t<a style=\"border: px solid;border-radius:px;letter-spacing:px;line-height:16px;font-size:16px;background-color:#1e5a9e;padding:10px 20px;margin:;color:#ffffff\" rel=\"\" href=\"mailto:mathias.de.croock@dhondt-insurance.com\" class=\"nicdark_display_inline_block nd_options_float_left nd_options_font_weight_normal nd_options_first_font\">&gt; SOLLICITEER HIER<\/a>\n\t\n<div style=\"background-color:;height: 55px\" class=\"nicdark_section\"><\/div><\/div><\/div><\/div><\/div><div class=\"vc_row wpb_row vc_inner vc_row-fluid vc_custom_1569482474546\"><div class=\"wpb_column vc_column_container vc_col-sm-12\"><div class=\"vc_column-inner\"><div class=\"wpb_wrapper\"><\/div><\/div><\/div><\/div><\/div><\/div><\/div><\/div><div data-vc-full-width=\"true\" data-vc-full-width-init=\"false\" class=\"vc_row wpb_row vc_row-fluid wpb_animate_when_almost_visible wpb_fadeIn fadeIn vc_custom_1645013187529 vc_row-has-fill\"><div class=\"wpb_column vc_column_container vc_col-sm-3\"><div class=\"vc_column-inner\"><div class=\"wpb_wrapper\">\n\t<div class=\"wpb_text_column wpb_content_element\" >\n\t\t<div class=\"wpb_wrapper\">\n\t\t\t<p><a href=\"https:\/\/www.dhondt-insurance.com\/fr\/producten\/\"><span style=\"color: #ffffff;\">&lt; Voir d&#039;autres produits<\/span><\/a><\/p>\n\n\t\t<\/div>\n\t<\/div>\n<\/div><\/div><\/div><div class=\"wpb_column vc_column_container vc_col-sm-6\"><div class=\"vc_column-inner\"><div class=\"wpb_wrapper\"><\/div><\/div><\/div><div class=\"wpb_column vc_column_container vc_col-sm-3\"><div class=\"vc_column-inner\"><div class=\"wpb_wrapper\">\n\t<div class=\"wpb_text_column wpb_content_element\" >\n\t\t<div class=\"wpb_wrapper\">\n\t\t\t<p><a href=\"https:\/\/www.dhondt-insurance.com\/fr\/contact\/\"><span style=\"color: #ffffff;\">Contactez-nous &gt;<\/span><\/a><\/p>\n\n\t\t<\/div>\n\t<\/div>\n<\/div><\/div><\/div><\/div><div class=\"vc_row-full-width vc_clearfix\"><\/div>\n<\/div>","protected":false},"excerpt":{"rendered":"JOBS &nbsp; \u00a0 \u00a0 \u00a0 \u00a0 \u00a0 \u00a0 \u00a0 \u00a0 \u00a0 &gt; ACCOUNTMANAGER BOAR-VERZEKERINGEN \u00a0 \u00a0 \u00a0 \u00a0 \u00a0 \u00a0 \u00a0 \u00a0 \u00a0 &gt; DOSSIERBEHEERDER SCHADE \u00a0 \u00a0 \u00a0 \u00a0 \u00a0 \u00a0 \u00a0 \u00a0 \u00a0 &gt; ADMINISTRATIEF BEDIENDE \u00a0 \u00a0 \u00a0 \u00a0 \u00a0 \u00a0 \u00a0 \u00a0 \u00a0 &gt; INTERNE SALES MEDEWERKER \u00a0 \u00a0 \u00a0 \u00a0 [...]","protected":false},"author":1,"featured_media":0,"parent":0,"menu_order":0,"comment_status":"closed","ping_status":"closed","template":"","meta":{"footnotes":""},"class_list":["post-8539","page","type-page","status-publish","hentry"],"_links":{"self":[{"href":"https:\/\/www.dhondt-insurance.com\/fr\/wp-json\/wp\/v2\/pages\/8539","targetHints":{"allow":["GET"]}}],"collection":[{"href":"https:\/\/www.dhondt-insurance.com\/fr\/wp-json\/wp\/v2\/pages"}],"about":[{"href":"https:\/\/www.dhondt-insurance.com\/fr\/wp-json\/wp\/v2\/types\/page"}],"author":[{"embeddable":true,"href":"https:\/\/www.dhondt-insurance.com\/fr\/wp-json\/wp\/v2\/users\/1"}],"replies":[{"embeddable":true,"href":"https:\/\/www.dhondt-insurance.com\/fr\/wp-json\/wp\/v2\/comments?post=8539"}],"version-history":[{"count":12,"href":"https:\/\/www.dhondt-insurance.com\/fr\/wp-json\/wp\/v2\/pages\/8539\/revisions"}],"predecessor-version":[{"id":8752,"href":"https:\/\/www.dhondt-insurance.com\/fr\/wp-json\/wp\/v2\/pages\/8539\/revisions\/8752"}],"wp:attachment":[{"href":"https:\/\/www.dhondt-insurance.com\/fr\/wp-json\/wp\/v2\/media?parent=8539"}],"curies":[{"name":"wp","href":"https:\/\/api.w.org\/{rel}","templated":true}]}}