{"id":8390,"date":"2023-12-04T14:36:34","date_gmt":"2023-12-04T14:36:34","guid":{"rendered":"https:\/\/www.dhondt-insurance.com\/?page_id=8390"},"modified":"2024-01-04T14:56:44","modified_gmt":"2024-01-04T14:56:44","slug":"wat-moet-u-weten-over-het-verzekeren-van-uw-elektrische-wagen","status":"publish","type":"page","link":"https:\/\/www.dhondt-insurance.com\/fr\/wat-moet-u-weten-over-het-verzekeren-van-uw-elektrische-wagen\/","title":{"rendered":"Wat moet u weten over het verzekeren van uw elektrische wagen?"},"content":{"rendered":"<div class=\"wpb-content-wrapper\"><div class=\"vc_row wpb_row vc_row-fluid wpb_animate_when_almost_visible wpb_fadeIn fadeIn\"><div class=\"wpb_column vc_column_container vc_col-sm-12\"><div class=\"vc_column-inner\"><div class=\"wpb_wrapper\"><div class=\"vc_empty_space\"   style=\"height: 32px\"><span class=\"vc_empty_space_inner\"><\/span><\/div><div class=\"vc_row wpb_row vc_inner vc_row-fluid vc_custom_1569482474546\"><div class=\"wpb_column vc_column_container vc_col-sm-6 vc_hidden-xs\"><div class=\"vc_column-inner\"><div class=\"wpb_wrapper\"> <h3 style=\"color:#00599e;padding:px;text-align:;font-size:px;line-height:40px;letter-spacing: 4px;font-weight:bold\" class=\"nd_options_second_font\">&gt; QUE FAUT-IL SAVOIR SUR L'ASSURANCE DE VOTRE VOITURE \u00c9LECTRIQUE ?<\/h3> <div style=\"background-color:;height: 50px\" class=\"nicdark_section\"><\/div><\/div><\/div><\/div><div class=\"wpb_column vc_column_container vc_col-sm-6 vc_hidden-xs\"><div class=\"vc_column-inner\"><div class=\"wpb_wrapper\"><\/div><\/div><\/div><\/div><div class=\"vc_row wpb_row vc_inner vc_row-fluid vc_custom_1569482474546\"><div class=\"wpb_column vc_column_container vc_col-sm-6 vc_hidden-lg vc_hidden-md vc_hidden-sm\"><div class=\"vc_column-inner\"><div class=\"wpb_wrapper\"> <h3 style=\"color:#00599e;padding:px;text-align:;font-size:px;line-height:40px;letter-spacing: 4px;font-weight:bold\" class=\"nd_options_second_font\">&gt; QUE FAUT-IL SAVOIR SUR L'ASSURANCE DE VOTRE VOITURE \u00c9LECTRIQUE ?<\/h3> <div style=\"background-color:;height: 50px\" class=\"nicdark_section\"><\/div><\/div><\/div><\/div><div class=\"wpb_column vc_column_container vc_col-sm-6 vc_hidden-lg vc_hidden-md vc_hidden-sm\"><div class=\"vc_column-inner\"><div class=\"wpb_wrapper\"><\/div><\/div><\/div><\/div><div style=\"background-color:;height: 25px\" class=\"nicdark_section\"><\/div><div class=\"vc_row wpb_row vc_inner vc_row-fluid\"><div class=\"wpb_column vc_column_container vc_col-sm-6\"><div class=\"vc_column-inner\"><div class=\"wpb_wrapper\">\n\t<div  class=\"wpb_single_image wpb_content_element vc_align_left wpb_content_element\">\n\t\t\n\t\t<figure class=\"wpb_wrapper vc_figure\">\n\t\t\t<div class=\"vc_single_image-wrapper   vc_box_border_grey\"><img decoding=\"async\" class=\"vc_single_image-img\" src=\"https:\/\/www.dhondt-insurance.com\/wp-content\/uploads\/2023\/12\/foto_webpagina_artikel_elektrische_wagens_nieuwsbrief_januari.png\" width=\"600\" height=\"400\" alt=\"foto_webpagina_artikel_elektrische_wagens_nieuwsbrief_januari\" title=\"foto_webpagina_artikel_elektrische_wagens_nieuwsbrief_januari\" loading=\"lazy\" \/><\/div>\n\t\t<\/figure>\n\t<\/div>\n<\/div><\/div><\/div><div class=\"wpb_column vc_column_container vc_col-sm-6\"><div class=\"vc_column-inner\"><div class=\"wpb_wrapper\"><div style=\"background-color:;height: 40px\" class=\"nicdark_section\"><\/div> <p style=\"color:#2d2d2d;padding:px;text-align:;font-size:20px;line-height:40px;letter-spacing: px;font-weight:normal\" class=\"\">L'avenir de la voiture de soci\u00e9t\u00e9 change progressivement, et la fiscalit\u00e9 automobile joue un r\u00f4le crucial \u00e0 cet \u00e9gard. Les entreprises investissent de plus en plus dans les voitures \u00e9lectriques et les assureurs doivent s'adapter \u00e0 cette \u00e9volution. Dans cet article, nous abordons les aspects essentiels de la conduite \u00e9lectrique.<\/p> <\/div><\/div><\/div><\/div><div class=\"vc_row wpb_row vc_inner vc_row-fluid\"><div class=\"wpb_column vc_column_container vc_col-sm-6\"><div class=\"vc_column-inner\"><div class=\"wpb_wrapper\"><div style=\"background-color:;height: 20px\" class=\"nicdark_section\"><\/div> <p style=\"color:#2d2d2d;padding:px;text-align:;font-size:16px;line-height:px;letter-spacing: px;font-weight:bold\" class=\"\">Fiscalit\u00e9 des voitures vertes: une incitation \u00e0 la conduite \u00e9lectrique<\/p> <div style=\"background-color:;height: 5px\" class=\"nicdark_section\"><\/div>\n\t<div class=\"wpb_text_column wpb_content_element\" >\n\t\t<div class=\"wpb_wrapper\">\n\t\t\t<p>De nouvelles r\u00e8gles sur la d\u00e9ductibilit\u00e9 fiscale des v\u00e9hicules utilitaires sont en vigueur depuis juillet 2023. Ces r\u00e8gles encouragent les entreprises \u00e0 privil\u00e9gier les voitures enti\u00e8rement \u00e9lectriques par rapport aux v\u00e9hicules hybrides, dont les co\u00fbts de carburant ne sont d\u00e9ductibles qu'\u00e0 50 %.<\/p>\n\n\t\t<\/div>\n\t<\/div>\n<div style=\"background-color:;height: 5px\" class=\"nicdark_section\"><\/div>\n\t<div class=\"wpb_text_column wpb_content_element\" >\n\t\t<div class=\"wpb_wrapper\">\n\t\t\t<p>Il est important de noter qu'\u00e0 partir de 2026, les d\u00e9ductions fiscales ne s'appliqueront plus aux v\u00e9hicules fonctionnant (partiellement) avec des carburants fossiles. En r\u00e9sum\u00e9, seules les voitures 100 % \u00e9lectriques resteront d\u00e9ductibles \u00e0 100 % si elles sont achet\u00e9es avant 2027.<\/p>\n\n\t\t<\/div>\n\t<\/div>\n<div style=\"background-color:;height: 5px\" class=\"nicdark_section\"><\/div> <p style=\"color:#2d2d2d;padding:px;text-align:;font-size:16px;line-height:px;letter-spacing: px;font-weight:bold\" class=\"\">Assurer une voiture \u00e9lectrique<\/p> <div style=\"background-color:;height: 5px\" class=\"nicdark_section\"><\/div>\n\t<div class=\"wpb_text_column wpb_content_element\" >\n\t\t<div class=\"wpb_wrapper\">\n\t\t\t<p>Avec le mouvement de rattrapage attendu dans les ann\u00e9es \u00e0 venir, les assureurs proposent de plus en plus d'options pour assurer les voitures \u00e9lectriques (d'entreprise).<\/p>\n\n\t\t<\/div>\n\t<\/div>\n<div style=\"background-color:;height: 20px\" class=\"nicdark_section\"><\/div><\/div><\/div><\/div><div class=\"wpb_column vc_column_container vc_col-sm-6\"><div class=\"vc_column-inner\"><div class=\"wpb_wrapper\"><div style=\"background-color:;height: 20px\" class=\"nicdark_section\"><\/div>\n\t<div class=\"wpb_text_column wpb_content_element\" >\n\t\t<div class=\"wpb_wrapper\">\n\t\t\t<p>Quelles sont donc les options possibles ?<\/p>\n<p>&nbsp;<\/p>\n<ul>\n<li>L'assurance multirisque est non seulement adapt\u00e9e pour couvrir les risques classiques, mais aussi les aspects sp\u00e9cifiques des v\u00e9hicules \u00e9lectriques, tels que les c\u00e2bles de recharge et la pr\u00e9cieuse batterie. Les mesures de s\u00e9curit\u00e9 particuli\u00e8res en cas d'incendie, comme le co\u00fbt \u00e9lev\u00e9 de l'extinction d'un conteneur d'immersion des pompiers, peuvent \u00e9galement \u00eatre assur\u00e9es.<\/li>\n<li>Avec l'assurance habitation, vous pouvez \u00e9galement assurer l'infrastructure de recharge du v\u00e9hicule \u00e9lectrique.<\/li>\n<li>Vous \u00eates bloqu\u00e9 sur la route avec une batterie d\u00e9charg\u00e9e ? Gr\u00e2ce \u00e0 l'assistance d\u00e9pannage suppl\u00e9mentaire, la voiture sera amen\u00e9e gratuitement \u00e0 une borne de recharge (rapide) situ\u00e9e \u00e0 proximit\u00e9. Dans certaines situations, la voiture peut \u00e9galement \u00eatre recharg\u00e9e sur place.<\/li>\n<\/ul>\n\n\t\t<\/div>\n\t<\/div>\n<div style=\"background-color:;height: 5px\" class=\"nicdark_section\"><\/div> <p style=\"color:#2d2d2d;padding:px;text-align:;font-size:16px;line-height:px;letter-spacing: px;font-weight:bold\" class=\"\">Conclusion<\/p> <div style=\"background-color:;height: 5px\" class=\"nicdark_section\"><\/div>\n\t<div class=\"wpb_text_column wpb_content_element\" >\n\t\t<div class=\"wpb_wrapper\">\n\t\t\t<p>La conduite \u00e9lectrique n'est pas seulement un choix de durabilit\u00e9, mais aussi un choix d'avantages financiers et d'assurance optimale.<\/p>\n\n\t\t<\/div>\n\t<\/div>\n<div style=\"background-color:;height: 20px\" class=\"nicdark_section\"><\/div><\/div><\/div><\/div><\/div><\/div><\/div><\/div><\/div><div class=\"vc_row wpb_row vc_row-fluid\"><div class=\"wpb_column vc_column_container vc_col-sm-12 vc_col-has-fill\"><div class=\"vc_column-inner vc_custom_1701784306602\"><div class=\"wpb_wrapper\"><div style=\"background-color:;height: 60px\" class=\"nicdark_section\"><\/div> <p style=\"color:#ffffff;padding:px;text-align:center;font-size:40px;line-height:60px;letter-spacing: px;font-weight:normal\" class=\"\">Vous voulez faire assurer votre v\u00e9hicule \u00e9lectrique ?<\/p> <div style=\"background-color:;height: 35px\" class=\"nicdark_section\"><\/div>\n\t<div class=\"wpb_text_column wpb_content_element\" >\n\t\t<div class=\"wpb_wrapper\">\n\t\t\t<p style=\"text-align: center;\"><span style=\"color: #ffffff;\">Contactez ensuite votre account manager. Nous vous ferons alors une proposition pour assurer au mieux votre v\u00e9hicule \u00e9lectrique.\u00a0<\/span><\/p>\n\n\t\t<\/div>\n\t<\/div>\n<div style=\"background-color:;height: 60px\" class=\"nicdark_section\"><\/div><\/div><\/div><\/div><\/div><div class=\"vc_row wpb_row vc_row-fluid\"><div class=\"wpb_column vc_column_container vc_col-sm-6\"><div class=\"vc_column-inner\"><div class=\"wpb_wrapper\"><div style=\"background-color:#ffffff;height: 50px\" class=\"nicdark_section\"><\/div><\/div><\/div><\/div><div class=\"wpb_column vc_column_container vc_col-sm-6\"><div class=\"vc_column-inner\"><div class=\"wpb_wrapper\"><div style=\"background-color:#ffffff;height: 50px\" class=\"nicdark_section\"><\/div><\/div><\/div><\/div><\/div>\n<\/div>","protected":false},"excerpt":{"rendered":"&gt; WAT MOET U WETEN OVER HET VERZEKEREN VAN UW ELEKTRISCHE WAGEN? &gt; WAT MOET U WETEN OVER HET VERZEKEREN VAN UW ELEKTRISCHE WAGEN? De toekomst van de bedrijfswagen verandert geleidelijk, en de autofiscaliteit speelt hierin een cruciale rol. Bedrijven investeren steeds meer in elektrische wagens, en verzekeraars moeten zich aanpassen aan deze evolutie. In [...]","protected":false},"author":1,"featured_media":0,"parent":0,"menu_order":0,"comment_status":"closed","ping_status":"closed","template":"","meta":{"footnotes":""},"class_list":["post-8390","page","type-page","status-publish","hentry"],"_links":{"self":[{"href":"https:\/\/www.dhondt-insurance.com\/fr\/wp-json\/wp\/v2\/pages\/8390","targetHints":{"allow":["GET"]}}],"collection":[{"href":"https:\/\/www.dhondt-insurance.com\/fr\/wp-json\/wp\/v2\/pages"}],"about":[{"href":"https:\/\/www.dhondt-insurance.com\/fr\/wp-json\/wp\/v2\/types\/page"}],"author":[{"embeddable":true,"href":"https:\/\/www.dhondt-insurance.com\/fr\/wp-json\/wp\/v2\/users\/1"}],"replies":[{"embeddable":true,"href":"https:\/\/www.dhondt-insurance.com\/fr\/wp-json\/wp\/v2\/comments?post=8390"}],"version-history":[{"count":12,"href":"https:\/\/www.dhondt-insurance.com\/fr\/wp-json\/wp\/v2\/pages\/8390\/revisions"}],"predecessor-version":[{"id":8412,"href":"https:\/\/www.dhondt-insurance.com\/fr\/wp-json\/wp\/v2\/pages\/8390\/revisions\/8412"}],"wp:attachment":[{"href":"https:\/\/www.dhondt-insurance.com\/fr\/wp-json\/wp\/v2\/media?parent=8390"}],"curies":[{"name":"wp","href":"https:\/\/api.w.org\/{rel}","templated":true}]}}