{"id":7952,"date":"2022-12-15T13:20:04","date_gmt":"2022-12-15T13:20:04","guid":{"rendered":"https:\/\/www.dhondt-insurance.com\/?page_id=7952"},"modified":"2022-12-28T10:20:22","modified_gmt":"2022-12-28T10:20:22","slug":"fietsverzekering-2","status":"publish","type":"page","link":"https:\/\/www.dhondt-insurance.com\/fr\/fietsverzekering-2\/","title":{"rendered":"Fietsverzekering"},"content":{"rendered":"<div class=\"wpb-content-wrapper\"><div class=\"vc_row wpb_row vc_row-fluid wpb_animate_when_almost_visible wpb_fadeIn fadeIn\"><div class=\"wpb_column vc_column_container vc_col-sm-12\"><div class=\"vc_column-inner\"><div class=\"wpb_wrapper\"><div class=\"vc_empty_space\"   style=\"height: 32px\"><span class=\"vc_empty_space_inner\"><\/span><\/div><div class=\"vc_row wpb_row vc_inner vc_row-fluid vc_custom_1569482474546\"><div class=\"wpb_column vc_column_container vc_col-sm-6 vc_hidden-xs\"><div class=\"vc_column-inner\"><div class=\"wpb_wrapper\"> <h3 style=\"color:#00599e;padding:px;text-align:;font-size:px;line-height:40px;letter-spacing: 4px;font-weight:bold\" class=\"nd_options_second_font\">&gt; ASSURANCE V\u00c9LO<\/h3> <div style=\"background-color:;height: 50px\" class=\"nicdark_section\"><\/div><\/div><\/div><\/div><div class=\"wpb_column vc_column_container vc_col-sm-6 vc_hidden-xs\"><div class=\"vc_column-inner\"><div class=\"wpb_wrapper\"><\/div><\/div><\/div><\/div><div class=\"vc_row wpb_row vc_inner vc_row-fluid vc_custom_1569482474546\"><div class=\"wpb_column vc_column_container vc_col-sm-6 vc_hidden-lg vc_hidden-md vc_hidden-sm\"><div class=\"vc_column-inner\"><div class=\"wpb_wrapper\"> <h3 style=\"color:#00599e;padding:px;text-align:;font-size:px;line-height:40px;letter-spacing: 4px;font-weight:bold\" class=\"nd_options_second_font\">&gt; ASSURANCE V\u00c9LO<\/h3> <div style=\"background-color:;height: 50px\" class=\"nicdark_section\"><\/div><\/div><\/div><\/div><div class=\"wpb_column vc_column_container vc_col-sm-6 vc_hidden-lg vc_hidden-md vc_hidden-sm\"><div class=\"vc_column-inner\"><div class=\"wpb_wrapper\"><\/div><\/div><\/div><\/div><div style=\"background-color:;height: 25px\" class=\"nicdark_section\"><\/div><div class=\"vc_row wpb_row vc_inner vc_row-fluid\"><div class=\"wpb_column vc_column_container vc_col-sm-6\"><div class=\"vc_column-inner\"><div class=\"wpb_wrapper\">\n\t<div  class=\"wpb_single_image wpb_content_element vc_align_left wpb_content_element\">\n\t\t\n\t\t<figure class=\"wpb_wrapper vc_figure\">\n\t\t\t<div class=\"vc_single_image-wrapper   vc_box_border_grey\"><img decoding=\"async\" class=\"vc_single_image-img\" src=\"https:\/\/www.dhondt-insurance.com\/wp-content\/uploads\/2022\/12\/Untitled-design-2-600x400.png\" width=\"600\" height=\"400\" alt=\"Untitled design (2)\" title=\"Untitled design (2)\" loading=\"lazy\" \/><\/div>\n\t\t<\/figure>\n\t<\/div>\n<\/div><\/div><\/div><div class=\"wpb_column vc_column_container vc_col-sm-6\"><div class=\"vc_column-inner\"><div class=\"wpb_wrapper\"><div style=\"background-color:;height: 50px\" class=\"nicdark_section\"><\/div> <p style=\"color:#2d2d2d;padding:px;text-align:;font-size:20px;line-height:50px;letter-spacing: px;font-weight:normal\" class=\"\">Le Belge et son v\u00e9lo semblent \u00eatre un duo d\u2019or. En moyenne, chaque Belge a 2 \u00e0 3 v\u00e9los dans la maison. Beaucoup de gens prennent maintenant le v\u00e9lo pour se rendre au travail ou pour leur d\u00e9tente.<\/p> <\/div><\/div><\/div><\/div><div class=\"vc_row wpb_row vc_inner vc_row-fluid\"><div class=\"wpb_column vc_column_container vc_col-sm-6\"><div class=\"vc_column-inner\"><div class=\"wpb_wrapper\"><div style=\"background-color:;height: 50px\" class=\"nicdark_section\"><\/div> <p style=\"color:#2d2d2d;padding:px;text-align:;font-size:16px;line-height:px;letter-spacing: px;font-weight:bold\" class=\"\">Comportement cycliste moyen en Belgique<\/p> <div style=\"background-color:;height: 50px\" class=\"nicdark_section\"><\/div>\n\t<div class=\"wpb_text_column wpb_content_element\" >\n\t\t<div class=\"wpb_wrapper\">\n\t\t\t<p>Une enqu\u00eate r\u00e9cemment refus\u00e9e a fourni les renseignements suivants:<\/p>\n<ul>\n<li>91 % des familles ont au moins un v\u00e9lo dans leur maison<\/li>\n<li>Le v\u00e9lo de ville reste le v\u00e9lo pr\u00e9f\u00e9r\u00e9, mais le v\u00e9lo \u00e9lectrique est sur une grande avance<\/li>\n<li>Aujourd\u2019hui, le v\u00e9lo d\u2019entreprise est tr\u00e8s peu utilis\u00e9 (9%)<\/li>\n<li>Nous faisons plus de cycles (29 % par jour)<\/li>\n<li>Nous prenons le v\u00e9lo plus rapidement dans les zones urbaines que dans les zones rurales<\/li>\n<li>Nous utilisons le v\u00e9lo \u00e0 la fois r\u00e9cr\u00e9atif (promenades) et fonctionnel<\/li>\n<li>Nous utilisons le v\u00e9lo parce que:\n<ul>\n<li>Il est financi\u00e8rement avantageux<\/li>\n<li>Il donne le plus de flexibilit\u00e9<\/li>\n<li>C\u2019est le moyen le plus rapide<\/li>\n<li>Il est facile et s\u00e9curitaire de se garer<\/li>\n<\/ul>\n<\/li>\n<li>La s\u00e9curit\u00e9 routi\u00e8re est et demeure une pr\u00e9occupation<\/li>\n<li>Le nombre d\u2019accidents de v\u00e9lo augmente chaque ann\u00e9e (13%)\n<ul>\n<li>Une voiture est impliqu\u00e9e dans 1 accident sur 3<\/li>\n<li>Un autre cycliste est impliqu\u00e9 dans 1 accident sur 5<\/li>\n<\/ul>\n<\/li>\n<\/ul>\n\n\t\t<\/div>\n\t<\/div>\n<div style=\"background-color:;height: 50px\" class=\"nicdark_section\"><\/div><\/div><\/div><\/div><div class=\"wpb_column vc_column_container vc_col-sm-6\"><div class=\"vc_column-inner\"><div class=\"wpb_wrapper\"><div style=\"background-color:;height: 50px\" class=\"nicdark_section\"><\/div> <p style=\"color:#2d2d2d;padding:px;text-align:;font-size:16px;line-height:px;letter-spacing: px;font-weight:bold\" class=\"\">Assur\u00e9 sur la route<\/p> <div style=\"background-color:;height: 50px\" class=\"nicdark_section\"><\/div>\n\t<div class=\"wpb_text_column wpb_content_element\" >\n\t\t<div class=\"wpb_wrapper\">\n\t\t\t<p>Une assurance v\u00e9lo n\u2019est pas un luxe inutile parce qu\u2019en tant que cycliste, vous \u00eates naturellement expos\u00e9s \u00e0 beaucoup de risques. L\u2019assurance v\u00e9lo offre une couverture contre le vol (tentative) et les dommages mat\u00e9riels caus\u00e9s par une collision, une chute, le vandalisme, \u2026 en outre, vous b\u00e9n\u00e9ficiez \u00e9galement d\u2019une assistance en cas de panne ou d\u2019accident.<\/p>\n\n\t\t<\/div>\n\t<\/div>\n<div style=\"background-color:;height: 50px\" class=\"nicdark_section\"><\/div>\n\t<div class=\"wpb_text_column wpb_content_element\" >\n\t\t<div class=\"wpb_wrapper\">\n\t\t\t<p>Qu\u2019est-ce qui est couvert?<\/p>\n<ul>\n<li>Vol et tentative de vol<\/li>\n<li>D\u00e9g\u00e2ts mat\u00e9riels dus \u00e0 :\n<ul>\n<li>Chute<\/li>\n<li>Collision<\/li>\n<li>Contact inopin\u00e9<\/li>\n<li>Basculement<\/li>\n<li>Heurt<\/li>\n<li>Vandalisme<\/li>\n<li>Forces de la nature<\/li>\n<\/ul>\n<\/li>\n<li>Assistance en cas de panne ou d\u2019accident<\/li>\n<\/ul>\n\n\t\t<\/div>\n\t<\/div>\n<div style=\"background-color:;height: 50px\" class=\"nicdark_section\"><\/div><\/div><\/div><\/div><\/div><div class=\"vc_row wpb_row vc_inner vc_row-fluid vc_custom_1569482474546\"><div class=\"wpb_column vc_column_container vc_col-sm-6\"><div class=\"vc_column-inner\"><div class=\"wpb_wrapper\"><div style=\"background-color:#ffffff;height: 50px\" class=\"nicdark_section\"><\/div><\/div><\/div><\/div><div class=\"wpb_column vc_column_container vc_col-sm-6\"><div class=\"vc_column-inner\"><div class=\"wpb_wrapper\"><div style=\"background-color:#ffffff;height: 50px\" class=\"nicdark_section\"><\/div><\/div><\/div><\/div><\/div><div class=\"vc_row wpb_row vc_inner vc_row-fluid\"><div class=\"wpb_column vc_column_container vc_col-sm-12 vc_col-has-fill\"><div class=\"vc_column-inner vc_custom_1637770536227\"><div class=\"wpb_wrapper\"> <p style=\"color:#ffffff;padding:35px;text-align:center;font-size:35px;line-height:50px;letter-spacing: px;font-weight:normal\" class=\"\">Comment s\u00e9curiser un beau v\u00e9lo ou une flotte de v\u00e9los \u00e9lectriques?<\/p> \n\t<div class=\"wpb_text_column wpb_content_element vc_custom_1671110441955\" >\n\t\t<div class=\"wpb_wrapper\">\n\t\t\t<p style=\"text-align: center;\"><span style=\"color: #ffffff;\">Nous aimerions \u00e9laborer une politique adapt\u00e9e \u00e0 vos besoins et \u00e0 votre situation.<\/span><\/p>\n\n\t\t<\/div>\n\t<\/div>\n\n\t<div class=\"nd_options_section nd_options_text_align_center\">\n\t<a style=\"border: px solid;border-radius:px;letter-spacing:px;line-height:px;font-size:px;background-color:#ffffff;padding:10px 20px;margin:;color:#00599e\" rel=\"\" href=\"mailto:sales@dhondt-insurance.com\" class=\"nicdark_display_inline_block  nd_options_font_weight_normal\">&gt; Nous contacter<\/a>\n\t<\/div>\n<div style=\"background-color:;height: 50px\" class=\"nicdark_section\"><\/div><\/div><\/div><\/div><\/div><div class=\"vc_row wpb_row vc_inner vc_row-fluid vc_custom_1569482474546\"><div class=\"wpb_column vc_column_container vc_col-sm-6\"><div class=\"vc_column-inner\"><div class=\"wpb_wrapper\"><div style=\"background-color:#ffffff;height: 50px\" class=\"nicdark_section\"><\/div><\/div><\/div><\/div><div class=\"wpb_column vc_column_container vc_col-sm-6\"><div class=\"vc_column-inner\"><div class=\"wpb_wrapper\"><div style=\"background-color:#ffffff;height: 50px\" class=\"nicdark_section\"><\/div><\/div><\/div><\/div><\/div><\/div><\/div><\/div><\/div>\n<\/div>","protected":false},"excerpt":{"rendered":"&gt; FIETSVERZEKERING &gt; FIETSVERZEKERING De Belg en zijn fiets blijkt een gouden duo te zijn. Gemiddeld heeft elke Belg 2 \u00e0 3 fietsen in huis. Veel mensen nemen tegenwoordig de fiets om naar het werk te gaan of voor hun ontspanning. Het fietsgedrag van de gemiddelde Belg Een recent afgenomen enqu\u00eate gaf volgende inzichten: 91% [...]","protected":false},"author":1,"featured_media":0,"parent":0,"menu_order":0,"comment_status":"closed","ping_status":"closed","template":"","meta":{"footnotes":""},"class_list":["post-7952","page","type-page","status-publish","hentry"],"_links":{"self":[{"href":"https:\/\/www.dhondt-insurance.com\/fr\/wp-json\/wp\/v2\/pages\/7952","targetHints":{"allow":["GET"]}}],"collection":[{"href":"https:\/\/www.dhondt-insurance.com\/fr\/wp-json\/wp\/v2\/pages"}],"about":[{"href":"https:\/\/www.dhondt-insurance.com\/fr\/wp-json\/wp\/v2\/types\/page"}],"author":[{"embeddable":true,"href":"https:\/\/www.dhondt-insurance.com\/fr\/wp-json\/wp\/v2\/users\/1"}],"replies":[{"embeddable":true,"href":"https:\/\/www.dhondt-insurance.com\/fr\/wp-json\/wp\/v2\/comments?post=7952"}],"version-history":[{"count":0,"href":"https:\/\/www.dhondt-insurance.com\/fr\/wp-json\/wp\/v2\/pages\/7952\/revisions"}],"wp:attachment":[{"href":"https:\/\/www.dhondt-insurance.com\/fr\/wp-json\/wp\/v2\/media?parent=7952"}],"curies":[{"name":"wp","href":"https:\/\/api.w.org\/{rel}","templated":true}]}}