{"id":7801,"date":"2022-10-26T08:06:11","date_gmt":"2022-10-26T08:06:11","guid":{"rendered":"https:\/\/www.dhondt-insurance.com\/?page_id=7801"},"modified":"2022-10-26T08:31:03","modified_gmt":"2022-10-26T08:31:03","slug":"laat-schade-aan-een-machine-uw-bedrijfscontinuiteit-niet-in-gevaar-brengen","status":"publish","type":"page","link":"https:\/\/www.dhondt-insurance.com\/fr\/laat-schade-aan-een-machine-uw-bedrijfscontinuiteit-niet-in-gevaar-brengen\/","title":{"rendered":"Laat schade aan een machine uw bedrijfscontinu\u00efteit niet in gevaar brengen"},"content":{"rendered":"<div class=\"wpb-content-wrapper\"><div class=\"vc_row wpb_row vc_row-fluid wpb_animate_when_almost_visible wpb_fadeIn fadeIn\"><div class=\"wpb_column vc_column_container vc_col-sm-12\"><div class=\"vc_column-inner\"><div class=\"wpb_wrapper\"><div class=\"vc_empty_space\"   style=\"height: 32px\"><span class=\"vc_empty_space_inner\"><\/span><\/div><div class=\"vc_row wpb_row vc_inner vc_row-fluid vc_custom_1569482474546\"><div class=\"wpb_column vc_column_container vc_col-sm-6 vc_hidden-xs\"><div class=\"vc_column-inner\"><div class=\"wpb_wrapper\"> <h3 style=\"color:#00599e;padding:px;text-align:;font-size:px;line-height:40px;letter-spacing: 4px;font-weight:bold\" class=\"nd_options_second_font\">&gt; NE LAISSEZ PAS L'ENDOMMAGEMENT D'UNE MACHINE COMPROMETTRE LA CONTINUIT\u00c9 DE VOTRE ACTIVIT\u00c9<\/h3> <div style=\"background-color:;height: 50px\" class=\"nicdark_section\"><\/div><\/div><\/div><\/div><div class=\"wpb_column vc_column_container vc_col-sm-6 vc_hidden-xs\"><div class=\"vc_column-inner\"><div class=\"wpb_wrapper\"><\/div><\/div><\/div><\/div><div class=\"vc_row wpb_row vc_inner vc_row-fluid vc_custom_1569482474546\"><div class=\"wpb_column vc_column_container vc_col-sm-6 vc_hidden-lg vc_hidden-md vc_hidden-sm\"><div class=\"vc_column-inner\"><div class=\"wpb_wrapper\"> <h3 style=\"color:#00599e;padding:px;text-align:;font-size:px;line-height:40px;letter-spacing: 4px;font-weight:bold\" class=\"nd_options_second_font\">&gt; NE LAISSEZ PAS L'ENDOMMAGEMENT D'UNE MACHINE COMPROMETTRE LA CONTINUIT\u00c9 DE VOTRE ACTIVIT\u00c9<\/h3> <div style=\"background-color:;height: 50px\" class=\"nicdark_section\"><\/div><\/div><\/div><\/div><div class=\"wpb_column vc_column_container vc_col-sm-6 vc_hidden-lg vc_hidden-md vc_hidden-sm\"><div class=\"vc_column-inner\"><div class=\"wpb_wrapper\"><\/div><\/div><\/div><\/div><div style=\"background-color:;height: 25px\" class=\"nicdark_section\"><\/div><div class=\"vc_row wpb_row vc_inner vc_row-fluid\"><div class=\"wpb_column vc_column_container vc_col-sm-6\"><div class=\"vc_column-inner\"><div class=\"wpb_wrapper\">\n\t<div  class=\"wpb_single_image wpb_content_element vc_align_left wpb_content_element\">\n\t\t\n\t\t<figure class=\"wpb_wrapper vc_figure\">\n\t\t\t<div class=\"vc_single_image-wrapper   vc_box_border_grey\"><img decoding=\"async\" class=\"vc_single_image-img\" src=\"https:\/\/www.dhondt-insurance.com\/wp-content\/uploads\/2022\/10\/machinebreuk_resized-600x400.png\" width=\"600\" height=\"400\" alt=\"machinebreuk_resized\" title=\"machinebreuk_resized\" loading=\"lazy\" \/><\/div>\n\t\t<\/figure>\n\t<\/div>\n<\/div><\/div><\/div><div class=\"wpb_column vc_column_container vc_col-sm-6\"><div class=\"vc_column-inner\"><div class=\"wpb_wrapper\"><div style=\"background-color:;height: 50px\" class=\"nicdark_section\"><\/div> <p style=\"color:#2d2d2d;padding:px;text-align:;font-size:20px;line-height:50px;letter-spacing: px;font-weight:normal\" class=\"\">Faire des affaires signifie investir ! De nombreuses entreprises disposent donc de machines co\u00fbteuses dans leurs locaux. Pour toute entreprise utilisant des machines, l'assurance contre le bris de machines est une n\u00e9cessit\u00e9 absolue.<\/p> <\/div><\/div><\/div><\/div><div class=\"vc_row wpb_row vc_inner vc_row-fluid\"><div class=\"wpb_column vc_column_container vc_col-sm-6\"><div class=\"vc_column-inner\"><div class=\"wpb_wrapper\"><div style=\"background-color:;height: 50px\" class=\"nicdark_section\"><\/div>\n\t<div class=\"wpb_text_column wpb_content_element\" >\n\t\t<div class=\"wpb_wrapper\">\n\t\t\t<p>Outre l'assurance de la (des) machine(s), nous tenons \u00e9galement \u00e0 attirer l'attention sur le fait qu'un dommage \u00e0 l'une de vos machines ne peut et ne doit pas compromettre la continuit\u00e9 de vos activit\u00e9s. L'assurance dommages aux entreprises en cas de bris de machine peut apporter une solution.<\/p>\n\n\t\t<\/div>\n\t<\/div>\n<div style=\"background-color:;height: 50px\" class=\"nicdark_section\"><\/div>\n\t<div class=\"wpb_text_column wpb_content_element\" >\n\t\t<div class=\"wpb_wrapper\">\n\t\t\t<p>L'assurance bris de machines est une assurance contre les dommages mat\u00e9riels. Il s'agit d'un compl\u00e9ment \u00e0 l'assurance incendie qui prot\u00e8ge les articles d\u00e9crits dans la police contre les dommages impr\u00e9vus et soudains.<\/p>\n\n\t\t<\/div>\n\t<\/div>\n<div style=\"background-color:;height: 50px\" class=\"nicdark_section\"><\/div>\n\t<div class=\"wpb_text_column wpb_content_element\" >\n\t\t<div class=\"wpb_wrapper\">\n\t\t\t<p>Une machine est un produit important et souvent tr\u00e8s vuln\u00e9rable au sein d'une entreprise. Une panne soudaine ou un dommage impr\u00e9vu \u00e0 l'une des machines peut entra\u00eener un arr\u00eat complet ou partiel de la production, avec des cons\u00e9quences financi\u00e8res potentiellement importantes. En d'autres termes, les machines jouent souvent un r\u00f4le tr\u00e8s important dans la continuit\u00e9 de vos activit\u00e9s.<\/p>\n\n\t\t<\/div>\n\t<\/div>\n<div style=\"background-color:;height: 50px\" class=\"nicdark_section\"><\/div>\n\t<div class=\"wpb_text_column wpb_content_element\" >\n\t\t<div class=\"wpb_wrapper\">\n\t\t\t<p><strong>Saviez-vous qu'en cas de bris, le montant des dommages se compose en moyenne de 30 % de dommages mat\u00e9riels et de 70 % de dommages commerciaux ?<\/strong><\/p>\n\n\t\t<\/div>\n\t<\/div>\n<div style=\"background-color:;height: 50px\" class=\"nicdark_section\"><\/div>\n\t<div class=\"wpb_text_column wpb_content_element\" >\n\t\t<div class=\"wpb_wrapper\">\n\t\t\t<p>Une panne de machine plane au-dessus de la t\u00eate de toute entreprise de fabrication. Les deux par <strong>une fracture interne<\/strong> (erreur de montage, erreur de construction, surchauffe ou blocage de la machine,...) si <strong>en raison d'une cause externe<\/strong> (n\u00e9gligence, inexp\u00e9rience, intention, influence du courant \u00e9lectrique,...).<\/p>\n\n\t\t<\/div>\n\t<\/div>\n<div style=\"background-color:;height: 50px\" class=\"nicdark_section\"><\/div>\n\t<div class=\"wpb_text_column wpb_content_element\" >\n\t\t<div class=\"wpb_wrapper\">\n\t\t\t<p>En tant que propri\u00e9taire d'entreprise, vous avez tout int\u00e9r\u00eat \u00e0 reprendre vos activit\u00e9s le plus rapidement possible apr\u00e8s une panne. Malheureusement, la crise actuelle fait que certaines pi\u00e8ces de rechange sont de plus en plus souvent en rupture de stock. Cela entra\u00eene un retard important dans le red\u00e9marrage ou peut m\u00eame conduire \u00e0 un arr\u00eat temporaire de vos op\u00e9rations.<\/p>\n\n\t\t<\/div>\n\t<\/div>\n<div style=\"background-color:;height: 50px\" class=\"nicdark_section\"><\/div>\n\t<div class=\"wpb_text_column wpb_content_element\" >\n\t\t<div class=\"wpb_wrapper\">\n\t\t\t<p>Une cessation temporaire des activit\u00e9s pourrait avoir de lourdes cons\u00e9quences :<\/p>\n<ul>\n<li>Perte de clients et\/ou de parts de march\u00e9<\/li>\n<li>Clauses p\u00e9nales<\/li>\n<li>Atteinte \u00e0 la r\u00e9putation<\/li>\n<li>Licenciement des membres du personnel<\/li>\n<li>\u2026<\/li>\n<\/ul>\n\n\t\t<\/div>\n\t<\/div>\n<div style=\"background-color:;height: 50px\" class=\"nicdark_section\"><\/div><\/div><\/div><\/div><div class=\"wpb_column vc_column_container vc_col-sm-6\"><div class=\"vc_column-inner\"><div class=\"wpb_wrapper\"><div style=\"background-color:;height: 50px\" class=\"nicdark_section\"><\/div>\n\t<div class=\"wpb_text_column wpb_content_element\" >\n\t\t<div class=\"wpb_wrapper\">\n\t\t\t<p>En plus de l'assurance Bris de machine, vous pouvez souscrire en option \u00e0 l'assurance <strong>bris de machine dommages aux entreprises <\/strong>coassurer.<\/p>\n\n\t\t<\/div>\n\t<\/div>\n<div style=\"background-color:;height: 50px\" class=\"nicdark_section\"><\/div>\n\t<div class=\"wpb_text_column wpb_content_element\" >\n\t\t<div class=\"wpb_wrapper\">\n\t\t\t<p>Lorsqu'une machine tombe en panne, d'une part, vous subissez souvent des dommages mat\u00e9riels, mais en plus, vous perdez parfois des revenus presque imm\u00e9diatement. Le temps d'arr\u00eat d'une machine et le temps qu'il faut pour la remplacer ou la r\u00e9parer peuvent repr\u00e9senter une perte financi\u00e8re importante pour votre entreprise. En effet, les co\u00fbts fixes sont tout simplement maintenus. Par cons\u00e9quent, l'assurance pertes d'exploitation en cas de bris de machine permet de garantir la continuit\u00e9 de votre activit\u00e9 malgr\u00e9 une panne temporaire de vos machines. Gr\u00e2ce \u00e0 cette assurance compl\u00e9mentaire, les pertes commerciales dues \u00e0 une panne de machine sont enti\u00e8rement compens\u00e9es.<\/p>\n\n\t\t<\/div>\n\t<\/div>\n<div style=\"background-color:;height: 50px\" class=\"nicdark_section\"><\/div>\n\t<div class=\"wpb_text_column wpb_content_element\" >\n\t\t<div class=\"wpb_wrapper\">\n\t\t\t<p><strong><u>Checklist: <\/u><\/strong><\/p>\n<p><strong><em>Quand avez-vous besoin d'une assurance contre le bris de machines et les dommages aux entreprises ? <\/em><\/strong><\/p>\n<ul>\n<li>Si vous d\u00e9pendez d'une machine sp\u00e9cifique, vous risquez de causer des dommages \u00e0 votre entreprise en compromettant sa continuit\u00e9.<\/li>\n<li>Si vous voulez coassurer les pertes commerciales caus\u00e9es par les erreurs de manipulation de votre personnel.<\/li>\n<li>Si vous voulez une assurance tr\u00e8s compl\u00e8te contre les pertes d'exploitation.<\/li>\n<\/ul>\n\n\t\t<\/div>\n\t<\/div>\n<div style=\"background-color:;height: 50px\" class=\"nicdark_section\"><\/div>\n\t<div class=\"wpb_text_column wpb_content_element\" >\n\t\t<div class=\"wpb_wrapper\">\n\t\t\t<p>Les conditions et la couverture d\u00e9pendent du type d'entreprise que vous dirigez. En raison de notre connaissance et de notre exp\u00e9rience des parcs de machines et des installations, le personnel de D'hondt Insurance conna\u00eet les risques techniques ainsi que les pertes commerciales qui y sont associ\u00e9es.<\/p>\n\n\t\t<\/div>\n\t<\/div>\n<div style=\"background-color:;height: 50px\" class=\"nicdark_section\"><\/div><\/div><\/div><\/div><\/div><div class=\"vc_row wpb_row vc_inner vc_row-fluid vc_custom_1569482474546\"><div class=\"wpb_column vc_column_container vc_col-sm-6\"><div class=\"vc_column-inner\"><div class=\"wpb_wrapper\"><div style=\"background-color:#ffffff;height: 50px\" class=\"nicdark_section\"><\/div><\/div><\/div><\/div><div class=\"wpb_column vc_column_container vc_col-sm-6\"><div class=\"vc_column-inner\"><div class=\"wpb_wrapper\"><div style=\"background-color:#ffffff;height: 50px\" class=\"nicdark_section\"><\/div><\/div><\/div><\/div><\/div><div class=\"vc_row wpb_row vc_inner vc_row-fluid\"><div class=\"wpb_column vc_column_container vc_col-sm-12 vc_col-has-fill\"><div class=\"vc_column-inner vc_custom_1637770536227\"><div class=\"wpb_wrapper\"> <p style=\"color:#ffffff;padding:35px;text-align:center;font-size:35px;line-height:50px;letter-spacing: px;font-weight:normal\" class=\"\">Vous avez des questions ou des doutes sur le fait que vous \u00eates correctement assur\u00e9 ?<\/p> \n\t<div class=\"wpb_text_column wpb_content_element vc_custom_1666772237763\" >\n\t\t<div class=\"wpb_wrapper\">\n\t\t\t<p style=\"text-align: center;\"><span style=\"color: #ffffff;\">Si c'est le cas, contactez votre responsable de compte d\u00e8s aujourd'hui. <\/span><\/p>\n\n\t\t<\/div>\n\t<\/div>\n\n\t<div class=\"nd_options_section nd_options_text_align_center\">\n\t<a style=\"border: px solid;border-radius:px;letter-spacing:px;line-height:px;font-size:px;background-color:#ffffff;padding:10px 20px;margin:;color:#00599e\" rel=\"\" href=\"mailto:sales@dhondt-insurance.com\" class=\"nicdark_display_inline_block  nd_options_font_weight_normal\">&gt; Nous contacter<\/a>\n\t<\/div>\n<div style=\"background-color:;height: 50px\" class=\"nicdark_section\"><\/div><\/div><\/div><\/div><\/div><div class=\"vc_row wpb_row vc_inner vc_row-fluid vc_custom_1569482474546\"><div class=\"wpb_column vc_column_container vc_col-sm-6\"><div class=\"vc_column-inner\"><div class=\"wpb_wrapper\"><div style=\"background-color:#ffffff;height: 50px\" class=\"nicdark_section\"><\/div><\/div><\/div><\/div><div class=\"wpb_column vc_column_container vc_col-sm-6\"><div class=\"vc_column-inner\"><div class=\"wpb_wrapper\"><div style=\"background-color:#ffffff;height: 50px\" class=\"nicdark_section\"><\/div><\/div><\/div><\/div><\/div><\/div><\/div><\/div><\/div>\n<\/div>","protected":false},"excerpt":{"rendered":"&gt; LAAT SCHADE AAN EEN MACHINE UW BEDRIJFSCONTINU\u00cfTEIT NIET IN GEVAAR BRENGEN &gt; LAAT SCHADE AAN EEN MACHINE UW BEDRIJFSCONTINU\u00cfTEIT NIET IN GEVAAR BRENGEN Ondernemen is investeren! Heel wat bedrijven hebben in hun bedrijfsgebouw dan ook een duur machinepark staan. Voor elke onderneming met machines is een verzekering Machinebreuk een absolute noodzaak. Maar naast de [...]","protected":false},"author":1,"featured_media":0,"parent":0,"menu_order":0,"comment_status":"closed","ping_status":"closed","template":"","meta":{"footnotes":""},"class_list":["post-7801","page","type-page","status-publish","hentry"],"_links":{"self":[{"href":"https:\/\/www.dhondt-insurance.com\/fr\/wp-json\/wp\/v2\/pages\/7801","targetHints":{"allow":["GET"]}}],"collection":[{"href":"https:\/\/www.dhondt-insurance.com\/fr\/wp-json\/wp\/v2\/pages"}],"about":[{"href":"https:\/\/www.dhondt-insurance.com\/fr\/wp-json\/wp\/v2\/types\/page"}],"author":[{"embeddable":true,"href":"https:\/\/www.dhondt-insurance.com\/fr\/wp-json\/wp\/v2\/users\/1"}],"replies":[{"embeddable":true,"href":"https:\/\/www.dhondt-insurance.com\/fr\/wp-json\/wp\/v2\/comments?post=7801"}],"version-history":[{"count":0,"href":"https:\/\/www.dhondt-insurance.com\/fr\/wp-json\/wp\/v2\/pages\/7801\/revisions"}],"wp:attachment":[{"href":"https:\/\/www.dhondt-insurance.com\/fr\/wp-json\/wp\/v2\/media?parent=7801"}],"curies":[{"name":"wp","href":"https:\/\/api.w.org\/{rel}","templated":true}]}}