{"id":7746,"date":"2022-09-30T13:06:04","date_gmt":"2022-09-30T13:06:04","guid":{"rendered":"https:\/\/www.dhondt-insurance.com\/?page_id=7746"},"modified":"2022-09-30T13:39:50","modified_gmt":"2022-09-30T13:39:50","slug":"wordt-uw-brandverzekering-duurder-als-u-een-laadpaal-installeert","status":"publish","type":"page","link":"https:\/\/www.dhondt-insurance.com\/fr\/wordt-uw-brandverzekering-duurder-als-u-een-laadpaal-installeert\/","title":{"rendered":"Wordt uw brandverzekering duurder als u een laadpaal installeert?"},"content":{"rendered":"<div class=\"wpb-content-wrapper\"><div class=\"vc_row wpb_row vc_row-fluid wpb_animate_when_almost_visible wpb_fadeIn fadeIn\"><div class=\"wpb_column vc_column_container vc_col-sm-12\"><div class=\"vc_column-inner\"><div class=\"wpb_wrapper\"><div class=\"vc_empty_space\"   style=\"height: 32px\"><span class=\"vc_empty_space_inner\"><\/span><\/div><div class=\"vc_row wpb_row vc_inner vc_row-fluid vc_custom_1569482474546\"><div class=\"wpb_column vc_column_container vc_col-sm-6\"><div class=\"vc_column-inner\"><div class=\"wpb_wrapper\"> <h3 style=\"color:#00599e;padding:px;text-align:;font-size:px;line-height:40px;letter-spacing: 4px;font-weight:bold\" class=\"nd_options_second_font\">&gt; VOTRE ASSURANCE INCENDIE DEVIENT-ELLE PLUS CH\u00c8RE SI VOUS INSTALLEZ UNE BORNE DE RECHARGE ?<\/h3> <div style=\"background-color:;height: 50px\" class=\"nicdark_section\"><\/div><\/div><\/div><\/div><div class=\"wpb_column vc_column_container vc_col-sm-6\"><div class=\"vc_column-inner\"><div class=\"wpb_wrapper\"><\/div><\/div><\/div><\/div><div style=\"background-color:;height: 25px\" class=\"nicdark_section\"><\/div><div class=\"vc_row wpb_row vc_inner vc_row-fluid\"><div class=\"wpb_column vc_column_container vc_col-sm-6\"><div class=\"vc_column-inner\"><div class=\"wpb_wrapper\">\n\t<div  class=\"wpb_single_image wpb_content_element vc_align_left wpb_content_element\">\n\t\t\n\t\t<figure class=\"wpb_wrapper vc_figure\">\n\t\t\t<div class=\"vc_single_image-wrapper   vc_box_border_grey\"><img decoding=\"async\" class=\"vc_single_image-img\" src=\"https:\/\/www.dhondt-insurance.com\/wp-content\/uploads\/2022\/09\/laadpalen-600x400.png\" width=\"600\" height=\"400\" alt=\"laadpalen\" title=\"laadpalen\" loading=\"lazy\" \/><\/div>\n\t\t<\/figure>\n\t<\/div>\n<\/div><\/div><\/div><div class=\"wpb_column vc_column_container vc_col-sm-6\"><div class=\"vc_column-inner\"><div class=\"wpb_wrapper\"><div style=\"background-color:;height: 30px\" class=\"nicdark_section\"><\/div> <p style=\"color:#2d2d2d;padding:px;text-align:;font-size:20px;line-height:50px;letter-spacing: px;font-weight:normal\" class=\"\">Notre parc automobile deviendra de plus en plus \u00e9cologique dans les ann\u00e9es \u00e0 venir. \u00c0 partir de 2026, seules les voitures de soci\u00e9t\u00e9 vertes pourront b\u00e9n\u00e9ficier d'un r\u00e9gime fiscal favorable.<\/p> <\/div><\/div><\/div><\/div><div class=\"vc_row wpb_row vc_inner vc_row-fluid\"><div class=\"wpb_column vc_column_container vc_col-sm-6\"><div class=\"vc_column-inner\"><div class=\"wpb_wrapper\"><div style=\"background-color:;height: 50px\" class=\"nicdark_section\"><\/div>\n\t<div class=\"wpb_text_column wpb_content_element\" >\n\t\t<div class=\"wpb_wrapper\">\n\t\t\t<p>En Flandre, toutes les nouvelles voitures devront \u00eatre \u00e9lectriques \u00e0 partir de 2029. En raison de la forte progression des voitures vertes, de plus en plus d'entreprises\/de personnes souhaitent installer une station de recharge.<\/p>\n\n\t\t<\/div>\n\t<\/div>\n<div style=\"background-color:;height: 50px\" class=\"nicdark_section\"><\/div> <p style=\"color:#00599e;padding:px;text-align:;font-size:16px;line-height:px;letter-spacing: px;font-weight:bold\" class=\"\">Devez-vous informer votre courtier que vous avez install\u00e9 une borne de recharge ?<\/p> <div style=\"background-color:;height: 50px\" class=\"nicdark_section\"><\/div>\n\t<div class=\"wpb_text_column wpb_content_element\" >\n\t\t<div class=\"wpb_wrapper\">\n\t\t\t<p>Tous les assureurs ne l'exigent pas, mais il est conseill\u00e9 de faire savoir \u00e0 votre assureur qu'une borne de recharge a \u00e9t\u00e9 install\u00e9e. En tant qu'assur\u00e9, d'ailleurs, vous faites toujours bien de d\u00e9clarer les changements structurels. Il est important que le courtier\/assureur soit au courant et que vous ne soyez pas sous-assur\u00e9.<\/p>\n\n\t\t<\/div>\n\t<\/div>\n<div style=\"background-color:;height: 50px\" class=\"nicdark_section\"><\/div> <p style=\"color:#00599e;padding:px;text-align:;font-size:16px;line-height:px;letter-spacing: px;font-weight:bold\" class=\"\">Une voiture \u00e9lectrique ou une borne de recharge rend-elle votre assurance incendie plus ch\u00e8re ?<\/p> <div style=\"background-color:;height: 50px\" class=\"nicdark_section\"><\/div>\n\t<div class=\"wpb_text_column wpb_content_element\" >\n\t\t<div class=\"wpb_wrapper\">\n\t\t\t<p>Non. Actuellement, l'achat d'une voiture \u00e9lectrique ou l'installation d'une borne de recharge n'augmente pas votre prime d'assurance incendie. Cependant, il est vrai que le march\u00e9 des voitures \u00e9lectriques et des bornes de recharge est en pleine \u00e9volution. Par cons\u00e9quent, il est \u00e9vident que beaucoup de choses peuvent encore changer \u00e0 ce sujet. Mais la situation actuelle est que votre prime ne deviendra pas plus ch\u00e8re.<\/p>\n\n\t\t<\/div>\n\t<\/div>\n<div style=\"background-color:;height: 50px\" class=\"nicdark_section\"><\/div> <p style=\"color:#00599e;padding:px;text-align:;font-size:16px;line-height:px;letter-spacing: px;font-weight:bold\" class=\"\">Qu'est-ce qui est couvert ?<\/p> <div style=\"background-color:;height: 50px\" class=\"nicdark_section\"><\/div>\n\t<div class=\"wpb_text_column wpb_content_element\" >\n\t\t<div class=\"wpb_wrapper\">\n\t\t\t<p>Si la station de charge subit des dommages dus \u00e0 un incendie ou \u00e0 une inondation, les dommages subis par la station de charge sont couverts.  Si l'incendie se produit pendant le chargement d'une voiture \u00e9lectrique, il est \u00e9galement couvert par l'assurance incendie du b\u00e2timent. Toutefois, il se peut que l'incendie ait \u00e9t\u00e9 caus\u00e9 par un v\u00e9hicule tiers. Dans ce cas, les dommages peuvent \u00eatre r\u00e9cup\u00e9r\u00e9s aupr\u00e8s de l'assurance automobile de l'autre partie.<\/p>\n\n\t\t<\/div>\n\t<\/div>\n<div style=\"background-color:;height: 50px\" class=\"nicdark_section\"><\/div><\/div><\/div><\/div><div class=\"wpb_column vc_column_container vc_col-sm-6\"><div class=\"vc_column-inner\"><div class=\"wpb_wrapper\"><div style=\"background-color:;height: 50px\" class=\"nicdark_section\"><\/div>\n\t<div class=\"wpb_text_column wpb_content_element\" >\n\t\t<div class=\"wpb_wrapper\">\n\t\t\t<p>Il est important de noter qu'une panne ou un dysfonctionnement de la borne de recharge, d\u00fb par exemple \u00e0 un d\u00e9faut de fabrication, n'est pas couvert par la police incendie. Si le poteau de charge est \u00e0 l'origine de l'incendie, il n'est pas couvert. Les dommages caus\u00e9s \u00e0 la station de recharge ne sont donc pas des dommages indirects, puisque c'est l'appareil lui-m\u00eame qui a caus\u00e9 les dommages. Dans ce cas, vous pourrez peut-\u00eatre compter sur l'assurance protection juridique pour r\u00e9cup\u00e9rer les dommages aupr\u00e8s du fabricant de la station de recharge.  Les dommages caus\u00e9s au b\u00e2timent\/\u00e0 la maison sont alors couverts et peuvent \u00eatre r\u00e9cup\u00e9r\u00e9s aupr\u00e8s du fabricant par la suite.<\/p>\n\n\t\t<\/div>\n\t<\/div>\n<div style=\"background-color:;height: 50px\" class=\"nicdark_section\"><\/div> <p style=\"color:#00599e;padding:px;text-align:;font-size:16px;line-height:px;letter-spacing: px;font-weight:bold\" class=\"\">Quelle compagnie d'assurance intervient si un incendie se produit lorsque vous chargez votre voiture \u00e9lectrique dans le garage d'un immeuble d'habitation ?<\/p> <div style=\"background-color:;height: 50px\" class=\"nicdark_section\"><\/div>\n\t<div class=\"wpb_text_column wpb_content_element\" >\n\t\t<div class=\"wpb_wrapper\">\n\t\t\t<p>Dans ce cas, les dommages caus\u00e9s par l'incendie sont couverts par la police d'assurance de l'immeuble d'habitation. Toutefois, il peut \u00eatre possible d'identifier un tiers responsable apr\u00e8s coup, par exemple le fabricant de la voiture ou de la station de recharge. L'assureur contre l'incendie peut essayer de leur demander r\u00e9paration. Pour les victimes, cela ne changera rien, elles seront indemnis\u00e9es directement par l'assurance habitation.\n\nAvez-vous encore des questions sur ce sujet ? N'h\u00e9sitez pas \u00e0 nous contacter.<\/p>\n<p>Zit u nog met vragen omtrent dit topic. Aarzel niet om ons te contacteren.<\/p>\n\n\t\t<\/div>\n\t<\/div>\n<div style=\"background-color:;height: 50px\" class=\"nicdark_section\"><\/div><\/div><\/div><\/div><\/div><div class=\"vc_row wpb_row vc_inner vc_row-fluid\"><div class=\"wpb_column vc_column_container vc_col-sm-12 vc_col-has-fill\"><div class=\"vc_column-inner vc_custom_1656864794230\"><div class=\"wpb_wrapper\"> <p style=\"color:#ffffff;padding:35px;text-align:center;font-size:35px;line-height:50px;letter-spacing: px;font-weight:normal\" class=\"\">D\u00e9couvrez notre assurance incendie<\/p> \n\t<div class=\"wpb_text_column wpb_content_element vc_custom_1664544049068\" >\n\t\t<div class=\"wpb_wrapper\">\n\t\t\t<p style=\"text-align: center;\"><span style=\"color: #ffffff;\"> Vous n'\u00eates pas s\u00fbr que votre assurance incendie soit suffisante ? Pas d'inqui\u00e9tude, nous serons heureux de l'analyser pour vous.<\/span><\/p>\n\n\t\t<\/div>\n\t<\/div>\n<div style=\"background-color:;height: 20px\" class=\"nicdark_section\"><\/div>\n\t<div class=\"nd_options_section nd_options_text_align_center\">\n\t<a style=\"border: px solid;border-radius:px;letter-spacing:px;line-height:px;font-size:px;background-color:#ffffff;padding:10px 20px;margin:;color:#00599e\" rel=\"\" href=\"mailto:sales@dhondt-insurance.com\" class=\"nicdark_display_inline_block  nd_options_font_weight_normal\">&gt; Nous contacter<\/a>\n\t<\/div>\n<div style=\"background-color:;height: 50px\" class=\"nicdark_section\"><\/div><\/div><\/div><\/div><\/div><div class=\"vc_row wpb_row vc_inner vc_row-fluid vc_custom_1569482474546\"><div class=\"wpb_column vc_column_container vc_col-sm-6\"><div class=\"vc_column-inner\"><div class=\"wpb_wrapper\"><div style=\"background-color:#ffffff;height: 50px\" class=\"nicdark_section\"><\/div><\/div><\/div><\/div><div class=\"wpb_column vc_column_container vc_col-sm-6\"><div class=\"vc_column-inner\"><div class=\"wpb_wrapper\"><div style=\"background-color:#ffffff;height: 50px\" class=\"nicdark_section\"><\/div><\/div><\/div><\/div><\/div><\/div><\/div><\/div><\/div>\n<\/div>","protected":false},"excerpt":{"rendered":"&gt; WORDT UW BRANDVERZEKERING DUURDER ALS U EEN LAADPAAL INSTALLEERT? Ons wagenpark wordt de komende jaren groener en groener. Vanaf 2026 kunnen alleen nog groene bedrijfswagens genieten van een gunstig fiscaal regime. In Vlaanderen moeten alle nieuwe auto\u2019s vanaf 2029 elektrisch zijn. Door de steile opmars van groene wagens, willen meer en meer bedrijven \/ [...]","protected":false},"author":1,"featured_media":0,"parent":0,"menu_order":0,"comment_status":"closed","ping_status":"closed","template":"","meta":{"footnotes":""},"class_list":["post-7746","page","type-page","status-publish","hentry"],"_links":{"self":[{"href":"https:\/\/www.dhondt-insurance.com\/fr\/wp-json\/wp\/v2\/pages\/7746","targetHints":{"allow":["GET"]}}],"collection":[{"href":"https:\/\/www.dhondt-insurance.com\/fr\/wp-json\/wp\/v2\/pages"}],"about":[{"href":"https:\/\/www.dhondt-insurance.com\/fr\/wp-json\/wp\/v2\/types\/page"}],"author":[{"embeddable":true,"href":"https:\/\/www.dhondt-insurance.com\/fr\/wp-json\/wp\/v2\/users\/1"}],"replies":[{"embeddable":true,"href":"https:\/\/www.dhondt-insurance.com\/fr\/wp-json\/wp\/v2\/comments?post=7746"}],"version-history":[{"count":0,"href":"https:\/\/www.dhondt-insurance.com\/fr\/wp-json\/wp\/v2\/pages\/7746\/revisions"}],"wp:attachment":[{"href":"https:\/\/www.dhondt-insurance.com\/fr\/wp-json\/wp\/v2\/media?parent=7746"}],"curies":[{"name":"wp","href":"https:\/\/api.w.org\/{rel}","templated":true}]}}