{"id":7581,"date":"2022-07-03T15:54:07","date_gmt":"2022-07-03T15:54:07","guid":{"rendered":"https:\/\/www.dhondt-insurance.com\/?page_id=7581"},"modified":"2022-07-04T14:45:13","modified_gmt":"2022-07-04T14:45:13","slug":"hoe-kan-u-uzelf-en-uw-bedrijf-beschermen","status":"publish","type":"page","link":"https:\/\/www.dhondt-insurance.com\/fr\/hoe-kan-u-uzelf-en-uw-bedrijf-beschermen\/","title":{"rendered":"Hoe kan u uzelf en uw bedrijf beschermen?"},"content":{"rendered":"<div class=\"wpb-content-wrapper\"><div class=\"vc_row wpb_row vc_row-fluid wpb_animate_when_almost_visible wpb_fadeIn fadeIn\"><div class=\"wpb_column vc_column_container vc_col-sm-12\"><div class=\"vc_column-inner\"><div class=\"wpb_wrapper\"><div class=\"vc_empty_space\"   style=\"height: 32px\"><span class=\"vc_empty_space_inner\"><\/span><\/div><div class=\"vc_row wpb_row vc_inner vc_row-fluid vc_custom_1569482474546\"><div class=\"wpb_column vc_column_container vc_col-sm-6\"><div class=\"vc_column-inner\"><div class=\"wpb_wrapper\"> <h3 style=\"color:#00599e;padding:px;text-align:;font-size:px;line-height:40px;letter-spacing: 4px;font-weight:bold\" class=\"nd_options_second_font\">&gt; COMMENT SE PROT\u00c9GER EN TANT QUE PATRON ? <\/h3> <div style=\"background-color:;height: 50px\" class=\"nicdark_section\"><\/div><\/div><\/div><\/div><div class=\"wpb_column vc_column_container vc_col-sm-6\"><div class=\"vc_column-inner\"><div class=\"wpb_wrapper\"><\/div><\/div><\/div><\/div><div style=\"background-color:;height: 25px\" class=\"nicdark_section\"><\/div><div class=\"vc_row wpb_row vc_inner vc_row-fluid\"><div class=\"wpb_column vc_column_container vc_col-sm-6\"><div class=\"vc_column-inner\"><div class=\"wpb_wrapper\">\n\t<div  class=\"wpb_single_image wpb_content_element vc_align_left wpb_content_element\">\n\t\t\n\t\t<figure class=\"wpb_wrapper vc_figure\">\n\t\t\t<div class=\"vc_single_image-wrapper   vc_box_border_grey\"><img decoding=\"async\" class=\"vc_single_image-img\" src=\"https:\/\/www.dhondt-insurance.com\/wp-content\/uploads\/2022\/07\/bestuurders_aansprakelijkheid_resized-600x400.png\" width=\"600\" height=\"400\" alt=\"bestuurders_aansprakelijkheid_resized\" title=\"bestuurders_aansprakelijkheid_resized\" loading=\"lazy\" \/><\/div>\n\t\t<\/figure>\n\t<\/div>\n<\/div><\/div><\/div><div class=\"wpb_column vc_column_container vc_col-sm-6\"><div class=\"vc_column-inner\"><div class=\"wpb_wrapper\"><div style=\"background-color:;height: 30px\" class=\"nicdark_section\"><\/div> <p style=\"color:#2d2d2d;padding:px;text-align:;font-size:20px;line-height:50px;letter-spacing: px;font-weight:normal\" class=\"\">La direction d'une entreprise n'est jamais totalement exempte de risques. En tant que dirigeant, vous courez de nombreux risques dont vous pouvez \u00eatre tenu personnellement responsable. Comment pouvez-vous vous prot\u00e9ger contre cela ? L'assurance D&amp;O, ou assurance responsabilit\u00e9 civile des administrateurs et des dirigeants, est la solution id\u00e9ale.<\/p> <\/div><\/div><\/div><\/div><div class=\"vc_row wpb_row vc_inner vc_row-fluid\"><div class=\"wpb_column vc_column_container vc_col-sm-6\"><div class=\"vc_column-inner\"><div class=\"wpb_wrapper\"><div style=\"background-color:;height: 50px\" class=\"nicdark_section\"><\/div> <p style=\"color:#00599e;padding:px;text-align:;font-size:16px;line-height:px;letter-spacing: px;font-weight:bold\" class=\"\">Qu'est-ce que la responsabilit\u00e9 des administrateurs ?<\/p> <div style=\"background-color:;height: 50px\" class=\"nicdark_section\"><\/div>\n\t<div class=\"wpb_text_column wpb_content_element\" >\n\t\t<div class=\"wpb_wrapper\">\n\t\t\t<p><span style=\"font-weight: 400;\">\u00catre directeur d'une entreprise ou d'une organisation \u00e0 but non lucratif comporte d'importantes responsabilit\u00e9s. Vous effectuez des actions qui engagent l'entreprise. Une erreur ou une omission dans l'exercice de vos fonctions peut avoir des cons\u00e9quences graves et entra\u00eener des dommages. En outre, vous pouvez \u00eatre tenu personnellement de r\u00e9parer ce pr\u00e9judice, ce qui peut mettre en p\u00e9ril votre patrimoine priv\u00e9.<\/span><\/p>\n\n\t\t<\/div>\n\t<\/div>\n<div style=\"background-color:;height: 50px\" class=\"nicdark_section\"><\/div> <p style=\"color:#00599e;padding:px;text-align:;font-size:16px;line-height:px;letter-spacing: px;font-weight:bold\" class=\"\">Quels types d'erreurs pouvez-vous commettre ?<\/p> <div style=\"background-color:;height: 50px\" class=\"nicdark_section\"><\/div>\n\t<div class=\"wpb_text_column wpb_content_element\" >\n\t\t<div class=\"wpb_wrapper\">\n\t\t\t<p><span style=\"color: #00599e;\"><em>Non-respect de la norme du \"bon conducteur\".<\/em><\/span><\/p>\n<p>Si un directeur ne s'acquitte pas de ses fonctions avec soin et cause des dommages en cons\u00e9quence, il peut \u00eatre tenu personnellement responsable. Une telle erreur de gestion ne doit pas n\u00e9cessairement \u00eatre une violation l\u00e9gale, mais se r\u00e9f\u00e8re \u00e9galement aux normes g\u00e9n\u00e9rales de bonne gestion. Il suffit de penser aux dommages caus\u00e9s par le fait de ne pas demander certaines subventions ou d'oublier de contracter les assurances n\u00e9cessaires. Un autre exemple est un accident du travail dans lequel une personne est gravement bless\u00e9e ou m\u00eame tu\u00e9e. Le coronavirus, lui aussi, peut donner lieu \u00e0 des demandes de dommages et int\u00e9r\u00eats. L'entreprise doit prendre les mesures n\u00e9cessaires et obligatoires pour s'adapter \u00e0 la \"nouvelle normalit\u00e9\", avec des r\u00e8gles et une l\u00e9gislation qui \u00e9voluent rapidement. Cela pourrait bien s'accompagner d'erreurs politiques.<\/p>\n\n\t\t<\/div>\n\t<\/div>\n<div style=\"background-color:;height: 15px\" class=\"nicdark_section\"><\/div>\n\t<div class=\"wpb_text_column wpb_content_element\" >\n\t\t<div class=\"wpb_wrapper\">\n\t\t\t<p><span style=\"color: #00599e;\"><em>Erreur grave manifeste menant \u00e0 la faillite<\/em><\/span><\/p>\n<p>Si un administrateur commet une erreur grave qui entra\u00eene ensuite la faillite de la soci\u00e9t\u00e9, il est \u00e9galement personnellement responsable. Les exemples typiques sont le d\u00e9faut de tenue de comptabilit\u00e9 ou la fraude fiscale grave. La responsabilit\u00e9 est g\u00e9n\u00e9ralement engag\u00e9e envers le fiduciaire et les tiers.<\/p>\n\n\t\t<\/div>\n\t<\/div>\n<div style=\"background-color:;height: 15px\" class=\"nicdark_section\"><\/div>\n\t<div class=\"wpb_text_column wpb_content_element\" >\n\t\t<div class=\"wpb_wrapper\">\n\t\t\t<p><span style=\"color: #00599e;\"><em>Violation des statuts ou du WVV<\/em><\/span><\/p>\n<p>En outre, des infractions peuvent \u00e9galement \u00eatre commises contre des dispositions l\u00e9gales, par exemple contre les statuts de l'entreprise ou contre la loi sur les soci\u00e9t\u00e9s et les associations (WVV). Ces infractions peuvent \u00eatre commises contre l'entreprise, mais aussi contre des tiers. Agir en dehors de l'objet statutaire, ne pas d\u00e9poser les comptes annuels ou les d\u00e9poser tardivement, sont les infractions les plus courantes.<\/p>\n\n\t\t<\/div>\n\t<\/div>\n<div style=\"background-color:;height: 50px\" class=\"nicdark_section\"><\/div><\/div><\/div><\/div><div class=\"wpb_column vc_column_container vc_col-sm-6\"><div class=\"vc_column-inner\"><div class=\"wpb_wrapper\"><div style=\"background-color:;height: 50px\" class=\"nicdark_section\"><\/div>\n\t<div class=\"wpb_text_column wpb_content_element\" >\n\t\t<div class=\"wpb_wrapper\">\n\t\t\t<p><span style=\"color: #00599e;\"><em>Wrongful trading<\/em><\/span><\/p>\n<p>Tenter de naviguer sur un bateau qui est en train de couler peut \u00e9galement entra\u00eener une responsabilit\u00e9 personnelle. Lire : la poursuite d\u00e9sesp\u00e9r\u00e9e d'une activit\u00e9 perdue, l'accumulation des pertes, de surcro\u00eet sans plan ni mesures de redressement.<\/p>\n\n\t\t<\/div>\n\t<\/div>\n<div style=\"background-color:;height: 50px\" class=\"nicdark_section\"><\/div> <p style=\"color:#00599e;padding:px;text-align:;font-size:16px;line-height:px;letter-spacing: px;font-weight:bold\" class=\"\">Comment pouvez-vous vous prot\u00e9ger ?<\/p> <div style=\"background-color:;height: 50px\" class=\"nicdark_section\"><\/div>\n\t<div class=\"wpb_text_column wpb_content_element\" >\n\t\t<div class=\"wpb_wrapper\">\n\t\t\t<p class=\"text--18\">Le moyen le plus efficace de se prot\u00e9ger contre la responsabilit\u00e9 des administrateurs est de disposer d'un syst\u00e8me de gestion de l'information. <b>Assurance D&amp;O<\/b>, cela prot\u00e8ge vos biens priv\u00e9s. En outre, dans les limites d'une telle assurance, il existe g\u00e9n\u00e9ralement aussi une couverture pour la d\u00e9fense (p\u00e9nale) contre les demandes d'indemnisation.<\/p>\n\n\t\t<\/div>\n\t<\/div>\n<div style=\"background-color:;height: 15px\" class=\"nicdark_section\"><\/div>\n\t<div class=\"wpb_text_column wpb_content_element\" >\n\t\t<div class=\"wpb_wrapper\">\n\t\t\t<p class=\"text--18\">Le preneur d'assurance est la soci\u00e9t\u00e9 dont quelqu'un est administrateur, mais les assur\u00e9s sont toujours les administrateurs eux-m\u00eames. Il peut s'agir de personnes physiques, anciens ou futurs administrateurs, mais aussi d'une personne morale sous la forme d'une soci\u00e9t\u00e9 de gestion.<\/p>\n\n\t\t<\/div>\n\t<\/div>\n<div style=\"background-color:;height: 15px\" class=\"nicdark_section\"><\/div>\n\t<div class=\"wpb_text_column wpb_content_element\" >\n\t\t<div class=\"wpb_wrapper\">\n\t\t\t<p>Toutefois, l'assurance ne peut \u00eatre souscrite aupr\u00e8s de cette soci\u00e9t\u00e9 de gestion. L'assurance D&amp;O prot\u00e8ge toujours le patrimoine priv\u00e9 des administrateurs. Il s'agit des erreurs commises au sein du bureau du directeur, ind\u00e9pendamment de toute activit\u00e9 commerciale. Dans le cadre des garanties de l'exploitation de la BA, on assure les dommages extra-contractuels caus\u00e9s aux tiers du fait de l'ex\u00e9cution des activit\u00e9s commerciales. L'assurance responsabilit\u00e9 civile professionnelle couvre \u00e9galement les risques de dommages contractuels r\u00e9sultant de l'exercice de l'activit\u00e9 professionnelle. Une diff\u00e9rence importante.<\/p>\n\n\t\t<\/div>\n\t<\/div>\n<div style=\"background-color:;height: 15px\" class=\"nicdark_section\"><\/div>\n\t<div class=\"wpb_text_column wpb_content_element\" >\n\t\t<div class=\"wpb_wrapper\">\n\t\t\t<p>Source: Vandelanotte<\/p>\n\n\t\t<\/div>\n\t<\/div>\n<\/div><\/div><\/div><\/div><div class=\"vc_row wpb_row vc_inner vc_row-fluid\"><div class=\"wpb_column vc_column_container vc_col-sm-12 vc_col-has-fill\"><div class=\"vc_column-inner vc_custom_1656864794230\"><div class=\"wpb_wrapper\"> <p style=\"color:#ffffff;padding:35px;text-align:center;font-size:35px;line-height:50px;letter-spacing: px;font-weight:normal\" class=\"\">Vous souhaitez en savoir plus sur notre assurance responsabilit\u00e9 civile ?<\/p> \n\t<div class=\"wpb_text_column wpb_content_element vc_custom_1656865086532\" >\n\t\t<div class=\"wpb_wrapper\">\n\t\t\t<p style=\"text-align: center;\"><span style=\"color: #ffffff;\">Contactez-nous et l'un de nos courtiers vous conseillera sur l'assurance de votre entreprise. <\/span><\/p>\n\n\t\t<\/div>\n\t<\/div>\n<div style=\"background-color:;height: 20px\" class=\"nicdark_section\"><\/div>\n\t<div class=\"nd_options_section nd_options_text_align_center\">\n\t<a style=\"border: px solid;border-radius:px;letter-spacing:px;line-height:px;font-size:px;background-color:#ffffff;padding:10px 20px;margin:;color:#00599e\" rel=\"\" href=\"mailto:sales@dhondt-insurance.com\" class=\"nicdark_display_inline_block  nd_options_font_weight_normal\">&gt; Nous contacter<\/a>\n\t<\/div>\n<div style=\"background-color:;height: 50px\" class=\"nicdark_section\"><\/div><\/div><\/div><\/div><\/div><div class=\"vc_row wpb_row vc_inner vc_row-fluid vc_custom_1569482474546\"><div class=\"wpb_column vc_column_container vc_col-sm-6\"><div class=\"vc_column-inner\"><div class=\"wpb_wrapper\"><div style=\"background-color:#ffffff;height: 50px\" class=\"nicdark_section\"><\/div><\/div><\/div><\/div><div class=\"wpb_column vc_column_container vc_col-sm-6\"><div class=\"vc_column-inner\"><div class=\"wpb_wrapper\"><div style=\"background-color:#ffffff;height: 50px\" class=\"nicdark_section\"><\/div><\/div><\/div><\/div><\/div><\/div><\/div><\/div><\/div>\n<\/div>","protected":false},"excerpt":{"rendered":"&gt; HOE KAN U ZICHZELF ALS BESTUURDER BESCHERMEN? Een onderneming runnen is nooit volledig zonder risico. Als bedrijfsleider loopt u heel wat risico\u2019s waar u persoonlijk aansprakelijk voor kan gesteld worden. Hoe kan u uzelf daartegen beschermen? Een D&amp;O of bestuurdersaansprakelijkheidsverzekering is de perfecte oplossing. Wat is bestuurdersaansprakelijkheid? Bestuurder zijn van een vennootschap of vzw [...]","protected":false},"author":1,"featured_media":0,"parent":0,"menu_order":0,"comment_status":"closed","ping_status":"closed","template":"","meta":{"footnotes":""},"class_list":["post-7581","page","type-page","status-publish","hentry"],"_links":{"self":[{"href":"https:\/\/www.dhondt-insurance.com\/fr\/wp-json\/wp\/v2\/pages\/7581","targetHints":{"allow":["GET"]}}],"collection":[{"href":"https:\/\/www.dhondt-insurance.com\/fr\/wp-json\/wp\/v2\/pages"}],"about":[{"href":"https:\/\/www.dhondt-insurance.com\/fr\/wp-json\/wp\/v2\/types\/page"}],"author":[{"embeddable":true,"href":"https:\/\/www.dhondt-insurance.com\/fr\/wp-json\/wp\/v2\/users\/1"}],"replies":[{"embeddable":true,"href":"https:\/\/www.dhondt-insurance.com\/fr\/wp-json\/wp\/v2\/comments?post=7581"}],"version-history":[{"count":0,"href":"https:\/\/www.dhondt-insurance.com\/fr\/wp-json\/wp\/v2\/pages\/7581\/revisions"}],"wp:attachment":[{"href":"https:\/\/www.dhondt-insurance.com\/fr\/wp-json\/wp\/v2\/media?parent=7581"}],"curies":[{"name":"wp","href":"https:\/\/api.w.org\/{rel}","templated":true}]}}