{"id":7569,"date":"2022-07-03T15:23:17","date_gmt":"2022-07-03T15:23:17","guid":{"rendered":"https:\/\/www.dhondt-insurance.com\/?page_id=7569"},"modified":"2022-07-07T09:16:38","modified_gmt":"2022-07-07T09:16:38","slug":"tips-voor-diefstalpreventie","status":"publish","type":"page","link":"https:\/\/www.dhondt-insurance.com\/fr\/tips-voor-diefstalpreventie\/","title":{"rendered":"Tips voor diefstalpreventie"},"content":{"rendered":"<div class=\"wpb-content-wrapper\"><div class=\"vc_row wpb_row vc_row-fluid wpb_animate_when_almost_visible wpb_fadeIn fadeIn\"><div class=\"wpb_column vc_column_container vc_col-sm-12\"><div class=\"vc_column-inner\"><div class=\"wpb_wrapper\"><div class=\"vc_empty_space\"   style=\"height: 32px\"><span class=\"vc_empty_space_inner\"><\/span><\/div><div class=\"vc_row wpb_row vc_inner vc_row-fluid vc_custom_1569482474546\"><div class=\"wpb_column vc_column_container vc_col-sm-6 vc_hidden-xs\"><div class=\"vc_column-inner\"><div class=\"wpb_wrapper\"> <h3 style=\"color:#00599e;padding:px;text-align:;font-size:px;line-height:40px;letter-spacing: 4px;font-weight:bold\" class=\"nd_options_second_font\">&gt; COMMENT R\u00c9DUIRE LES RISQUES DE CAMBRIOLAGE<\/h3> <div style=\"background-color:;height: 50px\" class=\"nicdark_section\"><\/div><\/div><\/div><\/div><div class=\"wpb_column vc_column_container vc_col-sm-6 vc_hidden-xs\"><div class=\"vc_column-inner\"><div class=\"wpb_wrapper\"><\/div><\/div><\/div><\/div><div class=\"vc_row wpb_row vc_inner vc_row-fluid vc_custom_1569482474546\"><div class=\"wpb_column vc_column_container vc_col-sm-6 vc_hidden-lg vc_hidden-md vc_hidden-sm\"><div class=\"vc_column-inner\"><div class=\"wpb_wrapper\"> <h3 style=\"color:#00599e;padding:px;text-align:;font-size:px;line-height:40px;letter-spacing: 4px;font-weight:bold\" class=\"nd_options_second_font\">&gt; COMMENT R\u00c9DUIRE LES RISQUES DE CAMBRIOLAGE<\/h3> <div style=\"background-color:;height: 50px\" class=\"nicdark_section\"><\/div><\/div><\/div><\/div><div class=\"wpb_column vc_column_container vc_col-sm-6 vc_hidden-lg vc_hidden-md vc_hidden-sm\"><div class=\"vc_column-inner\"><div class=\"wpb_wrapper\"><\/div><\/div><\/div><\/div><div style=\"background-color:;height: 25px\" class=\"nicdark_section\"><\/div><div class=\"vc_row wpb_row vc_inner vc_row-fluid\"><div class=\"wpb_column vc_column_container vc_col-sm-6\"><div class=\"vc_column-inner\"><div class=\"wpb_wrapper\">\n\t<div  class=\"wpb_single_image wpb_content_element vc_align_left wpb_content_element\">\n\t\t\n\t\t<figure class=\"wpb_wrapper vc_figure\">\n\t\t\t<div class=\"vc_single_image-wrapper   vc_box_border_grey\"><img decoding=\"async\" class=\"vc_single_image-img\" src=\"https:\/\/www.dhondt-insurance.com\/wp-content\/uploads\/2022\/07\/diefstal_resized-600x400.png\" width=\"600\" height=\"400\" alt=\"diefstal_resized\" title=\"diefstal_resized\" loading=\"lazy\" \/><\/div>\n\t\t<\/figure>\n\t<\/div>\n<\/div><\/div><\/div><div class=\"wpb_column vc_column_container vc_col-sm-6\"><div class=\"vc_column-inner\"><div class=\"wpb_wrapper\"><div style=\"background-color:;height: 50px\" class=\"nicdark_section\"><\/div> <p style=\"color:#2d2d2d;padding:px;text-align:;font-size:20px;line-height:50px;letter-spacing: px;font-weight:normal\" class=\"\">Avec quelques mesures pr\u00e9ventives simples, vous pouvez rendre l'acc\u00e8s \u00e0 votre domicile beaucoup plus difficile pour les cambrioleurs. Partez en vacances l'esprit tranquille gr\u00e2ce \u00e0 nos conseils.\nAvec quelques mesures pr\u00e9ventives simples, vous pouvez rendre l'acc\u00e8s \u00e0 votre domicile beaucoup plus difficile pour les cambrioleurs. Partez en vacances l'esprit tranquille gr\u00e2ce \u00e0 nos conseils.<\/p> <\/div><\/div><\/div><\/div><div class=\"vc_row wpb_row vc_inner vc_row-fluid\"><div class=\"wpb_column vc_column_container vc_col-sm-6\"><div class=\"vc_column-inner\"><div class=\"wpb_wrapper\"><div style=\"background-color:;height: 50px\" class=\"nicdark_section\"><\/div> <p style=\"color:#00599e;padding:px;text-align:;font-size:16px;line-height:px;letter-spacing: px;font-weight:bold\" class=\"\">Conseil 1 : ne montrez pas que vous n'\u00eates pas chez vous.<\/p> <div style=\"background-color:;height: 50px\" class=\"nicdark_section\"><\/div>\n\t<div class=\"wpb_text_column wpb_content_element\" >\n\t\t<div class=\"wpb_wrapper\">\n\t\t\t<p><span style=\"font-weight: 400;\"><strong>Faites appel \u00e0 votre famille et \u00e0 vos amis<\/strong> pour faire dispara\u00eetre les signes d'absence les plus visibles. Par exemple : vider la bo\u00eete aux lettres, ouvrir et fermer r\u00e9guli\u00e8rement les volets roulants et tondre la pelouse lorsque vous vous absentez pour une longue p\u00e9riode. En outre, vous pouvez utiliser une minuterie pour \u00e9clairer certaines chambres \u00e0 des moments al\u00e9atoires. Il est pr\u00e9f\u00e9rable de mettre vos plus beaux photo's de vacances sur les m\u00e9dias sociaux apr\u00e8s votre voyage.<\/span><\/p>\n\n\t\t<\/div>\n\t<\/div>\n<div style=\"background-color:;height: 50px\" class=\"nicdark_section\"><\/div> <p style=\"color:#00599e;padding:px;text-align:;font-size:16px;line-height:px;letter-spacing: px;font-weight:bold\" class=\"\">Conseil 2 : des \u00e9tiquettes int\u00e9ressantes sur les syst\u00e8mes d'alarme.<\/p> <div style=\"background-color:;height: 50px\" class=\"nicdark_section\"><\/div>\n\t<div class=\"wpb_text_column wpb_content_element\" >\n\t\t<div class=\"wpb_wrapper\">\n\t\t\t<p><b>Le label I3<\/b><\/p>\n<p>Selon les informations de la police, <strong>85 % des voleurs interrompent leur tentative de cambriolage s'ils ne parviennent pas \u00e0 entrer au bout de trois minutes.<\/strong> Le label I3 est attribu\u00e9 aux \u00e9l\u00e9ments de fa\u00e7ade tels que les fen\u00eatres, les portes et les serrures qui pr\u00e9sentent une bonne r\u00e9sistance aux effractions. Le label I3 garantit une r\u00e9sistance de trois minutes. Assez pour d\u00e9courager les voleurs dans leur tentative. Vous pouvez choisir entre une s\u00e9curit\u00e9 p\u00e9rim\u00e9trique, o\u00f9 les portes et\/ou les fen\u00eatres sont \u00e9quip\u00e9es de d\u00e9tecteurs, et une s\u00e9curit\u00e9 volum\u00e9trique, o\u00f9 chaque mouvement dans une chambre est d\u00e9tect\u00e9.<\/p>\n\n\t\t<\/div>\n\t<\/div>\n<div style=\"background-color:;height: 15px\" class=\"nicdark_section\"><\/div>\n\t<div class=\"wpb_text_column wpb_content_element\" >\n\t\t<div class=\"wpb_wrapper\">\n\t\t\t<p>Les cambrioleurs sont surpris par le syst\u00e8me gr\u00e2ce \u00e0 une sir\u00e8ne qui se d\u00e9clenche \u00e0 l'int\u00e9rieur et \u00e0 l'ext\u00e9rieur. Un signal externe peut \u00e9galement \u00eatre envoy\u00e9 \u00e0 une station centrale de surveillance.<\/p>\n\n\t\t<\/div>\n\t<\/div>\n<div style=\"background-color:;height: 15px\" class=\"nicdark_section\"><\/div>\n\t<div class=\"wpb_text_column wpb_content_element\" >\n\t\t<div class=\"wpb_wrapper\">\n\t\t\t<p><b>Le label INCERT<\/b><\/p>\n<p>Tous les syst\u00e8mes d'alarme doivent r\u00e9pondre \u00e0 certains crit\u00e8res l\u00e9gaux.<\/p>\n\n\t\t<\/div>\n\t<\/div>\n<div style=\"background-color:;height: 15px\" class=\"nicdark_section\"><\/div>\n\t<div class=\"wpb_text_column wpb_content_element\" >\n\t\t<div class=\"wpb_wrapper\">\n\t\t\t<p>Les syst\u00e8mes d'alarme portant le label INCERT font l'objet d'une amende encore plus stricte que les normes l\u00e9gales. <strong>Un syst\u00e8me d'alarme doit \u00eatre signal\u00e9 au chef de la police dans les cinq jours.<\/strong> Un contrat de maintenance avec une soci\u00e9t\u00e9 de s\u00e9curit\u00e9 est \u00e9galement une n\u00e9cessit\u00e9.<\/p>\n\n\t\t<\/div>\n\t<\/div>\n<div style=\"background-color:;height: 50px\" class=\"nicdark_section\"><\/div><\/div><\/div><\/div><div class=\"wpb_column vc_column_container vc_col-sm-6\"><div class=\"vc_column-inner\"><div class=\"wpb_wrapper\"><div style=\"background-color:;height: 50px\" class=\"nicdark_section\"><\/div> <p style=\"color:#00599e;padding:px;text-align:;font-size:16px;line-height:px;letter-spacing: px;font-weight:bold\" class=\"\">Conseil 3 : veillez \u00e0 ne pas aider involontairement le cambrioleur.<\/p> <div style=\"background-color:;height: 50px\" class=\"nicdark_section\"><\/div>\n\t<div class=\"wpb_text_column wpb_content_element\" >\n\t\t<div class=\"wpb_wrapper\">\n\t\t\t<p><span style=\"font-weight: 400;\"><strong>Fermez correctement votre cabane de jardin,<\/strong> du mat\u00e9riel tel qu'une \u00e9chelle ou un marteau est un cadeau pour les cambrioleurs. Veillez \u00e0 ce que les objets de valeur ne soient pas dans des endroits \u00e9vidents, mieux vaut les r\u00e9partir dans diff\u00e9rents endroits. De cette fa\u00e7on, il n'y a pas de jackpot pour les voleurs.\u00a0 Pour les objets de valeur suppl\u00e9mentaires, il est bon de pr\u00e9voir un coffre-fort.<\/span><\/p>\n\n\t\t<\/div>\n\t<\/div>\n<div style=\"background-color:;height: 50px\" class=\"nicdark_section\"><\/div> <p style=\"color:#00599e;padding:px;text-align:;font-size:16px;line-height:px;letter-spacing: px;font-weight:bold\" class=\"\">Conseil 4 : Si vous vous \u00eates fait cambrioler<\/p> <div style=\"background-color:;height: 50px\" class=\"nicdark_section\"><\/div>\n\t<div class=\"wpb_text_column wpb_content_element\" >\n\t\t<div class=\"wpb_wrapper\">\n\t\t\t<p>En cas de vol, vous devez \u00eatre en mesure de prouver qu'il y a eu effraction. Il ne suffit pas de d\u00e9clarer que certains articles ont \u00e9t\u00e9 vol\u00e9s. Vous devez \u00eatre en mesure de prouver que les objets vol\u00e9s vous appartiennent r\u00e9ellement. Vous devez \u00e9galement indiquer la valeur de ces objets le jour du vol.<\/p>\n\n\t\t<\/div>\n\t<\/div>\n<div style=\"background-color:;height: 15px\" class=\"nicdark_section\"><\/div>\n\t<div class=\"wpb_text_column wpb_content_element\" >\n\t\t<div class=\"wpb_wrapper\">\n\t\t\t<p>Il est recommand\u00e9 de<strong>conservez une liste de vos objets de valeur.<\/strong> Indiquez la marque, le type, la date d'achat, la valeur.<\/p>\n\n\t\t<\/div>\n\t<\/div>\n<div style=\"background-color:;height: 15px\" class=\"nicdark_section\"><\/div>\n\t<div class=\"wpb_text_column wpb_content_element\" >\n\t\t<div class=\"wpb_wrapper\">\n\t\t\t<p>Egalement un dossier avec les factures d'achat, les certificats de garantie, les photos d'authenticit\u00e9, un acte notari\u00e9 avec l'inventaire des objets h\u00e9rit\u00e9s... Cela \u00e9vite beaucoup de stress et de tracas lors de la d\u00e9claration.<\/p>\n\n\t\t<\/div>\n\t<\/div>\n<div style=\"background-color:;height: 15px\" class=\"nicdark_section\"><\/div>\n\t<div class=\"wpb_text_column wpb_content_element\" >\n\t\t<div class=\"wpb_wrapper\">\n\t\t\t<p><strong>Informez votre courtier d'assurance d\u00e8s que possible.<\/strong> Donnez-leur le re\u00e7u du rapport de police. Envoyez-leur une liste des objets vol\u00e9s, une estimation de leur valeur. Si votre habitation a subi des dommages, comme une serrure fissur\u00e9e, envoyez \u00e9galement une description et une preuve des co\u00fbts. Prenez \u00e9galement des mesures pour \u00e9viter un second cambriolage. Conservez toutes les pi\u00e8ces justificatives !<\/p>\n\n\t\t<\/div>\n\t<\/div>\n<div style=\"background-color:;height: 50px\" class=\"nicdark_section\"><\/div><\/div><\/div><\/div><\/div><div class=\"vc_row wpb_row vc_inner vc_row-fluid\"><div class=\"wpb_column vc_column_container vc_col-sm-6\"><div class=\"vc_column-inner\"><div class=\"wpb_wrapper\"> <p style=\"color:#00599e;padding:px;text-align:;font-size:16px;line-height:px;letter-spacing: px;font-weight:bold\" class=\"\">Conseil 5 : La cl\u00e9 d'une bonne pr\u00e9vention du vol est peut-\u00eatre la cl\u00e9 elle-m\u00eame.<\/p> <div style=\"background-color:;height: 50px\" class=\"nicdark_section\"><\/div>\n\t<div class=\"wpb_text_column wpb_content_element\" >\n\t\t<div class=\"wpb_wrapper\">\n\t\t\t<p><span style=\"font-weight: 400;\">Le paillasson, le bac \u00e0 fleurs et d'autres endroits \u00e9vidents ne sont \u00e9videmment pas de bons endroits pour garder vos cl\u00e9s<strong>o\u00f9 les visiteurs ne peuvent pas les voir.<\/strong> Par exemple, si vous \u00eates travailleur ind\u00e9pendant et que vous avez un cabinet \u00e0 domicile et que, par cons\u00e9quent, de nombreuses personnes diff\u00e9rentes viennent chez vous.<\/span><\/p>\n<p><span style=\"font-weight: 400;\">Ne laissez pas de cl\u00f4tures et de portails ouverts par lesquels les voleurs peuvent p\u00e9n\u00e9trer dans votre propri\u00e9t\u00e9. Verrouillez-les avec un gros cadenas.<\/span><\/p>\n\n\t\t<\/div>\n\t<\/div>\n<div style=\"background-color:;height: 15px\" class=\"nicdark_section\"><\/div>\n\t<div class=\"wpb_text_column wpb_content_element\" >\n\t\t<div class=\"wpb_wrapper\">\n\t\t\t<p><span style=\"font-weight: 400;\">Source: Besafe &amp; Makelaars in Verzekeringen<\/span><\/p>\n\n\t\t<\/div>\n\t<\/div>\n<div style=\"background-color:#ffffff;height: 50px\" class=\"nicdark_section\"><\/div><\/div><\/div><\/div><div class=\"wpb_column vc_column_container vc_col-sm-6 vc_col-has-fill\"><div class=\"vc_column-inner vc_custom_1637770536227\"><div class=\"wpb_wrapper\"> <p style=\"color:#ffffff;padding:35px;text-align:center;font-size:35px;line-height:50px;letter-spacing: px;font-weight:normal\" class=\"\">Download onze checklist voor diefstalpreventie<\/p> \n\t<div class=\"wpb_text_column wpb_content_element vc_custom_1656862470790\" >\n\t\t<div class=\"wpb_wrapper\">\n\t\t\t<p style=\"text-align: center;\"><span style=\"color: #ffffff;\">Download onze checklist met maatregelen om uw kans op diefstal te verkleinen. <\/span><\/p>\n\n\t\t<\/div>\n\t<\/div>\n<div style=\"background-color:;height: 20px\" class=\"nicdark_section\"><\/div>\n\t<div class=\"nd_options_section nd_options_text_align_center\">\n\t<a style=\"border: px solid;border-radius:px;letter-spacing:px;line-height:px;font-size:px;background-color:#ffffff;padding:10px 20px;margin:;color:#00599e\" rel=\"\" target=\"_blank\" href=\"https:\/\/www.dhondt-insurance.com\/wp-content\/uploads\/2022\/07\/Inbraakpreventie_checklist_def.pdf\" class=\"nicdark_display_inline_block  nd_options_font_weight_normal\">&gt; Download checklist<\/a>\n\t<\/div>\n<div style=\"background-color:;height: 50px\" class=\"nicdark_section\"><\/div><\/div><\/div><\/div><\/div><div class=\"vc_row wpb_row vc_inner vc_row-fluid vc_custom_1569482474546\"><div class=\"wpb_column vc_column_container vc_col-sm-6\"><div class=\"vc_column-inner\"><div class=\"wpb_wrapper\"><div style=\"background-color:#ffffff;height: 50px\" class=\"nicdark_section\"><\/div><\/div><\/div><\/div><div class=\"wpb_column vc_column_container vc_col-sm-6\"><div class=\"vc_column-inner\"><div class=\"wpb_wrapper\"><div style=\"background-color:#ffffff;height: 50px\" class=\"nicdark_section\"><\/div><\/div><\/div><\/div><\/div><\/div><\/div><\/div><\/div>\n<\/div>","protected":false},"excerpt":{"rendered":"&gt; HOE U UW KANSEN OP EEN INBRAAK KAN VERKLEINEN &gt; HOE U UW KANSEN OP EEN INBRAAK KAN VERKLEINEN Met enkele eenvoudige preventiemaatregelen kan u het een pak moeilijker maken voor inbrekers om binnen te dringen in uw woning. Ga met een gerust hart op vakantie met onze tips en download gratis onze checklist! [...]","protected":false},"author":1,"featured_media":0,"parent":0,"menu_order":0,"comment_status":"closed","ping_status":"closed","template":"","meta":{"footnotes":""},"class_list":["post-7569","page","type-page","status-publish","hentry"],"_links":{"self":[{"href":"https:\/\/www.dhondt-insurance.com\/fr\/wp-json\/wp\/v2\/pages\/7569","targetHints":{"allow":["GET"]}}],"collection":[{"href":"https:\/\/www.dhondt-insurance.com\/fr\/wp-json\/wp\/v2\/pages"}],"about":[{"href":"https:\/\/www.dhondt-insurance.com\/fr\/wp-json\/wp\/v2\/types\/page"}],"author":[{"embeddable":true,"href":"https:\/\/www.dhondt-insurance.com\/fr\/wp-json\/wp\/v2\/users\/1"}],"replies":[{"embeddable":true,"href":"https:\/\/www.dhondt-insurance.com\/fr\/wp-json\/wp\/v2\/comments?post=7569"}],"version-history":[{"count":0,"href":"https:\/\/www.dhondt-insurance.com\/fr\/wp-json\/wp\/v2\/pages\/7569\/revisions"}],"wp:attachment":[{"href":"https:\/\/www.dhondt-insurance.com\/fr\/wp-json\/wp\/v2\/media?parent=7569"}],"curies":[{"name":"wp","href":"https:\/\/api.w.org\/{rel}","templated":true}]}}