{"id":6983,"date":"2022-05-17T17:13:17","date_gmt":"2022-05-17T17:13:17","guid":{"rendered":"https:\/\/www.dhondt-insurance.com\/?page_id=6983"},"modified":"2022-05-25T08:20:17","modified_gmt":"2022-05-25T08:20:17","slug":"tips-en-tricks-in-verband-met-uw-cybersecurity-budget","status":"publish","type":"page","link":"https:\/\/www.dhondt-insurance.com\/fr\/tips-en-tricks-in-verband-met-uw-cybersecurity-budget\/","title":{"rendered":"Tips &#038; tricks om uw cybersecurity budget te bepalen"},"content":{"rendered":"<div class=\"wpb-content-wrapper\"><div class=\"vc_row wpb_row vc_row-fluid wpb_animate_when_almost_visible wpb_fadeIn fadeIn\"><div class=\"wpb_column vc_column_container vc_col-sm-12\"><div class=\"vc_column-inner\"><div class=\"wpb_wrapper\"><div class=\"vc_empty_space\"   style=\"height: 32px\"><span class=\"vc_empty_space_inner\"><\/span><\/div><div class=\"vc_row wpb_row vc_inner vc_row-fluid vc_custom_1569482474546\"><div class=\"wpb_column vc_column_container vc_col-sm-6 vc_hidden-xs\"><div class=\"vc_column-inner\"><div class=\"wpb_wrapper\"> <h3 style=\"color:#00599e;padding:px;text-align:;font-size:px;line-height:40px;letter-spacing: 4px;font-weight:bold\" class=\"nd_options_second_font\">&gt; CONSEILS ET ASTUCES POUR D\u00c9TERMINER VOTRE BUDGET DE CYBERS\u00c9CURIT\u00c9<\/h3> <div style=\"background-color:;height: 50px\" class=\"nicdark_section\"><\/div><\/div><\/div><\/div><div class=\"wpb_column vc_column_container vc_col-sm-6 vc_hidden-xs\"><div class=\"vc_column-inner\"><div class=\"wpb_wrapper\"><\/div><\/div><\/div><\/div><div class=\"vc_row wpb_row vc_inner vc_row-fluid vc_custom_1569482474546\"><div class=\"wpb_column vc_column_container vc_col-sm-6 vc_hidden-lg vc_hidden-md vc_hidden-sm\"><div class=\"vc_column-inner\"><div class=\"wpb_wrapper\"> <h3 style=\"color:#00599e;padding:px;text-align:;font-size:px;line-height:40px;letter-spacing: 4px;font-weight:bold\" class=\"nd_options_second_font\">&gt; CONSEILS ET ASTUCES POUR D\u00c9TERMINER VOTRE BUDGET DE CYBERS\u00c9CURIT\u00c9<\/h3> <div style=\"background-color:;height: 50px\" class=\"nicdark_section\"><\/div><\/div><\/div><\/div><div class=\"wpb_column vc_column_container vc_col-sm-6 vc_hidden-lg vc_hidden-md vc_hidden-sm\"><div class=\"vc_column-inner\"><div class=\"wpb_wrapper\"><\/div><\/div><\/div><\/div><div style=\"background-color:;height: 25px\" class=\"nicdark_section\"><\/div><div class=\"vc_row wpb_row vc_inner vc_row-fluid\"><div class=\"wpb_column vc_column_container vc_col-sm-6\"><div class=\"vc_column-inner\"><div class=\"wpb_wrapper\">\n\t<div  class=\"wpb_single_image wpb_content_element vc_align_left wpb_content_element\">\n\t\t\n\t\t<figure class=\"wpb_wrapper vc_figure\">\n\t\t\t<div class=\"vc_single_image-wrapper   vc_box_border_grey\"><img decoding=\"async\" class=\"vc_single_image-img\" src=\"https:\/\/www.dhondt-insurance.com\/wp-content\/uploads\/2022\/05\/cropped-view-of-hacker-sitting-at-table-and-using-2021-09-03-16-50-39-utc-600x400.png\" width=\"600\" height=\"400\" alt=\"cropped-view-of-hacker-sitting-at-table-and-using-2021-09-03-16-50-39-utc\" title=\"cropped-view-of-hacker-sitting-at-table-and-using-2021-09-03-16-50-39-utc\" loading=\"lazy\" \/><\/div>\n\t\t<\/figure>\n\t<\/div>\n<\/div><\/div><\/div><div class=\"wpb_column vc_column_container vc_col-sm-6\"><div class=\"vc_column-inner\"><div class=\"wpb_wrapper\"><div style=\"background-color:;height: 50px\" class=\"nicdark_section\"><\/div> <p style=\"color:#2d2d2d;padding:px;text-align:;font-size:20px;line-height:50px;letter-spacing: px;font-weight:normal\" class=\"\">Comment d\u00e9terminer concr\u00e8tement la part du budget de cybers\u00e9curit\u00e9 de votre entreprise \u00e0 pr\u00e9voir ? Dans cet article, nous vous proposons des conseils et des astuces concernant le budget informatique de votre entreprise.<\/p> <\/div><\/div><\/div><\/div><div class=\"vc_row wpb_row vc_inner vc_row-fluid\"><div class=\"wpb_column vc_column_container vc_col-sm-6\"><div class=\"vc_column-inner\"><div class=\"wpb_wrapper\"><div style=\"background-color:;height: 50px\" class=\"nicdark_section\"><\/div>\n\t<div class=\"wpb_text_column wpb_content_element\" >\n\t\t<div class=\"wpb_wrapper\">\n\t\t\t<p>Le fonctionnement des entreprises d\u00e9pend de plus en plus de la technologie. Parall\u00e8lement, les cybercriminels deviennent de plus en plus sophistiqu\u00e9s dans leurs attaques. Il est donc \u00e9vident que les entreprises devront investir de plus en plus dans leur cybers\u00e9curit\u00e9.<\/p>\n\n\t\t<\/div>\n\t<\/div>\n<div style=\"background-color:;height: 50px\" class=\"nicdark_section\"><\/div>\n\t<div class=\"wpb_text_column wpb_content_element\" >\n\t\t<div class=\"wpb_wrapper\">\n\t\t\t<p>Le prix de la cybers\u00e9curit\u00e9 a \u00e9galement augment\u00e9 ces derni\u00e8res ann\u00e9es. Dans tous les secteurs professionnels, nous sommes plus d\u00e9pendants de la technologie, ce qui signifie plus d'opportunit\u00e9s pour les cybercriminels de voler des donn\u00e9es, de demander une ran\u00e7on pour les syst\u00e8mes et, en g\u00e9n\u00e9ral, de laisser une tra\u00een\u00e9e de destruction pour les entreprises qu'ils attaquent.<\/p>\n\n\t\t<\/div>\n\t<\/div>\n<div style=\"background-color:;height: 50px\" class=\"nicdark_section\"><\/div>\n\t<div class=\"wpb_text_column wpb_content_element\" >\n\t\t<div class=\"wpb_wrapper\">\n\t\t\t<p>Investir beaucoup d'argent dans la cybers\u00e9curit\u00e9 est-il la solution ? Il ne suffit pas d'investir de l'argent dans la question. Il est particuli\u00e8rement important que l'argent soit investi dans l'approche la plus efficace pour votre entreprise. Il est donc essentiel de comprendre les cyber-vuln\u00e9rabilit\u00e9s de votre organisation pour prot\u00e9ger votre entreprise de la meilleure fa\u00e7on possible.<\/p>\n\n\t\t<\/div>\n\t<\/div>\n<div style=\"background-color:;height: 50px\" class=\"nicdark_section\"><\/div> <p style=\"color:#2d2d2d;padding:px;text-align:;font-size:16px;line-height:px;letter-spacing: px;font-weight:bold\" class=\"\">Budget informatique en pourcentage du chiffre d'affaires<\/p> <div style=\"background-color:;height: 50px\" class=\"nicdark_section\"><\/div>\n\t<div class=\"wpb_text_column wpb_content_element\" >\n\t\t<div class=\"wpb_wrapper\">\n\t\t\t<p>Certaines entreprises calculent leur budget informatique en pourcentage du chiffre d'affaires de l'entreprise. Ce budget est souvent influenc\u00e9 par un certain nombre de facteurs tels que le secteur dans lequel se trouve l'entreprise, s'agit-il d'une grande ou d'une petite entreprise ? Les grandes entreprises disposent souvent de budgets informatiques plus importants.<\/p>\n\n\t\t<\/div>\n\t<\/div>\n<div style=\"background-color:;height: 50px\" class=\"nicdark_section\"><\/div>\n\t<div class=\"wpb_text_column wpb_content_element\" >\n\t\t<div class=\"wpb_wrapper\">\n\t\t\t<p>Pour mesurer votre budget informatique, un taux de 4% est recommand\u00e9 quelle que soit votre activit\u00e9. Aucun secteur ou entreprise, quelle que soit sa taille, n'est \u00e0 l'abri d'une cyberattaque ou d'une violation de donn\u00e9es, ni de l'impact financier qu'un cyber\u00e9v\u00e9nement peut avoir.<\/p>\n\n\t\t<\/div>\n\t<\/div>\n<div style=\"background-color:;height: 50px\" class=\"nicdark_section\"><\/div> <p style=\"color:#2d2d2d;padding:px;text-align:;font-size:16px;line-height:px;letter-spacing: px;font-weight:bold\" class=\"\">Sur quels points de travail devez-vous d\u00e9penser votre budget ?<\/p> <div style=\"background-color:;height: 50px\" class=\"nicdark_section\"><\/div>\n\t<div class=\"wpb_text_column wpb_content_element\" >\n\t\t<div class=\"wpb_wrapper\">\n\t\t\t<p>Cette r\u00e9ponse n'est pas la m\u00eame pour toutes les entreprises. Avant de d\u00e9penser de l'argent pour votre cybers\u00e9curit\u00e9, il est crucial de proc\u00e9der \u00e0 une analyse approfondie de vos cyber-vuln\u00e9rabilit\u00e9s. Ce n'est que lorsque vous connaissez les vuln\u00e9rabilit\u00e9s existantes que vous pouvez renforcer vos d\u00e9fenses. Si vous ne proc\u00e9dez pas \u00e0 une analyse minutieuse, vous risquez de d\u00e9penser trop pour les mauvaises \"solutions\".<\/p>\n\n\t\t<\/div>\n\t<\/div>\n<div style=\"background-color:;height: 50px\" class=\"nicdark_section\"><\/div>\n\t<div class=\"wpb_text_column wpb_content_element\" >\n\t\t<div class=\"wpb_wrapper\">\n\t\t\t<p>La formation et la sensibilisation sont aussi importantes que les derni\u00e8res solutions techniques. Apr\u00e8s tout, la plupart des erreurs sont caus\u00e9es par une erreur de personnes et de processus. Votre strat\u00e9gie de cybers\u00e9curit\u00e9 doit donc \u00eatre refl\u00e9t\u00e9e dans vos politiques quotidiennes.<\/p>\n\n\t\t<\/div>\n\t<\/div>\n<div style=\"background-color:;height: 50px\" class=\"nicdark_section\"><\/div><\/div><\/div><\/div><div class=\"wpb_column vc_column_container vc_col-sm-6\"><div class=\"vc_column-inner\"><div class=\"wpb_wrapper\"><div style=\"background-color:;height: 50px\" class=\"nicdark_section\"><\/div> <p style=\"color:#2d2d2d;padding:px;text-align:;font-size:16px;line-height:px;letter-spacing: px;font-weight:bold\" class=\"\">Questions \u00e0 se poser en tant qu'entreprise en ce qui concerne votre cybers\u00e9curit\u00e9<\/p> <div style=\"background-color:;height: 50px\" class=\"nicdark_section\"><\/div>\n\t<div class=\"wpb_text_column wpb_content_element\" >\n\t\t<div class=\"wpb_wrapper\">\n\t\t\t<ul>\n<li>Quels sont nos actifs les plus importants \u00e0 prot\u00e9ger en termes de donn\u00e9es, de syst\u00e8mes et de processus ?<\/li>\n<li>Quelles sont nos capacit\u00e9s actuelles en mati\u00e8re de cybers\u00e9curit\u00e9 ?<\/li>\n<li>Y a-t-il des fonctionnalit\u00e9s inutilis\u00e9es parmi nos outils actuels ?<\/li>\n<li>Dans quelle mesure les nouveaux investissements seront-ils int\u00e9gr\u00e9s dans les processus existants ?<\/li>\n<li>Pouvons-nous retirer un outil si un nouveau se chevauche et offre une meilleure protection ?<\/li>\n<li>Les capacit\u00e9s que nous acqu\u00e9rons seront-elles efficacement d\u00e9ploy\u00e9es et g\u00e9r\u00e9es par le personnel existant ? Ou devrons-nous embaucher de nouvelles personnes ?<\/li>\n<li>Devrions-nous investir davantage dans la formation des employ\u00e9s \u00e0 la cybers\u00e9curit\u00e9 ?<\/li>\n<li>Quelles menaces devons-nous privil\u00e9gier et quel budget devons-nous leur allouer ?<\/li>\n<li>Comment faire en sorte que nos ressources de cybers\u00e9curit\u00e9 soient d\u00e9ploy\u00e9es l\u00e0 o\u00f9 elles sont le plus n\u00e9cessaires<\/li>\n<li>Quel niveau de risque l'entreprise est-elle pr\u00eate \u00e0 accepter?<\/li>\n<li>L'\u00e9cart entre les risques et les capacit\u00e9s est ce sur quoi les investissements doivent se concentrer. Toutefois, cibler et combler les lacunes n'est que la premi\u00e8re \u00e9tape. Vous devez \u00e9galement vous assurer que vous d\u00e9pensez de mani\u00e8re \u00e0 pr\u00e9server vos capacit\u00e9s existantes \u00e0 mesure que le paysage des menaces \u00e9volue. Sinon, vous risquez de vous rendre compte que vous ne faites que cr\u00e9er de nouvelles lacunes et que vous exposez votre entreprise.<\/li>\n<\/ul>\n\n\t\t<\/div>\n\t<\/div>\n<div style=\"background-color:;height: 50px\" class=\"nicdark_section\"><\/div> <p style=\"color:#2d2d2d;padding:px;text-align:;font-size:16px;line-height:px;letter-spacing: px;font-weight:bold\" class=\"\">Suivre un programme d'am\u00e9lioration de la cybers\u00e9curit\u00e9<\/p> <div style=\"background-color:;height: 50px\" class=\"nicdark_section\"><\/div>\n\t<div class=\"wpb_text_column wpb_content_element\" >\n\t\t<div class=\"wpb_wrapper\">\n\t\t\t<p>Vous ne savez pas par o\u00f9 commencer avec votre politique de cybers\u00e9curit\u00e9? Suivez une trajectoire d'am\u00e9lioration de la CS avec l'un des prestataires reconnus du Vlaio pour la s\u00e9curit\u00e9 de votre entreprise. D\u00e9sormais, les entreprises sur mesure accr\u00e9dit\u00e9es peuvent se porter candidates aux trajectoires d'am\u00e9lioration CS, quel que soit leur statut de PME.<\/p>\n\n\t\t<\/div>\n\t<\/div>\n<div style=\"background-color:;height: 50px\" class=\"nicdark_section\"><\/div>\n\t<div class=\"wpb_text_column wpb_content_element\" >\n\t\t<div class=\"wpb_wrapper\">\n\t\t\t<p>Source: Gallagher &amp; VLAIO<\/p>\n\n\t\t<\/div>\n\t<\/div>\n<div style=\"background-color:;height: 50px\" class=\"nicdark_section\"><\/div><\/div><\/div><\/div><\/div><div class=\"vc_row wpb_row vc_inner vc_row-fluid vc_custom_1569482474546\"><div class=\"wpb_column vc_column_container vc_col-sm-6\"><div class=\"vc_column-inner\"><div class=\"wpb_wrapper\"><div style=\"background-color:#ffffff;height: 50px\" class=\"nicdark_section\"><\/div><\/div><\/div><\/div><div class=\"wpb_column vc_column_container vc_col-sm-6\"><div class=\"vc_column-inner\"><div class=\"wpb_wrapper\"><div style=\"background-color:#ffffff;height: 50px\" class=\"nicdark_section\"><\/div><\/div><\/div><\/div><\/div><div class=\"vc_row wpb_row vc_inner vc_row-fluid\"><div class=\"wpb_column vc_column_container vc_col-sm-12 vc_col-has-fill\"><div class=\"vc_column-inner vc_custom_1637770536227\"><div class=\"wpb_wrapper\"> <p style=\"color:#ffffff;padding:35px;text-align:center;font-size:35px;line-height:50px;letter-spacing: px;font-weight:normal\" class=\"\">La cybers\u00e9curit\u00e9 de votre entreprise est elle optimale ?<\/p> \n\t<div class=\"wpb_text_column wpb_content_element vc_custom_1652863634345\" >\n\t\t<div class=\"wpb_wrapper\">\n\t\t\t<p style=\"text-align: center;\"><span style=\"color: #ffffff;\">Notre assurance cybern\u00e9tique prot\u00e8ge votre entreprise de mani\u00e8re pr\u00e9ventive et apr\u00e8s une cyberattaque. <\/span><\/p>\n\n\t\t<\/div>\n\t<\/div>\n\n\t<div class=\"nd_options_section nd_options_text_align_center\">\n\t<a style=\"border: px solid;border-radius:px;letter-spacing:px;line-height:px;font-size:px;background-color:#ffffff;padding:10px 20px;margin:;color:#00599e\" rel=\"\" href=\"https:\/\/www.dhondt-insurance.com\/fr\/cyberverzekering\/\" class=\"nicdark_display_inline_block  nd_options_font_weight_normal\">&gt; Ontdek onze cyberverzekering<\/a>\n\t<\/div>\n<div style=\"background-color:;height: 50px\" class=\"nicdark_section\"><\/div><\/div><\/div><\/div><\/div><div class=\"vc_row wpb_row vc_inner vc_row-fluid vc_custom_1569482474546\"><div class=\"wpb_column vc_column_container vc_col-sm-6\"><div class=\"vc_column-inner\"><div class=\"wpb_wrapper\"><div style=\"background-color:#ffffff;height: 50px\" class=\"nicdark_section\"><\/div><\/div><\/div><\/div><div class=\"wpb_column vc_column_container vc_col-sm-6\"><div class=\"vc_column-inner\"><div class=\"wpb_wrapper\"><div style=\"background-color:#ffffff;height: 50px\" class=\"nicdark_section\"><\/div><\/div><\/div><\/div><\/div><\/div><\/div><\/div><\/div>\n<\/div>","protected":false},"excerpt":{"rendered":"&gt; TIPS &amp; TRICKS OM UW CYBERSECURITY BUDGET TE BEPALEN &gt; TIPS &amp; TRICKS OM UW CYBERSECURITY BUDGET TE BEPALEN Hoe bepaalt u nu eigenlijk hoeveel budget u moet uittrekken voor de cybersecurity van uw bedrijf? In dit artikel geven wij tips &amp; tricks in verband met het IT budget van uw bedrijf. De werking [...]","protected":false},"author":1,"featured_media":0,"parent":0,"menu_order":0,"comment_status":"closed","ping_status":"closed","template":"","meta":{"footnotes":""},"class_list":["post-6983","page","type-page","status-publish","hentry"],"_links":{"self":[{"href":"https:\/\/www.dhondt-insurance.com\/fr\/wp-json\/wp\/v2\/pages\/6983","targetHints":{"allow":["GET"]}}],"collection":[{"href":"https:\/\/www.dhondt-insurance.com\/fr\/wp-json\/wp\/v2\/pages"}],"about":[{"href":"https:\/\/www.dhondt-insurance.com\/fr\/wp-json\/wp\/v2\/types\/page"}],"author":[{"embeddable":true,"href":"https:\/\/www.dhondt-insurance.com\/fr\/wp-json\/wp\/v2\/users\/1"}],"replies":[{"embeddable":true,"href":"https:\/\/www.dhondt-insurance.com\/fr\/wp-json\/wp\/v2\/comments?post=6983"}],"version-history":[{"count":0,"href":"https:\/\/www.dhondt-insurance.com\/fr\/wp-json\/wp\/v2\/pages\/6983\/revisions"}],"wp:attachment":[{"href":"https:\/\/www.dhondt-insurance.com\/fr\/wp-json\/wp\/v2\/media?parent=6983"}],"curies":[{"name":"wp","href":"https:\/\/api.w.org\/{rel}","templated":true}]}}