{"id":6394,"date":"2022-01-24T12:31:33","date_gmt":"2022-01-24T12:31:33","guid":{"rendered":"https:\/\/www.dhondt-insurance.com\/?page_id=6394"},"modified":"2022-01-24T13:27:54","modified_gmt":"2022-01-24T13:27:54","slug":"frankrijk-verbiedt-vrachtwagens-uit-het-buitenland-zwaarder-dan-40-ton","status":"publish","type":"page","link":"https:\/\/www.dhondt-insurance.com\/fr\/frankrijk-verbiedt-vrachtwagens-uit-het-buitenland-zwaarder-dan-40-ton\/","title":{"rendered":"Frankrijk verbiedt vrachtwagens uit het buitenland zwaarder dan 40 ton"},"content":{"rendered":"<div class=\"wpb-content-wrapper\"><div class=\"vc_row wpb_row vc_row-fluid wpb_animate_when_almost_visible wpb_fadeIn fadeIn\"><div class=\"wpb_column vc_column_container vc_col-sm-12\"><div class=\"vc_column-inner\"><div class=\"wpb_wrapper\"><div class=\"vc_empty_space\"   style=\"height: 32px\"><span class=\"vc_empty_space_inner\"><\/span><\/div><div class=\"vc_row wpb_row vc_inner vc_row-fluid vc_custom_1569482474546\"><div class=\"wpb_column vc_column_container vc_col-sm-6 vc_hidden-xs\"><div class=\"vc_column-inner\"><div class=\"wpb_wrapper\"> <h3 style=\"color:#00599e;padding:px;text-align:;font-size:px;line-height:40px;letter-spacing: 4px;font-weight:bold\" class=\"nd_options_second_font\">&gt; LA FRANCE INTERDIT LES CAMIONS ETRANGERS DE PLUS DE 40 TONNES<\/h3> <div style=\"background-color:;height: 50px\" class=\"nicdark_section\"><\/div><\/div><\/div><\/div><div class=\"wpb_column vc_column_container vc_col-sm-6 vc_hidden-xs\"><div class=\"vc_column-inner\"><div class=\"wpb_wrapper\"><\/div><\/div><\/div><\/div><div class=\"vc_row wpb_row vc_inner vc_row-fluid vc_custom_1569482474546\"><div class=\"wpb_column vc_column_container vc_col-sm-6 vc_hidden-lg vc_hidden-md vc_hidden-sm\"><div class=\"vc_column-inner\"><div class=\"wpb_wrapper\"> <h3 style=\"color:#00599e;padding:px;text-align:;font-size:px;line-height:40px;letter-spacing: 4px;font-weight:bold\" class=\"nd_options_second_font\">&gt; LA FRANCE INTERDIT LES CAMIONS ETRANGERS DE PLUS DE 40 TONNES<\/h3> <div style=\"background-color:;height: 50px\" class=\"nicdark_section\"><\/div><\/div><\/div><\/div><div class=\"wpb_column vc_column_container vc_col-sm-6 vc_hidden-lg vc_hidden-md vc_hidden-sm\"><div class=\"vc_column-inner\"><div class=\"wpb_wrapper\"><\/div><\/div><\/div><\/div><div style=\"background-color:;height: 25px\" class=\"nicdark_section\"><\/div><div class=\"vc_row wpb_row vc_inner vc_row-fluid\"><div class=\"wpb_column vc_column_container vc_col-sm-6\"><div class=\"vc_column-inner\"><div class=\"wpb_wrapper\">\n\t<div  class=\"wpb_single_image wpb_content_element vc_align_left wpb_content_element\">\n\t\t\n\t\t<figure class=\"wpb_wrapper vc_figure\">\n\t\t\t<div class=\"vc_single_image-wrapper   vc_box_border_grey\"><img decoding=\"async\" class=\"vc_single_image-img\" src=\"https:\/\/www.dhondt-insurance.com\/wp-content\/uploads\/2022\/01\/Beige-Elegant-Collage-Sale-Instagram-Post-1-600x400.png\" width=\"600\" height=\"400\" alt=\"Beige Elegant Collage Sale Instagram Post (1)\" title=\"Beige Elegant Collage Sale Instagram Post (1)\" loading=\"lazy\" \/><\/div>\n\t\t<\/figure>\n\t<\/div>\n<\/div><\/div><\/div><div class=\"wpb_column vc_column_container vc_col-sm-6\"><div class=\"vc_column-inner\"><div class=\"wpb_wrapper\"><div style=\"background-color:;height: 50px\" class=\"nicdark_section\"><\/div> <p style=\"color:#2d2d2d;padding:px;text-align:;font-size:20px;line-height:50px;letter-spacing: px;font-weight:normal\" class=\"\">Il y a enfin de la clart\u00e9 : toute personne qui passe la fronti\u00e8re avec un ensemble de plus de 40 tonnes peut s'attendre \u00e0 une amende. Le gouvernement de Paris a ainsi mis fin \u00e0 la confusion entourant le transport transfrontalier vers la France.<\/p> <\/div><\/div><\/div><\/div><div class=\"vc_row wpb_row vc_inner vc_row-fluid\"><div class=\"wpb_column vc_column_container vc_col-sm-6\"><div class=\"vc_column-inner\"><div class=\"wpb_wrapper\"><div style=\"background-color:;height: 50px\" class=\"nicdark_section\"><\/div>\n\t<div class=\"wpb_text_column wpb_content_element\" >\n\t\t<div class=\"wpb_wrapper\">\n\t\t\t<p>A partir du 1er janvier 2022, la limite sera au maximum de 40 tonnes. 44 tonnes ne sont autoris\u00e9es que pour le transport intermodal. Quiconque d\u00e9passe cette limite et se fait prendre peut s'attendre \u00e0 une amende d'au moins 135 euros.En France, depuis 2013, un poids maximum pour les camions de 44 tonnes est appliqu\u00e9. En Belgique, le maximum est \u00e9galement de 44 tonnes. Depuis lors, cependant, les r\u00e8gles europ\u00e9ennes continuent de s'appliquer au transport transfrontalier, autorisant un maximum de 40 tonnes.<\/p>\n\n\t\t<\/div>\n\t<\/div>\n<div style=\"background-color:;height: 50px\" class=\"nicdark_section\"><\/div> <p style=\"color:#2d2d2d;padding:px;text-align:;font-size:16px;line-height:px;letter-spacing: px;font-weight:bold\" class=\"\">Concurrence d\u00e9loyale<\/p> <div style=\"background-color:;height: 50px\" class=\"nicdark_section\"><\/div>\n\t<div class=\"wpb_text_column wpb_content_element\" >\n\t\t<div class=\"wpb_wrapper\">\n\t\t\t<p>Cependant, cette distinction n'a pas toujours \u00e9t\u00e9 claire. Selon l'association professionnelle, les exp\u00e9diteurs ont profit\u00e9 de cette confusion en obligeant les transporteurs \u00e0 se rendre en France avec des combinaisons de 44 tonnes. Certaines soci\u00e9t\u00e9s de transport ont pris ce pari et d'autres non, ce qui, selon TLN, avait cr\u00e9\u00e9 une concurrence d\u00e9loyale.<\/p>\n\n\t\t<\/div>\n\t<\/div>\n<div style=\"background-color:;height: 50px\" class=\"nicdark_section\"><\/div> <p style=\"color:#2d2d2d;padding:px;text-align:;font-size:16px;line-height:px;letter-spacing: px;font-weight:bold\" class=\"\">R\u00e8gles europ\u00e9ennes<\/p> <div style=\"background-color:;height: 50px\" class=\"nicdark_section\"><\/div>\n\t<div class=\"wpb_text_column wpb_content_element\" >\n\t\t<div class=\"wpb_wrapper\">\n\t\t\t<p>Depuis 1996, il est r\u00e9glement\u00e9 dans l'UE que le poids maximum d'un camion est de 40 tonnes. 44 tonnes n'est autoris\u00e9 qu'en transport combin\u00e9, sous des conditions strictes. La directive de l'UE permet aux \u00c9tats membres d'appliquer des limites de poids plus \u00e9lev\u00e9es \u00e0 l'int\u00e9rieur de leurs propres fronti\u00e8res. Aux Pays-Bas, par exemple, un maximum de 50 tonnes s'applique et en France une limite de 44 tonnes. Le transport transfrontalier de plus de 40 tonnes est autoris\u00e9 au Benelux, mais pas dans la plupart des pays europ\u00e9ens.<\/p>\n\n\t\t<\/div>\n\t<\/div>\n<\/div><\/div><\/div><div class=\"wpb_column vc_column_container vc_col-sm-6\"><div class=\"vc_column-inner\"><div class=\"wpb_wrapper\"><div style=\"background-color:;height: 50px\" class=\"nicdark_section\"><\/div> <p style=\"color:#2d2d2d;padding:px;text-align:;font-size:16px;line-height:px;letter-spacing: px;font-weight:bold\" class=\"\">La validit\u00e9 de la l\u00e9gislation est contest\u00e9e<\/p> <div style=\"background-color:;height: 50px\" class=\"nicdark_section\"><\/div>\n\t<div class=\"wpb_text_column wpb_content_element\" >\n\t\t<div class=\"wpb_wrapper\">\n\t\t\t<p>Avec cette l\u00e9gislation, vous pouvez poser des questions sur la validit\u00e9. Dans l'Union europ\u00e9enne, une directive europ\u00e9enne peut \u00eatre impos\u00e9e aux \u00c9tats membres, mais cette directive ne peut PAS \u00eatre invoqu\u00e9e par l'UE contre un individu. Ce principe essentiel du droit europ\u00e9en est inscrit dans l'ADN du projet europ\u00e9en, au moins depuis l'arr\u00eat Ratti de la Cour de justice des Communaut\u00e9s europ\u00e9ennes du 5 avril 1979\u2026<\/p>\n\n\t\t<\/div>\n\t<\/div>\n<div style=\"background-color:;height: 50px\" class=\"nicdark_section\"><\/div>\n\t<div class=\"wpb_text_column wpb_content_element\" >\n\t\t<div class=\"wpb_wrapper\">\n\t\t\t<p>Avec cette l\u00e9gislation, vous pouvez poser des questions sur la validit\u00e9. Dans l'Union europ\u00e9enne, une directive europ\u00e9enne peut \u00eatre impos\u00e9e aux \u00c9tats membres, mais cette directive ne peut PAS \u00eatre invoqu\u00e9e par l'UE contre un individu. Ce principe essentiel du droit europ\u00e9en est inscrit dans l'ADN du projet europ\u00e9en, au moins depuis l'arr\u00eat Ratti de la Cour de justice des Communaut\u00e9s europ\u00e9ennes du 5 avril 1979\u2026<\/p>\n\n\t\t<\/div>\n\t<\/div>\n<div style=\"background-color:;height: 50px\" class=\"nicdark_section\"><\/div>\n\t<div class=\"wpb_text_column wpb_content_element\" >\n\t\t<div class=\"wpb_wrapper\">\n\t\t\t<p>Si la Belgique, comme la France sur son territoire, autorise le transport sur son propre territoire jusqu'\u00e0 44 tonnes\/5 essieux, il va sans dire que le transport transfrontalier jusqu'\u00e0 44 tonnes entre ces deux pays est \u00e9galement autoris\u00e9\u2026<\/p>\n\n\t\t<\/div>\n\t<\/div>\n<div style=\"background-color:;height: 50px\" class=\"nicdark_section\"><\/div>\n\t<div class=\"wpb_text_column wpb_content_element\" >\n\t\t<div class=\"wpb_wrapper\">\n\t\t\t<p>Et pour une bonne raison:<\/p>\n<ul>\n<li>Dans le\u00a0<strong>Droit belge<\/strong>\u00a0la directive 96\/53 a \u00e9t\u00e9 transpos\u00e9e dans l'arr\u00eat\u00e9 royal du 15 mars 1968 portant r\u00e9glementation g\u00e9n\u00e9rale des prescriptions techniques auxquelles doivent satisfaire les voitures, leurs remorques et leurs accessoires de s\u00e9curit\u00e9. Les points 3.2.3 et 3.2.4 de l'article 32 bis de cet arr\u00eat\u00e9 royal fixent la masse maximale autoris\u00e9e pour les ensembles de v\u00e9hicules avec\u00a0<strong>5 axes<\/strong>\u00a0coll\u00e9 sur\u00a0<strong>44 tonnes<\/strong>.<\/li>\n<li>Dans le\u00a0<strong>droit fran\u00e7ais<\/strong>, sans oublier de se r\u00e9f\u00e9rer \u00e0 la directive 96\/53, le d\u00e9cret n\u00b0 2012-1359 du 4 d\u00e9cembre 2012 relatif au poids maximal autoris\u00e9 des v\u00e9hicules routiers \u00e0 moteur, est consacr\u00e9 au principe de\u00a0<strong>44 tonnes<\/strong>\u00a0sur\u00a0<strong>5 axes<\/strong>\u00a0depuis le 1er janvier 2013.<\/li>\n<\/ul>\n\n\t\t<\/div>\n\t<\/div>\n<div style=\"background-color:;height: 50px\" class=\"nicdark_section\"><\/div>\n\t<div class=\"wpb_text_column wpb_content_element\" >\n\t\t<div class=\"wpb_wrapper\">\n\t\t\t<p>Cette vision a d\u00e9j\u00e0 \u00e9t\u00e9 partag\u00e9e par l'IDIT (Institut du droit international des transports) et a \u00e9galement \u00e9t\u00e9 avalis\u00e9e par l'Association fran\u00e7aise des transporteurs routiers de marchandises (AUTF) et l'Union wallonne des entreprises (UWE). Maintenant, l'association professionnelle fran\u00e7aise de l'industrie chimique (\"France Chimie\") s'exprime \u00e9galement publiquement dans la m\u00eame phrase.<\/p>\n\n\t\t<\/div>\n\t<\/div>\n<div style=\"background-color:;height: 50px\" class=\"nicdark_section\"><\/div>\n\t<div class=\"wpb_text_column wpb_content_element\" >\n\t\t<div class=\"wpb_wrapper\">\n\t\t\t<p>Source: Nieuwsblad Transport &amp; UPTR<\/p>\n\n\t\t<\/div>\n\t<\/div>\n<div style=\"background-color:;height: 50px\" class=\"nicdark_section\"><\/div><\/div><\/div><\/div><\/div><div class=\"vc_row wpb_row vc_inner vc_row-fluid\"><div class=\"wpb_column vc_column_container vc_col-sm-12 vc_col-has-fill\"><div class=\"vc_column-inner vc_custom_1637770536227\"><div class=\"wpb_wrapper\"> <p style=\"color:#ffffff;padding:35px;text-align:center;font-size:35px;line-height:50px;letter-spacing: px;font-weight:normal\" class=\"\">Vous souhaitez vous lancer sur la route en toute s\u00e9curit\u00e9 ?<\/p> \n\t<div class=\"wpb_text_column wpb_content_element vc_custom_1643029147207\" >\n\t\t<div class=\"wpb_wrapper\">\n\t\t\t<p style=\"text-align: center;\"><span style=\"color: #ffffff;\">D\u00e9couvrez nos assurances transport\u00a0\u00a0<\/span><\/p>\n\n\t\t<\/div>\n\t<\/div>\n\n\t<div class=\"nd_options_section nd_options_text_align_center\">\n\t<a style=\"border: px solid;border-radius:px;letter-spacing:px;line-height:px;font-size:px;background-color:#ffffff;padding:10px 20px;margin:;color:#00599e\" rel=\"\" href=\"https:\/\/www.dhondt-insurance.com\/fr\/producten\/\" class=\"nicdark_display_inline_block  nd_options_font_weight_normal\">&gt; Bekijk onze transportverzekeringen<\/a>\n\t<\/div>\n<div style=\"background-color:;height: 50px\" class=\"nicdark_section\"><\/div><\/div><\/div><\/div><\/div><div class=\"vc_row wpb_row vc_inner vc_row-fluid vc_custom_1569482474546\"><div class=\"wpb_column vc_column_container vc_col-sm-6\"><div class=\"vc_column-inner\"><div class=\"wpb_wrapper\"><div style=\"background-color:#ffffff;height: 50px\" class=\"nicdark_section\"><\/div><\/div><\/div><\/div><div class=\"wpb_column vc_column_container vc_col-sm-6\"><div class=\"vc_column-inner\"><div class=\"wpb_wrapper\"><div style=\"background-color:#ffffff;height: 50px\" class=\"nicdark_section\"><\/div><\/div><\/div><\/div><\/div><\/div><\/div><\/div><\/div>\n<\/div>","protected":false},"excerpt":{"rendered":"&gt; FRANKRIJK VERBIEDT BUITENLANDSE VRACHTWAGENS VAN MEER DAN 40 TON &gt; FRANKRIJK VERBIEDT BUITENLANDSE VRACHTWAGENS VAN MEER DAN 40 TON Er is eindelijk duidelijkheid: wie met een combinatie zwaarder dan 40 ton de grens over rijdt, kan een boete verwachten. Daarmee heeft de regering in Parijs een einde gemaakt aan de verwarring rond het grensoverschrijdende [...]","protected":false},"author":1,"featured_media":0,"parent":0,"menu_order":0,"comment_status":"closed","ping_status":"closed","template":"","meta":{"footnotes":""},"class_list":["post-6394","page","type-page","status-publish","hentry"],"_links":{"self":[{"href":"https:\/\/www.dhondt-insurance.com\/fr\/wp-json\/wp\/v2\/pages\/6394","targetHints":{"allow":["GET"]}}],"collection":[{"href":"https:\/\/www.dhondt-insurance.com\/fr\/wp-json\/wp\/v2\/pages"}],"about":[{"href":"https:\/\/www.dhondt-insurance.com\/fr\/wp-json\/wp\/v2\/types\/page"}],"author":[{"embeddable":true,"href":"https:\/\/www.dhondt-insurance.com\/fr\/wp-json\/wp\/v2\/users\/1"}],"replies":[{"embeddable":true,"href":"https:\/\/www.dhondt-insurance.com\/fr\/wp-json\/wp\/v2\/comments?post=6394"}],"version-history":[{"count":0,"href":"https:\/\/www.dhondt-insurance.com\/fr\/wp-json\/wp\/v2\/pages\/6394\/revisions"}],"wp:attachment":[{"href":"https:\/\/www.dhondt-insurance.com\/fr\/wp-json\/wp\/v2\/media?parent=6394"}],"curies":[{"name":"wp","href":"https:\/\/api.w.org\/{rel}","templated":true}]}}