{"id":6327,"date":"2022-01-17T12:32:11","date_gmt":"2022-01-17T12:32:11","guid":{"rendered":"https:\/\/www.dhondt-insurance.com\/?page_id=6327"},"modified":"2022-01-25T08:45:34","modified_gmt":"2022-01-25T08:45:34","slug":"interview-koen","status":"publish","type":"page","link":"https:\/\/www.dhondt-insurance.com\/fr\/interview-koen\/","title":{"rendered":"Interview Koen"},"content":{"rendered":"<div class=\"wpb-content-wrapper\"><div class=\"vc_row wpb_row vc_row-fluid wpb_animate_when_almost_visible wpb_fadeIn fadeIn\"><div class=\"wpb_column vc_column_container vc_col-sm-12\"><div class=\"vc_column-inner\"><div class=\"wpb_wrapper\"><div class=\"vc_empty_space\"   style=\"height: 32px\"><span class=\"vc_empty_space_inner\"><\/span><\/div><div class=\"vc_row wpb_row vc_inner vc_row-fluid vc_custom_1569482474546\"><div class=\"wpb_column vc_column_container vc_col-sm-6\"><div class=\"vc_column-inner\"><div class=\"wpb_wrapper\"> <h3 style=\"color:#00599e;padding:px;text-align:;font-size:px;line-height:px;letter-spacing: 4px;font-weight:bold\" class=\"nd_options_second_font\">&gt; ENTRETIEN AVEC KOEN VANHUYSSE<\/h3> <div style=\"background-color:;height: 50px\" class=\"nicdark_section\"><\/div><\/div><\/div><\/div><div class=\"wpb_column vc_column_container vc_col-sm-6\"><div class=\"vc_column-inner\"><div class=\"wpb_wrapper\"><\/div><\/div><\/div><\/div><div style=\"background-color:;height: 25px\" class=\"nicdark_section\"><\/div><div class=\"vc_row wpb_row vc_inner vc_row-fluid\"><div class=\"wpb_column vc_column_container vc_col-sm-6\"><div class=\"vc_column-inner\"><div class=\"wpb_wrapper\">\n\t<div  class=\"wpb_single_image wpb_content_element vc_align_left wpb_content_element\">\n\t\t\n\t\t<figure class=\"wpb_wrapper vc_figure\">\n\t\t\t<div class=\"vc_single_image-wrapper vc_box_circle  vc_box_border_grey\"><img decoding=\"async\" class=\"vc_single_image-img\" src=\"https:\/\/www.dhondt-insurance.com\/wp-content\/uploads\/2022\/01\/Koen_V_origineel_formaat-e1642423007607-400x400.png\" width=\"400\" height=\"400\" alt=\"Koen_V_origineel_formaat\" title=\"Koen_V_origineel_formaat\" loading=\"lazy\" \/><\/div>\n\t\t<\/figure>\n\t<\/div>\n<\/div><\/div><\/div><div class=\"wpb_column vc_column_container vc_col-sm-6\"><div class=\"vc_column-inner\"><div class=\"wpb_wrapper\"><div style=\"background-color:;height: 80px\" class=\"nicdark_section\"><\/div> <p style=\"color:#2d2d2d;padding:px;text-align:;font-size:20px;line-height:50px;letter-spacing: px;font-weight:normal\" class=\"\">En janvier, nous avons mis en vedette l\u2019une de nos nouvelles acquisitions : Koen. Il travaille sur les dossiers de dommages dans notre service de transport. Il a 54 ans, il s\u2019est mari\u00e9 pour 27 ans, il a 2 fils.<\/p> <\/div><\/div><\/div><\/div><div class=\"vc_row wpb_row vc_inner vc_row-fluid\"><div class=\"wpb_column vc_column_container vc_col-sm-6\"><div class=\"vc_column-inner\"><div class=\"wpb_wrapper\"><div style=\"background-color:;height: 50px\" class=\"nicdark_section\"><\/div>\n\t<div class=\"wpb_text_column wpb_content_element\" >\n\t\t<div class=\"wpb_wrapper\">\n\t\t\t<p>Je travaille au service de gestion des sinistres Transport &amp; Marine. Avec mes coll\u00e8gues, nous g\u00e9rons tous les dossiers de dommages des clients actifs dans les secteurs du transport et de la p\u00eache.<\/p>\n\n\t\t<\/div>\n\t<\/div>\n<div style=\"background-color:;height: 1px\" class=\"nicdark_section\"><\/div>\n\t<div class=\"wpb_text_column wpb_content_element\" >\n\t\t<div class=\"wpb_wrapper\">\n\t\t\t<p>Chaque dossier est diff\u00e9rent et offre donc la variation n\u00e9cessaire. Je pense qu\u2019il est motivant d\u2019aider les clients dans le suivi de leurs dossiers. Et cerise sur le g\u00e2teau, je suis entour\u00e9 de coll\u00e8gues fantastiques qui ne trouvent jamais trop pour m\u2019aider dans le secteur.<\/p>\n\n\t\t<\/div>\n\t<\/div>\n<div style=\"background-color:;height: 1px\" class=\"nicdark_section\"><\/div>\n\t<div class=\"wpb_text_column wpb_content_element\" >\n\t\t<div class=\"wpb_wrapper\">\n\t\t\t<p>Je ne travaille qu\u2019en juin 2021. Avant cela, j\u2019ai travaill\u00e9 dans une entreprise de transport pendant 24 ans. Apr\u00e8s une br\u00e8ve introduction, on m\u2019a permis de travailler dans les dossiers en cours de mes coll\u00e8gues d\u00e9put\u00e9s, dont j\u2019ai beaucoup appris. Mes premiers contacts ont \u00e9t\u00e9 avec un client francophone sur la base du dossier actuel d\u2019un coll\u00e8gue.<\/p>\n\n\t\t<\/div>\n\t<\/div>\n<\/div><\/div><\/div><div class=\"wpb_column vc_column_container vc_col-sm-6\"><div class=\"vc_column-inner\"><div class=\"wpb_wrapper\"><div style=\"background-color:;height: 50px\" class=\"nicdark_section\"><\/div>\n\t<div class=\"wpb_text_column wpb_content_element\" >\n\t\t<div class=\"wpb_wrapper\">\n\t\t\t<p>J\u2019aime aussi prendre des photos avec un reflex num\u00e9rique avec des objectifs interchangeables, avec le moins de r\u00e9glages possible dans un programme de retouche photo. Au cours de mes 12 ann\u00e9es, je me promenais d\u00e9j\u00e0 avec un reflex num\u00e9rique (alors encore analogue) autour de mon cou. De plus, j\u2019ai une passion pour les voitures et surtout pour la marque fran\u00e7aise Renault. J\u2019ai eu la chance d\u2019avoir d\u00e9j\u00e0 conduit 2 voitures d\u2019\u00e9poque, une Renault Fuego 1986 et une Renault 1973 12. En raison du manque d\u2019espace et de temps, j\u2019ai malheureusement d\u00fb les vendre.<\/p>\n\n\t\t<\/div>\n\t<\/div>\n<\/div><\/div><\/div><\/div><div class=\"vc_row wpb_row vc_inner vc_row-fluid\"><div class=\"wpb_column vc_column_container vc_col-sm-6\"><div class=\"vc_column-inner\"><div class=\"wpb_wrapper\">\n\t<div class=\"wpb_text_column wpb_content_element\" >\n\t\t<div class=\"wpb_wrapper\">\n\t\t\t<p>\u00c9tant donn\u00e9 que j\u2019aime beaucoup mon emploi, je n\u2019ai aucun autre emploi \u00e0 D\u2019Assurance que celui pour lequel j\u2019ai \u00e9t\u00e9 recrut\u00e9. D\u2019autre part, je m\u2019efforce de faire mon travail le mieux possible dans l\u2019int\u00e9r\u00eat de nos clients<\/p>\n\n\t\t<\/div>\n\t<\/div>\n<div style=\"background-color:;height: 1px\" class=\"nicdark_section\"><\/div>\n\t<div class=\"wpb_text_column wpb_content_element\" >\n\t\t<div class=\"wpb_wrapper\">\n\t\t\t<p>Outre le travail, je suis un amateur de jardin et peut vider ma t\u00eate compl\u00e8tement pendant les t\u00e2ches dans notre jardin. J\u2019ai construit notre jardin enti\u00e8rement moi-m\u00eame avec beaucoup d\u2019arbres, d\u2019arbustes et de vivaces diff\u00e9rents, allant du printemps \u00e0 l\u2019automne et des feuilles aux esp\u00e8ces \u00e0 feuilles persistantes.<\/p>\n\n\t\t<\/div>\n\t<\/div>\n<\/div><\/div><\/div><div class=\"wpb_column vc_column_container vc_col-sm-6 vc_col-has-fill\"><div class=\"vc_column-inner vc_custom_1637770536227\"><div class=\"wpb_wrapper\"> <p style=\"color:#ffffff;padding:35px;text-align:;font-size:35px;line-height:50px;letter-spacing: px;font-weight:normal\" class=\"\">Vous souhaitez faire partie de notre \u00e9quipe?<\/p> \n\t<div class=\"wpb_text_column wpb_content_element vc_custom_1637771009709\" >\n\t\t<div class=\"wpb_wrapper\">\n\t\t\t<p style=\"text-align: left;\"><span style=\"color: #ffffff;\">Consultez tous nos postes vacants et peut-\u00eatre vous ferez bient\u00f4t partie de l\u2019\u00e9quipe de D\u2019hondt Insurance.<\/span><\/p>\n\n\t\t<\/div>\n\t<\/div>\n\n\t<div class=\"nd_options_section nd_options_text_align_center\">\n\t<a style=\"border: px solid;border-radius:px;letter-spacing:px;line-height:px;font-size:px;background-color:#ffffff;padding:10px 20px;margin:;color:#00599e\" rel=\"\" href=\"https:\/\/www.dhondt-insurance.com\/fr\/vacatures\/\" class=\"nicdark_display_inline_block  nd_options_font_weight_normal\">&gt; BEKIJK ONZE VACATURES<\/a>\n\t<\/div>\n<div style=\"background-color:;height: 50px\" class=\"nicdark_section\"><\/div><\/div><\/div><\/div><\/div><div class=\"vc_row wpb_row vc_inner vc_row-fluid vc_custom_1569482474546\"><div class=\"wpb_column vc_column_container vc_col-sm-6\"><div class=\"vc_column-inner\"><div class=\"wpb_wrapper\"><div style=\"background-color:#ffffff;height: 50px\" class=\"nicdark_section\"><\/div><\/div><\/div><\/div><div class=\"wpb_column vc_column_container vc_col-sm-6\"><div class=\"vc_column-inner\"><div class=\"wpb_wrapper\"><div style=\"background-color:#ffffff;height: 50px\" class=\"nicdark_section\"><\/div><\/div><\/div><\/div><\/div><\/div><\/div><\/div><\/div>\n<\/div>","protected":false},"excerpt":{"rendered":"&gt; INTERVIEW MET KOEN VANHUYSSE In de maand januari zetten we \u00e9\u00e9n van onze nieuwere aanwinsten in de kijker: Koen. Hij werkt bij de schadedienst in de transport afdeling. Hij wordt deze maand 54 jaar, is 27 jaar gehuwd en heeft 2 zonen van 20 en 14 jaar. Ik ben tewerkgesteld op de dienst schadebeheer [...]","protected":false},"author":1,"featured_media":0,"parent":0,"menu_order":0,"comment_status":"closed","ping_status":"closed","template":"","meta":{"footnotes":""},"class_list":["post-6327","page","type-page","status-publish","hentry"],"_links":{"self":[{"href":"https:\/\/www.dhondt-insurance.com\/fr\/wp-json\/wp\/v2\/pages\/6327","targetHints":{"allow":["GET"]}}],"collection":[{"href":"https:\/\/www.dhondt-insurance.com\/fr\/wp-json\/wp\/v2\/pages"}],"about":[{"href":"https:\/\/www.dhondt-insurance.com\/fr\/wp-json\/wp\/v2\/types\/page"}],"author":[{"embeddable":true,"href":"https:\/\/www.dhondt-insurance.com\/fr\/wp-json\/wp\/v2\/users\/1"}],"replies":[{"embeddable":true,"href":"https:\/\/www.dhondt-insurance.com\/fr\/wp-json\/wp\/v2\/comments?post=6327"}],"version-history":[{"count":0,"href":"https:\/\/www.dhondt-insurance.com\/fr\/wp-json\/wp\/v2\/pages\/6327\/revisions"}],"wp:attachment":[{"href":"https:\/\/www.dhondt-insurance.com\/fr\/wp-json\/wp\/v2\/media?parent=6327"}],"curies":[{"name":"wp","href":"https:\/\/api.w.org\/{rel}","templated":true}]}}