{"id":5758,"date":"2021-10-27T11:55:54","date_gmt":"2021-10-27T11:55:54","guid":{"rendered":"https:\/\/www.dhondt-insurance.com\/?page_id=5758"},"modified":"2025-12-14T20:36:56","modified_gmt":"2025-12-14T20:36:56","slug":"administratief-bediende-m-v","status":"publish","type":"page","link":"https:\/\/www.dhondt-insurance.com\/fr\/administratief-bediende-m-v\/","title":{"rendered":"ADMINISTRATIEF BEDIENDE"},"content":{"rendered":"<div class=\"wpb-content-wrapper\"><div class=\"vc_row wpb_row vc_row-fluid wpb_animate_when_almost_visible wpb_fadeIn fadeIn\"><div class=\"wpb_column vc_column_container vc_col-sm-6\"><div class=\"vc_column-inner\"><div class=\"wpb_wrapper\"><\/div><\/div><\/div><div class=\"wpb_column vc_column_container vc_col-sm-6 vc_hidden-xs vc_col-has-fill\"><div class=\"vc_column-inner vc_custom_1645013173895\"><div class=\"wpb_wrapper\">\n\t<div class=\"wpb_text_column wpb_content_element\" >\n\t\t<div class=\"wpb_wrapper\">\n\t\t\t<h4><\/h4>\n<h4 style=\"padding-left: 80px;\"><span style=\"color: #ffffff;\"><strong>TRAVAUX<\/strong><\/span><\/h4>\n<p>&nbsp;<\/p>\n<h4 style=\"padding-left: 80px;\"><\/h4>\n<p><span style=\"color: #ffffff;\"><a style=\"color: #ffffff;\" href=\"https:\/\/www.dhondt-insurance.com\/fr\/accountmanager-boar-verzekeringen\/\">\u00a0 \u00a0 \u00a0 \u00a0 \u00a0 \u00a0 \u00a0 \u00a0 \u00a0 &gt; ACCOUNTMANAGER BOAR-VERZEKERINGEN<\/a><\/span><\/p>\n<p><span style=\"color: #ffffff;\"><a style=\"color: #ffffff;\" href=\"https:\/\/www.dhondt-insurance.com\/fr\/dossierbeheerder-schade\/\">\u00a0 \u00a0 \u00a0 \u00a0 \u00a0 \u00a0 \u00a0 \u00a0 \u00a0 &gt; DOSSIERBEHEERDER SCHADE<\/a><\/span><\/p>\n<p><span style=\"color: #ffffff;\"><a style=\"color: #ffffff;\" href=\"https:\/\/www.dhondt-insurance.com\/fr\/administratief-bediende-m-v\/\">\u00a0 \u00a0 \u00a0 \u00a0 \u00a0 \u00a0 \u00a0 \u00a0 \u00a0 &gt; ADMINISTRATIEF BEDIENDE<\/a><\/span><\/p>\n<p><span style=\"color: #ffffff;\"><a style=\"color: #ffffff;\" href=\"https:\/\/www.dhondt-insurance.com\/fr\/administratief-bediende-m-v\/\">\u00a0 \u00a0 \u00a0 \u00a0 \u00a0 \u00a0 \u00a0 \u00a0 \u00a0 <\/a><a style=\"color: #ffffff;\" href=\"https:\/\/www.dhondt-insurance.com\/fr\/interne-sales-medewerker\/\">&gt; INTERNE SALES MEDEWERKER<\/a><\/span><\/p>\n<p><span style=\"color: #ffffff;\"><a style=\"color: #ffffff;\" href=\"https:\/\/www.dhondt-insurance.com\/fr\/beheerder-productie-kmo\/\">\u00a0 \u00a0 \u00a0 \u00a0 \u00a0 \u00a0 \u00a0 \u00a0 \u00a0 &gt; BEHEERDER PRODUCTIE KMO<\/a><\/span><\/p>\n<p><span style=\"color: #ffffff;\"><a style=\"color: #ffffff;\" href=\"https:\/\/www.dhondt-insurance.com\/fr\/verzekeringsadviseur-leven\/\">\u00a0 \u00a0 \u00a0 \u00a0 \u00a0 \u00a0 \u00a0 \u00a0 \u00a0 &gt; VERZEKERINGSDADVISEUR LEVEN<\/a><\/span><\/p>\n\n\t\t<\/div>\n\t<\/div>\n<\/div><\/div><\/div><\/div><div class=\"vc_row wpb_row vc_row-fluid wpb_animate_when_almost_visible wpb_fadeIn fadeIn\"><div class=\"wpb_column vc_column_container vc_col-sm-12\"><div class=\"vc_column-inner\"><div class=\"wpb_wrapper\"><div class=\"vc_row wpb_row vc_inner vc_row-fluid vc_custom_1569482474546\"><div class=\"wpb_column vc_column_container vc_col-sm-12\"><div class=\"vc_column-inner\"><div class=\"wpb_wrapper\"><div style=\"background-color:;height: 50px\" class=\"nicdark_section\"><\/div> <h3 style=\"color:#1e5a9e;padding:px;text-align:;font-size:px;line-height:px;letter-spacing: 4px;font-weight:bold\" class=\"nd_options_second_font\">&gt;ADMINISTRATIEF BEDIENDE<\/h3> <div style=\"background-color:;height: 25px\" class=\"nicdark_section\"><\/div> <h5 style=\"color:#1e5a9e;padding:px;text-align:;font-size:px;line-height:px;letter-spacing: 4px;font-weight:normal\" class=\"nd_options_second_font\">POUR NOTRE BUREAU DE BRUGES<\/h5> <div style=\"background-color:;height: 50px\" class=\"nicdark_section\"><\/div><\/div><\/div><\/div><\/div><div class=\"vc_row wpb_row vc_inner vc_row-fluid\"><div class=\"wpb_column vc_column_container vc_col-sm-12\"><div class=\"vc_column-inner\"><div class=\"wpb_wrapper\"><div style=\"background-color:;height: 50px\" class=\"nicdark_section\"><\/div> <h5 style=\"color:#1e5a9e;padding:px;text-align:;font-size:16px;line-height:px;letter-spacing: px;font-weight:bold\" class=\"nd_options_second_font\">QUEL EST VOTRE CONTENU DE TRAVAIL<\/h5> <div style=\"background-color:;height: 35px\" class=\"nicdark_section\"><\/div>\n\t<div class=\"wpb_text_column wpb_content_element\" >\n\t\t<div class=\"wpb_wrapper\">\n\t\t\t<h3><\/h3>\n<ul>\n<li style=\"list-style-type: none;\">\n<ul>\n<li><span style=\"color: #000000;\">Je bent de geprivilegieerde <strong>gesprekspartner van toegewezen klanten<\/strong> uit de bedrijfswereld.<\/span><\/li>\n<li><span style=\"color: #000000;\">Staat in voor het professioneel <strong>beheer van hun verzekeringsdossier<\/strong>.<\/span><\/li>\n<li><span style=\"color: #000000;\"> Volgt het dossier op vanaf de realisatie en zorgt voor <strong>een juiste verwerking<\/strong> ervan.<\/span><\/li>\n<li><span style=\"color: #000000;\"><strong>Ondersteunt de account manager<\/strong> in zijn commerci\u00eble contacten met de klant.<\/span><\/li>\n<\/ul>\n<\/li>\n<\/ul>\n\n\t\t<\/div>\n\t<\/div>\n<\/div><\/div><\/div><\/div><div class=\"vc_row wpb_row vc_inner vc_row-fluid\"><div class=\"wpb_column vc_column_container vc_col-sm-12\"><div class=\"vc_column-inner\"><div class=\"wpb_wrapper\"><div style=\"background-color:;height: 50px\" class=\"nicdark_section\"><\/div> <p style=\"color:#1e5a9e;padding:px;text-align:;font-size:16px;line-height:px;letter-spacing: px;font-weight:bold\" class=\"nd_options_second_font\">TES COMP\u00c9TENCES<\/p> <div style=\"background-color:;height: 35px\" class=\"nicdark_section\"><\/div>\n\t<div class=\"wpb_text_column wpb_content_element\" >\n\t\t<div class=\"wpb_wrapper\">\n\t\t\t<ul>\n<li style=\"list-style-type: none;\">\n<ul>\n<li><span style=\"color: #000000;\">Vous travaillez <strong>georganiseerd, accuraat, zelfstandig en probleemoplossend<\/strong>.<\/span><\/li>\n<li><span style=\"color: #000000;\">Je kan je vlot mondeling en schriftelijk in het <strong>N\u00e9erlandais, fran\u00e7ais et anglais<\/strong> uitdrukken.<\/span><\/li>\n<li><span style=\"color: #000000;\">Je bent <strong>een goede communicator<\/strong> met een uitgesproken klant- en servicegerichtheid. <\/span><\/li>\n<\/ul>\n<\/li>\n<\/ul>\n\n\t\t<\/div>\n\t<\/div>\n<div style=\"background-color:;height: 35px\" class=\"nicdark_section\"><\/div> <p style=\"color:#1e5a9e;padding:px;text-align:;font-size:16px;line-height:px;letter-spacing: px;font-weight:bold\" class=\"nd_options_second_font\">NOTRE PROPOSITION<\/p> <div style=\"background-color:;height: 35px\" class=\"nicdark_section\"><\/div>\n\t<div class=\"wpb_text_column wpb_content_element\" >\n\t\t<div class=\"wpb_wrapper\">\n\t\t\t<div class=\"rq0escxv l9j0dhe7 du4w35lb qmfd67dx hpfvmrgz gile2uim buofh1pr g5gj957u aov4n071 oi9244e8 bi6gxh9e h676nmdw aghb5jc5\">\n<div class=\"k4urcfbm h676nmdw oi9244e8 datstx6m\">\n<div class=\"j83agx80 l9j0dhe7 k4urcfbm\">\n<div class=\"rq0escxv l9j0dhe7 du4w35lb hybvsw6c io0zqebd m5lcvass fbipl8qg nwvqtn77 k4urcfbm ni8dbmo4 stjgntxs sbcfpzgs\">\n<div>\n<ul>\n<li style=\"list-style-type: none;\">\n<ul>\n<li class=\"ii04i59q ihqw7lf3 discj3wi dhix69tm wkznzc2l\"><span class=\"d2edcug0 hpfvmrgz qv66sw1b c1et5uql oi732d6d ik7dh3pa ht8s03o8 a8c37x1j keod5gw0 nxhoafnm aigsh9s9 d9wwppkn fe6kdd0r mau55g9w c8b282yb iv3no6db jq4qci2q a3bd9o3v b1v8xokw oo9gr5id\" dir=\"auto\" style=\"color: #000000;\"><strong>Een voltijdse betrekking van onbepaalde duur<\/strong> in een dynamisch bedrijf waar er aandacht is voor persoonlijke ontwikkeling en tevredenheid van de medewerkers<\/span><\/li>\n<li class=\"ii04i59q ihqw7lf3 discj3wi dhix69tm wkznzc2l\"><span class=\"d2edcug0 hpfvmrgz qv66sw1b c1et5uql oi732d6d ik7dh3pa ht8s03o8 a8c37x1j keod5gw0 nxhoafnm aigsh9s9 d9wwppkn fe6kdd0r mau55g9w c8b282yb iv3no6db jq4qci2q a3bd9o3v b1v8xokw oo9gr5id\" dir=\"auto\" style=\"color: #000000;\"><strong>Een marktconform salaris<\/strong>, aangevuld met extralegale voordelen<\/span><\/li>\n<li class=\"ii04i59q ihqw7lf3 discj3wi dhix69tm wkznzc2l\"><span class=\"d2edcug0 hpfvmrgz qv66sw1b c1et5uql oi732d6d ik7dh3pa ht8s03o8 a8c37x1j keod5gw0 nxhoafnm aigsh9s9 d9wwppkn fe6kdd0r mau55g9w c8b282yb iv3no6db jq4qci2q a3bd9o3v b1v8xokw oo9gr5id\" dir=\"auto\" style=\"color: #000000;\">Een functie met heel wat <strong>verantwoordelijkheden en zelfstandigheid<\/strong><\/span><\/li>\n<\/ul>\n<\/li>\n<\/ul>\n<\/div>\n<\/div>\n<\/div>\n<\/div>\n<\/div>\n\n\t\t<\/div>\n\t<\/div>\n<div style=\"background-color:;height: 35px\" class=\"nicdark_section\"><\/div> <p style=\"color:#1e5a9e;padding:px;text-align:;font-size:16px;line-height:px;letter-spacing: px;font-weight:bold\" class=\"nd_options_second_font\">PROFIL DE LA SOCI\u00c9T\u00c9<\/p> <div style=\"background-color:;height: 35px\" class=\"nicdark_section\"><\/div>\n\t<div class=\"wpb_text_column wpb_content_element\" >\n\t\t<div class=\"wpb_wrapper\">\n\t\t\t<p><span style=\"color: #000000;\">D'HONDT INSURANCE nv est un interm\u00e9diaire d'assurance ind\u00e9pendant et sp\u00e9cialis\u00e9. Avec 2 bureaux et environ 35 employ\u00e9s en Flandre (Bruges et Anvers), nous avons une position concurrentielle forte sur le march\u00e9 de l'assurance. Notre portefeuille d'assurances se compose de PME sp\u00e9cialis\u00e9es dans le transport routier et la construction, d'ind\u00e9pendants et de particuliers. Notre succ\u00e8s repose sur l'attention que nous accordons \u00e0 chacun de nos clients ; cr\u00e9ativit\u00e9 et une approche sur mesure o\u00f9 les employ\u00e9s sont la pierre angulaire de notre entreprise.<\/span><\/p>\n<p>&nbsp;<\/p>\n<p>&nbsp;<\/p>\n<p>&nbsp;<\/p>\n<p><strong><span style=\"color: #000000;\">\u00cates-vous notre candidat? Veuillez envoyer votre r\u00e9ponse motiv\u00e9e avec CV via le bouton ci-dessous.<\/span><\/strong><\/p>\n\n\t\t<\/div>\n\t<\/div>\n<div style=\"background-color:;height: 35px\" class=\"nicdark_section\"><\/div>\n\t\n\t<a style=\"border: px solid;border-radius:px;letter-spacing:px;line-height:16px;font-size:16px;background-color:#1e5a9e;padding:10px 20px;margin:;color:#ffffff\" rel=\"\" href=\"https:\/\/www.dhondt-insurance.com\/fr\/solliciteren-bij-dhondt-insurance\/\" class=\"nicdark_display_inline_block nd_options_float_left nd_options_font_weight_normal nd_options_first_font\">&gt; SOLLICITEER HIER<\/a>\n\t\n<div style=\"background-color:;height: 55px\" class=\"nicdark_section\"><\/div><\/div><\/div><\/div><\/div><div class=\"vc_row wpb_row vc_inner vc_row-fluid vc_custom_1569482474546\"><div class=\"wpb_column vc_column_container vc_col-sm-12\"><div class=\"vc_column-inner\"><div class=\"wpb_wrapper\"><\/div><\/div><\/div><\/div><\/div><\/div><\/div><\/div><div data-vc-full-width=\"true\" data-vc-full-width-init=\"false\" class=\"vc_row wpb_row vc_row-fluid wpb_animate_when_almost_visible wpb_fadeIn fadeIn vc_custom_1645013187529 vc_row-has-fill\"><div class=\"wpb_column vc_column_container vc_col-sm-3\"><div class=\"vc_column-inner\"><div class=\"wpb_wrapper\">\n\t<div class=\"wpb_text_column wpb_content_element\" >\n\t\t<div class=\"wpb_wrapper\">\n\t\t\t<p><a href=\"https:\/\/www.dhondt-insurance.com\/fr\/producten\/\"><span style=\"color: #ffffff;\">&lt; Voir d&#039;autres produits<\/span><\/a><\/p>\n\n\t\t<\/div>\n\t<\/div>\n<\/div><\/div><\/div><div class=\"wpb_column vc_column_container vc_col-sm-6\"><div class=\"vc_column-inner\"><div class=\"wpb_wrapper\"><\/div><\/div><\/div><div class=\"wpb_column vc_column_container vc_col-sm-3\"><div class=\"vc_column-inner\"><div class=\"wpb_wrapper\">\n\t<div class=\"wpb_text_column wpb_content_element\" >\n\t\t<div class=\"wpb_wrapper\">\n\t\t\t<p><a href=\"https:\/\/www.dhondt-insurance.com\/fr\/contact\/\"><span style=\"color: #ffffff;\">Contactez-nous &gt;<\/span><\/a><\/p>\n\n\t\t<\/div>\n\t<\/div>\n<\/div><\/div><\/div><\/div><div class=\"vc_row-full-width vc_clearfix\"><\/div>\n<\/div>","protected":false},"excerpt":{"rendered":"JOBS &nbsp; \u00a0 \u00a0 \u00a0 \u00a0 \u00a0 \u00a0 \u00a0 \u00a0 \u00a0 &gt; ACCOUNTMANAGER BOAR-VERZEKERINGEN \u00a0 \u00a0 \u00a0 \u00a0 \u00a0 \u00a0 \u00a0 \u00a0 \u00a0 &gt; DOSSIERBEHEERDER SCHADE \u00a0 \u00a0 \u00a0 \u00a0 \u00a0 \u00a0 \u00a0 \u00a0 \u00a0 &gt; ADMINISTRATIEF BEDIENDE \u00a0 \u00a0 \u00a0 \u00a0 \u00a0 \u00a0 \u00a0 \u00a0 \u00a0 &gt; INTERNE SALES MEDEWERKER \u00a0 \u00a0 \u00a0 \u00a0 [...]","protected":false},"author":1,"featured_media":0,"parent":0,"menu_order":0,"comment_status":"closed","ping_status":"closed","template":"","meta":{"footnotes":""},"class_list":["post-5758","page","type-page","status-publish","hentry"],"_links":{"self":[{"href":"https:\/\/www.dhondt-insurance.com\/fr\/wp-json\/wp\/v2\/pages\/5758","targetHints":{"allow":["GET"]}}],"collection":[{"href":"https:\/\/www.dhondt-insurance.com\/fr\/wp-json\/wp\/v2\/pages"}],"about":[{"href":"https:\/\/www.dhondt-insurance.com\/fr\/wp-json\/wp\/v2\/types\/page"}],"author":[{"embeddable":true,"href":"https:\/\/www.dhondt-insurance.com\/fr\/wp-json\/wp\/v2\/users\/1"}],"replies":[{"embeddable":true,"href":"https:\/\/www.dhondt-insurance.com\/fr\/wp-json\/wp\/v2\/comments?post=5758"}],"version-history":[{"count":11,"href":"https:\/\/www.dhondt-insurance.com\/fr\/wp-json\/wp\/v2\/pages\/5758\/revisions"}],"predecessor-version":[{"id":8748,"href":"https:\/\/www.dhondt-insurance.com\/fr\/wp-json\/wp\/v2\/pages\/5758\/revisions\/8748"}],"wp:attachment":[{"href":"https:\/\/www.dhondt-insurance.com\/fr\/wp-json\/wp\/v2\/media?parent=5758"}],"curies":[{"name":"wp","href":"https:\/\/api.w.org\/{rel}","templated":true}]}}