{"id":5652,"date":"2021-05-20T06:57:30","date_gmt":"2021-05-20T06:57:30","guid":{"rendered":"https:\/\/www.dhondt-insurance.com\/?page_id=5652"},"modified":"2025-12-14T20:47:45","modified_gmt":"2025-12-14T20:47:45","slug":"interne-sales-medewerker","status":"publish","type":"page","link":"https:\/\/www.dhondt-insurance.com\/fr\/interne-sales-medewerker\/","title":{"rendered":"Interne sales medewerker"},"content":{"rendered":"<div class=\"wpb-content-wrapper\"><div class=\"vc_row wpb_row vc_row-fluid wpb_animate_when_almost_visible wpb_fadeIn fadeIn\"><div class=\"wpb_column vc_column_container vc_col-sm-6\"><div class=\"vc_column-inner\"><div class=\"wpb_wrapper\"><\/div><\/div><\/div><div class=\"wpb_column vc_column_container vc_col-sm-6 vc_hidden-xs vc_col-has-fill\"><div class=\"vc_column-inner vc_custom_1645013229888\"><div class=\"wpb_wrapper\">\n\t<div class=\"wpb_text_column wpb_content_element\" >\n\t\t<div class=\"wpb_wrapper\">\n\t\t\t<h4><\/h4>\n<h4 style=\"padding-left: 80px;\"><span style=\"color: #ffffff;\"><strong>TRAVAUX<\/strong><\/span><\/h4>\n<p>&nbsp;<\/p>\n<h4 style=\"padding-left: 80px;\"><\/h4>\n<p><span style=\"color: #ffffff;\"><a style=\"color: #ffffff;\" href=\"https:\/\/www.dhondt-insurance.com\/fr\/accountmanager-boar-verzekeringen\/\">\u00a0 \u00a0 \u00a0 \u00a0 \u00a0 \u00a0 \u00a0 \u00a0 \u00a0 &gt; ACCOUNTMANAGER BOAR-VERZEKERINGEN<\/a><\/span><\/p>\n<p><span style=\"color: #ffffff;\"><a style=\"color: #ffffff;\" href=\"https:\/\/www.dhondt-insurance.com\/fr\/dossierbeheerder-schade\/\">\u00a0 \u00a0 \u00a0 \u00a0 \u00a0 \u00a0 \u00a0 \u00a0 \u00a0 &gt; DOSSIERBEHEERDER SCHADE<\/a><\/span><\/p>\n<p><span style=\"color: #ffffff;\"><a style=\"color: #ffffff;\" href=\"https:\/\/www.dhondt-insurance.com\/fr\/administratief-bediende-m-v\/\">\u00a0 \u00a0 \u00a0 \u00a0 \u00a0 \u00a0 \u00a0 \u00a0 \u00a0 &gt; ADMINISTRATIEF BEDIENDE<\/a><\/span><\/p>\n<p><span style=\"color: #ffffff;\"><a style=\"color: #ffffff;\" href=\"https:\/\/www.dhondt-insurance.com\/fr\/administratief-bediende-m-v\/\">\u00a0 \u00a0 \u00a0 \u00a0 \u00a0 \u00a0 \u00a0 \u00a0 \u00a0 <\/a><a style=\"color: #ffffff;\" href=\"https:\/\/www.dhondt-insurance.com\/fr\/interne-sales-medewerker\/\">&gt; INTERNE SALES MEDEWERKER<\/a><\/span><\/p>\n<p><span style=\"color: #ffffff;\"><a style=\"color: #ffffff;\" href=\"https:\/\/www.dhondt-insurance.com\/fr\/beheerder-productie-kmo\/\">\u00a0 \u00a0 \u00a0 \u00a0 \u00a0 \u00a0 \u00a0 \u00a0 \u00a0 &gt; BEHEERDER PRODUCTIE KMO<\/a><\/span><\/p>\n<p><span style=\"color: #ffffff;\"><a style=\"color: #ffffff;\" href=\"https:\/\/www.dhondt-insurance.com\/fr\/verzekeringsadviseur-leven\/\">\u00a0 \u00a0 \u00a0 \u00a0 \u00a0 \u00a0 \u00a0 \u00a0 \u00a0 &gt; VERZEKERINGSDADVISEUR LEVEN<\/a><\/span><\/p>\n\n\t\t<\/div>\n\t<\/div>\n<\/div><\/div><\/div><\/div><div class=\"vc_row wpb_row vc_row-fluid wpb_animate_when_almost_visible wpb_fadeIn fadeIn\"><div class=\"wpb_column vc_column_container vc_col-sm-12\"><div class=\"vc_column-inner\"><div class=\"wpb_wrapper\"><div class=\"vc_row wpb_row vc_inner vc_row-fluid vc_custom_1569482474546\"><div class=\"wpb_column vc_column_container vc_col-sm-12\"><div class=\"vc_column-inner\"><div class=\"wpb_wrapper\"><div style=\"background-color:;height: 50px\" class=\"nicdark_section\"><\/div> <h3 style=\"color:#1e5a9e;padding:px;text-align:;font-size:px;line-height:px;letter-spacing: 4px;font-weight:bold\" class=\"nd_options_second_font\">&gt; INTERNE SALES MEDEWERKER<\/h3> <div style=\"background-color:;height: 25px\" class=\"nicdark_section\"><\/div> <h5 style=\"color:#1e5a9e;padding:px;text-align:;font-size:px;line-height:px;letter-spacing: 4px;font-weight:normal\" class=\"nd_options_second_font\">POUR NOTRE BUREAU DE BRUGES<\/h5> <div style=\"background-color:;height: 50px\" class=\"nicdark_section\"><\/div><\/div><\/div><\/div><\/div><div class=\"vc_row wpb_row vc_inner vc_row-fluid\"><div class=\"wpb_column vc_column_container vc_col-sm-12\"><div class=\"vc_column-inner\"><div class=\"wpb_wrapper\"><div style=\"background-color:;height: 50px\" class=\"nicdark_section\"><\/div> <h5 style=\"color:#1e5a9e;padding:px;text-align:;font-size:16px;line-height:px;letter-spacing: px;font-weight:bold\" class=\"nd_options_second_font\">QUEL EST VOTRE CONTENU DE TRAVAIL<\/h5> <div style=\"background-color:;height: 35px\" class=\"nicdark_section\"><\/div>\n\t<div class=\"wpb_text_column wpb_content_element\" >\n\t\t<div class=\"wpb_wrapper\">\n\t\t\t<ul>\n<li style=\"list-style-type: none;\">\n<ul>\n<li>\n<p class=\"p1\"><span style=\"color: #000000;\">Na een <strong>interne opleiding<\/strong> krijg je een eigen klantenportefeuille toegewezen.<\/span><\/p>\n<\/li>\n<li>\n<p class=\"p1\"><span style=\"color: #000000;\">Je beheert je <strong>eigen klantenportefeuille<\/strong> (B2B klanten).<\/span><\/p>\n<\/li>\n<li>\n<p class=\"p1\"><span style=\"color: #000000;\">Je biedt <strong>A tot Z ondersteuning<\/strong>, advies en service aan de klant.<\/span><\/p>\n<\/li>\n<li>\n<p class=\"p1\"><span style=\"color: #000000;\">Je maakt <strong>offertes<\/strong> op.<\/span><\/p>\n<\/li>\n<li>\n<p class=\"p1\"><span style=\"color: #000000;\">Vous <strong>prospecteert<\/strong> naar nieuwe doelgroepen.<\/span><\/p>\n<\/li>\n<li>\n<p class=\"p1\"><span style=\"color: #000000;\">Je houdt de klantenfiches up-to-date.<\/span><\/p>\n<\/li>\n<li>\n<p class=\"p1\"><span style=\"color: #000000;\">Je staat in voor<strong> cross-selling<\/strong> binnen de bestaande klantenportefeuille.<\/span><\/p>\n<\/li>\n<li>\n<p class=\"p1\"><span style=\"color: #000000;\">Je verzorgt de <strong>communicatie<\/strong> met klanten via telefoon en e-mail.<\/span><\/p>\n<\/li>\n<li>\n<p class=\"p1\"><span style=\"color: #000000;\">Je verzorgt, samen met de collega\u2019s, de <strong>dienst na verkoop<\/strong>.<\/span><\/p>\n<\/li>\n<li>\n<p class=\"p1\"><span style=\"color: #000000;\">Je streeft naar een <strong>optimale klantentevredenheid<\/strong>.<\/span><\/p>\n<\/li>\n<li>\n<p class=\"p1\"><span style=\"color: #000000;\"><strong>Je ondersteunt<\/strong> de commerci\u00eble buitendienst.<\/span><\/p>\n<\/li>\n<\/ul>\n<\/li>\n<\/ul>\n\n\t\t<\/div>\n\t<\/div>\n<\/div><\/div><\/div><\/div><div class=\"vc_row wpb_row vc_inner vc_row-fluid\"><div class=\"wpb_column vc_column_container vc_col-sm-12\"><div class=\"vc_column-inner\"><div class=\"wpb_wrapper\"><div style=\"background-color:;height: 50px\" class=\"nicdark_section\"><\/div> <p style=\"color:#1e5a9e;padding:px;text-align:;font-size:16px;line-height:px;letter-spacing: px;font-weight:bold\" class=\"nd_options_second_font\">TES COMP\u00c9TENCES<\/p> <div style=\"background-color:;height: 35px\" class=\"nicdark_section\"><\/div>\n\t<div class=\"wpb_text_column wpb_content_element\" >\n\t\t<div class=\"wpb_wrapper\">\n\t\t\t<ul>\n<li style=\"list-style-type: none;\">\n<ul>\n<li><span style=\"color: #000000;\">Je hebt bij voorkeur een <strong>Bachelorsdiploma of A2<\/strong> met relevante commerci\u00eble \u2013 administratieve ervaring.<\/span><\/li>\n<li><span style=\"color: #000000;\"><strong>Nederlandse, Franse en Engelse taal<\/strong> vormen voor jou geen probleem.<\/span><\/li>\n<li><span style=\"color: #000000;\">Je gebruikt deze talen zowel schriftelijk als mondeling. Elke andere taal is een pluspunt.<span class=\"Apple-converted-space\">\u00a0<\/span><\/span><\/li>\n<li><span style=\"color: #000000;\">Je houdt ervan om in <strong>team<\/strong> te werken en hebt oog voor <strong>nauwkeurigheid.<\/strong>\u00a0<\/span><\/li>\n<li><span style=\"color: #000000;\">Je bent een krak in <strong>administration<\/strong>.\u00a0<\/span><\/li>\n<li><span style=\"color: #000000;\">Je bent een geboren communicator, telefonische contacten schrikken je niet af.<\/span><\/li>\n<li><span style=\"color: #000000;\">Vous \u00eates un <strong>doorzetter<\/strong> en beschikt over een gezonde dosis zelfmotivatie, zelfdiscipline en verantwoordelijkheidszin.<span class=\"Apple-converted-space\">\u00a0<\/span><\/span><\/li>\n<li><span style=\"color: #000000;\">Je beschikt over een gezonde dosis <strong>assertiviteit<\/strong>.\u00a0<\/span><\/li>\n<\/ul>\n<\/li>\n<\/ul>\n\n\t\t<\/div>\n\t<\/div>\n<div style=\"background-color:;height: 35px\" class=\"nicdark_section\"><\/div> <p style=\"color:#1e5a9e;padding:px;text-align:;font-size:16px;line-height:px;letter-spacing: px;font-weight:bold\" class=\"nd_options_second_font\">NOTRE PROPOSITION<\/p> <div style=\"background-color:;height: 35px\" class=\"nicdark_section\"><\/div>\n\t<div class=\"wpb_text_column wpb_content_element\" >\n\t\t<div class=\"wpb_wrapper\">\n\t\t\t<ul>\n<li style=\"list-style-type: none;\">\n<ul>\n<li class=\"p1\"><span style=\"color: #000000;\"><strong>Een voltijdse betrekking<\/strong> van onbepaalde duur in een dynamisch bedrijf waar er aandacht is voor persoonlijke ontwikkeling en tevredenheid van de medewerkers<span class=\"Apple-converted-space\">\u00a0<\/span><\/span><\/li>\n<li class=\"li2\"><span style=\"color: #000000;\"><strong>Een marktconform salaris<\/strong>, aangevuld met extralegale voordelen<span class=\"Apple-converted-space\">\u00a0<\/span><\/span><\/li>\n<li class=\"li2\"><span style=\"color: #000000;\">Een functie met heel wat <strong>verantwoordelijkheden en zelfstandigheid<span class=\"Apple-converted-space\">\u00a0<\/span><\/strong><\/span><\/li>\n<\/ul>\n<\/li>\n<\/ul>\n<ul>\n<li style=\"list-style-type: none;\"><\/li>\n<\/ul>\n\n\t\t<\/div>\n\t<\/div>\n<div style=\"background-color:;height: 35px\" class=\"nicdark_section\"><\/div> <p style=\"color:#1e5a9e;padding:px;text-align:;font-size:16px;line-height:px;letter-spacing: px;font-weight:bold\" class=\"nd_options_second_font\">PROFIL DE LA SOCI\u00c9T\u00c9<\/p> <div style=\"background-color:;height: 35px\" class=\"nicdark_section\"><\/div>\n\t<div class=\"wpb_text_column wpb_content_element\" >\n\t\t<div class=\"wpb_wrapper\">\n\t\t\t<p><span style=\"color: #000000;\">D'HONDT INSURANCE nv est un interm\u00e9diaire d'assurance ind\u00e9pendant et sp\u00e9cialis\u00e9. Avec 2 bureaux et environ 35 employ\u00e9s en Flandre (Bruges et Anvers), nous avons une position concurrentielle forte sur le march\u00e9 de l'assurance. Notre portefeuille d'assurances se compose de PME sp\u00e9cialis\u00e9es dans le transport routier et la construction, d'ind\u00e9pendants et de particuliers. Notre succ\u00e8s repose sur l'attention que nous accordons \u00e0 chacun de nos clients ; cr\u00e9ativit\u00e9 et une approche sur mesure o\u00f9 les employ\u00e9s sont la pierre angulaire de notre entreprise.<\/span><\/p>\n<p>&nbsp;<\/p>\n<p>&nbsp;<\/p>\n<p>&nbsp;<\/p>\n<p><strong><span style=\"color: #000000;\">\u00cates-vous notre candidat? Veuillez envoyer votre r\u00e9ponse motiv\u00e9e avec CV via le bouton ci-dessous.<\/span><\/strong><\/p>\n\n\t\t<\/div>\n\t<\/div>\n<div style=\"background-color:;height: 35px\" class=\"nicdark_section\"><\/div>\n\t\n\t<a style=\"border: px solid;border-radius:px;letter-spacing:px;line-height:16px;font-size:16px;background-color:#1e5a9e;padding:10px 20px;margin:;color:#ffffff\" rel=\"\" href=\"https:\/\/www.dhondt-insurance.com\/fr\/solliciteren-bij-dhondt-insurance\/\" class=\"nicdark_display_inline_block nd_options_float_left nd_options_font_weight_normal nd_options_first_font\">&gt; SOLLICITEER HIER<\/a>\n\t\n<div style=\"background-color:;height: 55px\" class=\"nicdark_section\"><\/div><\/div><\/div><\/div><\/div><div class=\"vc_row wpb_row vc_inner vc_row-fluid vc_custom_1569482474546\"><div class=\"wpb_column vc_column_container vc_col-sm-12\"><div class=\"vc_column-inner\"><div class=\"wpb_wrapper\"><\/div><\/div><\/div><\/div><\/div><\/div><\/div><\/div><div data-vc-full-width=\"true\" data-vc-full-width-init=\"false\" class=\"vc_row wpb_row vc_row-fluid wpb_animate_when_almost_visible wpb_fadeIn fadeIn vc_custom_1645013244356 vc_row-has-fill\"><div class=\"wpb_column vc_column_container vc_col-sm-3\"><div class=\"vc_column-inner\"><div class=\"wpb_wrapper\">\n\t<div class=\"wpb_text_column wpb_content_element\" >\n\t\t<div class=\"wpb_wrapper\">\n\t\t\t<p><a href=\"https:\/\/www.dhondt-insurance.com\/fr\/producten\/\"><span style=\"color: #ffffff;\">&lt; Voir d&#039;autres produits<\/span><\/a><\/p>\n\n\t\t<\/div>\n\t<\/div>\n<\/div><\/div><\/div><div class=\"wpb_column vc_column_container vc_col-sm-6\"><div class=\"vc_column-inner\"><div class=\"wpb_wrapper\"><\/div><\/div><\/div><div class=\"wpb_column vc_column_container vc_col-sm-3\"><div class=\"vc_column-inner\"><div class=\"wpb_wrapper\">\n\t<div class=\"wpb_text_column wpb_content_element\" >\n\t\t<div class=\"wpb_wrapper\">\n\t\t\t<p><a href=\"https:\/\/www.dhondt-insurance.com\/fr\/contact\/\"><span style=\"color: #ffffff;\">Contactez-nous &gt;<\/span><\/a><\/p>\n\n\t\t<\/div>\n\t<\/div>\n<\/div><\/div><\/div><\/div><div class=\"vc_row-full-width vc_clearfix\"><\/div>\n<\/div>","protected":false},"excerpt":{"rendered":"JOBS &nbsp; \u00a0 \u00a0 \u00a0 \u00a0 \u00a0 \u00a0 \u00a0 \u00a0 \u00a0 &gt; ACCOUNTMANAGER BOAR-VERZEKERINGEN \u00a0 \u00a0 \u00a0 \u00a0 \u00a0 \u00a0 \u00a0 \u00a0 \u00a0 &gt; DOSSIERBEHEERDER SCHADE \u00a0 \u00a0 \u00a0 \u00a0 \u00a0 \u00a0 \u00a0 \u00a0 \u00a0 &gt; ADMINISTRATIEF BEDIENDE \u00a0 \u00a0 \u00a0 \u00a0 \u00a0 \u00a0 \u00a0 \u00a0 \u00a0 &gt; INTERNE SALES MEDEWERKER \u00a0 \u00a0 \u00a0 \u00a0 [...]","protected":false},"author":1,"featured_media":0,"parent":0,"menu_order":0,"comment_status":"closed","ping_status":"closed","template":"","meta":{"footnotes":""},"class_list":["post-5652","page","type-page","status-publish","hentry"],"_links":{"self":[{"href":"https:\/\/www.dhondt-insurance.com\/fr\/wp-json\/wp\/v2\/pages\/5652","targetHints":{"allow":["GET"]}}],"collection":[{"href":"https:\/\/www.dhondt-insurance.com\/fr\/wp-json\/wp\/v2\/pages"}],"about":[{"href":"https:\/\/www.dhondt-insurance.com\/fr\/wp-json\/wp\/v2\/types\/page"}],"author":[{"embeddable":true,"href":"https:\/\/www.dhondt-insurance.com\/fr\/wp-json\/wp\/v2\/users\/1"}],"replies":[{"embeddable":true,"href":"https:\/\/www.dhondt-insurance.com\/fr\/wp-json\/wp\/v2\/comments?post=5652"}],"version-history":[{"count":7,"href":"https:\/\/www.dhondt-insurance.com\/fr\/wp-json\/wp\/v2\/pages\/5652\/revisions"}],"predecessor-version":[{"id":8754,"href":"https:\/\/www.dhondt-insurance.com\/fr\/wp-json\/wp\/v2\/pages\/5652\/revisions\/8754"}],"wp:attachment":[{"href":"https:\/\/www.dhondt-insurance.com\/fr\/wp-json\/wp\/v2\/media?parent=5652"}],"curies":[{"name":"wp","href":"https:\/\/api.w.org\/{rel}","templated":true}]}}