{"id":5070,"date":"2020-11-03T12:37:51","date_gmt":"2020-11-03T12:37:51","guid":{"rendered":"https:\/\/dhondt-insurance.com\/?page_id=5070"},"modified":"2025-09-04T08:40:42","modified_gmt":"2025-09-04T08:40:42","slug":"vacatures","status":"publish","type":"page","link":"https:\/\/www.dhondt-insurance.com\/fr\/vacatures\/","title":{"rendered":"Offres d'emploi"},"content":{"rendered":"<div class=\"wpb-content-wrapper\"><div class=\"vc_row wpb_row vc_row-fluid wpb_animate_when_almost_visible wpb_fadeIn fadeIn\"><div class=\"wpb_column vc_column_container vc_col-sm-12\"><div class=\"vc_column-inner\"><div class=\"wpb_wrapper\"><div style=\"background-color:;height: 25px\" class=\"nicdark_section\"><\/div><\/div><\/div><\/div><\/div><div class=\"vc_row wpb_row vc_row-fluid wpb_animate_when_almost_visible wpb_fadeIn fadeIn vc_custom_1604333670867 vc_row-o-content-middle vc_row-flex\"><div class=\"wpb_column vc_column_container vc_col-sm-6\"><div class=\"vc_column-inner\"><div class=\"wpb_wrapper\"> <h3 style=\"color:#0077c6;padding:px;text-align:;font-size:px;line-height:px;letter-spacing: 4px;font-weight:bold\" class=\"nd_options_second_font\">&gt; OFFRES D\u2019EMPLOI<\/h3> <\/div><\/div><\/div><div class=\"wpb_column vc_column_container vc_col-sm-6\"><div class=\"vc_column-inner vc_custom_1467360650255\"><div class=\"wpb_wrapper\"><div style=\"background-color:;height: 15px\" class=\"nicdark_section\"><\/div><div style=\"background-color:;height: 15px\" class=\"nicdark_section\"><\/div><\/div><\/div><\/div><\/div><div class=\"vc_row wpb_row vc_row-fluid wpb_animate_when_almost_visible wpb_fadeIn fadeIn\"><div class=\"wpb_column vc_column_container vc_col-sm-12\"><div class=\"vc_column-inner\"><div class=\"wpb_wrapper\"><div style=\"background-color:;height: 50px\" class=\"nicdark_section\"><\/div><div class=\"vc_row wpb_row vc_inner vc_row-fluid vc_custom_1569482474546\"><div class=\"wpb_column vc_column_container vc_col-sm-6\"><div class=\"vc_column-inner\"><div class=\"wpb_wrapper\">\n\t<div  class=\"wpb_single_image wpb_content_element vc_align_left wpb_content_element\">\n\t\t\n\t\t<figure class=\"wpb_wrapper vc_figure\">\n\t\t\t<div class=\"vc_single_image-wrapper   vc_box_border_grey\"><img loading=\"lazy\" decoding=\"async\" width=\"2560\" height=\"1707\" src=\"https:\/\/www.dhondt-insurance.com\/wp-content\/uploads\/2020\/11\/AdobeStock_192825974-scaled.jpeg\" class=\"vc_single_image-img attachment-full\" alt=\"\" title=\"Group of business people and software developers working as a team in office\" srcset=\"https:\/\/www.dhondt-insurance.com\/wp-content\/uploads\/2020\/11\/AdobeStock_192825974-scaled.jpeg 2560w, https:\/\/www.dhondt-insurance.com\/wp-content\/uploads\/2020\/11\/AdobeStock_192825974-300x200.jpeg 300w, https:\/\/www.dhondt-insurance.com\/wp-content\/uploads\/2020\/11\/AdobeStock_192825974-1024x683.jpeg 1024w, https:\/\/www.dhondt-insurance.com\/wp-content\/uploads\/2020\/11\/AdobeStock_192825974-768x512.jpeg 768w, https:\/\/www.dhondt-insurance.com\/wp-content\/uploads\/2020\/11\/AdobeStock_192825974-1536x1024.jpeg 1536w, https:\/\/www.dhondt-insurance.com\/wp-content\/uploads\/2020\/11\/AdobeStock_192825974-2048x1365.jpeg 2048w, https:\/\/www.dhondt-insurance.com\/wp-content\/uploads\/2020\/11\/AdobeStock_192825974-16x12.jpeg 16w\" sizes=\"auto, (max-width: 2560px) 100vw, 2560px\" \/><\/div>\n\t\t<\/figure>\n\t<\/div>\n<div style=\"background-color:;height: 50px\" class=\"nicdark_section\"><\/div><\/div><\/div><\/div><div class=\"wpb_column vc_column_container vc_col-sm-6\"><div class=\"vc_column-inner\"><div class=\"wpb_wrapper\"> <h2 style=\"color:#000000;padding:px;text-align:;font-size:25px;line-height:40px;letter-spacing: px;font-weight:bold\" class=\"nd_options_font_size_40_important_all_iphone nd_options_second_font\">Vous cherchez un emploi?<\/h2> <div style=\"background-color:;height: 50px\" class=\"nicdark_section\"><\/div> <h2 style=\"color:;padding:px;text-align:;font-size:30px;line-height:40px;letter-spacing: px;font-weight:normal\" class=\"nd_options_text_align_left_responsive_important nd_options_first_font\">Jetez un \u0153il \u00e0 nos offres d\u2019emploi et, qui sait, nous aurons peut-\u00eatre la chance de vous accueillir bient\u00f4t dans notre \u00e9quipe !<\/h2> <div style=\"background-color:;height: 50px\" class=\"nicdark_section\"><\/div><\/div><\/div><\/div><\/div><\/div><\/div><\/div><\/div><div class=\"vc_row wpb_row vc_row-fluid vc_row-o-equal-height vc_row-flex\"><div class=\"wpb_column vc_column_container vc_col-sm-12\"><div class=\"vc_column-inner\"><div class=\"wpb_wrapper\"><div style=\"background-color:;height: 25px\" class=\"nicdark_section\"><\/div><\/div><\/div><\/div><\/div><div data-vc-full-width=\"true\" data-vc-full-width-init=\"false\" class=\"vc_row wpb_row vc_row-fluid wpb_animate_when_almost_visible wpb_fadeIn fadeIn vc_custom_1604421246334 vc_row-has-fill vc_row-o-equal-height vc_row-o-content-middle vc_row-flex\"><div class=\"wpb_column vc_column_container vc_col-sm-6 vc_col-has-fill\"><div class=\"vc_column-inner vc_custom_1604419232711\"><div class=\"wpb_wrapper\"><div style=\"background-color:;height: 50px\" class=\"nicdark_section\"><\/div><div style=\"background-color:;height: 35px\" class=\"nicdark_section\"><\/div> <h2 style=\"color:#000000;padding:px;text-align:center;font-size:25px;line-height:40px;letter-spacing: px;font-weight:bold\" class=\"nd_options_font_size_40_important_all_iphone nd_options_second_font\">Emplois<\/h2> <div style=\"background-color:;height: 20px\" class=\"nicdark_section\"><\/div> <h2 style=\"color:#000000;padding:px;text-align:center;font-size:25px;line-height:30px;letter-spacing: px;font-weight:normal\" class=\"nd_options_text_align_center_responsive_important nd_options_first_font\">Consultez nos postes vacants ici<\/h2> <div style=\"background-color:;height: 60px\" class=\"nicdark_section\"><\/div>\n\t<div class=\"nd_options_section nd_options_text_align_center\">\n\t<a style=\"border: px solid;border-radius:px;letter-spacing:px;line-height:18px;font-size:18px;background-color:;padding:10px 20px;margin:5px;color:#1e73be\" rel=\"\" href=\"https:\/\/www.dhondt-insurance.com\/fr\/administratief-bediende-m-v\/\" class=\"nicdark_display_inline_block  nd_options_font_weight_normal nd_options_second_font banner_button\">&gt; Bekijk vacatures<\/a>\n\t<\/div>\n<div style=\"background-color:;height: 50px\" class=\"nicdark_section\"><\/div><\/div><\/div><\/div><div class=\"wpb_column vc_column_container vc_col-sm-6 vc_col-has-fill\"><div class=\"vc_column-inner vc_custom_1604420471140\"><div class=\"wpb_wrapper\">\n\t<div  class=\"wpb_single_image wpb_content_element vc_align_center wpb_content_element\">\n\t\t\n\t\t<figure class=\"wpb_wrapper vc_figure\">\n\t\t\t<div class=\"vc_single_image-wrapper   vc_box_border_grey\"><img loading=\"lazy\" decoding=\"async\" width=\"129\" height=\"300\" src=\"https:\/\/www.dhondt-insurance.com\/wp-content\/uploads\/2020\/11\/2222-129x300.png\" class=\"vc_single_image-img attachment-medium\" alt=\"\" title=\"\" srcset=\"https:\/\/www.dhondt-insurance.com\/wp-content\/uploads\/2020\/11\/2222-129x300.png 129w, https:\/\/www.dhondt-insurance.com\/wp-content\/uploads\/2020\/11\/2222-5x12.png 5w, https:\/\/www.dhondt-insurance.com\/wp-content\/uploads\/2020\/11\/2222.png 411w\" sizes=\"auto, (max-width: 129px) 100vw, 129px\" \/><\/div>\n\t\t<\/figure>\n\t<\/div>\n<\/div><\/div><\/div><\/div><div class=\"vc_row-full-width vc_clearfix\"><\/div><div data-vc-full-width=\"true\" data-vc-full-width-init=\"false\" class=\"vc_row wpb_row vc_row-fluid wpb_animate_when_almost_visible wpb_fadeIn fadeIn vc_custom_1604421252028 vc_row-has-fill vc_row-o-equal-height vc_row-o-content-middle vc_row-flex\"><div class=\"wpb_column vc_column_container vc_col-sm-6 vc_col-has-fill\"><div class=\"vc_column-inner vc_custom_1604420486462\"><div class=\"wpb_wrapper\"><div style=\"background-color:;height: 150px\" class=\"nicdark_section\"><\/div><\/div><\/div><\/div><div class=\"wpb_column vc_column_container vc_col-sm-6 vc_col-has-fill\"><div class=\"vc_column-inner vc_custom_1604403348814\"><div class=\"wpb_wrapper\"><div style=\"background-color:;height: 50px\" class=\"nicdark_section\"><\/div><div style=\"background-color:;height: 35px\" class=\"nicdark_section\"><\/div> <h2 style=\"color:#000000;padding:px;text-align:center;font-size:25px;line-height:40px;letter-spacing: px;font-weight:bold\" class=\"nd_options_font_size_40_important_all_iphone nd_options_second_font\">Candidature spontan\u00e9e<\/h2> <div style=\"background-color:;height: 20px\" class=\"nicdark_section\"><\/div> <h2 style=\"color:#000000;padding:px;text-align:center;font-size:25px;line-height:30px;letter-spacing: px;font-weight:normal\" class=\"nd_options_text_align_center_responsive_important nd_options_first_font\">Envie de relever un nouveau d\u00e9fi?<\/h2> <div style=\"background-color:;height: 60px\" class=\"nicdark_section\"><\/div>\n\t<div class=\"nd_options_section nd_options_text_align_center\">\n\t<a style=\"border: px solid;border-radius:px;letter-spacing:px;line-height:18px;font-size:18px;background-color:;padding:10px 20px;margin:5px;color:#1e73be\" rel=\"\" href=\"mailto:hr@dhondt-insurance.com\" class=\"nicdark_display_inline_block  nd_options_font_weight_normal nd_options_second_font banner_button\">&gt; Mail ons<\/a>\n\t<\/div>\n<div style=\"background-color:;height: 50px\" class=\"nicdark_section\"><\/div><\/div><\/div><\/div><\/div><div class=\"vc_row-full-width vc_clearfix\"><\/div><div class=\"vc_row wpb_row vc_row-fluid\"><div class=\"wpb_column vc_column_container vc_col-sm-12\"><div class=\"vc_column-inner\"><div class=\"wpb_wrapper\"><div style=\"background-color:;height: 25px\" class=\"nicdark_section\"><\/div><\/div><\/div><\/div><\/div>\n<\/div>","protected":false},"excerpt":{"rendered":"&gt; VACATURES Op zoek naar een nieuwe job? Bekijk dan zeker eens onze openstaande vacatures en wie weet mogen we je binnenkort verwelkomen in ons team! Jobs Bekijk hier onze openstaande vacatures &gt; Bekijk vacatures Solliciteer spontaan Klaar voor een nieuwe uitdaging? &gt; Mail ons","protected":false},"author":1,"featured_media":0,"parent":0,"menu_order":0,"comment_status":"closed","ping_status":"closed","template":"","meta":{"footnotes":""},"class_list":["post-5070","page","type-page","status-publish","hentry"],"_links":{"self":[{"href":"https:\/\/www.dhondt-insurance.com\/fr\/wp-json\/wp\/v2\/pages\/5070","targetHints":{"allow":["GET"]}}],"collection":[{"href":"https:\/\/www.dhondt-insurance.com\/fr\/wp-json\/wp\/v2\/pages"}],"about":[{"href":"https:\/\/www.dhondt-insurance.com\/fr\/wp-json\/wp\/v2\/types\/page"}],"author":[{"embeddable":true,"href":"https:\/\/www.dhondt-insurance.com\/fr\/wp-json\/wp\/v2\/users\/1"}],"replies":[{"embeddable":true,"href":"https:\/\/www.dhondt-insurance.com\/fr\/wp-json\/wp\/v2\/comments?post=5070"}],"version-history":[{"count":2,"href":"https:\/\/www.dhondt-insurance.com\/fr\/wp-json\/wp\/v2\/pages\/5070\/revisions"}],"predecessor-version":[{"id":8626,"href":"https:\/\/www.dhondt-insurance.com\/fr\/wp-json\/wp\/v2\/pages\/5070\/revisions\/8626"}],"wp:attachment":[{"href":"https:\/\/www.dhondt-insurance.com\/fr\/wp-json\/wp\/v2\/media?parent=5070"}],"curies":[{"name":"wp","href":"https:\/\/api.w.org\/{rel}","templated":true}]}}