{"id":3391,"date":"2020-05-07T13:08:03","date_gmt":"2020-05-07T13:08:03","guid":{"rendered":"http:\/\/dhondt-insurance.com\/?page_id=3391"},"modified":"2020-11-05T15:14:39","modified_gmt":"2020-11-05T15:14:39","slug":"mifid","status":"publish","type":"page","link":"https:\/\/www.dhondt-insurance.com\/fr\/mifid\/","title":{"rendered":"MIFID"},"content":{"rendered":"<div class=\"wpb-content-wrapper\"><div class=\"vc_row wpb_row vc_row-fluid\"><div class=\"wpb_column vc_column_container vc_col-sm-12\"><div class=\"vc_column-inner\"><div class=\"wpb_wrapper\"><div style=\"background-color:;height: 40px\" class=\"nicdark_section\"><\/div> <h3 style=\"color:#000000;padding:px;text-align:;font-size:px;line-height:px;letter-spacing: 4px;font-weight:bold\" class=\"nd_options_second_font\">&gt; CODE DE CONDUITE ASSURMIFID<\/h3> <div style=\"background-color:;height: 60px\" class=\"nicdark_section\"><\/div><div class=\"vc_row wpb_row vc_inner vc_row-fluid\"><div class=\"wpb_column vc_column_container vc_col-sm-12\"><div class=\"vc_column-inner\"><div class=\"wpb_wrapper\">\n\t<div class=\"wpb_text_column wpb_content_element\" >\n\t\t<div class=\"wpb_wrapper\">\n\t\t\t<p>Notre bureau est tenu de se conformer au \u00ab Code de conduite AssurMiFID \u00bb et vous fournira les renseignements suivants:<\/p>\n<p>&nbsp;<\/p>\n<p><span class=\"header\">1. Produits et services offerts<\/span><\/p>\n<p>&nbsp;<\/p>\n<p>1.1 Informations sur le concept de distribution de produits d\u2019assurance<\/p>\n<p>&nbsp;<\/p>\n<p>Notre bureau offre des services de distribution de produits d\u2019assurance, c\u2019est-\u00e0-dire les activit\u00e9s consistant \u00e0 conseiller sur les contrats d\u2019assurance, \u00e0 proposer, \u00e0 effectuer des travaux pr\u00e9paratoires pour conclure des contrats d\u2019assurance ou conclure des contrats d\u2019assurance, ou \u00e0 les aider dans leur gestion et leur mise en \u0153uvre.<\/p>\n<p>&nbsp;<\/p>\n<p>1.2 Nombres des branches et du titulaire<\/p>\n<p>&nbsp;<\/p>\n<p>1: Accidents<br \/>\n2: Maladie<br \/>\n3: V\u00e9hicule casco- \u00e0 l\u2019exclusion de l\u2019\u00e9quipement ferroviaire roulant<br \/>\n4: Mat\u00e9riel ferroviaire roulant Casco<br \/>\n5: A\u00e9ronefs casco<br \/>\n6: Marine de la cellule et barges<br \/>\n7: Marchandises transport\u00e9es y compris les marchandises \u00e0 vendre, bagages et toutes les autres marchandises<br \/>\n8: \u00c9v\u00e9nements d\u2019incendie et de nature<br \/>\n9: Autres dommages aux marchandises<br \/>\n10: BA motor vehicles<br \/>\n11: BA aircraft<br \/>\n12: BA sea and barges<br \/>\n13: General BA<br \/>\n14: Credit<br \/>\n15: Bail<br \/>\n16: Diverses pertes mon\u00e9taires<br \/>\n17: Protection juridique<br \/>\n18: Assistance<br \/>\n21: Polices d'assurance vie non li\u00e9es aux fonds d'investissement, \u00e0 l'exception de l'assurance dot et naissance<br \/>\n22: L\u2019assurance dot et naissance, non affili\u00e9e \u00e0 des fonds d\u2019investissement<br \/>\n23: Assurance vie, dot et naissance dans le cadre de fonds d\u2019investissement<br \/>\n26: Op\u00e9rations de capitalisation<br \/>\n27: Gestion des fonds de pension collectifs<\/p>\n<p>1.3 Conditions strat\u00e9giques (<a class=\"footer\" href=\"https:\/\/www.dhondt-insurance.com\/fr\/pages\/SectorCatalog.asp\/\">informations, y compris tir\u00e9es du catalogue sectoriel<\/a>)<\/p>\n<p><span class=\"header\">2. Informations sur la politique sur les conflits d\u2019int\u00e9r\u00eats<\/span><\/p>\n<p>&nbsp;<\/p>\n<p>Les r\u00e8gles de conduite de l\u2019AssurMiFID imposent \u00e0 notre bureau d\u2019\u00e9laborer une politique \u00e9crite pour la gestion des conflits d\u2019int\u00e9r\u00eats. Vous trouverez ci-dessous plus d\u2019informations sur la fa\u00e7on dont notre bureau met en \u0153uvre cette.<\/p>\n<p>&nbsp;<\/p>\n<p>RENSEIGNEMENTS SUR LA POLITIQUE DE CONFLIT D\u2019INT\u00c9R\u00caTS DE NOTRE BUREAU.<\/p>\n<p>&nbsp;<\/p>\n<p>2.1. Cadre l\u00e9gislatif<\/p>\n<p>&nbsp;<\/p>\n<p>&nbsp;<\/p>\n<p>\u00c0 compter du 30 avril 2014, les r\u00e8gles de conduite de l\u2019AssurMiFID seront en vigueur. Ils trouvent leur base juridique dans la loi du 30 juillet 2013 visant \u00e0 renforcer la protection des clients des produits et services financiers ainsi que les pouvoirs de la FSMA et diverses dispositions ainsi que la KB du 21 f\u00e9vrier 2014 relatif aux r\u00e8gles r\u00e9gissant l\u2019application des articles 27 \u00e0 28a de la loi du 2 ao\u00fbt 2002 sur le contr\u00f4le des services financiers et financiers du secteur de l\u2019assurance et kb du 21 f\u00e9vrier 2002 2014 sur les r\u00e8gles de conduite et les r\u00e8gles de gestion des conflits d\u2019int\u00e9r\u00eats, en ce qui concerne le secteur de l\u2019assurance.<br \/>\nConform\u00e9ment \u00e0 ces r\u00e8gles de conduite, notre bureau est tenu d\u2019\u00e9tablir une politique \u00e9crite pour la gestion des conflits d\u2019int\u00e9r\u00eats dans la fourniture de services de distribution de produits d\u2019assurance.<br \/>\nLa l\u00e9gislation sur les conflits d\u2019int\u00e9r\u00eats s\u2019ajoute \u00e0 la Constitution g\u00e9n\u00e9rale du MiFID. Cette Constitution est respect\u00e9e par notre bureau en \u00e9tant loyal, \u00e9quitable et professionnel dans l\u2019int\u00e9r\u00eat du client dans la prestation de services de distribution de produits d\u2019assurance.<\/p>\n<p>&nbsp;<\/p>\n<p>2.2. Quels conflits d\u2019int\u00e9r\u00eats?<\/p>\n<p>&nbsp;<\/p>\n<p>Compte tenu de notre politique sur les conflits d\u2019int\u00e9r\u00eats, notre bureau a identifi\u00e9 les conflits d\u2019int\u00e9r\u00eats potentiels dans notre bureau dans un premier temps.<br \/>\nDes conflits d\u2019int\u00e9r\u00eats peuvent survenir entre (1) notre bureau et ses personnes connect\u00e9es et un client ou (2) entre plusieurs clients.<br \/>\nLa politique sur les conflits d\u2019int\u00e9r\u00eats tient compte des caract\u00e9ristiques de notre bureau et de sa structure de groupe possible. Lors de l\u2019\u00e9valuation des conflits d\u2019int\u00e9r\u00eats potentiels, notre bureau a identifi\u00e9 des situations o\u00f9 il y a un risque important de nuire aux int\u00e9r\u00eats du client.<br \/>\nIl s\u2019agit des situations o\u00f9 le profit est r\u00e9alis\u00e9 ou la perte est faite aux d\u00e9pens du client;<\/p>\n<p>Situations o\u00f9 notre bureau a un int\u00e9r\u00eat diff\u00e9rent dans le r\u00e9sultat du service ou de la transaction.<br \/>\nSituations avec une incitation financi\u00e8re \u00e0 mettre d\u2019autres clients en premier. Situations o\u00f9 la m\u00eame entreprise que le client est exerc\u00e9e.<br \/>\nSituations o\u00f9 notre bureau re\u00e7oit une indemnisation d\u2019une personne autre que le client pour les services fournis par la distribution de produits d\u2019assurance.<br \/>\nSituations o\u00f9 notre bureau re\u00e7oit une indemnisation d\u2019une personne autre que le client pour les services fournis par la distribution de produits d\u2019assurance.<br \/>\nSituations o\u00f9 notre bureau d\u00e9tient des participations d\u2019au moins 10 % en droits de vote ou au capital de l\u2019entreprise(s) d\u2019assurance.<br \/>\nSituations o\u00f9 l\u2019entreprise d\u2019assurance d\u00e9tient des participations d\u2019au moins 10 % des droits de vote ou du capital de notre entreprise.<\/p>\n<p>&nbsp;<\/p>\n<p>2.3. Quelles mesures notre bureau prend-il?<\/p>\n<p>&nbsp;<\/p>\n<p>Notre bureau prend de nombreuses mesures pour s\u2019assurer que l\u2019int\u00e9r\u00eat du client pr\u00e9vaut.<\/p>\n<p>Il s\u2019agit notamment de:<\/p>\n<p>Une note d\u2019instruction interne.<br \/>\nUne politique de r\u00e9mun\u00e9ration adapt\u00e9e.<br \/>\nUne politique qui garantit que les personnes apparent\u00e9es ne font la m\u00e9diation que dans.<br \/>\ncontrats d\u2019assurance dont elles connaissent les caract\u00e9ristiques essentielles et sont en mesure d\u2019expliquer aux clients.<br \/>\nUne politique qui se r\u00e9serve le droit de notre bureau de refuser le service demand\u00e9 dans le seul but de prot\u00e9ger les int\u00e9r\u00eats du client en l\u2019absence d\u2019une solution concr\u00e8te \u00e0 un conflit d\u2019int\u00e9r\u00eats sp\u00e9cifique.<br \/>\nUn r\u00e9gime pour recevoir des prestations. Une politique qui garantit que toutes les informations fournies par nos personnes connect\u00e9es sont correctes, claires et non trompeuses.<br \/>\nSi n\u00e9cessaire, la politique de conflit d\u2019int\u00e9r\u00eats de notre bureau sera mise \u00e0 jour et\/ou mise \u00e0 jour.<\/p>\n<p>&nbsp;<\/p>\n<p>2.4. Quelle est la proc\u00e9dure?<\/p>\n<p>&nbsp;<\/p>\n<h6><b>Conflits d\u2019int\u00e9r\u00eats potentiels identifi\u00e9s<\/b><\/h6>\n<p>&nbsp;<\/p>\n<p><img loading=\"lazy\" decoding=\"async\" src=\"https:\/\/www.dhondt-insurance.com\/images\/MifidProcedure.gif\" width=\"550\" height=\"293\" border=\"0\" \/><\/p>\n<p>&nbsp;<\/p>\n<p>2.5. Transparence sp\u00e9cifique Si, dans une situation sp\u00e9cifique, nos mesures ne pouvaient pas fournir une garantie suffisante, votre bureau vous informera de la nature g\u00e9n\u00e9rale et\/ou des sources du conflit d\u2019int\u00e9r\u00eats afin que vous puissiez prendre une d\u00e9cision \u00e9clair\u00e9e. Vous pouvez toujours nous contacter pour plus d\u2019informations.<\/p>\n<p>&nbsp;<\/p>\n<p><span class=\"header\">3. Indemnisation<\/span><\/p>\n<p>&nbsp;<\/p>\n<p>En outre, des frais attach\u00e9s au portefeuille d\u2019assurance de notre bureau \u00e0 la compagnie d\u2019assurance concern\u00e9e ou pour des t\u00e2ches suppl\u00e9mentaires accomplies par notre bureau est possible. Pour plus d\u2019informations contactez-nous. Dans l\u2019autre cas, nous recevons des frais de votre part en tant que client pour nos services de distribution de produits d\u2019assurance.<br \/>\nEn outre, des frais attach\u00e9s au portefeuille d\u2019assurance de notre bureau \u00e0 la compagnie d\u2019assurance concern\u00e9e ou pour des t\u00e2ches suppl\u00e9mentaires accomplies par notre bureau est possible.<\/p>\n<p>&nbsp;<\/p>\n<p>Notre bureau est enregistr\u00e9 dans le registre des interm\u00e9diaires d\u2019assurance conserv\u00e9 par la FSMA, au 1000 Bruxelles, rue du Congr\u00e8s 12-14 et peut \u00eatre trouv\u00e9 sur\u00a0<a class=\"footer\" href=\"http:\/\/www.fsma.be\/\" target=\"_blank\" rel=\"noopener\">http:\/\/www.fsma.be<\/a>.<br \/>\nPour toutes vos questions et probl\u00e8mes, vous pouvez d\u2019abord contacter notre bureau. Nous pouvons toujours \u00eatre contact\u00e9s par t\u00e9l\u00e9phone, e-mail ou fax.<br \/>\nLes plaintes peuvent \u00e9galement \u00eatre d\u00e9pos\u00e9es aupr\u00e8s du service du M\u00e9diateur des assurances au 1000 Bruxelles, au Mee\u00fbssquare 35, t\u00e9l. 02\/547.58.71 \u2013 fax. 2\/547.59.75 \u2013\u00a0<a class=\"footer\" href=\"mailto:info@ombudsman.as\">info@ombudsman.as<\/a>\u00a0&#8211;\u00a0<a class=\"footer\" href=\"http:\/\/www.ombudsman.as\/\" target=\"_blank\" rel=\"noopener\">www.ombudsman.as<\/a><\/p>\n<p>&nbsp;<\/p>\n<p>* Loi du 30 juillet 2013 renfor\u00e7ant la protection des clients des produits et services financiers a\/soak des pouvoirs de la FSMA et de diverses dispositions ainsi que de la KB du 21 f\u00e9vrier 2014 sur les r\u00e8gles d\u2019application des articles 27 \u00e0 28a de la loi du 2 ao\u00fbt 2002. En ce qui concerne la surveillance du secteur financier et des services financiers du secteur de l\u2019assurance et de l\u2019BAILLEUR dur\u00ea au 21 f\u00e9vrier 2014 sur les r\u00e8gles de conduite et les r\u00e8gles de gestion des conflits d\u2019int\u00e9r\u00eats \u00e9tablies en vertu de la loi, en ce qui concerne le secteur de l\u2019assurance.<\/p>\n\n\t\t<\/div>\n\t<\/div>\n<div style=\"background-color:;height: 40pxpx\" class=\"nicdark_section\"><\/div><\/div><\/div><\/div><\/div><\/div><\/div><\/div><div class=\"wpb_column vc_column_container vc_col-sm-12\"><div class=\"vc_column-inner\"><div class=\"wpb_wrapper\"><\/div><\/div><\/div><\/div>\n<\/div>","protected":false},"excerpt":{"rendered":"&gt; ASSURMIFID-GEDRAGSREGELS Ons kantoor is gehouden tot het naleven van de \"AssurMiFID-gedragsregels\u201d en deelt u dit verband volgende informatie mee: &nbsp; 1. Aangeboden producten en diensten &nbsp; 1.1 Informatie over begrip distributie van verzekeringsproducten &nbsp; Ons kantoor biedt diensten van distributie van verzekeringsproducten aan, dwz. de werkzaamheden die bestaan in het adviseren over verzekeringsovereenkomsten, het [...]","protected":false},"author":1,"featured_media":0,"parent":0,"menu_order":0,"comment_status":"closed","ping_status":"closed","template":"","meta":{"footnotes":""},"class_list":["post-3391","page","type-page","status-publish","hentry"],"_links":{"self":[{"href":"https:\/\/www.dhondt-insurance.com\/fr\/wp-json\/wp\/v2\/pages\/3391","targetHints":{"allow":["GET"]}}],"collection":[{"href":"https:\/\/www.dhondt-insurance.com\/fr\/wp-json\/wp\/v2\/pages"}],"about":[{"href":"https:\/\/www.dhondt-insurance.com\/fr\/wp-json\/wp\/v2\/types\/page"}],"author":[{"embeddable":true,"href":"https:\/\/www.dhondt-insurance.com\/fr\/wp-json\/wp\/v2\/users\/1"}],"replies":[{"embeddable":true,"href":"https:\/\/www.dhondt-insurance.com\/fr\/wp-json\/wp\/v2\/comments?post=3391"}],"version-history":[{"count":0,"href":"https:\/\/www.dhondt-insurance.com\/fr\/wp-json\/wp\/v2\/pages\/3391\/revisions"}],"wp:attachment":[{"href":"https:\/\/www.dhondt-insurance.com\/fr\/wp-json\/wp\/v2\/media?parent=3391"}],"curies":[{"name":"wp","href":"https:\/\/api.w.org\/{rel}","templated":true}]}}