{"id":3052,"date":"2020-04-07T13:56:53","date_gmt":"2020-04-07T13:56:53","guid":{"rendered":"http:\/\/dhondt-insurance.com\/?page_id=3052"},"modified":"2022-02-15T16:15:04","modified_gmt":"2022-02-15T16:15:04","slug":"tca-trailer-containeraansprakelijkheid","status":"publish","type":"page","link":"https:\/\/www.dhondt-insurance.com\/fr\/tca-trailer-containeraansprakelijkheid\/","title":{"rendered":"TCA: trailer-containeraansprakelijkheid"},"content":{"rendered":"<div class=\"wpb-content-wrapper\"><div class=\"vc_row wpb_row vc_row-fluid wpb_animate_when_almost_visible wpb_fadeIn fadeIn\"><div class=\"wpb_column vc_column_container vc_col-sm-6\"><div class=\"vc_column-inner\"><div class=\"wpb_wrapper\"><\/div><\/div><\/div><div class=\"wpb_column vc_column_container vc_col-sm-6 vc_hidden-xs vc_col-has-fill\"><div class=\"vc_column-inner vc_custom_1644941667755\"><div class=\"wpb_wrapper\">\n\t<div class=\"wpb_text_column wpb_content_element\" >\n\t\t<div class=\"wpb_wrapper\">\n\t\t\t<h4 style=\"padding-left: 80px;\"><span style=\"color: #ffffff;\"><strong>V\u00c9HICULES<\/strong><\/span><\/h4>\n<p>&nbsp;<\/p>\n<p style=\"padding-left: 80px;\"><a href=\"https:\/\/www.dhondt-insurance.com\/fr\/tca-trailer-containeraansprakelijkheid\/\"><span style=\"color: #ffffff;\">&gt; RCT : responsabilit\u00e9 conteneur\/(semi-)remorque<\/span><\/a><\/p>\n<p style=\"padding-left: 80px;\"><a href=\"https:\/\/www.dhondt-insurance.com\/fr\/cmr\/\"><span style=\"color: #ffffff;\">&gt; CMR<\/span><\/a><\/p>\n<p style=\"padding-left: 80px;\"><a href=\"https:\/\/www.dhondt-insurance.com\/fr\/lpp-logistieke-protectiepolis\/\"><span style=\"color: #ffffff;\">&gt; PPL : police de protection logistique<\/span><\/a><\/p>\n\n\t\t<\/div>\n\t<\/div>\n<\/div><\/div><\/div><\/div><div class=\"vc_row wpb_row vc_row-fluid wpb_animate_when_almost_visible wpb_fadeIn fadeIn\"><div class=\"wpb_column vc_column_container vc_col-sm-12\"><div class=\"vc_column-inner\"><div class=\"wpb_wrapper\"><div class=\"vc_row wpb_row vc_inner vc_row-fluid vc_custom_1569482474546\"><div class=\"wpb_column vc_column_container vc_col-sm-12\"><div class=\"vc_column-inner\"><div class=\"wpb_wrapper\"><div style=\"background-color:;height: 50px\" class=\"nicdark_section\"><\/div> <h3 style=\"color:#01919b;padding:px;text-align:;font-size:px;line-height:px;letter-spacing: 4px;font-weight:bold\" class=\"nd_options_second_font\">&gt; RCT : RESPONSABILIT\u00c9 CONTENEUR\/(SEMI-)REMORQUE<\/h3> <div style=\"background-color:;height: 50px\" class=\"nicdark_section\"><\/div><\/div><\/div><\/div><\/div><div class=\"vc_row wpb_row vc_inner vc_row-fluid\"><div class=\"wpb_column vc_column_container vc_col-sm-12\"><div class=\"vc_column-inner\"><div class=\"wpb_wrapper\"><div style=\"background-color:;height: 25px\" class=\"nicdark_section\"><\/div>\n\t<div class=\"wpb_text_column wpb_content_element\" >\n\t\t<div class=\"wpb_wrapper\">\n\t\t\t<p><em>Une assurance Responsabilit\u00e9 Civile du Transporteur \u00e0 l\u2019\u00e9gard des conteneurs et (semi-)remorques de tiers, en abr\u00e9g\u00e9 RCT, est int\u00e9ressante si vous louez ou empruntez r\u00e9guli\u00e8rement des conteneurs, (semi-)remorques, etc. Cette police intervient en cas d\u2019endommagement ou de perte du mat\u00e9riel lou\u00e9.<\/em><\/p>\n\n\t\t<\/div>\n\t<\/div>\n<\/div><\/div><\/div><\/div><div style=\"background-color:;height: 25px\" class=\"nicdark_section\"><\/div><div style=\"background-color:#01919b;height: 1px\" class=\"nicdark_section\"><\/div><div class=\"vc_row wpb_row vc_inner vc_row-fluid\"><div class=\"wpb_column vc_column_container vc_col-sm-12\"><div class=\"vc_column-inner\"><div class=\"wpb_wrapper\"><div style=\"background-color:;height: 50px\" class=\"nicdark_section\"><\/div>\n\t<div class=\"wpb_text_column wpb_content_element\" >\n\t\t<div class=\"wpb_wrapper\">\n\t\t\t<h5><strong>Transport s\u00fbr de conteneurs lou\u00e9s<\/strong><\/h5>\n<p>&nbsp;<\/p>\n<p>&nbsp;<\/p>\n<p>Une police RCT intervient pour tous les conteneurs, (semi-)remorques et ch\u00e2ssis de conteneur qui subissent des dommages pendant le transport. Songez par exemple \u00e0 un incendie ou \u00e0 la perte du mat\u00e9riel lou\u00e9. L\u2019assurance RCT n\u2019est pas li\u00e9e au lieu et peut couvrir des sinistres en Europe, en Isra\u00ebl, en Turquie, en Tunisie et au Maroc. Elle intervient \u00e9galement si le sinistre survient lors du transport de marchandises entre ces pays. Vous louez souvent des conteneurs et\/ou des (semi-)remorques pour vos activit\u00e9s ? <a href=\"https:\/\/www.dhondt-insurance.com\/fr\/contact\/\"><span style=\"color: #01919b;\">Contactez-nous<\/span><\/a> pour une offre sur mesure!<\/p>\n\n\t\t<\/div>\n\t<\/div>\n<\/div><\/div><\/div><\/div><div class=\"vc_row wpb_row vc_inner vc_row-fluid vc_custom_1569482474546\"><div class=\"wpb_column vc_column_container vc_col-sm-12\"><div class=\"vc_column-inner\"><div class=\"wpb_wrapper\"><div style=\"background-color:#01919b;height: 1px\" class=\"nicdark_section\"><\/div><\/div><\/div><\/div><\/div><div class=\"vc_row wpb_row vc_inner vc_row-fluid vc_custom_1644941702197 vc_row-has-fill\"><div class=\"wpb_column vc_column_container vc_col-sm-12\"><div class=\"vc_column-inner\"><div class=\"wpb_wrapper\"> <p style=\"color:#2d2d2d;padding:px;text-align:;font-size:16px;line-height:px;letter-spacing: px;font-weight:bold\" class=\"\">Qu\u2019est-ce qui est couvert?<\/p> <div style=\"background-color:;height: 25px\" class=\"nicdark_section\"><\/div><div style=\"background-color:;height: 10px\" class=\"nicdark_section\"><\/div>\n\t<div class=\"wpb_text_column wpb_content_element\" >\n\t\t<div class=\"wpb_wrapper\">\n\t\t\t<p><span style=\"color: #01919b;\">Perte ou endommagement<\/span> suite \u00e0 un incendie, une collision, une explosion ou une chute de foudre<\/p>\n\n\t\t<\/div>\n\t<\/div>\n<div style=\"background-color:;height: 10px\" class=\"nicdark_section\"><\/div><div style=\"background-color:#f1f1f1;height: 1px\" class=\"nicdark_section\"><\/div><div style=\"background-color:;height: 10px\" class=\"nicdark_section\"><\/div>\n\t<div class=\"wpb_text_column wpb_content_element\" >\n\t\t<div class=\"wpb_wrapper\">\n\t\t\t<p>Responsabilit\u00e9 <span style=\"color: #01919b;\">civile et contractuelle vis-\u00e0-vis du propri\u00e9taire<\/span><\/p>\n\n\t\t<\/div>\n\t<\/div>\n<div style=\"background-color:;height: 10px\" class=\"nicdark_section\"><\/div><div style=\"background-color:#f1f1f1;height: 1px\" class=\"nicdark_section\"><\/div><div style=\"background-color:;height: 10px\" class=\"nicdark_section\"><\/div>\n\t<div class=\"wpb_text_column wpb_content_element\" >\n\t\t<div class=\"wpb_wrapper\">\n\t\t\t<p><span style=\"color: #01919b;\">Les frais de d\u00e9pannage<\/span> et autres, comme les frais de stockage et de gardiennage, sont \u00e9galement assur\u00e9s<\/p>\n\n\t\t<\/div>\n\t<\/div>\n<div style=\"background-color:;height: 10px\" class=\"nicdark_section\"><\/div><\/div><\/div><\/div><\/div><\/div><\/div><\/div><\/div><div data-vc-full-width=\"true\" data-vc-full-width-init=\"false\" class=\"vc_row wpb_row vc_row-fluid wpb_animate_when_almost_visible wpb_fadeIn fadeIn vc_custom_1644941678215 vc_row-has-fill\"><div class=\"wpb_column vc_column_container vc_col-sm-3\"><div class=\"vc_column-inner\"><div class=\"wpb_wrapper\">\n\t<div class=\"wpb_text_column wpb_content_element\" >\n\t\t<div class=\"wpb_wrapper\">\n\t\t\t<p><a href=\"https:\/\/www.dhondt-insurance.com\/fr\/producten\/\"><span style=\"color: #ffffff;\">&lt; Voir d&#039;autres produits<\/span><\/a><\/p>\n\n\t\t<\/div>\n\t<\/div>\n<\/div><\/div><\/div><div class=\"wpb_column vc_column_container vc_col-sm-6\"><div class=\"vc_column-inner\"><div class=\"wpb_wrapper\"><\/div><\/div><\/div><div class=\"wpb_column vc_column_container vc_col-sm-3\"><div class=\"vc_column-inner\"><div class=\"wpb_wrapper\">\n\t<div class=\"wpb_text_column wpb_content_element\" >\n\t\t<div class=\"wpb_wrapper\">\n\t\t\t<p><a href=\"https:\/\/www.dhondt-insurance.com\/fr\/contact\/\"><span style=\"color: #ffffff;\">Contactez-nous &gt;<\/span><\/a><\/p>\n\n\t\t<\/div>\n\t<\/div>\n<\/div><\/div><\/div><\/div><div class=\"vc_row-full-width vc_clearfix\"><\/div>\n<\/div>","protected":false},"excerpt":{"rendered":"VOERTUIGEN &nbsp; &gt; TCA: trailer-containeraansprakelijkheid &gt; CMR &gt; LPP: logistieke protectiepolis &gt; TCA: TRAILER-CONTAINERAANSPRAKELIJKHEID Een verzekering trailer-containeraansprakelijkheid, kortweg TCA, is interessant wanneer u regelmatig containers, trailers, aanhangwagens, \u2026 huurt of leent. Deze verzekering komt tussen bij schade of verlies van dergelijk gehuurd materiaal. Veilig op weg met gehuurde containers &nbsp; &nbsp; Een polis TCA komt [...]","protected":false},"author":1,"featured_media":0,"parent":0,"menu_order":0,"comment_status":"closed","ping_status":"closed","template":"","meta":{"footnotes":""},"class_list":["post-3052","page","type-page","status-publish","hentry"],"_links":{"self":[{"href":"https:\/\/www.dhondt-insurance.com\/fr\/wp-json\/wp\/v2\/pages\/3052","targetHints":{"allow":["GET"]}}],"collection":[{"href":"https:\/\/www.dhondt-insurance.com\/fr\/wp-json\/wp\/v2\/pages"}],"about":[{"href":"https:\/\/www.dhondt-insurance.com\/fr\/wp-json\/wp\/v2\/types\/page"}],"author":[{"embeddable":true,"href":"https:\/\/www.dhondt-insurance.com\/fr\/wp-json\/wp\/v2\/users\/1"}],"replies":[{"embeddable":true,"href":"https:\/\/www.dhondt-insurance.com\/fr\/wp-json\/wp\/v2\/comments?post=3052"}],"version-history":[{"count":0,"href":"https:\/\/www.dhondt-insurance.com\/fr\/wp-json\/wp\/v2\/pages\/3052\/revisions"}],"wp:attachment":[{"href":"https:\/\/www.dhondt-insurance.com\/fr\/wp-json\/wp\/v2\/media?parent=3052"}],"curies":[{"name":"wp","href":"https:\/\/api.w.org\/{rel}","templated":true}]}}