{"id":3027,"date":"2020-04-07T12:34:17","date_gmt":"2020-04-07T12:34:17","guid":{"rendered":"http:\/\/dhondt-insurance.com\/?page_id=3027"},"modified":"2022-02-15T15:59:00","modified_gmt":"2022-02-15T15:59:00","slug":"ba-voertuig","status":"publish","type":"page","link":"https:\/\/www.dhondt-insurance.com\/fr\/ba-voertuig\/","title":{"rendered":"BA voertuig"},"content":{"rendered":"<div class=\"wpb-content-wrapper\"><div class=\"vc_row wpb_row vc_row-fluid wpb_animate_when_almost_visible wpb_fadeIn fadeIn\"><div class=\"wpb_column vc_column_container vc_col-sm-6\"><div class=\"vc_column-inner\"><div class=\"wpb_wrapper\"><\/div><\/div><\/div><div class=\"wpb_column vc_column_container vc_col-sm-6 vc_hidden-xs vc_col-has-fill\"><div class=\"vc_column-inner vc_custom_1644940709278\"><div class=\"wpb_wrapper\">\n\t<div class=\"wpb_text_column wpb_content_element\" >\n\t\t<div class=\"wpb_wrapper\">\n\t\t\t<h4 style=\"padding-left: 80px;\"><span style=\"color: #ffffff;\"><strong>V\u00c9HICULES<\/strong><\/span><\/h4>\n<p>&nbsp;<\/p>\n<p style=\"padding-left: 80px;\"><a href=\"https:\/\/www.dhondt-insurance.com\/fr\/ba-voertuig\/\"><span style=\"color: #ffffff;\">&gt; RC v\u00e9hicule<\/span><\/a><\/p>\n<p style=\"padding-left: 80px;\"><a href=\"https:\/\/www.dhondt-insurance.com\/fr\/omnium-voertuig\/\"><span style=\"color: #ffffff;\">&gt; Omnium v\u00e9hicule<\/span><\/a><\/p>\n<p style=\"padding-left: 80px;\"><a href=\"https:\/\/www.dhondt-insurance.com\/fr\/ba-bus\/\"><span style=\"color: #ffffff;\">&gt; BA bus<\/span><\/a><\/p>\n<p style=\"padding-left: 80px;\"><a href=\"https:\/\/www.dhondt-insurance.com\/fr\/omnium-bus\/\"><span style=\"color: #ffffff;\">&gt; Omnium v\u00e9hicule<\/span><\/a><\/p>\n<p style=\"padding-left: 80px;\"><a href=\"https:\/\/www.dhondt-insurance.com\/fr\/ba-vrachtwagen-trekker\/\"><span style=\"color: #ffffff;\">&gt; RC camion\/tracteur<\/span><\/a><\/p>\n<p style=\"padding-left: 80px;\"><a href=\"https:\/\/www.dhondt-insurance.com\/fr\/omnium-vrachtwagen-trekker\/\"><span style=\"color: #ffffff;\">&gt; Omnium camion\/tracteur<\/span><\/a><\/p>\n<p style=\"padding-left: 80px;\"><a href=\"https:\/\/www.dhondt-insurance.com\/fr\/machinebreuk-transport\/\"><span style=\"color: #ffffff;\">&gt; Bris de machine transport<\/span><\/a><\/p>\n\n\t\t<\/div>\n\t<\/div>\n<\/div><\/div><\/div><\/div><div class=\"vc_row wpb_row vc_row-fluid wpb_animate_when_almost_visible wpb_fadeIn fadeIn\"><div class=\"wpb_column vc_column_container vc_col-sm-12\"><div class=\"vc_column-inner\"><div class=\"wpb_wrapper\"><div class=\"vc_row wpb_row vc_inner vc_row-fluid vc_custom_1569482474546\"><div class=\"wpb_column vc_column_container vc_col-sm-12\"><div class=\"vc_column-inner\"><div class=\"wpb_wrapper\"> <h3 style=\"color:#017e87;padding:px;text-align:;font-size:px;line-height:px;letter-spacing: 4px;font-weight:bold\" class=\"nd_options_second_font\">&gt; RC V\u00c9HICULE<\/h3> <div style=\"background-color:;height: 50px\" class=\"nicdark_section\"><\/div><\/div><\/div><\/div><\/div><div class=\"vc_row wpb_row vc_inner vc_row-fluid\"><div class=\"wpb_column vc_column_container vc_col-sm-12\"><div class=\"vc_column-inner\"><div class=\"wpb_wrapper\"><div style=\"background-color:;height: 25px\" class=\"nicdark_section\"><\/div>\n\t<div class=\"wpb_text_column wpb_content_element\" >\n\t\t<div class=\"wpb_wrapper\">\n\t\t\t<p><em>De la t\u00f4le froiss\u00e9e aux l\u00e9sions corporelles, une bonne assurance auto intervient pour tous les dommages caus\u00e9s \u00e0 des tiers. L\u2019assurance de base Responsabilit\u00e9 Civile auto est obligatoire, mais en l\u2019\u00e9tendant avec des couvertures suppl\u00e9mentaires, vous pouvez mieux prot\u00e9ger vos v\u00e9hicules. <\/em><\/p>\n\n\t\t<\/div>\n\t<\/div>\n<\/div><\/div><\/div><\/div><div style=\"background-color:;height: 25px\" class=\"nicdark_section\"><\/div><div style=\"background-color:#017e87;height: 1px\" class=\"nicdark_section\"><\/div><div class=\"vc_row wpb_row vc_inner vc_row-fluid\"><div class=\"wpb_column vc_column_container vc_col-sm-12\"><div class=\"vc_column-inner\"><div class=\"wpb_wrapper\"><div style=\"background-color:;height: 50px\" class=\"nicdark_section\"><\/div>\n\t<div class=\"wpb_text_column wpb_content_element\" >\n\t\t<div class=\"wpb_wrapper\">\n\t\t\t<h5><strong>Une assurance auto compl\u00e8te<\/strong><\/h5>\n<p>&nbsp;<\/p>\n<p>&nbsp;<\/p>\n<p>Quand un accident se produit malencontreusement sur la voie publique, l\u2019assurance du responsable intervient dans les dommages corporels et mat\u00e9riels caus\u00e9s \u00e0 la victime. Cette assurance obligatoire doit \u00eatre souscrite pour les voitures, les camionnettes, les motos et les v\u00e9lomoteurs. Assurer une voiture de soci\u00e9t\u00e9 ou un parc automobile complet? <span style=\"color: #000000;\"><a style=\"color: #000000;\" href=\"https:\/\/www.dhondt-insurance.com\/fr\/contact\/\"><span style=\"color: #017e87;\">Contactez-nous<\/span><\/a><\/span>. Nous nous ferons un plaisir d\u2019\u00e9tablir une prime sur mesure avec diff\u00e9rentes r\u00e9ductions possibles en fonction de votre sinistralit\u00e9 et de la taille de votre flotte.<\/p>\n\n\t\t<\/div>\n\t<\/div>\n<\/div><\/div><\/div><\/div><div class=\"vc_row wpb_row vc_inner vc_row-fluid vc_custom_1569482474546\"><div class=\"wpb_column vc_column_container vc_col-sm-12\"><div class=\"vc_column-inner\"><div class=\"wpb_wrapper\"><div style=\"background-color:#017e87;height: 1px\" class=\"nicdark_section\"><\/div><\/div><\/div><\/div><\/div><div class=\"vc_row wpb_row vc_inner vc_row-fluid vc_custom_1644940738176 vc_row-has-fill\"><div class=\"wpb_column vc_column_container vc_col-sm-12\"><div class=\"vc_column-inner\"><div class=\"wpb_wrapper\"> <p style=\"color:#2d2d2d;padding:px;text-align:;font-size:16px;line-height:px;letter-spacing: px;font-weight:bold\" class=\"\">Qu\u2019est-ce qui est couvert?<\/p> <div style=\"background-color:;height: 25px\" class=\"nicdark_section\"><\/div><div style=\"background-color:;height: 10px\" class=\"nicdark_section\"><\/div>\n\t<div class=\"wpb_text_column wpb_content_element\" >\n\t\t<div class=\"wpb_wrapper\">\n\t\t\t<p>Les dommages caus\u00e9s \u00e0 des tiers et aux passagers:<\/p>\n<ul>\n<li>Dommages corporels: couverture illimit\u00e9e en Belgique<\/li>\n<li>Dommages mat\u00e9riels: jusqu\u2019\u00e0 100 millions d\u2019euros par sinistre<\/li>\n<li>V\u00eatements et bagages personnels des passagers<\/li>\n<\/ul>\n\n\t\t<\/div>\n\t<\/div>\n<div style=\"background-color:;height: 10px\" class=\"nicdark_section\"><\/div><div style=\"background-color:;height: 25px\" class=\"nicdark_section\"><\/div> <p style=\"color:#2d2d2d;padding:px;text-align:;font-size:16px;line-height:px;letter-spacing: px;font-weight:bold\" class=\"\">Extensions possibles:<\/p> <div style=\"background-color:;height: 25px\" class=\"nicdark_section\"><\/div><div style=\"background-color:;height: 10px\" class=\"nicdark_section\"><\/div>\n\t<div class=\"wpb_text_column wpb_content_element\" >\n\t\t<div class=\"wpb_wrapper\">\n\t\t\t<ul>\n<li><span style=\"color: #017e87;\">Assistance apr\u00e8s accident<\/span><\/li>\n<li><span style=\"color: #017e87;\">Garantie conducteur,<\/span> couvrant aussi les dommages corporels du conducteur lorsqu\u2019il est en tort<\/li>\n<li>Une <span style=\"color: #017e87;\">clause sistership<\/span> est int\u00e9ressante pour les v\u00e9hicules qui ne sont pas assur\u00e9s en omnium. En cas de dommages mat\u00e9riels entre des v\u00e9hicules du m\u00eame parc automobile, ceux-ci sont consid\u00e9r\u00e9s comme des tiers.<\/li>\n<\/ul>\n\n\t\t<\/div>\n\t<\/div>\n<div style=\"background-color:;height: 10px\" class=\"nicdark_section\"><\/div><\/div><\/div><\/div><\/div><\/div><\/div><\/div><\/div><div data-vc-full-width=\"true\" data-vc-full-width-init=\"false\" class=\"vc_row wpb_row vc_row-fluid wpb_animate_when_almost_visible wpb_fadeIn fadeIn vc_custom_1644940721373 vc_row-has-fill\"><div class=\"wpb_column vc_column_container vc_col-sm-3\"><div class=\"vc_column-inner\"><div class=\"wpb_wrapper\">\n\t<div class=\"wpb_text_column wpb_content_element\" >\n\t\t<div class=\"wpb_wrapper\">\n\t\t\t<p><span style=\"color: #ffffff;\"><a style=\"color: #ffffff;\" href=\"https:\/\/www.dhondt-insurance.com\/fr\/producten\/\">&lt; Voir d&#039;autres produits<\/a><\/span><\/p>\n\n\t\t<\/div>\n\t<\/div>\n<\/div><\/div><\/div><div class=\"wpb_column vc_column_container vc_col-sm-6\"><div class=\"vc_column-inner\"><div class=\"wpb_wrapper\"><\/div><\/div><\/div><div class=\"wpb_column vc_column_container vc_col-sm-3\"><div class=\"vc_column-inner\"><div class=\"wpb_wrapper\">\n\t<div class=\"wpb_text_column wpb_content_element\" >\n\t\t<div class=\"wpb_wrapper\">\n\t\t\t<p><a href=\"https:\/\/www.dhondt-insurance.com\/fr\/contact\/\"><span style=\"color: #ffffff;\">Contactez-nous &gt;<\/span><\/a><\/p>\n\n\t\t<\/div>\n\t<\/div>\n<\/div><\/div><\/div><\/div><div class=\"vc_row-full-width vc_clearfix\"><\/div>\n<\/div>","protected":false},"excerpt":{"rendered":"VOERTUIGEN &nbsp; &gt; BA voertuig &gt; Omnium voertuig &gt; BA bus &gt; Omnium voertuig &gt; BA vrachtwagen \/ trekker &gt; Omnium vrachtwagen\/ trekker &gt; Machinebreuk transport &gt; BA VOERTUIG Van blikschade tot lichamelijke letsels, een goede autoverzekering komt tussen bij alle schade aan derden. De basisverzekering Burgerlijke Aansprakelijkheid auto is verplicht, maar door ze uit [...]","protected":false},"author":1,"featured_media":0,"parent":0,"menu_order":0,"comment_status":"closed","ping_status":"closed","template":"","meta":{"footnotes":""},"class_list":["post-3027","page","type-page","status-publish","hentry"],"_links":{"self":[{"href":"https:\/\/www.dhondt-insurance.com\/fr\/wp-json\/wp\/v2\/pages\/3027","targetHints":{"allow":["GET"]}}],"collection":[{"href":"https:\/\/www.dhondt-insurance.com\/fr\/wp-json\/wp\/v2\/pages"}],"about":[{"href":"https:\/\/www.dhondt-insurance.com\/fr\/wp-json\/wp\/v2\/types\/page"}],"author":[{"embeddable":true,"href":"https:\/\/www.dhondt-insurance.com\/fr\/wp-json\/wp\/v2\/users\/1"}],"replies":[{"embeddable":true,"href":"https:\/\/www.dhondt-insurance.com\/fr\/wp-json\/wp\/v2\/comments?post=3027"}],"version-history":[{"count":0,"href":"https:\/\/www.dhondt-insurance.com\/fr\/wp-json\/wp\/v2\/pages\/3027\/revisions"}],"wp:attachment":[{"href":"https:\/\/www.dhondt-insurance.com\/fr\/wp-json\/wp\/v2\/media?parent=3027"}],"curies":[{"name":"wp","href":"https:\/\/api.w.org\/{rel}","templated":true}]}}