{"id":3008,"date":"2020-04-07T12:24:02","date_gmt":"2020-04-07T12:24:02","guid":{"rendered":"http:\/\/dhondt-insurance.com\/?page_id=3008"},"modified":"2022-02-15T15:44:07","modified_gmt":"2022-02-15T15:44:07","slug":"beroepsaansprakelijkheid","status":"publish","type":"page","link":"https:\/\/www.dhondt-insurance.com\/fr\/beroepsaansprakelijkheid\/","title":{"rendered":"Une responsabilit\u00e9 professionnelle"},"content":{"rendered":"<div class=\"wpb-content-wrapper\"><div class=\"vc_row wpb_row vc_row-fluid wpb_animate_when_almost_visible wpb_fadeIn fadeIn\"><div class=\"wpb_column vc_column_container vc_col-sm-6\"><div class=\"vc_column-inner\"><div class=\"wpb_wrapper\"><\/div><\/div><\/div><div class=\"wpb_column vc_column_container vc_col-sm-6 vc_hidden-xs vc_col-has-fill\"><div class=\"vc_column-inner vc_custom_1644939817301\"><div class=\"wpb_wrapper\">\n\t<div class=\"wpb_text_column wpb_content_element\" >\n\t\t<div class=\"wpb_wrapper\">\n\t\t\t<h4 style=\"padding-left: 80px;\"><span style=\"color: #ffffff;\"><strong>RESPONSABILIT\u00c9<\/strong><\/span><\/h4>\n<p>&nbsp;<\/p>\n<p style=\"padding-left: 80px;\"><a href=\"https:\/\/www.dhondt-insurance.com\/fr\/beroepsaansprakelijkheid\/\"><span style=\"color: #ffffff;\">&gt; Responsabilit\u00e9 professionnelle<\/span><\/a><\/p>\n<p style=\"padding-left: 80px;\"><a href=\"https:\/\/www.dhondt-insurance.com\/fr\/ba-uitbating-ba-na-levering\/\"><span style=\"color: #ffffff;\">&gt; RC exploitation et RC apr\u00e8s livraison<\/span><\/a><\/p>\n<p style=\"padding-left: 80px;\"><a href=\"https:\/\/www.dhondt-insurance.com\/fr\/bestuurdersaansprakelijkheid-do\/\"><span style=\"color: #ffffff;\">&gt; Responsabilit\u00e9 des dirigeants (D&amp;O)<\/span><\/a><\/p>\n<p style=\"padding-left: 80px;\"><a href=\"https:\/\/www.dhondt-insurance.com\/fr\/objectieve-aansprakelijkheid\/\"><span style=\"color: #ffffff;\">&gt; Responsabilit\u00e9 objective<\/span><\/a><\/p>\n<p style=\"padding-left: 80px;\"><a href=\"https:\/\/www.dhondt-insurance.com\/fr\/contaminatieverzekering-recall\/\"><span style=\"color: #ffffff;\">&gt; Recall<\/span><\/a><\/p>\n<p style=\"padding-left: 80px;\"><span style=\"color: #ffffff;\"><a style=\"color: #ffffff;\" href=\"https:\/\/www.dhondt-insurance.com\/fr\/milieu-aansprakelijkheidsverzekering\/\">&gt; Assurance responsabilit\u00e9 environnementale<\/a><\/span><\/p>\n\n\t\t<\/div>\n\t<\/div>\n<\/div><\/div><\/div><\/div><div class=\"vc_row wpb_row vc_row-fluid wpb_animate_when_almost_visible wpb_fadeIn fadeIn\"><div class=\"wpb_column vc_column_container vc_col-sm-12\"><div class=\"vc_column-inner\"><div class=\"wpb_wrapper\"><div class=\"vc_row wpb_row vc_inner vc_row-fluid vc_custom_1569482474546\"><div class=\"wpb_column vc_column_container vc_col-sm-12\"><div class=\"vc_column-inner\"><div class=\"wpb_wrapper\"> <h3 style=\"color:#0077c6;padding:px;text-align:;font-size:px;line-height:px;letter-spacing: 4px;font-weight:bold\" class=\"nd_options_second_font\">&gt; RESPONSABILIT\u00c9 PROFESSIONNELLE<\/h3> <div style=\"background-color:;height: 50px\" class=\"nicdark_section\"><\/div><\/div><\/div><\/div><\/div><div class=\"vc_row wpb_row vc_inner vc_row-fluid\"><div class=\"wpb_column vc_column_container vc_col-sm-12\"><div class=\"vc_column-inner\"><div class=\"wpb_wrapper\"><div style=\"background-color:;height: 25px\" class=\"nicdark_section\"><\/div>\n\t<div class=\"wpb_text_column wpb_content_element\" >\n\t\t<div class=\"wpb_wrapper\">\n\t\t\t<p><em>Cette police a \u00e9t\u00e9 cr\u00e9\u00e9e sp\u00e9cialement pour les professions lib\u00e9rales et intellectuelles. Elle intervient lorsqu\u2019un m\u00e9decin, un avocat, une agence de voyage, etc. cause des dommages involontaires en commettant une faute professionnelle ou contractuelle. De plus, cette assurance est obligatoire dans de nombreux cas.<\/em><\/p>\n\n\t\t<\/div>\n\t<\/div>\n<\/div><\/div><\/div><\/div><div style=\"background-color:;height: 25px\" class=\"nicdark_section\"><\/div><div style=\"background-color:#0077c6;height: 1px\" class=\"nicdark_section\"><\/div><div class=\"vc_row wpb_row vc_inner vc_row-fluid\"><div class=\"wpb_column vc_column_container vc_col-sm-12\"><div class=\"vc_column-inner\"><div class=\"wpb_wrapper\"><div style=\"background-color:;height: 50px\" class=\"nicdark_section\"><\/div>\n\t<div class=\"wpb_text_column wpb_content_element\" >\n\t\t<div class=\"wpb_wrapper\">\n\t\t\t<h5><strong>Garantie pour professions lib\u00e9rales<\/strong><\/h5>\n<p>&nbsp;<\/p>\n<p>&nbsp;<\/p>\n<p>D\u2019un architecte qui commet une erreur dans les plans \u00e0 un dentiste qui arrache la mauvaise dent, cette assurance intervient pour tout dommage involontaire caus\u00e9 par le titulaire d\u2019une profession lib\u00e9rale ou intellectuelle. Pour les entreprises prestataires de services, les mauvais conseils, les erreurs de calcul, etc. sont \u00e9galement couverts. Vous pouvez \u00e9tendre cette police avec une RC exploitation et une garantie limit\u00e9e protection juridique, pour une couverture compl\u00e8te de votre activit\u00e9 professionnelle. Contactez-nous pour une proposition optimale sur mesure !<\/p>\n<p>&nbsp;<\/p>\n<p>&nbsp;<\/p>\n\n\t\t<\/div>\n\t<\/div>\n<\/div><\/div><\/div><\/div><div class=\"vc_row wpb_row vc_inner vc_row-fluid vc_custom_1569482474546\"><div class=\"wpb_column vc_column_container vc_col-sm-12\"><div class=\"vc_column-inner\"><div class=\"wpb_wrapper\"><div style=\"background-color:#0077c6;height: 1px\" class=\"nicdark_section\"><\/div><\/div><\/div><\/div><\/div><div class=\"vc_row wpb_row vc_inner vc_row-fluid vc_custom_1644939845603 vc_row-has-fill\"><div class=\"wpb_column vc_column_container vc_col-sm-12\"><div class=\"vc_column-inner\"><div class=\"wpb_wrapper\"> <p style=\"color:#2d2d2d;padding:px;text-align:;font-size:16px;line-height:px;letter-spacing: px;font-weight:bold\" class=\"\">Qu\u2019est-ce qui est couvert?<\/p> <div style=\"background-color:;height: 25px\" class=\"nicdark_section\"><\/div><div style=\"background-color:;height: 10px\" class=\"nicdark_section\"><\/div>\n\t<div class=\"wpb_text_column wpb_content_element\" >\n\t\t<div class=\"wpb_wrapper\">\n\t\t\t<p>Les dommages d\u00e9coulant de fautes professionnelles et contractuelles :<\/p>\n<ul>\n<li><span style=\"color: #0077c6;\">Dommages mat\u00e9riels<strong>:<\/strong><\/span> un huissier fait vider la mauvaise maison<\/li>\n<li><span style=\"color: #0077c6;\">Dommages immat\u00e9riels:<\/span> un avocat fait appel trop tard, si bien que le jugement devient d\u00e9finitif<\/li>\n<li><span style=\"color: #0077c6;\">Dommages corporels<\/span> un m\u00e9decin commet une faute professionnelle<\/li>\n<\/ul>\n\n\t\t<\/div>\n\t<\/div>\n<div style=\"background-color:;height: 10px\" class=\"nicdark_section\"><\/div><\/div><\/div><\/div><\/div><\/div><\/div><\/div><\/div><div data-vc-full-width=\"true\" data-vc-full-width-init=\"false\" class=\"vc_row wpb_row vc_row-fluid wpb_animate_when_almost_visible wpb_fadeIn fadeIn vc_custom_1644939828624 vc_row-has-fill\"><div class=\"wpb_column vc_column_container vc_col-sm-3\"><div class=\"vc_column-inner\"><div class=\"wpb_wrapper\">\n\t<div class=\"wpb_text_column wpb_content_element\" >\n\t\t<div class=\"wpb_wrapper\">\n\t\t\t<p><a href=\"https:\/\/www.dhondt-insurance.com\/fr\/producten\/\"><span style=\"color: #ffffff;\">&lt; Voir d&#039;autres produits<\/span><\/a><\/p>\n\n\t\t<\/div>\n\t<\/div>\n<\/div><\/div><\/div><div class=\"wpb_column vc_column_container vc_col-sm-6\"><div class=\"vc_column-inner\"><div class=\"wpb_wrapper\"><\/div><\/div><\/div><div class=\"wpb_column vc_column_container vc_col-sm-3\"><div class=\"vc_column-inner\"><div class=\"wpb_wrapper\">\n\t<div class=\"wpb_text_column wpb_content_element\" >\n\t\t<div class=\"wpb_wrapper\">\n\t\t\t<p><a href=\"https:\/\/www.dhondt-insurance.com\/fr\/contact\/\"><span style=\"color: #ffffff;\">Contactez-nous &gt;<\/span><\/a><\/p>\n\n\t\t<\/div>\n\t<\/div>\n<\/div><\/div><\/div><\/div><div class=\"vc_row-full-width vc_clearfix\"><\/div>\n<\/div>","protected":false},"excerpt":{"rendered":"AANSPRAKELIJKHEID &nbsp; &gt; Beroepsaansprakelijkheid &gt; BA Uitbating &amp; BA na Levering &gt; Bestuurdersaansprakelijkheid (D&amp;O) &gt; Objectieve aansprakelijkheid &gt; Contaminatieverzekering (Recall) &gt; Milieu-aansprakelijkheidsverzekering &gt; BEROEPSAANSPRAKELIJKHEID Deze polis is er speciaal voor vrije en intellectuele beroepen. Ze komt tussen wanneer artsen, advocaten, reisagentschappen, \u2026 onopzettelijke schade veroorzaken door een beroepsfout of contractuele fout. Bovendien is deze verzekering [...]","protected":false},"author":1,"featured_media":0,"parent":0,"menu_order":0,"comment_status":"closed","ping_status":"closed","template":"","meta":{"footnotes":""},"class_list":["post-3008","page","type-page","status-publish","hentry"],"_links":{"self":[{"href":"https:\/\/www.dhondt-insurance.com\/fr\/wp-json\/wp\/v2\/pages\/3008","targetHints":{"allow":["GET"]}}],"collection":[{"href":"https:\/\/www.dhondt-insurance.com\/fr\/wp-json\/wp\/v2\/pages"}],"about":[{"href":"https:\/\/www.dhondt-insurance.com\/fr\/wp-json\/wp\/v2\/types\/page"}],"author":[{"embeddable":true,"href":"https:\/\/www.dhondt-insurance.com\/fr\/wp-json\/wp\/v2\/users\/1"}],"replies":[{"embeddable":true,"href":"https:\/\/www.dhondt-insurance.com\/fr\/wp-json\/wp\/v2\/comments?post=3008"}],"version-history":[{"count":0,"href":"https:\/\/www.dhondt-insurance.com\/fr\/wp-json\/wp\/v2\/pages\/3008\/revisions"}],"wp:attachment":[{"href":"https:\/\/www.dhondt-insurance.com\/fr\/wp-json\/wp\/v2\/media?parent=3008"}],"curies":[{"name":"wp","href":"https:\/\/api.w.org\/{rel}","templated":true}]}}