{"id":7892,"date":"2022-12-03T16:10:50","date_gmt":"2022-12-03T16:10:50","guid":{"rendered":"https:\/\/www.dhondt-insurance.com\/?page_id=7892"},"modified":"2022-12-16T12:24:19","modified_gmt":"2022-12-16T12:24:19","slug":"cargo","status":"publish","type":"page","link":"https:\/\/www.dhondt-insurance.com\/es\/cargo\/","title":{"rendered":"Cargo"},"content":{"rendered":"<div class=\"wpb-content-wrapper\"><div class=\"vc_row wpb_row vc_row-fluid wpb_animate_when_almost_visible wpb_fadeIn fadeIn\"><div class=\"wpb_column vc_column_container vc_col-sm-6\"><div class=\"vc_column-inner\"><div class=\"wpb_wrapper\"><\/div><\/div><\/div><div class=\"wpb_column vc_column_container vc_col-sm-6 vc_hidden-xs vc_col-has-fill\"><div class=\"vc_column-inner vc_custom_1644941856652\"><div class=\"wpb_wrapper\">\n\t<div class=\"wpb_text_column wpb_content_element\" >\n\t\t<div class=\"wpb_wrapper\">\n\t\t\t<h4 style=\"padding-left: 80px;\"><span style=\"color: #ffffff;\">MAR\u00cdTIMO<\/span><\/h4>\n<p>&nbsp;<\/p>\n<h4 style=\"padding-left: 80px;\"><\/h4>\n<p style=\"padding-left: 80px;\"><a href=\"https:\/\/www.dhondt-insurance.com\/es\/binnenvaart\/\"><span style=\"color: #ffffff;\">&gt; Seguro de navegaci\u00f3n interior<\/span><\/a><\/p>\n<p style=\"padding-left: 80px;\"><a href=\"https:\/\/www.dhondt-insurance.com\/es\/cargo\/\"><span style=\"color: #ffffff;\">&gt; Seguro de cargamento<\/span><\/a><\/p>\n<p style=\"padding-left: 80px;\"><a href=\"https:\/\/www.dhondt-insurance.com\/es\/pleziervaartuigen\/\"><span style=\"color: #ffffff;\">&gt; Seguro de embarcaciones de recreo<\/span><\/a><\/p>\n<p style=\"padding-left: 80px;\"><a href=\"https:\/\/www.dhondt-insurance.com\/es\/overige-maritieme-verzekeringen\/\"><span style=\"color: #ffffff;\">&gt; Otros seguros mar\u00edtimos<\/span><\/a><\/p>\n\n\t\t<\/div>\n\t<\/div>\n<\/div><\/div><\/div><\/div><div class=\"vc_row wpb_row vc_row-fluid wpb_animate_when_almost_visible wpb_fadeIn fadeIn\"><div class=\"wpb_column vc_column_container vc_col-sm-12\"><div class=\"vc_column-inner\"><div class=\"wpb_wrapper\"><div class=\"vc_row wpb_row vc_inner vc_row-fluid vc_custom_1569482474546\"><div class=\"wpb_column vc_column_container vc_col-sm-12\"><div class=\"vc_column-inner\"><div class=\"wpb_wrapper\"> <h3 style=\"color:#01a4af;padding:px;text-align:;font-size:px;line-height:px;letter-spacing: 4px;font-weight:bold\" class=\"nd_options_second_font\">&gt; CARGAMENTO<\/h3> <div style=\"background-color:;height: 50px\" class=\"nicdark_section\"><\/div><\/div><\/div><\/div><\/div><div class=\"vc_row wpb_row vc_inner vc_row-fluid\"><div class=\"wpb_column vc_column_container vc_col-sm-12\"><div class=\"vc_column-inner\"><div class=\"wpb_wrapper\"><div style=\"background-color:;height: 25px\" class=\"nicdark_section\"><\/div>\n\t<div class=\"wpb_text_column wpb_content_element\" >\n\t\t<div class=\"wpb_wrapper\">\n\t\t\t<p><em>Al transportar mercanc\u00edas siempre pueden surgir problemas. Por ejemplo, la mercanc\u00eda puede da\u00f1arse, perderse o ser robada, o puede producirse un retraso en la entrega. En estos casos, el transportista suele limitar su responsabilidad o no hacerse responsable del problema. Por eso, es imprescindible contratar un seguro de cargamento adecuado, y nosotros estaremos encantados de ayudarle.<\/em><\/p>\n\n\t\t<\/div>\n\t<\/div>\n<\/div><\/div><\/div><\/div><div style=\"background-color:;height: 40px\" class=\"nicdark_section\"><\/div><div style=\"background-color:#01a4af;height: 1px\" class=\"nicdark_section\"><\/div><div class=\"vc_row wpb_row vc_inner vc_row-fluid\"><div class=\"wpb_column vc_column_container vc_col-sm-12\"><div class=\"vc_column-inner\"><div class=\"wpb_wrapper\"><div style=\"background-color:;height: 40px\" class=\"nicdark_section\"><\/div>\n\t<div class=\"wpb_text_column wpb_content_element\" >\n\t\t<div class=\"wpb_wrapper\">\n\t\t\t<h5>Posibles coberturas<\/h5>\n\n\t\t<\/div>\n\t<\/div>\n<div style=\"background-color:;height: 40px\" class=\"nicdark_section\"><\/div>\n\t<div class=\"wpb_text_column wpb_content_element\" >\n\t\t<div class=\"wpb_wrapper\">\n\t\t\t<p>Env\u00edos \u00fanicos y p\u00f3lizas de abono (sobre el volumen de negocio o p\u00f3lizas de declaraci\u00f3n)<\/p>\n\n\t\t<\/div>\n\t<\/div>\n<div style=\"background-color:;height: 30px\" class=\"nicdark_section\"><\/div><div style=\"background-color:#f1f1f1;height: 1px\" class=\"nicdark_section\"><\/div><div style=\"background-color:;height: 30px\" class=\"nicdark_section\"><\/div>\n\t<div class=\"wpb_text_column wpb_content_element\" >\n\t\t<div class=\"wpb_wrapper\">\n\t\t\t<p>Cobertura completa o cobertura limitada<\/p>\n\n\t\t<\/div>\n\t<\/div>\n<div style=\"background-color:;height: 30px\" class=\"nicdark_section\"><\/div><div style=\"background-color:#f1f1f1;height: 1px\" class=\"nicdark_section\"><\/div><div style=\"background-color:;height: 30px\" class=\"nicdark_section\"><\/div>\n\t<div class=\"wpb_text_column wpb_content_element\" >\n\t\t<div class=\"wpb_wrapper\">\n\t\t\t<p>Ampliaciones espec\u00edficas<\/p>\n<ul>\n<li>Almacenamiento<\/li>\n<li>P\u00e9rdida de peso<\/li>\n<li>Intereses de los compradores\/vendedores<\/li>\n<\/ul>\n\n\t\t<\/div>\n\t<\/div>\n<div style=\"background-color:;height: 40px\" class=\"nicdark_section\"><\/div><\/div><\/div><\/div><\/div><div class=\"vc_row wpb_row vc_inner vc_row-fluid vc_custom_1569482474546\"><div class=\"wpb_column vc_column_container vc_col-sm-12\"><div class=\"vc_column-inner\"><div class=\"wpb_wrapper\"><div style=\"background-color:#01a4af;height: 1px\" class=\"nicdark_section\"><\/div><\/div><\/div><\/div><\/div><div class=\"vc_row wpb_row vc_inner vc_row-fluid vc_custom_1644941915166 vc_row-has-fill\"><div class=\"wpb_column vc_column_container vc_col-sm-12\"><div class=\"vc_column-inner\"><div class=\"wpb_wrapper\"><div style=\"background-color:;height: 40px\" class=\"nicdark_section\"><\/div>\n\t<div class=\"wpb_text_column wpb_content_element\" >\n\t\t<div class=\"wpb_wrapper\">\n\t\t\t<h5>\u00bfQu\u00e9 cubre?<\/h5>\n<p>&nbsp;<\/p>\n<p>&nbsp;<\/p>\n<p>La cobertura depende del tipo de seguro. Algunas p\u00f3lizas de seguro mar\u00edtimo tambi\u00e9n pueden complementarse entre s\u00ed. Por ejemplo, el seguro de casco y el seguro de asistencia jur\u00eddica o el seguro de p\u00e9rdida de beneficios. <a style=\"color: #01a4af;\" href=\"https:\/\/www.dhondt-insurance.com\/es\/contact\/\">P\u00f3ngase en contacto con nosotros<\/a>\u00a0para cualquier informaci\u00f3n sobre seguros mar\u00edtimos. \u00a1Estaremos encantados de prepararle una p\u00f3liza adaptada a su empresa y a sus actividades n\u00e1uticas!<\/p>\n\n\t\t<\/div>\n\t<\/div>\n<\/div><\/div><\/div><\/div><\/div><\/div><\/div><\/div><div data-vc-full-width=\"true\" data-vc-full-width-init=\"false\" class=\"vc_row wpb_row vc_row-fluid wpb_animate_when_almost_visible wpb_fadeIn fadeIn vc_custom_1644941868475 vc_row-has-fill\"><div class=\"wpb_column vc_column_container vc_col-sm-3\"><div class=\"vc_column-inner\"><div class=\"wpb_wrapper\">\n\t<div class=\"wpb_text_column wpb_content_element\" >\n\t\t<div class=\"wpb_wrapper\">\n\t\t\t<p><a href=\"https:\/\/www.dhondt-insurance.com\/es\/producten\/\"><span style=\"color: #ffffff;\">&lt; Ver otros productos<\/span><\/a><\/p>\n\n\t\t<\/div>\n\t<\/div>\n<\/div><\/div><\/div><div class=\"wpb_column vc_column_container vc_col-sm-6\"><div class=\"vc_column-inner\"><div class=\"wpb_wrapper\"><\/div><\/div><\/div><div class=\"wpb_column vc_column_container vc_col-sm-3\"><div class=\"vc_column-inner\"><div class=\"wpb_wrapper\">\n\t<div class=\"wpb_text_column wpb_content_element\" >\n\t\t<div class=\"wpb_wrapper\">\n\t\t\t<p><a href=\"https:\/\/www.dhondt-insurance.com\/es\/contact\/\"><span style=\"color: #ffffff;\">Contacte con nosotros &gt;<\/span><\/a><\/p>\n\n\t\t<\/div>\n\t<\/div>\n<\/div><\/div><\/div><\/div><div class=\"vc_row-full-width vc_clearfix\"><\/div>\n<\/div>","protected":false},"excerpt":{"rendered":"MARINE &nbsp; &gt; Binnenvaart verzekeringen &gt; Cargo verzekeringen &gt; Pleziervaartuigen verzekeringen &gt; Overige maritieme verzekeringen &gt; CARGO Bij het transporteren van goederen kunnen er altijd problemen opduiken. Zo kunnen de goederen beschadigd geraken, verloren gaan, gestolen worden of kan er een laattijdige levering zijn. In deze gevallen kan de vervoerder vaak slechts beperkt aansprakelijk gesteld [...]","protected":false},"author":1,"featured_media":0,"parent":0,"menu_order":0,"comment_status":"closed","ping_status":"closed","template":"","meta":{"footnotes":""},"class_list":["post-7892","page","type-page","status-publish","hentry"],"_links":{"self":[{"href":"https:\/\/www.dhondt-insurance.com\/es\/wp-json\/wp\/v2\/pages\/7892","targetHints":{"allow":["GET"]}}],"collection":[{"href":"https:\/\/www.dhondt-insurance.com\/es\/wp-json\/wp\/v2\/pages"}],"about":[{"href":"https:\/\/www.dhondt-insurance.com\/es\/wp-json\/wp\/v2\/types\/page"}],"author":[{"embeddable":true,"href":"https:\/\/www.dhondt-insurance.com\/es\/wp-json\/wp\/v2\/users\/1"}],"replies":[{"embeddable":true,"href":"https:\/\/www.dhondt-insurance.com\/es\/wp-json\/wp\/v2\/comments?post=7892"}],"version-history":[{"count":0,"href":"https:\/\/www.dhondt-insurance.com\/es\/wp-json\/wp\/v2\/pages\/7892\/revisions"}],"wp:attachment":[{"href":"https:\/\/www.dhondt-insurance.com\/es\/wp-json\/wp\/v2\/media?parent=7892"}],"curies":[{"name":"wp","href":"https:\/\/api.w.org\/{rel}","templated":true}]}}