{"id":7890,"date":"2022-12-03T16:05:15","date_gmt":"2022-12-03T16:05:15","guid":{"rendered":"https:\/\/www.dhondt-insurance.com\/?page_id=7890"},"modified":"2022-12-16T12:23:57","modified_gmt":"2022-12-16T12:23:57","slug":"binnenvaart","status":"publish","type":"page","link":"https:\/\/www.dhondt-insurance.com\/es\/binnenvaart\/","title":{"rendered":"Transporte terrestre"},"content":{"rendered":"<div class=\"wpb-content-wrapper\"><div class=\"vc_row wpb_row vc_row-fluid wpb_animate_when_almost_visible wpb_fadeIn fadeIn\"><div class=\"wpb_column vc_column_container vc_col-sm-6\"><div class=\"vc_column-inner\"><div class=\"wpb_wrapper\"><\/div><\/div><\/div><div class=\"wpb_column vc_column_container vc_col-sm-6 vc_hidden-xs vc_col-has-fill\"><div class=\"vc_column-inner vc_custom_1644941856652\"><div class=\"wpb_wrapper\">\n\t<div class=\"wpb_text_column wpb_content_element\" >\n\t\t<div class=\"wpb_wrapper\">\n\t\t\t<h4 style=\"padding-left: 80px;\"><span style=\"color: #ffffff;\">MAR\u00cdTIMO<\/span><\/h4>\n<p>&nbsp;<\/p>\n<h4 style=\"padding-left: 80px;\"><\/h4>\n<p style=\"padding-left: 80px;\"><a href=\"https:\/\/www.dhondt-insurance.com\/es\/binnenvaart\/\"><span style=\"color: #ffffff;\">&gt; Seguro de navegaci\u00f3n interior<\/span><\/a><\/p>\n<p style=\"padding-left: 80px;\"><a href=\"https:\/\/www.dhondt-insurance.com\/es\/cargo\/\"><span style=\"color: #ffffff;\">&gt; Seguro de cargamento<\/span><\/a><\/p>\n<p style=\"padding-left: 80px;\"><a href=\"https:\/\/www.dhondt-insurance.com\/es\/pleziervaartuigen\/\"><span style=\"color: #ffffff;\">&gt; Seguro de embarcaciones de recreo<\/span><\/a><\/p>\n<p style=\"padding-left: 80px;\"><a href=\"https:\/\/www.dhondt-insurance.com\/es\/overige-maritieme-verzekeringen\/\"><span style=\"color: #ffffff;\">&gt; Otros seguros mar\u00edtimos<\/span><\/a><\/p>\n\n\t\t<\/div>\n\t<\/div>\n<\/div><\/div><\/div><\/div><div class=\"vc_row wpb_row vc_row-fluid wpb_animate_when_almost_visible wpb_fadeIn fadeIn\"><div class=\"wpb_column vc_column_container vc_col-sm-12\"><div class=\"vc_column-inner\"><div class=\"wpb_wrapper\"><div class=\"vc_row wpb_row vc_inner vc_row-fluid vc_custom_1569482474546\"><div class=\"wpb_column vc_column_container vc_col-sm-12\"><div class=\"vc_column-inner\"><div class=\"wpb_wrapper\"> <h3 style=\"color:#01a4af;padding:px;text-align:;font-size:px;line-height:px;letter-spacing: 4px;font-weight:bold\" class=\"nd_options_second_font\">&gt; NAVEGACI\u00d3N INTERIOR<\/h3> <div style=\"background-color:;height: 50px\" class=\"nicdark_section\"><\/div><\/div><\/div><\/div><\/div><div class=\"vc_row wpb_row vc_inner vc_row-fluid\"><div class=\"wpb_column vc_column_container vc_col-sm-12\"><div class=\"vc_column-inner\"><div class=\"wpb_wrapper\"><div style=\"background-color:;height: 25px\" class=\"nicdark_section\"><\/div>\n\t<div class=\"wpb_text_column wpb_content_element\" >\n\t\t<div class=\"wpb_wrapper\">\n\t\t\t<p><em>Como patr\u00f3n, su embarcaci\u00f3n profesional es su activo m\u00e1s valioso, ya que si le ocurriera algo, tendr\u00eda consecuencias en su volumen de negocios y sus activos. En el supuesto de que se produzca alg\u00fan error de c\u00e1lculo al maniobrar, se da\u00f1e el motor, se detenga la h\u00e9lice, se da\u00f1e el puente de mando, etc., es importante que est\u00e9 debidamente asegurado. D'hondt Insurance Marine estar\u00e1 encantado de ayudarle a contratar un seguro adecuado para usted que cubra da\u00f1os materiales, responsabilidad civil, asistencia jur\u00eddica y cualquier otro aspecto, como p\u00e9rdida de beneficios, coche a bordo, etc.<\/em><\/p>\n\n\t\t<\/div>\n\t<\/div>\n<\/div><\/div><\/div><\/div><div style=\"background-color:;height: 40px\" class=\"nicdark_section\"><\/div><div style=\"background-color:#01a4af;height: 1px\" class=\"nicdark_section\"><\/div><div class=\"vc_row wpb_row vc_inner vc_row-fluid\"><div class=\"wpb_column vc_column_container vc_col-sm-12\"><div class=\"vc_column-inner\"><div class=\"wpb_wrapper\"><div style=\"background-color:;height: 40px\" class=\"nicdark_section\"><\/div>\n\t<div class=\"wpb_text_column wpb_content_element\" >\n\t\t<div class=\"wpb_wrapper\">\n\t\t\t<h5>Posibles coberturas<\/h5>\n\n\t\t<\/div>\n\t<\/div>\n<div style=\"background-color:;height: 50px\" class=\"nicdark_section\"><\/div>\n\t<div class=\"wpb_text_column wpb_content_element\" >\n\t\t<div class=\"wpb_wrapper\">\n\t\t\t<p><span style=\"color: #666666;\">Seguro de casco: por da\u00f1os en la embarcaci\u00f3n, menaje, instalaciones, etc., causados por circunstancias imprevistas o fallo propio.<\/span><\/p>\n\n\t\t<\/div>\n\t<\/div>\n<div style=\"background-color:;height: 30px\" class=\"nicdark_section\"><\/div><div style=\"background-color:#f1f1f1;height: 1px\" class=\"nicdark_section\"><\/div><div style=\"background-color:;height: 30px\" class=\"nicdark_section\"><\/div>\n\t<div class=\"wpb_text_column wpb_content_element\" >\n\t\t<div class=\"wpb_wrapper\">\n\t\t\t<p><span style=\"color: #666666;\">Protecci\u00f3n e indemnizaci\u00f3n: cobertura de responsabilidad en caso de, entre otras cosas, contaminaci\u00f3n del agua, da\u00f1os por colisi\u00f3n, lesiones a la tripulaci\u00f3n y a terceros, etc.<\/span><\/p>\n\n\t\t<\/div>\n\t<\/div>\n<div style=\"background-color:;height: 30px\" class=\"nicdark_section\"><\/div><div style=\"background-color:#f1f1f1;height: 1px\" class=\"nicdark_section\"><\/div><div style=\"background-color:;height: 30px\" class=\"nicdark_section\"><\/div>\n\t<div class=\"wpb_text_column wpb_content_element\" >\n\t\t<div class=\"wpb_wrapper\">\n\t\t\t<p><span style=\"color: #666666;\"> Asistencia jur\u00eddica: seguridad adicional en caso de litigio, adem\u00e1s del seguro de protecci\u00f3n e indemnizaci\u00f3n o el seguro de casco.<\/span><\/p>\n\n\t\t<\/div>\n\t<\/div>\n<div style=\"background-color:;height: 30px\" class=\"nicdark_section\"><\/div><div style=\"background-color:#f1f1f1;height: 1px\" class=\"nicdark_section\"><\/div><div style=\"background-color:;height: 30px\" class=\"nicdark_section\"><\/div>\n\t<div class=\"wpb_text_column wpb_content_element\" >\n\t\t<div class=\"wpb_wrapper\">\n\t\t\t<p><span style=\"color: #666666;\">P\u00e9rdida de beneficios: intervenci\u00f3n cuando una embarcaci\u00f3n est\u00e1 fuera de rotaci\u00f3n durante mucho tiempo debido a trabajos de reparaci\u00f3n incluidos en el seguro de casco.<\/span><\/p>\n\n\t\t<\/div>\n\t<\/div>\n<div style=\"background-color:;height: 30px\" class=\"nicdark_section\"><\/div><div style=\"background-color:#f1f1f1;height: 1px\" class=\"nicdark_section\"><\/div><div style=\"background-color:;height: 30px\" class=\"nicdark_section\"><\/div>\n\t<div class=\"wpb_text_column wpb_content_element\" >\n\t\t<div class=\"wpb_wrapper\">\n\t\t\t<p><span style=\"color: #666666;\">Coche a bordo: este seguro cubre los da\u00f1os derivados de una aver\u00eda que sufra el coche a bordo.<\/span><\/p>\n\n\t\t<\/div>\n\t<\/div>\n<div style=\"background-color:;height: 30px\" class=\"nicdark_section\"><\/div><div style=\"background-color:#f1f1f1;height: 1px\" class=\"nicdark_section\"><\/div><div style=\"background-color:;height: 30px\" class=\"nicdark_section\"><\/div>\n\t<div class=\"wpb_text_column wpb_content_element\" >\n\t\t<div class=\"wpb_wrapper\">\n\t\t\t<p><span style=\"color: #666666;\">Obstrucci\u00f3n de la v\u00eda fluvial: cobertura que interviene en caso de sufrir da\u00f1os econ\u00f3micos debido a la obstrucci\u00f3n de la v\u00eda fluvial.<\/span><\/p>\n\n\t\t<\/div>\n\t<\/div>\n<div style=\"background-color:;height: 30px\" class=\"nicdark_section\"><\/div><div style=\"background-color:#f1f1f1;height: 1px\" class=\"nicdark_section\"><\/div><div style=\"background-color:;height: 30px\" class=\"nicdark_section\"><\/div>\n\t<div class=\"wpb_text_column wpb_content_element\" >\n\t\t<div class=\"wpb_wrapper\">\n\t\t\t<p><span style=\"color: #666666;\">Seguro de ampliaci\u00f3n: para siniestros durante la ampliaci\u00f3n o reconstrucci\u00f3n de su embarcaci\u00f3n.<\/span><\/p>\n\n\t\t<\/div>\n\t<\/div>\n<div style=\"background-color:;height: 40px\" class=\"nicdark_section\"><\/div><\/div><\/div><\/div><\/div><div class=\"vc_row wpb_row vc_inner vc_row-fluid vc_custom_1569482474546\"><div class=\"wpb_column vc_column_container vc_col-sm-12\"><div class=\"vc_column-inner\"><div class=\"wpb_wrapper\"><div style=\"background-color:#01a4af;height: 1px\" class=\"nicdark_section\"><\/div><\/div><\/div><\/div><\/div><div class=\"vc_row wpb_row vc_inner vc_row-fluid vc_custom_1644941915166 vc_row-has-fill\"><div class=\"wpb_column vc_column_container vc_col-sm-12\"><div class=\"vc_column-inner\"><div class=\"wpb_wrapper\"><div style=\"background-color:;height: 40px\" class=\"nicdark_section\"><\/div>\n\t<div class=\"wpb_text_column wpb_content_element\" >\n\t\t<div class=\"wpb_wrapper\">\n\t\t\t<h5>\u00bfQu\u00e9 cubre?<\/h5>\n<p>&nbsp;<\/p>\n<p>&nbsp;<\/p>\n<p>La cobertura depende del tipo de seguro. Algunas p\u00f3lizas de seguro mar\u00edtimo tambi\u00e9n pueden complementarse entre s\u00ed. Por ejemplo, el seguro de casco y el seguro de asistencia jur\u00eddica o el seguro de p\u00e9rdida de beneficios. <a style=\"color: #01a4af;\" href=\"https:\/\/www.dhondt-insurance.com\/es\/contact\/\">P\u00f3ngase en contacto con nosotros<\/a> para cualquier informaci\u00f3n sobre seguros mar\u00edtimos. \u00a1Estaremos encantados de prepararle una p\u00f3liza adaptada a su empresa y a sus actividades n\u00e1uticas!<\/p>\n\n\t\t<\/div>\n\t<\/div>\n<\/div><\/div><\/div><\/div><\/div><\/div><\/div><\/div><div data-vc-full-width=\"true\" data-vc-full-width-init=\"false\" class=\"vc_row wpb_row vc_row-fluid wpb_animate_when_almost_visible wpb_fadeIn fadeIn vc_custom_1644941868475 vc_row-has-fill\"><div class=\"wpb_column vc_column_container vc_col-sm-3\"><div class=\"vc_column-inner\"><div class=\"wpb_wrapper\">\n\t<div class=\"wpb_text_column wpb_content_element\" >\n\t\t<div class=\"wpb_wrapper\">\n\t\t\t<p><a href=\"https:\/\/www.dhondt-insurance.com\/es\/producten\/\"><span style=\"color: #ffffff;\">&lt; Ver otros productos<\/span><\/a><\/p>\n\n\t\t<\/div>\n\t<\/div>\n<\/div><\/div><\/div><div class=\"wpb_column vc_column_container vc_col-sm-6\"><div class=\"vc_column-inner\"><div class=\"wpb_wrapper\"><\/div><\/div><\/div><div class=\"wpb_column vc_column_container vc_col-sm-3\"><div class=\"vc_column-inner\"><div class=\"wpb_wrapper\">\n\t<div class=\"wpb_text_column wpb_content_element\" >\n\t\t<div class=\"wpb_wrapper\">\n\t\t\t<p><a href=\"https:\/\/www.dhondt-insurance.com\/es\/contact\/\"><span style=\"color: #ffffff;\">Contacte con nosotros &gt;<\/span><\/a><\/p>\n\n\t\t<\/div>\n\t<\/div>\n<\/div><\/div><\/div><\/div><div class=\"vc_row-full-width vc_clearfix\"><\/div>\n<\/div>","protected":false},"excerpt":{"rendered":"MARINE &nbsp; &gt; Binnenvaart verzekeringen &gt; Cargo verzekeringen &gt; Pleziervaartuigen verzekeringen &gt; Overige maritieme verzekeringen &gt; BINNENVAART Als schipper is uw beroepsvaartuig uw meest kostbare bezit, wanneer hiermee iets zou gebeuren heeft dit namelijk gevolgen voor uw omzet en vermogen. Op het moment dat er een inschattingsfout gebeurt bij het manoeuvreren, of bij motorschade, schroefaanslag, [...]","protected":false},"author":1,"featured_media":0,"parent":0,"menu_order":0,"comment_status":"closed","ping_status":"closed","template":"","meta":{"footnotes":""},"class_list":["post-7890","page","type-page","status-publish","hentry"],"_links":{"self":[{"href":"https:\/\/www.dhondt-insurance.com\/es\/wp-json\/wp\/v2\/pages\/7890","targetHints":{"allow":["GET"]}}],"collection":[{"href":"https:\/\/www.dhondt-insurance.com\/es\/wp-json\/wp\/v2\/pages"}],"about":[{"href":"https:\/\/www.dhondt-insurance.com\/es\/wp-json\/wp\/v2\/types\/page"}],"author":[{"embeddable":true,"href":"https:\/\/www.dhondt-insurance.com\/es\/wp-json\/wp\/v2\/users\/1"}],"replies":[{"embeddable":true,"href":"https:\/\/www.dhondt-insurance.com\/es\/wp-json\/wp\/v2\/comments?post=7890"}],"version-history":[{"count":0,"href":"https:\/\/www.dhondt-insurance.com\/es\/wp-json\/wp\/v2\/pages\/7890\/revisions"}],"wp:attachment":[{"href":"https:\/\/www.dhondt-insurance.com\/es\/wp-json\/wp\/v2\/media?parent=7890"}],"curies":[{"name":"wp","href":"https:\/\/api.w.org\/{rel}","templated":true}]}}