{"id":5969,"date":"2021-12-03T12:14:57","date_gmt":"2021-12-03T12:14:57","guid":{"rendered":"https:\/\/www.dhondt-insurance.com\/?page_id=5969"},"modified":"2023-06-21T11:34:26","modified_gmt":"2023-06-21T11:34:26","slug":"mobiss","status":"publish","type":"page","link":"https:\/\/www.dhondt-insurance.com\/es\/mobiss\/","title":{"rendered":"Mobiss"},"content":{"rendered":"<div class=\"wpb-content-wrapper\"><div class=\"vc_row wpb_row vc_row-fluid\"><div class=\"wpb_column vc_column_container vc_col-sm-12 vc_hidden-xs\"><div class=\"vc_column-inner\"><div class=\"wpb_wrapper\"><div style=\"background-color:;height: 50px\" class=\"nicdark_section\"><\/div> <h3 style=\"color:#00599e;padding:px;text-align:;font-size:px;line-height:px;letter-spacing: 4px;font-weight:bold\" class=\"nd_options_second_font\">&gt; MOBISS<\/h3> <div style=\"background-color:;height: 50px\" class=\"nicdark_section\"><\/div><\/div><\/div><\/div><\/div><div class=\"vc_row wpb_row vc_row-fluid\"><div class=\"wpb_column vc_column_container vc_col-sm-12 vc_hidden-lg vc_hidden-md vc_hidden-sm\"><div class=\"vc_column-inner\"><div class=\"wpb_wrapper\"><div style=\"background-color:;height: 50px\" class=\"nicdark_section\"><\/div> <h3 style=\"color:#00599e;padding:px;text-align:;font-size:18px;line-height:px;letter-spacing: 4px;font-weight:bold\" class=\"nd_options_second_font\">&gt; MOBISS<\/h3> <div style=\"background-color:;height: 50px\" class=\"nicdark_section\"><\/div><\/div><\/div><\/div><\/div><div class=\"vc_row wpb_row vc_row-fluid wpb_animate_when_almost_visible wpb_fadeIn fadeIn\"><div class=\"wpb_column vc_column_container vc_col-sm-6\"><div class=\"vc_column-inner\"><div class=\"wpb_wrapper\"><div style=\"background-color:;height: 50px\" class=\"nicdark_section\"><\/div>\n\t<div  class=\"wpb_single_image wpb_content_element vc_align_left wpb_content_element\">\n\t\t\n\t\t<figure class=\"wpb_wrapper vc_figure\">\n\t\t\t<div class=\"vc_single_image-wrapper   vc_box_border_grey\"><img loading=\"lazy\" decoding=\"async\" width=\"1024\" height=\"768\" src=\"https:\/\/www.dhondt-insurance.com\/wp-content\/uploads\/2023\/06\/website_dhondt_mobiss.png\" class=\"vc_single_image-img attachment-full\" alt=\"\" title=\"website_dhondt_mobiss\" srcset=\"https:\/\/www.dhondt-insurance.com\/wp-content\/uploads\/2023\/06\/website_dhondt_mobiss.png 1024w, https:\/\/www.dhondt-insurance.com\/wp-content\/uploads\/2023\/06\/website_dhondt_mobiss-300x225.png 300w, https:\/\/www.dhondt-insurance.com\/wp-content\/uploads\/2023\/06\/website_dhondt_mobiss-768x576.png 768w, https:\/\/www.dhondt-insurance.com\/wp-content\/uploads\/2023\/06\/website_dhondt_mobiss-16x12.png 16w\" sizes=\"auto, (max-width: 1024px) 100vw, 1024px\" \/><\/div>\n\t\t<\/figure>\n\t<\/div>\n<\/div><\/div><\/div><div class=\"wpb_column vc_column_container vc_col-sm-6\"><div class=\"vc_column-inner\"><div class=\"wpb_wrapper\"><div style=\"background-color:;height: 50px\" class=\"nicdark_section\"><\/div> <h2 style=\"color:#2d2d2d;padding:px;text-align:;font-size:25px;line-height:40px;letter-spacing: px;font-weight:bold\" class=\"nd_options_second_font\">Consulte su certificado de seguro en cualquier momento y en cualquier lugar<\/h2> <div style=\"background-color:;height: 50px\" class=\"nicdark_section\"><\/div>\n\t<div class=\"wpb_text_column wpb_content_element\" >\n\t\t<div class=\"wpb_wrapper\">\n\t\t\t<p><em>Esta herramienta de D'hondt Insurance es su mano amiga en el camino. Vea su certificado de seguro en cualquier momento y en cualquier lugar y desc\u00e1rguelo directamente desde la herramienta. \u00bfHas tenido un accidente? No hay problema, informe el da\u00f1o inmediatamente a su corredor.\u00a0<\/em><\/p>\n\n\t\t<\/div>\n\t<\/div>\n<div style=\"background-color:;height: 25px\" class=\"nicdark_section\"><\/div><\/div><\/div><\/div><\/div><div data-vc-full-width=\"true\" data-vc-full-width-init=\"false\" class=\"vc_row wpb_row vc_row-fluid wpb_animate_when_almost_visible wpb_fadeIn fadeIn vc_custom_1644943042215 vc_column-gap-20 vc_row-o-equal-height vc_row-flex\"><div class=\"wpb_column vc_column_container vc_col-sm-4 vc_col-has-fill\"><div class=\"vc_column-inner vc_custom_1638538763115\"><div class=\"wpb_wrapper\"><div style=\"background-color:;height: 50px\" class=\"nicdark_section\"><\/div><div class=\"vc_icon_element vc_icon_element-outer vc_do_icon vc_icon_element-align-center\"><div class=\"vc_icon_element-inner vc_icon_element-color-custom vc_icon_element-size-xl vc_icon_element-style- vc_icon_element-background-color-grey\" ><span class=\"vc_icon_element-icon fas fa-mobile-alt\" style=\"color:#ffffff !important\"><\/span><\/div><\/div><div style=\"background-color:;height: 50px\" class=\"nicdark_section\"><\/div> <h6 style=\"color:#ffffff;padding:15px;text-align:;font-size:16px;line-height:20px;letter-spacing: 1px;font-weight:bold\" class=\"nd_options_first_font\">Consulta tu tarjeta de seguro<\/h6> \n\t<div class=\"wpb_text_column wpb_content_element vc_custom_1638539067800\" >\n\t\t<div class=\"wpb_wrapper\">\n\t\t\t<p><span style=\"color: #ffffff;\">Consulte su certificado de seguro en cualquier lugar y en cualquier momento. De esta manera puede averiguar cu\u00e1nto tiempo sigue siendo v\u00e1lido.<\/span><\/p>\n\n\t\t<\/div>\n\t<\/div>\n<div style=\"background-color:;height: 50px\" class=\"nicdark_section\"><\/div><\/div><\/div><\/div><div class=\"wpb_column vc_column_container vc_col-sm-4 vc_col-has-fill\"><div class=\"vc_column-inner vc_custom_1638537348323\"><div class=\"wpb_wrapper\"><div style=\"background-color:;height: 50px\" class=\"nicdark_section\"><\/div><div class=\"vc_icon_element vc_icon_element-outer vc_do_icon vc_icon_element-align-center\"><div class=\"vc_icon_element-inner vc_icon_element-color-custom vc_icon_element-size-xl vc_icon_element-style- vc_icon_element-background-color-grey\" ><span class=\"vc_icon_element-icon fas fa-file-download\" style=\"color:#ffffff !important\"><\/span><\/div><\/div><div style=\"background-color:;height: 50px\" class=\"nicdark_section\"><\/div> <h6 style=\"color:#ffffff;padding:15px;text-align:;font-size:16px;line-height:20px;letter-spacing: 1px;font-weight:bold\" class=\"nd_options_first_font\">Descarga tu certificado de seguro<\/h6> \n\t<div class=\"wpb_text_column wpb_content_element vc_custom_1638538902958\" >\n\t\t<div class=\"wpb_wrapper\">\n\t\t\t<p><span style=\"color: #ffffff;\">Cuando inicia sesi\u00f3n a trav\u00e9s de Mobility, tambi\u00e9n puede descargar su certificado de seguro despu\u00e9s de los pasos necesarios. De esta manera, tendr\u00e1 su comprobante de seguro inmediatamente a mano y ya no tendr\u00e1 que ponerse en contacto con su corredor para ello.<\/span><\/p>\n\n\t\t<\/div>\n\t<\/div>\n<div style=\"background-color:;height: 50px\" class=\"nicdark_section\"><\/div><\/div><\/div><\/div><div class=\"wpb_column vc_column_container vc_col-sm-4 vc_col-has-fill\"><div class=\"vc_column-inner vc_custom_1638537357919\"><div class=\"wpb_wrapper\"><div style=\"background-color:;height: 50px\" class=\"nicdark_section\"><\/div><div class=\"vc_icon_element vc_icon_element-outer vc_do_icon vc_icon_element-align-center\"><div class=\"vc_icon_element-inner vc_icon_element-color-custom vc_icon_element-size-xl vc_icon_element-style- vc_icon_element-background-color-grey\" ><span class=\"vc_icon_element-icon fas fa-car-crash\" style=\"color:#ffffff !important\"><\/span><\/div><\/div><div style=\"background-color:;height: 50px\" class=\"nicdark_section\"><\/div> <h6 style=\"color:#ffffff;padding:15px;text-align:;font-size:16px;line-height:20px;letter-spacing: 1px;font-weight:bold\" class=\"nd_options_first_font\">Informar da\u00f1os despu\u00e9s de un accidente<\/h6> \n\t<div class=\"wpb_text_column wpb_content_element vc_custom_1638538922829\" >\n\t\t<div class=\"wpb_wrapper\">\n\t\t\t<p><span style=\"color: #ffffff;\">Despu\u00e9s de un accidente, a menudo hay una carga administrativa, mientras que probablemente est\u00e9 perdido por un tiempo en ese momento. No se preocupe, puede informar el da\u00f1o directamente a su corredor despu\u00e9s de un accidente.<\/span><\/p>\n\n\t\t<\/div>\n\t<\/div>\n<div style=\"background-color:;height: 50px\" class=\"nicdark_section\"><\/div><\/div><\/div><\/div><\/div><div class=\"vc_row-full-width vc_clearfix\"><\/div><div data-vc-full-width=\"true\" data-vc-full-width-init=\"false\" data-vc-parallax=\"1.5\" data-vc-parallax-image=\"https:\/\/www.dhondt-insurance.com\/wp-content\/uploads\/2023\/06\/website_dhondt_banner_mobiss.png\" class=\"vc_row wpb_row vc_row-fluid wpb_animate_when_almost_visible wpb_fadeIn fadeIn vc_row-has-fill vc_general vc_parallax vc_parallax-content-moving\"><div class=\"wpb_column vc_column_container vc_col-sm-12\"><div class=\"vc_column-inner\"><div class=\"wpb_wrapper\"><div style=\"background-color:;height: 140px\" class=\"nicdark_section\"><\/div> <h6 style=\"color:#ffffff;padding:px;text-align:;font-size:40px;line-height:50px;letter-spacing: 1px;font-weight:lighter\" class=\"nd_options_first_font\">Consulta tu certificado de seguro e informa tu accidente<\/h6> <div style=\"background-color:;height: 15px\" class=\"nicdark_section\"><\/div>\n\t<div class=\"wpb_text_column wpb_content_element\" >\n\t\t<div class=\"wpb_wrapper\">\n\t\t\t<p><span style=\"color: #ffffff;\">Tu mano amiga en el camino<\/span><\/p>\n\n\t\t<\/div>\n\t<\/div>\n<div style=\"background-color:;height: 40px\" class=\"nicdark_section\"><\/div>\n\t\n\t<a style=\"border: px solid;border-radius:px;letter-spacing:px;line-height:px;font-size:px;background-color:#ffffff;padding:10px 20px;margin:;color:#000000\" rel=\"noopener\" target=\"_blank\" href=\"https:\/\/mobiss.be\/en\/\" class=\"nicdark_display_inline_block nd_options_float_left\">&gt; Ga naar Mobiss<\/a>\n\t\n<div style=\"background-color:;height: 140px\" class=\"nicdark_section\"><\/div><\/div><\/div><\/div><\/div><div class=\"vc_row-full-width vc_clearfix\"><\/div><div class=\"vc_row wpb_row vc_row-fluid\"><div class=\"wpb_column vc_column_container vc_col-sm-2\"><div class=\"vc_column-inner\"><div class=\"wpb_wrapper\"><\/div><\/div><\/div><div class=\"wpb_column vc_column_container vc_col-sm-8\"><div class=\"vc_column-inner\"><div class=\"wpb_wrapper\"><\/div><\/div><\/div><div class=\"wpb_column vc_column_container vc_col-sm-2\"><div class=\"vc_column-inner\"><div class=\"wpb_wrapper\"><\/div><\/div><\/div><\/div><div data-vc-full-width=\"true\" data-vc-full-width-init=\"false\" data-vc-parallax=\"1.5\" class=\"vc_row wpb_row vc_row-fluid wpb_animate_when_almost_visible wpb_fadeIn fadeIn vc_custom_1644943020568 vc_row-has-fill vc_general vc_parallax vc_parallax-content-moving\"><div class=\"wpb_column vc_column_container vc_col-sm-2\"><div class=\"vc_column-inner\"><div class=\"wpb_wrapper\"><\/div><\/div><\/div><div class=\"wpb_column vc_column_container vc_col-sm-8\"><div class=\"vc_column-inner\"><div class=\"wpb_wrapper\">\n\t<div class=\"wpb_text_column wpb_content_element\" >\n\t\t<div class=\"wpb_wrapper\">\n\t\t\t<h2 style=\"text-align: center;\"><span style=\"color: #ffffff;\">\u00bfInteresado en Mobiss? <\/span><\/h2>\n\n\t\t<\/div>\n\t<\/div>\n<div style=\"background-color:;height: 40px\" class=\"nicdark_section\"><\/div>\n\t<div class=\"nd_options_section nd_options_text_align_center\">\n\t<a style=\"border: px solid;border-radius:px;letter-spacing:px;line-height:px;font-size:px;background-color:#ffffff;padding:5px 10px;margin:;color:#00599e\" rel=\"\" target=\"_blank\" href=\"mailto:sales@dhondt-insurance.com\" class=\"nicdark_display_inline_block\">&gt; Contacteer ons<\/a>\n\t<\/div>\n<\/div><\/div><\/div><div class=\"wpb_column vc_column_container vc_col-sm-2\"><div class=\"vc_column-inner\"><div class=\"wpb_wrapper\"><\/div><\/div><\/div><\/div><div class=\"vc_row-full-width vc_clearfix\"><\/div>\n<\/div>","protected":false},"excerpt":{"rendered":"&gt; MOBISS &gt; MOBISS Raadpleeg altijd en overal uw verzekeringsbewijs Deze tool van D'hondt Insurance is uw helpende hand onderweg. Bekijk altijd en overal uw verzekeringsbewijs en download deze rechtstreeks vanuit de tool. Hebt u een ongeval? Geen probleem dan meld u de schade direct bij uw makelaar.\u00a0 Raadpleeg uw groene kaart Raadpleeg overal en [...]","protected":false},"author":1,"featured_media":0,"parent":0,"menu_order":0,"comment_status":"closed","ping_status":"closed","template":"","meta":{"footnotes":""},"class_list":["post-5969","page","type-page","status-publish","hentry"],"_links":{"self":[{"href":"https:\/\/www.dhondt-insurance.com\/es\/wp-json\/wp\/v2\/pages\/5969","targetHints":{"allow":["GET"]}}],"collection":[{"href":"https:\/\/www.dhondt-insurance.com\/es\/wp-json\/wp\/v2\/pages"}],"about":[{"href":"https:\/\/www.dhondt-insurance.com\/es\/wp-json\/wp\/v2\/types\/page"}],"author":[{"embeddable":true,"href":"https:\/\/www.dhondt-insurance.com\/es\/wp-json\/wp\/v2\/users\/1"}],"replies":[{"embeddable":true,"href":"https:\/\/www.dhondt-insurance.com\/es\/wp-json\/wp\/v2\/comments?post=5969"}],"version-history":[{"count":6,"href":"https:\/\/www.dhondt-insurance.com\/es\/wp-json\/wp\/v2\/pages\/5969\/revisions"}],"predecessor-version":[{"id":8291,"href":"https:\/\/www.dhondt-insurance.com\/es\/wp-json\/wp\/v2\/pages\/5969\/revisions\/8291"}],"wp:attachment":[{"href":"https:\/\/www.dhondt-insurance.com\/es\/wp-json\/wp\/v2\/media?parent=5969"}],"curies":[{"name":"wp","href":"https:\/\/api.w.org\/{rel}","templated":true}]}}