{"id":3048,"date":"2020-04-07T13:54:18","date_gmt":"2020-04-07T13:54:18","guid":{"rendered":"http:\/\/dhondt-insurance.com\/?page_id=3048"},"modified":"2022-02-15T16:13:59","modified_gmt":"2022-02-15T16:13:59","slug":"cmr","status":"publish","type":"page","link":"https:\/\/www.dhondt-insurance.com\/es\/cmr\/","title":{"rendered":"CMR"},"content":{"rendered":"<div class=\"wpb-content-wrapper\"><div class=\"vc_row wpb_row vc_row-fluid wpb_animate_when_almost_visible wpb_fadeIn fadeIn\"><div class=\"wpb_column vc_column_container vc_col-sm-6\"><div class=\"vc_column-inner\"><div class=\"wpb_wrapper\"><\/div><\/div><\/div><div class=\"wpb_column vc_column_container vc_col-sm-6 vc_hidden-xs vc_col-has-fill\"><div class=\"vc_column-inner vc_custom_1644941598125\"><div class=\"wpb_wrapper\">\n\t<div class=\"wpb_text_column wpb_content_element\" >\n\t\t<div class=\"wpb_wrapper\">\n\t\t\t<h4 style=\"padding-left: 80px;\"><span style=\"color: #ffffff;\"><strong>VEH\u00cdCULOS<\/strong><\/span><\/h4>\n<p>&nbsp;<\/p>\n<h4><\/h4>\n<h4 style=\"padding-left: 80px;\"><\/h4>\n<p style=\"padding-left: 80px;\"><a href=\"https:\/\/www.dhondt-insurance.com\/es\/cmr\/\"><span style=\"color: #ffffff;\">&gt; CMR<\/span><\/a><\/p>\n<p style=\"padding-left: 80px;\"><a href=\"https:\/\/www.dhondt-insurance.com\/es\/tca-trailer-containeraansprakelijkheid\/\"><span style=\"color: #ffffff;\">&gt; RCT: responsabilidad de contenedores-tr\u00e1iler<\/span><\/a><\/p>\n<p style=\"padding-left: 80px;\"><a href=\"https:\/\/www.dhondt-insurance.com\/es\/lpp-logistieke-protectiepolis\/\"><span style=\"color: #ffffff;\">PPL: p\u00f3liza de protecci\u00f3n log\u00edstica<\/span><\/a><\/p>\n\n\t\t<\/div>\n\t<\/div>\n<\/div><\/div><\/div><\/div><div class=\"vc_row wpb_row vc_row-fluid wpb_animate_when_almost_visible wpb_fadeIn fadeIn\"><div class=\"wpb_column vc_column_container vc_col-sm-12\"><div class=\"vc_column-inner\"><div class=\"wpb_wrapper\"><div class=\"vc_row wpb_row vc_inner vc_row-fluid vc_custom_1569482474546\"><div class=\"wpb_column vc_column_container vc_col-sm-12\"><div class=\"vc_column-inner\"><div class=\"wpb_wrapper\"> <h3 style=\"color:#01919b;padding:px;text-align:;font-size:px;line-height:px;letter-spacing: 4px;font-weight:bold\" class=\"nd_options_second_font\">&gt; CMR<\/h3> <div style=\"background-color:;height: 50px\" class=\"nicdark_section\"><\/div><\/div><\/div><\/div><\/div><div class=\"vc_row wpb_row vc_inner vc_row-fluid\"><div class=\"wpb_column vc_column_container vc_col-sm-12\"><div class=\"vc_column-inner\"><div class=\"wpb_wrapper\"><div style=\"background-color:;height: 25px\" class=\"nicdark_section\"><\/div>\n\t<div class=\"wpb_text_column wpb_content_element\" >\n\t\t<div class=\"wpb_wrapper\">\n\t\t\t<p><em>Como empresa de transporte, \u00bftransporta mercanc\u00edas en su pa\u00eds y\/o en el extranjero? En cualquier caso, un seguro CMR es imprescindible. Esta p\u00f3liza interviene cuando el da\u00f1o, la p\u00e9rdida, el robo, etc., se produce durante el per\u00edodo en que usted es responsable de las mercanc\u00edas. <\/em><\/p>\n\n\t\t<\/div>\n\t<\/div>\n<\/div><\/div><\/div><\/div><div style=\"background-color:;height: 25px\" class=\"nicdark_section\"><\/div><div style=\"background-color:#01919b;height: 1px\" class=\"nicdark_section\"><\/div><div class=\"vc_row wpb_row vc_inner vc_row-fluid\"><div class=\"wpb_column vc_column_container vc_col-sm-12\"><div class=\"vc_column-inner\"><div class=\"wpb_wrapper\"><div style=\"background-color:;height: 50px\" class=\"nicdark_section\"><\/div> <p style=\"color:#2d2d2d;padding:px;text-align:;font-size:16px;line-height:px;letter-spacing: px;font-weight:bold\" class=\"\">Un seguro hecho a medida para cada tipo de transporte<\/p> <div style=\"background-color:;height: 35px\" class=\"nicdark_section\"><\/div>\n\t<div class=\"wpb_text_column wpb_content_element\" >\n\t\t<div class=\"wpb_wrapper\">\n\t\t\t<p>Este seguro cubre la responsabilidad del transportista de acuerdo con la legislaci\u00f3n CMR o con cualquier otra ley similar aplicable en el momento del da\u00f1o. Da\u00f1os, retraso en la entrega, robo, etc., son solo algunas de las coberturas incluidas en el seguro. Podemos ir un paso m\u00e1s all\u00e1 con, adem\u00e1s de las coberturas est\u00e1ndar, la cobertura en caso de error grave o robo de la carga en remolques desconectados (sujeto a una mayor franquicia). \u00bfTransporta carga general, carga a granel o mercanc\u00edas refrigeradas? No dude en <span style=\"color: #01919b;\"><a style=\"color: #01919b;\" href=\"https:\/\/www.dhondt-insurance.com\/es\/contact\/\">P\u00f3ngase en contacto con nosotros<\/a><\/span> para elaborar un presupuesto que se ajuste perfectamente a las actividades de su empresa.<\/p>\n\n\t\t<\/div>\n\t<\/div>\n<\/div><\/div><\/div><\/div><div class=\"vc_row wpb_row vc_inner vc_row-fluid vc_custom_1569482474546\"><div class=\"wpb_column vc_column_container vc_col-sm-12\"><div class=\"vc_column-inner\"><div class=\"wpb_wrapper\"><div style=\"background-color:#01919b;height: 1px\" class=\"nicdark_section\"><\/div><\/div><\/div><\/div><\/div><div class=\"vc_row wpb_row vc_inner vc_row-fluid vc_custom_1644941636903 vc_row-has-fill\"><div class=\"wpb_column vc_column_container vc_col-sm-12\"><div class=\"vc_column-inner\"><div class=\"wpb_wrapper\"> <p style=\"color:#2d2d2d;padding:px;text-align:;font-size:16px;line-height:px;letter-spacing: px;font-weight:bold\" class=\"\">\u00bfQu\u00e9 cubre?<\/p> <div style=\"background-color:;height: 25px\" class=\"nicdark_section\"><\/div><div style=\"background-color:;height: 10px\" class=\"nicdark_section\"><\/div>\n\t<div class=\"wpb_text_column wpb_content_element\" >\n\t\t<div class=\"wpb_wrapper\">\n\t\t\t<p><span style=\"color: #01919b;\">Da\u00f1os o p\u00e9rdidas<\/span> de las mercanc\u00edas transportadas<\/p>\n\n\t\t<\/div>\n\t<\/div>\n<div style=\"background-color:;height: 10px\" class=\"nicdark_section\"><\/div><div style=\"background-color:#f1f1f1;height: 1px\" class=\"nicdark_section\"><\/div><div style=\"background-color:;height: 10px\" class=\"nicdark_section\"><\/div>\n\t<div class=\"wpb_text_column wpb_content_element\" >\n\t\t<div class=\"wpb_wrapper\">\n\t\t\t<p><span style=\"color: #01919b;\">Entrega tard\u00eda,<\/span>de acuerdo con la legislaci\u00f3n CMR<\/p>\n\n\t\t<\/div>\n\t<\/div>\n<div style=\"background-color:;height: 10px\" class=\"nicdark_section\"><\/div><div style=\"background-color:#f1f1f1;height: 1px\" class=\"nicdark_section\"><\/div><div style=\"background-color:;height: 10px\" class=\"nicdark_section\"><\/div>\n\t<div class=\"wpb_text_column wpb_content_element\" >\n\t\t<div class=\"wpb_wrapper\">\n\t\t\t<p><span style=\"color: #01919b;\">Robo<\/span> y operaciones f\u00edsicas durante la carga y descarga<\/p>\n\n\t\t<\/div>\n\t<\/div>\n<div style=\"background-color:;height: 25px\" class=\"nicdark_section\"><\/div>\n\t<div class=\"wpb_text_column wpb_content_element\" >\n\t\t<div class=\"wpb_wrapper\">\n\t\t\t<p>Aqu\u00ed se aplica una intervenci\u00f3n m\u00e1xima de 335.000 euros por siniestro.<\/p>\n\n\t\t<\/div>\n\t<\/div>\n<div style=\"background-color:;height: 25px\" class=\"nicdark_section\"><\/div> <p style=\"color:#2d2d2d;padding:px;text-align:;font-size:16px;line-height:px;letter-spacing: px;font-weight:bold\" class=\"\">Cobertura adicional en nuestra p\u00f3liza CMR<\/p> <div style=\"background-color:;height: 35px\" class=\"nicdark_section\"><\/div>\n\t<div class=\"wpb_text_column wpb_content_element\" >\n\t\t<div class=\"wpb_wrapper\">\n\t\t\t<ul>\n<li>Robo de una carga completa en remolques desconectados cuando se encuentran en un espacio cerrado (si el espacio no est\u00e1 cerrado, se aplicar\u00e1 una franquicia mayor).<\/li>\n<li>Error grave<\/li>\n<\/ul>\n\n\t\t<\/div>\n\t<\/div>\n<div style=\"background-color:;height: 10px\" class=\"nicdark_section\"><\/div><\/div><\/div><\/div><\/div><\/div><\/div><\/div><\/div><div data-vc-full-width=\"true\" data-vc-full-width-init=\"false\" class=\"vc_row wpb_row vc_row-fluid wpb_animate_when_almost_visible wpb_fadeIn fadeIn vc_custom_1644941609349 vc_row-has-fill\"><div class=\"wpb_column vc_column_container vc_col-sm-3\"><div class=\"vc_column-inner\"><div class=\"wpb_wrapper\">\n\t<div class=\"wpb_text_column wpb_content_element\" >\n\t\t<div class=\"wpb_wrapper\">\n\t\t\t<p><a href=\"https:\/\/www.dhondt-insurance.com\/es\/producten\/\"><span style=\"color: #ffffff;\">&lt; Ver otros productos<\/span><\/a><\/p>\n\n\t\t<\/div>\n\t<\/div>\n<\/div><\/div><\/div><div class=\"wpb_column vc_column_container vc_col-sm-6\"><div class=\"vc_column-inner\"><div class=\"wpb_wrapper\"><\/div><\/div><\/div><div class=\"wpb_column vc_column_container vc_col-sm-3\"><div class=\"vc_column-inner\"><div class=\"wpb_wrapper\">\n\t<div class=\"wpb_text_column wpb_content_element\" >\n\t\t<div class=\"wpb_wrapper\">\n\t\t\t<p><a href=\"https:\/\/www.dhondt-insurance.com\/es\/contact\/\"><span style=\"color: #ffffff;\">Contacte con nosotros &gt;\u00a0<\/span><\/a><\/p>\n\n\t\t<\/div>\n\t<\/div>\n<\/div><\/div><\/div><\/div><div class=\"vc_row-full-width vc_clearfix\"><\/div>\n<\/div>","protected":false},"excerpt":{"rendered":"VOERTUIGEN &nbsp; &gt; CMR &gt; TCA: trailer-containeraansprakelijkheid &gt; LPP: logistieke protectiepolis &gt; CMR U vervoert als transportbedrijf goederen in binnen- en\/of buitenland? Een CMR-verzekering is dan sowieso een must. Deze polis komt namelijk tussen wanneer er zich schade, verlies, diefstal, \u2026 voordoet tijdens de periode waarin u verantwoordelijk bent voor de goederen. Op maat van [...]","protected":false},"author":1,"featured_media":0,"parent":0,"menu_order":0,"comment_status":"closed","ping_status":"closed","template":"","meta":{"footnotes":""},"class_list":["post-3048","page","type-page","status-publish","hentry"],"_links":{"self":[{"href":"https:\/\/www.dhondt-insurance.com\/es\/wp-json\/wp\/v2\/pages\/3048","targetHints":{"allow":["GET"]}}],"collection":[{"href":"https:\/\/www.dhondt-insurance.com\/es\/wp-json\/wp\/v2\/pages"}],"about":[{"href":"https:\/\/www.dhondt-insurance.com\/es\/wp-json\/wp\/v2\/types\/page"}],"author":[{"embeddable":true,"href":"https:\/\/www.dhondt-insurance.com\/es\/wp-json\/wp\/v2\/users\/1"}],"replies":[{"embeddable":true,"href":"https:\/\/www.dhondt-insurance.com\/es\/wp-json\/wp\/v2\/comments?post=3048"}],"version-history":[{"count":0,"href":"https:\/\/www.dhondt-insurance.com\/es\/wp-json\/wp\/v2\/pages\/3048\/revisions"}],"wp:attachment":[{"href":"https:\/\/www.dhondt-insurance.com\/es\/wp-json\/wp\/v2\/media?parent=3048"}],"curies":[{"name":"wp","href":"https:\/\/api.w.org\/{rel}","templated":true}]}}