{"id":3005,"date":"2020-04-07T12:22:44","date_gmt":"2020-04-07T12:22:44","guid":{"rendered":"http:\/\/dhondt-insurance.com\/?page_id=3005"},"modified":"2022-02-15T15:42:57","modified_gmt":"2022-02-15T15:42:57","slug":"bestuurdersaansprakelijkheid-do","status":"publish","type":"page","link":"https:\/\/www.dhondt-insurance.com\/es\/bestuurdersaansprakelijkheid-do\/","title":{"rendered":"Bestuurdersaansprakelijkheid (D&#038;O)"},"content":{"rendered":"<div class=\"wpb-content-wrapper\"><div class=\"vc_row wpb_row vc_row-fluid wpb_animate_when_almost_visible wpb_fadeIn fadeIn\"><div class=\"wpb_column vc_column_container vc_col-sm-12\"><div class=\"vc_column-inner\"><div class=\"wpb_wrapper\">\n\t<div class=\"wpb_text_column wpb_content_element\" >\n\t\t<div class=\"wpb_wrapper\">\n\t\t\t\n\t\t<\/div>\n\t<\/div>\n<\/div><\/div><\/div><\/div><div class=\"vc_row wpb_row vc_row-fluid wpb_animate_when_almost_visible wpb_fadeIn fadeIn\"><div class=\"wpb_column vc_column_container vc_col-sm-6\"><div class=\"vc_column-inner\"><div class=\"wpb_wrapper\"><\/div><\/div><\/div><div class=\"wpb_column vc_column_container vc_col-sm-6 vc_hidden-xs vc_col-has-fill\"><div class=\"vc_column-inner vc_custom_1644939764016\"><div class=\"wpb_wrapper\">\n\t<div class=\"wpb_text_column wpb_content_element\" >\n\t\t<div class=\"wpb_wrapper\">\n\t\t\t<h4 style=\"padding-left: 80px;\"><span style=\"color: #ffffff;\"><strong>RESPONSABILIDAD<\/strong><\/span><\/h4>\n<p>&nbsp;<\/p>\n<p style=\"padding-left: 80px;\"><a href=\"https:\/\/www.dhondt-insurance.com\/es\/bestuurdersaansprakelijkheid-do\/\"><span style=\"color: #ffffff;\">&gt; Seguro de administradores y directivos (D&amp;O)<\/span><\/a><\/p>\n<p style=\"padding-left: 80px;\"><a href=\"https:\/\/www.dhondt-insurance.com\/es\/ba-uitbating-ba-na-levering\/\"><span style=\"color: #ffffff;\">&gt; <\/span><span style=\"color: #ffffff;\">Seguro de RC de explotaci\u00f3n y seguro de RC de productos entregados<\/span><span style=\"color: #ffffff;\">\u00a0<\/span><\/a><\/p>\n<p style=\"padding-left: 80px;\"><a href=\"https:\/\/www.dhondt-insurance.com\/es\/beroepsaansprakelijkheid\/\"><span style=\"color: #ffffff;\">&gt; Responsabilidad profesional<\/span><\/a><\/p>\n<p style=\"padding-left: 80px;\"><a href=\"https:\/\/www.dhondt-insurance.com\/es\/objectieve-aansprakelijkheid\/\"><span style=\"color: #ffffff;\">&gt; Responsabilidad objetiva<\/span><\/a><\/p>\n<p style=\"padding-left: 80px;\"><a href=\"https:\/\/www.dhondt-insurance.com\/es\/contaminatieverzekering-recall\/\"><span style=\"color: #ffffff;\">&gt; Retirada de productos<\/span><\/a><\/p>\n<p style=\"padding-left: 80px;\"><a href=\"https:\/\/www.dhondt-insurance.com\/es\/milieu-aansprakelijkheidsverzekering\/\"><span style=\"color: #ffffff;\">&gt; milieu-aansprakelijkheidsverzekering<\/span><\/a><\/p>\n\n\t\t<\/div>\n\t<\/div>\n<\/div><\/div><\/div><\/div><div class=\"vc_row wpb_row vc_row-fluid wpb_animate_when_almost_visible wpb_fadeIn fadeIn\"><div class=\"wpb_column vc_column_container vc_col-sm-12\"><div class=\"vc_column-inner\"><div class=\"wpb_wrapper\"><div class=\"vc_row wpb_row vc_inner vc_row-fluid vc_custom_1569482474546\"><div class=\"wpb_column vc_column_container vc_col-sm-12\"><div class=\"vc_column-inner\"><div class=\"wpb_wrapper\"><div style=\"background-color:;height: 25px\" class=\"nicdark_section\"><\/div> <h3 style=\"color:#0077c6;padding:px;text-align:;font-size:px;line-height:px;letter-spacing: 4px;font-weight:bold\" class=\"nd_options_second_font\">&gt; SEGURO DE ADMINISTRADORES Y DIRECTIVOS (D&amp;O)<\/h3> <div style=\"background-color:;height: 50px\" class=\"nicdark_section\"><\/div><\/div><\/div><\/div><\/div><div class=\"vc_row wpb_row vc_inner vc_row-fluid\"><div class=\"wpb_column vc_column_container vc_col-sm-12\"><div class=\"vc_column-inner\"><div class=\"wpb_wrapper\"><div style=\"background-color:;height: 25px\" class=\"nicdark_section\"><\/div>\n\t<div class=\"wpb_text_column wpb_content_element\" >\n\t\t<div class=\"wpb_wrapper\">\n\t\t\t<p><em>Como director o tomador de decisiones de una empresa, se esfuerza d\u00eda tras d\u00eda por asegurar un funcionamiento correcto y sin problemas en su empresa. No obstante, siempre existe la posibilidad de que cometa un error profesional involuntario. \u00bfSab\u00eda que usted puede ser considerado personalmente responsable? El seguro de responsabilidad civil para administradores y directivos le protege contra esto y se recomienda encarecidamente para salvaguardar su patrimonio privado.<\/em><\/p>\n\n\t\t<\/div>\n\t<\/div>\n<\/div><\/div><\/div><\/div><div style=\"background-color:;height: 25px\" class=\"nicdark_section\"><\/div><div style=\"background-color:#0077c6;height: 1px\" class=\"nicdark_section\"><\/div><div class=\"vc_row wpb_row vc_inner vc_row-fluid\"><div class=\"wpb_column vc_column_container vc_col-sm-12\"><div class=\"vc_column-inner\"><div class=\"wpb_wrapper\"><div style=\"background-color:;height: 50px\" class=\"nicdark_section\"><\/div> <p style=\"color:#2d2d2d;padding:px;text-align:;font-size:16px;line-height:px;letter-spacing: px;font-weight:bold\" class=\"\">Proteger su patrimonio personal<\/p> <div style=\"background-color:;height: 25px\" class=\"nicdark_section\"><\/div><div style=\"background-color:;height: 10px\" class=\"nicdark_section\"><\/div>\n\t<div class=\"wpb_text_column wpb_content_element\" >\n\t\t<div class=\"wpb_wrapper\">\n\t\t\t<p>El seguro de responsabilidad civil para administradores y directivos protege los bienes personales de los administradores y de los responsables de la toma de decisiones contra posibles reclamaciones por da\u00f1os. Este seguro le garantiza que podr\u00e1 dirigir su empresa con total tranquilidad. La garant\u00eda es contratada por la compa\u00f1\u00eda y protege a cualquiera que tome decisiones directivasen el caso de que se cometa un error profesional. <a href=\"https:\/\/www.dhondt-insurance.com\/es\/contact\/\"><span style=\"color: #0077c6;\">P\u00f3ngase en contacto con nosotros <\/span><\/a>No dude en contactar con nosotros para recibir una propuesta a medida. La prima depende del tipo de actividad y del volumen de negocios de su empresa.<\/p>\n\n\t\t<\/div>\n\t<\/div>\n<\/div><\/div><\/div><\/div><div class=\"vc_row wpb_row vc_inner vc_row-fluid vc_custom_1569482474546\"><div class=\"wpb_column vc_column_container vc_col-sm-12\"><div class=\"vc_column-inner\"><div class=\"wpb_wrapper\"><div style=\"background-color:#0077c6;height: 1px\" class=\"nicdark_section\"><\/div><\/div><\/div><\/div><\/div><div class=\"vc_row wpb_row vc_inner vc_row-fluid vc_custom_1644939773960 vc_row-has-fill\"><div class=\"wpb_column vc_column_container vc_col-sm-12\"><div class=\"vc_column-inner\"><div class=\"wpb_wrapper\"> <p style=\"color:#2d2d2d;padding:px;text-align:;font-size:16px;line-height:px;letter-spacing: px;font-weight:bold\" class=\"\">\u00bfQu\u00e9 cubre?<\/p> <div style=\"background-color:;height: 25px\" class=\"nicdark_section\"><\/div><div style=\"background-color:;height: 10px\" class=\"nicdark_section\"><\/div>\n\t<div class=\"wpb_text_column wpb_content_element\" >\n\t\t<div class=\"wpb_wrapper\">\n\t\t\t<p>Costes resultantes de errores involuntarios de un administrador o directivo:<\/p>\n<ul>\n<li>Demandas civiles, penales y administrativas<\/li>\n<li>Compensaciones por da\u00f1os<\/li>\n<li>Costes judiciales<\/li>\n<li>Costes para recuperar la reputaci\u00f3n<\/li>\n<li>Costes de defensa<\/li>\n<\/ul>\n\n\t\t<\/div>\n\t<\/div>\n<div style=\"background-color:;height: 10px\" class=\"nicdark_section\"><\/div><\/div><\/div><\/div><\/div><\/div><\/div><\/div><\/div><div data-vc-full-width=\"true\" data-vc-full-width-init=\"false\" class=\"vc_row wpb_row vc_row-fluid wpb_animate_when_almost_visible wpb_fadeIn fadeIn vc_custom_1644939644932 vc_row-has-fill\"><div class=\"wpb_column vc_column_container vc_col-sm-3\"><div class=\"vc_column-inner\"><div class=\"wpb_wrapper\">\n\t<div class=\"wpb_text_column wpb_content_element\" >\n\t\t<div class=\"wpb_wrapper\">\n\t\t\t<p><a href=\"https:\/\/www.dhondt-insurance.com\/es\/producten\/\"><span style=\"color: #ffffff;\">&lt; Ver otros productos<\/span><\/a><\/p>\n\n\t\t<\/div>\n\t<\/div>\n<\/div><\/div><\/div><div class=\"wpb_column vc_column_container vc_col-sm-6\"><div class=\"vc_column-inner\"><div class=\"wpb_wrapper\"><\/div><\/div><\/div><div class=\"wpb_column vc_column_container vc_col-sm-3\"><div class=\"vc_column-inner\"><div class=\"wpb_wrapper\">\n\t<div class=\"wpb_text_column wpb_content_element\" >\n\t\t<div class=\"wpb_wrapper\">\n\t\t\t<p><a href=\"https:\/\/www.dhondt-insurance.com\/es\/kantoren\/\"><span style=\"color: #ffffff;\">Contacte con nosotros &gt;<\/span><\/a><\/p>\n\n\t\t<\/div>\n\t<\/div>\n<\/div><\/div><\/div><\/div><div class=\"vc_row-full-width vc_clearfix\"><\/div>\n<\/div>","protected":false},"excerpt":{"rendered":"AANSPRAKELIJKHEID &nbsp; &gt; Bestuurdersaansprakelijkheid (D&amp;O) &gt; BA Uitbating &amp; BA na Levering\u00a0 &gt; Beroepsaansprakelijkheid &gt; Objectieve aansprakelijkheid &gt; Contaminatieverzekering (Recall) &gt; milieu-aansprakelijkheidsverzekering &gt; BESTUURDERSAANSPRAKELIJKHEID (D&amp;O) Als bestuurder of beslissingsnemer van een vennootschap streeft u dag na dag naar een vlotte en correcte werking binnen uw bedrijf. Toch kan het gebeuren dat u ongewild een professionele [...]","protected":false},"author":1,"featured_media":0,"parent":0,"menu_order":0,"comment_status":"closed","ping_status":"closed","template":"","meta":{"footnotes":""},"class_list":["post-3005","page","type-page","status-publish","hentry"],"_links":{"self":[{"href":"https:\/\/www.dhondt-insurance.com\/es\/wp-json\/wp\/v2\/pages\/3005","targetHints":{"allow":["GET"]}}],"collection":[{"href":"https:\/\/www.dhondt-insurance.com\/es\/wp-json\/wp\/v2\/pages"}],"about":[{"href":"https:\/\/www.dhondt-insurance.com\/es\/wp-json\/wp\/v2\/types\/page"}],"author":[{"embeddable":true,"href":"https:\/\/www.dhondt-insurance.com\/es\/wp-json\/wp\/v2\/users\/1"}],"replies":[{"embeddable":true,"href":"https:\/\/www.dhondt-insurance.com\/es\/wp-json\/wp\/v2\/comments?post=3005"}],"version-history":[{"count":0,"href":"https:\/\/www.dhondt-insurance.com\/es\/wp-json\/wp\/v2\/pages\/3005\/revisions"}],"wp:attachment":[{"href":"https:\/\/www.dhondt-insurance.com\/es\/wp-json\/wp\/v2\/media?parent=3005"}],"curies":[{"name":"wp","href":"https:\/\/api.w.org\/{rel}","templated":true}]}}